{"id":24387,"date":"2024-05-23T14:32:38","date_gmt":"2024-05-23T12:32:38","guid":{"rendered":"https:\/\/odisei.presspulp.com\/?page_id=24387"},"modified":"2025-04-08T16:51:42","modified_gmt":"2025-04-08T14:51:42","slug":"ressourcen","status":"publish","type":"page","link":"https:\/\/odiseimusic.com\/de\/resources\/","title":{"rendered":"Ressourcen"},"content":{"rendered":"<div class=\"wp-block-columns is-layout-flex wp-container-core-columns-is-layout-9d6595d7 wp-block-columns-is-layout-flex\">\n<div class=\"wp-block-column j_padding_xl is-layout-flow wp-block-column-is-layout-flow\">\n<ul class=\"wp-block-list\">\n<li class=\"has-medium-font-size\">Gehe zu&nbsp;<a href=\"https:\/\/drive.google.com\/file\/d\/12f8WN4XNm3p-S8kxYxK2e_OYjFpPodln\/view?usp=sharing\" target=\"_blank\" rel=\"noopener\">Startausr\u00fcstung<\/a><\/li>\n\n\n\n<li class=\"has-medium-font-size\">Gehe zu <a href=\"https:\/\/www.youtube.com\/watch?v=po6sMkKJ4yA\" target=\"_blank\" rel=\"noopener\">Shop Stand<\/a><\/li>\n\n\n\n<li class=\"has-medium-font-size\">Gehe zu&nbsp;<a href=\"https:\/\/www.youtube.com\/watch?v=y8Fi2TYUGxw&amp;\" target=\"_blank\" rel=\"noopener\">Travel Sax 2 von seinem Sch\u00f6pfer - Was dich erwartet!<\/a><\/li>\n\n\n\n<li class=\"has-medium-font-size\">Gehe zu <a href=\"https:\/\/www.youtube.com\/watch?v=3yO_ToFYIIo\" target=\"_blank\" rel=\"noopener\">Los geht's mit meinem Travel Sax 2<\/a><\/li>\n\n\n\n<li class=\"has-medium-font-size\">Gehe zu <a href=\"https:\/\/www.youtube.com\/watch?v=B7tYLbXt3ls\" target=\"_blank\" rel=\"noopener\">Ausf\u00fchren der mobilen App<\/a><\/li>\n\n\n\n<li class=\"has-medium-font-size\">Gehe zu <a href=\"https:\/\/www.youtube.com\/watch?v=X2EjzelldhM\" target=\"_blank\" rel=\"noopener\">Travel Sax mit einem Backing Track<\/a><\/li>\n\n\n\n<li class=\"has-medium-font-size\">Gehe zu <a href=\"https:\/\/www.youtube.com\/watch?v=X1FIXjyjmHU\" target=\"_blank\" rel=\"noopener\">Travel Sax St\u00e4nder (DIY)<\/a><\/li>\n\n\n\n<li class=\"has-medium-font-size\">Gehe zu <a href=\"https:\/\/www.youtube.com\/watch?v=e4N3Zt_KFbg&amp;feature=youtu.be\" target=\"_blank\" rel=\"noopener\">Zu verwendendes Zubeh\u00f6r<\/a><\/li>\n\n\n\n<li class=\"has-medium-font-size\">Gehe zu <a href=\"https:\/\/www.youtube.com\/watch?v=DLpFlRRordQ\" target=\"_blank\" rel=\"noopener\">Soundtest!<\/a><\/li>\n\n\n\n<li class=\"has-medium-font-size\">Gehe zu <a href=\"https:\/\/www.youtube.com\/watch?v=Y_wIgg1WyQI&amp;feature=youtu.be\" target=\"_blank\" rel=\"noopener\">Offizielles Video (kurze Version)<\/a><\/li>\n\n\n\n<li class=\"has-medium-font-size\">Gehe zu <a href=\"https:\/\/www.youtube.com\/watch?v=YaEuWU0Cxxw&amp;feature=youtu.be\" target=\"_blank\" rel=\"noopener\">Offizielles Video (lang)<\/a><\/li>\n\n\n\n<li class=\"has-medium-font-size\">Gehe zu <a href=\"https:\/\/odiseimusic.com\/de\/elektronische-saxophone-der-ultimative-leitfaden\/\" target=\"_blank\" rel=\"noopener\">Elektronischer Saxophonf\u00fchrer<\/a><\/li>\n\n\n\n<li class=\"has-medium-font-size\">Gehe zu <a href=\"http:\/\/bit.ly\/RMAom\" target=\"_blank\" rel=\"noopener\">RMA-Prozess<\/a><\/li>\n<\/ul>\n<\/div>\n\n\n\n<div class=\"wp-block-column is-layout-flow wp-block-column-is-layout-flow\">\n<figure class=\"wp-block-embed is-type-video is-provider-youtube wp-block-embed-youtube wp-embed-aspect-16-9 wp-has-aspect-ratio\"><div class=\"wp-block-embed__wrapper\">\n<iframe loading=\"lazy\" title=\"Travel Sax 2 von seinem eigenen Sch\u00f6pfer! - Was du erwarten kannst\" width=\"500\" height=\"281\" src=\"https:\/\/www.youtube.com\/embed\/y8Fi2TYUGxw?feature=oembed\" frameborder=\"0\" allow=\"accelerometer; autoplay; clipboard-write; encrypted-media; gyroscope; picture-in-picture; web-share\" referrerpolicy=\"strict-origin-when-cross-origin\" allowfullscreen><\/iframe>\n<\/div><\/figure>\n<\/div>\n<\/div>\n\n\n\n<div style=\"height:64px\" aria-hidden=\"true\" class=\"wp-block-spacer\"><\/div>\n\n\n\n<h2 class=\"wp-block-heading has-large-font-size\">FAQ'S<\/h2>\n\n\n\n<div class=\"wp-block-group j_padding_xl\"><div class=\"wp-block-group__inner-container is-layout-constrained wp-block-group-is-layout-constrained\">\n<details class=\"wp-block-details has-large-font-size is-layout-flow wp-block-details-is-layout-flow\"><summary>Welche Mundst\u00fcckgr\u00f6\u00dfe funktioniert mit dem Travel Sax?<\/summary>\n<p class=\"has-medium-font-size\">Du kannst ein Sopran-, Alt-, Tenor- oder Bariton-Mundst\u00fcck verwenden. Das Travel Sax funktioniert mit einem Standard-Alt-Mundst\u00fcck, aber wir haben 3 Adapter (Sopran, Tenor und Bariton) entwickelt, damit du jedes Mundst\u00fcck verwenden kannst, das dir gef\u00e4llt.<\/p>\n<\/details>\n\n\n\n<details class=\"wp-block-details has-large-font-size is-layout-flow wp-block-details-is-layout-flow\"><summary>Kann das Mundst\u00fcck die Tonh\u00f6he oder das Vibrato kontrollieren?<\/summary>\n<p class=\"has-medium-font-size\">Noch nicht. Wahrscheinlich in zuk\u00fcnftigen Travel Sax-Versionen!<\/p>\n<\/details>\n\n\n\n<details class=\"wp-block-details has-large-font-size is-layout-flow wp-block-details-is-layout-flow\"><summary>Wie viele Oktaven kann das Travel Sax spielen?<\/summary>\n<p class=\"has-medium-font-size\">Momentan sind es drei Oktaven. Ein Travel Sax hat einen normalen Saxophonumfang, also von Bb3 bis F#6.<\/p>\n<\/details>\n\n\n\n<details class=\"wp-block-details has-large-font-size is-layout-flow wp-block-details-is-layout-flow\"><summary>Erkennt es alternative Fingers\u00e4tze oder Altissimo-Griffe?<\/summary>\n<p class=\"has-medium-font-size\">Ja, wir haben einige der wichtigsten Altissimo-Fingers\u00e4tze programmiert. Wir denken, dass dies ein sehr n\u00fctzliches Werkzeug ist. Es ist toll, dass du mit deinem Travel Sax in aller Ruhe das hohe Register lernen und \u00fcben kannst.<br>Beachte jedoch, dass einige der \u00fcblichen Fingers\u00e4tze in diesem Bereich aufgrund der Einschr\u00e4nkungen der Travel Sax-Taste nicht programmiert sind (die \"X\"-Taste ist zum Beispiel mit der \"P\"-Taste verbunden).<\/p>\n<\/details>\n\n\n\n<details class=\"wp-block-details has-large-font-size is-layout-flow wp-block-details-is-layout-flow\"><summary>Wie kann ich die Lautst\u00e4rke beim Pusten regeln?<\/summary>\n<p class=\"has-medium-font-size\">Das Travel Sax hat einen Drucksensor, der die Blasintensit\u00e4t erkennt und sofort die richtige Lautst\u00e4rke bestimmt.<\/p>\n<\/details>\n\n\n\n<details class=\"wp-block-details has-large-font-size is-layout-flow wp-block-details-is-layout-flow\"><summary>Wenn ich durch ein normales Mundst\u00fcck blase, wie kann es dann keinen st\u00f6renden Ton vom Rohrblatt erzeugen?<\/summary>\n<p class=\"has-medium-font-size\">Das liegt an dem Luftstrom. Der interne Kreislauf, der die Luft durch das Travel Sax leitet, ist im Vergleich zu einem normalen Saxophon viel kleiner und verhindert, dass das Rohrblatt vibriert und T\u00f6ne erzeugt.<\/p>\n<\/details>\n\n\n\n<details class=\"wp-block-details has-large-font-size is-layout-flow wp-block-details-is-layout-flow\"><summary>Sind irgendwelche Stimmen enthalten? Welche Saxophon- oder anderen Instrumentenstimmen sind im Lieferumfang enthalten?<\/summary>\n<p class=\"has-medium-font-size\">Zurzeit haben wir Alt-, Tenor- und Sopransaxophon in unserer App. Wir arbeiten auch an anderen Saxophonkl\u00e4ngen. Das Coole daran ist, dass du andere Apps wie Garage Band, Ableton Live und viele mehr verwenden kannst, wenn du den Klang anderer Instrumente haben m\u00f6chtest.<\/p>\n<\/details>\n\n\n\n<details class=\"wp-block-details has-large-font-size is-layout-flow wp-block-details-is-layout-flow\"><summary>Ist das ein MIDI-Interface?<\/summary>\n<p class=\"has-medium-font-size\">Ja, in der Tat!<\/p>\n<\/details>\n\n\n\n<details class=\"wp-block-details has-large-font-size is-layout-flow wp-block-details-is-layout-flow\"><summary>Wie hoch ist die Latenzzeit?<\/summary>\n<p class=\"has-medium-font-size\">Sehr niedrig (8-10 ms), wenn du die Bluetooth-Verbindung nutzt, und 0 ms, wenn du die USB-Verbindung zu deinem Computer nutzt.<\/p>\n<\/details>\n\n\n\n<details class=\"wp-block-details has-large-font-size is-layout-flow wp-block-details-is-layout-flow\"><summary>Kann ich mit dem Travel Sax genauso professionell spielen wie mit einem normalen Saxophon oder einem Blasinstrument? Wenn nicht, was sind die Einschr\u00e4nkungen?<\/summary>\n<p class=\"has-medium-font-size\">Die Idee ist, Travel Sax als Werkzeug zum \u00dcben einzuf\u00fchren, aber unser Ziel ist es, das PRO-Level zu erreichen. Im Idealfall solltest du in der Lage sein, ohne Probleme live aufzutreten. Wir arbeiten wirklich hart daran, diesen Punkt zu erreichen, damit wir 100% selbstbewusst sagen k\u00f6nnen, ja. Wir sind gerade dabei, die Sensoren zu verbessern, damit professionelle Spieler sp\u00fcren k\u00f6nnen, dass das Travel Sax auch ein Performance-Tool ist.<\/p>\n<\/details>\n\n\n\n<details class=\"wp-block-details has-large-font-size is-layout-flow wp-block-details-is-layout-flow\"><summary>Was muss ich tun, wenn die Travel Sax 1-App nicht wie erwartet klingt, wenn ich mein Travel Sax abspiele?<\/summary>\n<p class=\"has-medium-font-size\">Bitte \u00f6ffne die Travel Sax-App und tippe auf die Schaltfl\u00e4che \"Effekte\". \u00c4ndere dann die Puffergr\u00f6\u00dfe auf \"Niedrig\", \"Mittel\" oder \"Hoch\", bis du eine gute Klangqualit\u00e4t erh\u00e4ltst.<\/p>\n<\/details>\n<\/div><\/div>\n\n\n\n<div style=\"height:96px\" aria-hidden=\"true\" class=\"wp-block-spacer\"><\/div>","protected":false},"excerpt":{"rendered":"<p>FAQ'S<\/p>","protected":false},"author":197381732,"featured_media":0,"parent":0,"menu_order":0,"comment_status":"closed","ping_status":"closed","template":"","meta":{"footnotes":""},"page-type":[],"class_list":["post-24387","page","type-page","status-publish","hentry"],"meta_box":{"page_countdown":[],"lp_faq":[],"image_vert":[],"image_hori":[],"h_larg_product_slider":[]},"_links":{"self":[{"href":"https:\/\/odiseimusic.com\/de\/wp-json\/wp\/v2\/pages\/24387","targetHints":{"allow":["GET"]}}],"collection":[{"href":"https:\/\/odiseimusic.com\/de\/wp-json\/wp\/v2\/pages"}],"about":[{"href":"https:\/\/odiseimusic.com\/de\/wp-json\/wp\/v2\/types\/page"}],"author":[{"embeddable":true,"href":"https:\/\/odiseimusic.com\/de\/wp-json\/wp\/v2\/users\/197381732"}],"replies":[{"embeddable":true,"href":"https:\/\/odiseimusic.com\/de\/wp-json\/wp\/v2\/comments?post=24387"}],"version-history":[{"count":0,"href":"https:\/\/odiseimusic.com\/de\/wp-json\/wp\/v2\/pages\/24387\/revisions"}],"wp:attachment":[{"href":"https:\/\/odiseimusic.com\/de\/wp-json\/wp\/v2\/media?parent=24387"}],"wp:term":[{"taxonomy":"page-type","embeddable":true,"href":"https:\/\/odiseimusic.com\/de\/wp-json\/wp\/v2\/page-type?post=24387"}],"curies":[{"name":"wp","href":"https:\/\/api.w.org\/{rel}","templated":true}]}}