{"id":36228,"date":"2025-09-29T17:08:13","date_gmt":"2025-09-29T15:08:13","guid":{"rendered":"https:\/\/odiseimusic.com\/?page_id=36228"},"modified":"2025-09-30T17:23:42","modified_gmt":"2025-09-30T15:23:42","slug":"faqs-tc","status":"publish","type":"page","link":"https:\/\/odiseimusic.com\/de\/faqs-tc\/","title":{"rendered":"FAQ's TC"},"content":{"rendered":"<details class=\"wp-block-details is-layout-flow wp-block-details-is-layout-flow\"><summary>Welche Mundst\u00fcckgr\u00f6\u00dfe funktioniert mit dem Travel Sax?<\/summary>\n<p>Du kannst ein Sopran-, Alt-, Tenor- oder Bariton-Mundst\u00fcck verwenden. Das Travel Sax funktioniert mit einem Standard-Alt-Mundst\u00fcck, aber wir haben 3 Adapter (Sopran, Tenor und Bariton) entwickelt, damit du jedes Mundst\u00fcck verwenden kannst, das dir gef\u00e4llt.<\/p>\n<\/details>\n\n\n\n<details class=\"wp-block-details is-layout-flow wp-block-details-is-layout-flow\"><summary>Kann das Mundst\u00fcck die Tonh\u00f6he oder das Vibrato kontrollieren?<\/summary>\n<p>Noch nicht. Wahrscheinlich in zuk\u00fcnftigen Travel Sax-Versionen \ud83c\udfb7.<\/p>\n<\/details>\n\n\n\n<pre class=\"wp-block-code\"><code>\n<br><a>Kann das Mundst\u00fcck die Tonh\u00f6he oder das Vibrato steuern?<\/a>\n                Noch nicht. Wahrscheinlich in zuk\u00fcnftigen Travel Sax-Versionen\u00e2\u20ac\u00a6.\n<br><a>Wie viele Oktaven kann das Travel Sax spielen?<\/a>\n                Momentan drei Oktaven. Ein Travel Sax hat einen normalen Saxophonumfang, also von Bb3 bis F#6.\n                                            <a>Kann es alternative Fingers\u00e4tze oder Altissimo-Fingers\u00e4tze erkennen?<\/a>\n                Ja, wir haben einige der wichtigsten Altissimo-Fingers\u00c3\u20actze programmiert. Wir denken, dass dies ein sehr n\u00fctzliches Werkzeug ist. Es ist toll, dass du mit deinem Travel Sax in aller Ruhe das hohe Register lernen und \u00fcben kannst.\n<\/code><\/pre>\n\n\n\n<p>Beachte jedoch, dass einige der in diesem Bereich \u00c3\u00bcblichen Fingers\u00c3?tze aufgrund der Einschr\u00c3?nkungen der Travel Sax-Taste nicht programmiert sind (die \u00e2\u20ac\u017eX\u00e2\u20ac\u0153-Taste ist zum Beispiel mit der \u00e2\u20ac\u017eP\u00e2\u20ac\u0153-Taste verbunden).<br><a tabindex=\"0\">Wie kann ich die Lautst\u00e4rke beim Pusten regeln?<\/a><br>Das Travel Sax hat einen Drucksensor, der die Blasintensit\u00e4t erkennt und sofort die richtige Lautst\u00e4rke bestimmt.<br><a tabindex=\"0\">Wenn ich durch ein normales Mundst\u00fcck blase, wie kann es dann keinen st\u00f6renden Ton vom Rohrblatt erzeugen?<\/a><br>Das liegt an dem Luftstrom. Der interne Kreislauf, der die Luft durch das Travel Sax leitet, ist viel kleiner als bei einem normalen Saxophon und verhindert, dass das Rohrblatt vibriert und T\u00c3\u00b6ne erzeugt.<br><a tabindex=\"0\">Sind irgendwelche Stimmen enthalten? Welche Saxophon- oder anderen Instrumentenstimmen sind im Lieferumfang enthalten?<\/a><br>Zurzeit haben wir Alt-, Tenor- und Sopransaxophon in unserer App. Wir arbeiten auch an anderen Saxophonkl\u00e4ngen. Das Coole daran ist, dass du andere Apps wie Garage Band, Ableton Live und viele mehr verwenden kannst, wenn du den Klang anderer Instrumente haben m\u00f6chtest.<br><a tabindex=\"0\">Ist das ein MIDI-Interface?<\/a><br>Ja, in der Tat!<br><a tabindex=\"0\">Wie hoch ist die Latenzzeit?<\/a><br>Sehr niedrig (8-10 ms), wenn du die Bluetooth-Verbindung nutzt, und 0 ms, wenn du die USB-Verbindung zu deinem Computer nutzt.<br><a tabindex=\"0\">Kann ich mit dem Travel Sax genauso professionell spielen wie mit einem normalen Saxophon oder einem Windregler? Wenn nicht, was sind die Einschr\u00e4nkungen?<\/a><br>Die Idee ist, Travel Sax als Werkzeug zum \u00dcben einzuf\u00fchren, aber unser Ziel ist es, das PRO-Level zu erreichen. Im Idealfall solltest du in der Lage sein, ohne Probleme live aufzutreten. Wir arbeiten wirklich hart daran, diesen Punkt zu erreichen, damit wir 100% selbstbewusst sagen k\u00f6nnen, ja. Wir sind gerade dabei, die Sensoren zu verbessern, damit professionelle Spieler sp\u00fcren k\u00f6nnen, dass das Travel Sax auch ein Performance-Tool ist.<br><a tabindex=\"0\">Was muss ich tun, wenn die Travel Sax 1-App nicht wie erwartet klingt, wenn ich mein Travel Sax abspiele?<\/a><br>Bitte \u00f6ffne die Travel Sax-App und tippe auf die Schaltfl\u00e4che \"Effekte\". \u00c4ndere dann die Puffergr\u00f6\u00dfe auf Niedrig, Mittel oder Hoch, bis du eine gute Klangqualit\u00e4t erh\u00e4ltst.<\/p>","protected":false},"excerpt":{"rendered":"<p>Nevertheless, be aware that some of the usual fingerings used in this range are not programed because of the Travel Sax key\u00e2\u20ac\u2122s restricitons (the \u00e2\u20ac\u0153X\u00e2\u20ac\u009d key for instance is united to the \u00e2\u20ac\u0153P\u00e2\u20ac\u009d key).How do I control the volume while blowing?Travel Sax has a pressure sensor that detects the blowing intensity and instantly determines the [&hellip;]<\/p>\n","protected":false},"author":197381757,"featured_media":0,"parent":0,"menu_order":0,"comment_status":"closed","ping_status":"closed","template":"","meta":{"footnotes":""},"page-type":[],"class_list":["post-36228","page","type-page","status-publish","hentry"],"meta_box":{"page_countdown":[],"lp_faq":[],"image_vert":[],"image_hori":[],"h_larg_product_slider":[]},"_links":{"self":[{"href":"https:\/\/odiseimusic.com\/de\/wp-json\/wp\/v2\/pages\/36228","targetHints":{"allow":["GET"]}}],"collection":[{"href":"https:\/\/odiseimusic.com\/de\/wp-json\/wp\/v2\/pages"}],"about":[{"href":"https:\/\/odiseimusic.com\/de\/wp-json\/wp\/v2\/types\/page"}],"author":[{"embeddable":true,"href":"https:\/\/odiseimusic.com\/de\/wp-json\/wp\/v2\/users\/197381757"}],"replies":[{"embeddable":true,"href":"https:\/\/odiseimusic.com\/de\/wp-json\/wp\/v2\/comments?post=36228"}],"version-history":[{"count":0,"href":"https:\/\/odiseimusic.com\/de\/wp-json\/wp\/v2\/pages\/36228\/revisions"}],"wp:attachment":[{"href":"https:\/\/odiseimusic.com\/de\/wp-json\/wp\/v2\/media?parent=36228"}],"wp:term":[{"taxonomy":"page-type","embeddable":true,"href":"https:\/\/odiseimusic.com\/de\/wp-json\/wp\/v2\/page-type?post=36228"}],"curies":[{"name":"wp","href":"https:\/\/api.w.org\/{rel}","templated":true}]}}