{"id":101,"date":"2020-11-27T22:00:34","date_gmt":"2020-11-27T21:00:34","guid":{"rendered":"https:\/\/odisei.presspulp.com\/?post_type=product&#038;p=101"},"modified":"2026-04-04T14:26:53","modified_gmt":"2026-04-04T12:26:53","slug":"travel-sax-2","status":"publish","type":"product","link":"https:\/\/odiseimusic.com\/de\/products\/travel-sax-2\/","title":{"rendered":"Travel Sax 2"},"content":{"rendered":"<div class=\"WncCi\" data-hook=\"info-section-description\">\n<div>\n<h5><strong>Was ist inbegriffen?<\/strong><\/h5>\n<ul>\n<li>Alt-Mundst\u00fcck<\/li>\n<li>Travel Sax Schutzh\u00fclle<\/li>\n<li>Zubeh\u00f6rtasche<\/li>\n<li>Mikrofasertuch<\/li>\n<li>x3 3D-gedruckte Mundst\u00fcckadapter (Sopran, Tenor, Bariton)<\/li>\n<li>USB-C Ladekabel<\/li>\n<\/ul>\n<\/div>\n<p>&nbsp;<\/p>\n<div>\n<h5><strong>Jederzeit und \u00fcberall \u00fcben<\/strong><\/h5>\n<p>\u00dcbe, lerne, improvisiere und experimentiere mit tausenden von M\u00f6glichkeiten, das Saxophon als MIDI-Controller zu spielen. Mit dem tragbarsten elektronischen Saxophon der Welt kannst du \u00fcberall deine kreative Seite zum Vorschein bringen.<br \/>\nEs verwendet ein Standard-Saxophon-Mundst\u00fcck und die Position der Tasten, um ein herk\u00f6mmliches Saxophon zu imitieren, sowie den Druck deines Atems, um die Lautst\u00e4rke zu bestimmen.<\/p>\n<p><a class=\"button\" href=\"\/de\/shop\/\">Siehe alle Accessoires<\/a><\/p>\n<\/div>\n<\/div>\n<p>&nbsp;<\/p>\n<div class=\"WncCi\" data-hook=\"info-section-description\">\n<div>\n<h4><strong>Zubeh\u00f6rpaket<\/strong><\/h4>\n<p>Jedes Zubeh\u00f6rteil kann einzeln oder im Bundle gekauft werden. Das Zubeh\u00f6rpaket enth\u00e4lt: den gebogenen Hals, den Verl\u00e4ngerungshals und das Mundst\u00fcck. Du kannst auch einen zus\u00e4tzlichen Schl\u00fcsselsatz hinzuf\u00fcgen, wenn du dein Travel Sax noch individueller gestalten willst.<\/p>\n<p style=\"text-align: left;\"><a class=\"button\" href=\"\/de\/produkt\/zubehorpaket-reise-saxophon-2\/\">Hol das Paket<\/a><\/p>\n<\/div>\n<\/div>\n<p>&nbsp;<\/p>\n<div class=\"WncCi\" data-hook=\"info-section-description\">\n<div>\n<h5><strong>Wie lange dauert die Lieferung?<\/strong><\/h5>\n<p>Je nachdem, was wir gerade auf Lager haben, kann die Lieferzeit etwa <strong>4-5 Arbeitstage <\/strong>nach dem Kauf deines Travel Sax. Du kannst uns f\u00fcr weitere Informationen kontaktieren.<br \/>\nBitte lesen Sie sorgf\u00e4ltig die <strong>Wichtige Details<\/strong> Abschnitt Anweisungen.<\/p>\n<div dir=\"auto\">Haftungsausschluss: Odisei Music kann nicht f\u00fcr Lieferverz\u00f6gerungen verantwortlich gemacht werden, die durch unsere Versandpartner verursacht werden (Speditionsunternehmen, Zollabfertigung oder unvorhergesehene Probleme).<\/div>\n<div dir=\"auto\"><\/div>\n<\/div>\n<div dir=\"auto\">\n<h4>Individuelle Saxophonschl\u00fcssel f\u00fcr Reisen!<\/h4>\n<div class=\"WncCi\" data-hook=\"info-section-description\">\n<p>Hol dir ein individuelles Travel Sax und w\u00e4hle die Farbe f\u00fcr jeden einzelnen Schl\u00fcssel!<\/p>\n<ol>\n<li>W\u00e4hle die benutzerdefinierte Option und kaufe sie.<\/li>\n<li>Herunterladen <strong><a style=\"text-decoration: underlined; color: blue;\" href=\"\/wp-content\/uploads\/2025\/03\/TRAVEL-SAX-2-custom-1.xlsx\">diese Exceldatei<\/a><\/strong> und f\u00fclle deine gew\u00fcnschten Farben aus.<\/li>\n<li>Sende die Excel-Datei mit deiner Bestell-ID an info@odiseimusic.com.<\/li>\n<\/ol>\n<p>&nbsp;<\/p>\n<\/div>\n<h5><\/h5>\n<\/div>\n<\/div>","protected":false},"excerpt":{"rendered":"<p data-start=\"130\" data-end=\"173\"><strong>Das ist die Travel Sax 2!<\/strong><\/p>\n<p data-start=\"175\" data-end=\"268\">Verpasse nicht deine Chance, deine <strong data-start=\"210\" data-end=\"230\">neu Travel Sax 2<\/strong> und <strong data-start=\"235\" data-end=\"265\">sparst du bei allen Versandkosten.\u00a0<\/strong><\/p>\n<p data-start=\"175\" data-end=\"268\"><strong>Inspiration<\/strong> kann jederzeit und \u00fcberall zu dir kommen. Gleiche Griffweise und realistisches Gef\u00fchl. Diese Klarinette im Taschenformat l\u00e4sst sich einfach anschlie\u00dfen und spielen. Dein perfekter Reisebegleiter, mit dem du <strong data-start=\"385\" data-end=\"415\">\u00fcben, wo immer du willst.<\/strong><\/p>","protected":false},"featured_media":33867,"comment_status":"open","ping_status":"closed","template":"","meta":[],"product_brand":[],"product_cat":[2677,2674],"product_tag":[],"class_list":{"0":"post-101","1":"product","2":"type-product","3":"status-publish","4":"has-post-thumbnail","6":"product_cat-odiseimusic-product","7":"product_cat-travel-sax","9":"first","10":"instock","11":"sale","12":"taxable","13":"shipping-taxable","14":"purchasable","15":"product-type-variable","16":"has-default-attributes"},"meta_box":{"page_countdown":{"countdowntitle":"Winter hot deal!","count_down_image":"16357","countdownbuttontext":"Save 90\u20ac NOW","count_down_ending_date":"2026-03-09 00:00","count_down_url":"https:\/\/odiseimusic.com\/products\/travel-sax-2\/"},"country_restriction":"USA","usa_restriction":{"rest_btn_text":"Buy on Sweetwater","btn_url_rest":"https:\/\/www.sweetwater.com\/store\/detail\/TravelSax2WS--odisei-music-travel-sax-2-wind-synth-controller-white-silicon?_queryID=33e55ed74085cc03f563d80d8c0f5493&_index=production_products"},"faqs_group":[{"question":"Custom travel sax keys","answer":"Get a custom Travel Sax and chose the color of each invidual keys!!\r\n<ol>\r\n \t<li>Choose the custom option and buy it.<\/li>\r\n \t<li>Download <strong><a style=\"text-decoration: underlined; color: blue;\" href=\"\/wp-content\/uploads\/2025\/03\/TRAVEL-SAX-2-custom-1.xlsx\">this excel file<\/a><\/strong> and fill your wanted colors.<\/li>\r\n \t<li>Send the excel to info@odiseimusic.com with your order ID.<\/li>\r\n<\/ol>\r\n&nbsp;"}]},"_links":{"self":[{"href":"https:\/\/odiseimusic.com\/de\/wp-json\/wp\/v2\/product\/101","targetHints":{"allow":["GET"]}}],"collection":[{"href":"https:\/\/odiseimusic.com\/de\/wp-json\/wp\/v2\/product"}],"about":[{"href":"https:\/\/odiseimusic.com\/de\/wp-json\/wp\/v2\/types\/product"}],"replies":[{"embeddable":true,"href":"https:\/\/odiseimusic.com\/de\/wp-json\/wp\/v2\/comments?post=101"}],"wp:featuredmedia":[{"embeddable":true,"href":"https:\/\/odiseimusic.com\/de\/wp-json\/wp\/v2\/media\/33867"}],"wp:attachment":[{"href":"https:\/\/odiseimusic.com\/de\/wp-json\/wp\/v2\/media?parent=101"}],"wp:term":[{"taxonomy":"product_brand","embeddable":true,"href":"https:\/\/odiseimusic.com\/de\/wp-json\/wp\/v2\/product_brand?post=101"},{"taxonomy":"product_cat","embeddable":true,"href":"https:\/\/odiseimusic.com\/de\/wp-json\/wp\/v2\/product_cat?post=101"},{"taxonomy":"product_tag","embeddable":true,"href":"https:\/\/odiseimusic.com\/de\/wp-json\/wp\/v2\/product_tag?post=101"}],"curies":[{"name":"wp","href":"https:\/\/api.w.org\/{rel}","templated":true}]}}