{"id":19145,"date":"2023-06-29T10:39:59","date_gmt":"2023-06-29T08:39:59","guid":{"rendered":"https:\/\/odisei.presspulp.com\/?post_type=product&#038;p=19145"},"modified":"2025-11-21T16:35:20","modified_gmt":"2025-11-21T15:35:20","slug":"reisekoffer-saxophon-2","status":"publish","type":"product","link":"https:\/\/odiseimusic.com\/de\/products\/travel-sax-2-case\/","title":{"rendered":"Travel Sax 2 Extra Koffer"},"content":{"rendered":"<p>Mit dem Travel Sax 2 Case kannst du dein gut gesch\u00fctztes Instrument \u00fcberall hin mitnehmen, wo du willst.<\/p>\n<div>\n<p style=\"text-align: left;\"><a class=\"button\" href=\"\/de\/shop\/\">Mehr Zubeh\u00f6r sehen<\/a><\/p>\n<\/div>\n<p>&nbsp;<\/p>\n<div>\n<h6><strong>Zubeh\u00f6rpaket<\/strong><\/h6>\n<p>Jedes Zubeh\u00f6rteil kann einzeln oder im Bundle gekauft werden. Das Zubeh\u00f6rpaket enth\u00e4lt: den gebogenen Hals, den Verl\u00e4ngerungshals und das Mundst\u00fcck. Du kannst auch einen zus\u00e4tzlichen Schl\u00fcsselsatz hinzuf\u00fcgen, wenn du dein Travel Sax noch individueller gestalten willst.<\/p>\n<p style=\"text-align: left;\"><a class=\"button\" href=\"\/de\/produkte\/zubehorpaket-reise-saxophon-2\/\">Hol das Paket<\/a><\/p>\n<\/div>\n<p>&nbsp;<\/p>\n<div>\n<h6><strong>Wie lange dauert die Lieferung?<\/strong><\/h6>\n<p>Je nachdem, was wir gerade auf Lager haben, kann die Lieferzeit etwa <strong>4-5 Arbeitstage <\/strong>nach dem Kauf deines Travel Sax. Du kannst uns f\u00fcr weitere Informationen kontaktieren.<\/p>\n<p>Bitte lesen Sie sorgf\u00e4ltig die <strong>Wichtige Details<\/strong> Abschnitt Anweisungen.<\/p>\n<\/div>","protected":false},"excerpt":{"rendered":"<p>Mit dem Travel Sax 2 Case kannst du dein gut gesch\u00fctztes Instrument \u00fcberall hin mitnehmen, wo du willst. LIES VOR DEM KAUF DIESES PRODUKTS! DISCLAIMER: Das Travel Sax 2 Case ist beim Kauf des Travel Sax 2 enthalten!<\/p>","protected":false},"featured_media":19142,"comment_status":"open","ping_status":"closed","template":"","meta":[],"product_brand":[],"product_cat":[2830],"product_tag":[2981],"class_list":{"0":"post-19145","1":"product","2":"type-product","3":"status-publish","4":"has-post-thumbnail","6":"product_cat-cases","7":"product_tag-travel-sax","9":"first","10":"instock","11":"taxable","12":"shipping-taxable","13":"purchasable","14":"product-type-simple"},"meta_box":{"page_countdown":[],"country_restriction":"USA","usa_restriction":{"rest_btn_text":"Buy on Sweetwater","btn_url_rest":"https:\/\/www.sweetwater.com\/store\/manufacturer\/Odisei_Music?utm_source=odiseimusic&utm_medium=web&utm_campaign=odiseimusic"},"faqs_group":[]},"_links":{"self":[{"href":"https:\/\/odiseimusic.com\/de\/wp-json\/wp\/v2\/product\/19145","targetHints":{"allow":["GET"]}}],"collection":[{"href":"https:\/\/odiseimusic.com\/de\/wp-json\/wp\/v2\/product"}],"about":[{"href":"https:\/\/odiseimusic.com\/de\/wp-json\/wp\/v2\/types\/product"}],"replies":[{"embeddable":true,"href":"https:\/\/odiseimusic.com\/de\/wp-json\/wp\/v2\/comments?post=19145"}],"wp:featuredmedia":[{"embeddable":true,"href":"https:\/\/odiseimusic.com\/de\/wp-json\/wp\/v2\/media\/19142"}],"wp:attachment":[{"href":"https:\/\/odiseimusic.com\/de\/wp-json\/wp\/v2\/media?parent=19145"}],"wp:term":[{"taxonomy":"product_brand","embeddable":true,"href":"https:\/\/odiseimusic.com\/de\/wp-json\/wp\/v2\/product_brand?post=19145"},{"taxonomy":"product_cat","embeddable":true,"href":"https:\/\/odiseimusic.com\/de\/wp-json\/wp\/v2\/product_cat?post=19145"},{"taxonomy":"product_tag","embeddable":true,"href":"https:\/\/odiseimusic.com\/de\/wp-json\/wp\/v2\/product_tag?post=19145"}],"curies":[{"name":"wp","href":"https:\/\/api.w.org\/{rel}","templated":true}]}}