{"id":21633,"date":"2023-12-04T12:38:43","date_gmt":"2023-12-04T11:38:43","guid":{"rendered":"https:\/\/odisei.presspulp.com\/?post_type=product&#038;p=21633"},"modified":"2025-11-23T13:57:38","modified_gmt":"2025-11-23T12:57:38","slug":"handyhalter","status":"publish","type":"product","link":"https:\/\/odiseimusic.com\/de\/products\/mobile-holder\/","title":{"rendered":"Mobile Halterung"},"content":{"rendered":"<p><strong>Ideal f\u00fcr viele Gelegenheiten:<\/strong> Der St\u00e4nder passt sich jeder Umgebung an und kann an Schreibtisch, Tisch, K\u00fcchenregal, Nachttisch, Zug, Bus, Flugzeugsitz und vielen anderen Oberfl\u00e4chen befestigt werden.<\/p>\n<p>&nbsp;<\/p>\n<p><strong>Vielseitig:<\/strong> Perfekt f\u00fcr TikTok, YouTube, Instagram, FaceTime, Selfies, Filme schauen und vieles mehr. Auch im B\u00fcro und zu Hause bist du perfekt f\u00fcr Videogespr\u00e4che mit deinem Handy ausgestattet.<\/p>\n<p>&nbsp;<\/p>\n<p><strong>Freih\u00e4ndig:<\/strong> Der Handyst\u00e4nder kann auf die richtige H\u00f6he und den richtigen Winkel eingestellt werden, damit du immer den \u00dcberblick beh\u00e4ltst. Du hast die H\u00e4nde frei, wenn du telefonierst oder mit einer Koch-App kochst.<\/p>\n<p>&nbsp;<\/p>\n<p><strong>Universal:<\/strong> Der Reisest\u00e4nder mit Klemme ist kompatibel mit iPhone 15, 14, 13 (Pro, Max, Plus, Mini), Samsung Galaxy, Xiaomi, Huawei und h\u00e4lt jedes Telefon mit einer maximalen Breite von 96 mm sicher fest. Lieferumfang: 1x Wicked Chili Universal Reisest\u00e4nder mit Federklemme und faltbarem Design. Flexibler St\u00e4nder f\u00fcr Mobiltelefone, ideal zum Befestigen auf der Arbeitsplatte, im Regal, im Schrank usw.<\/p>","protected":false},"excerpt":{"rendered":"<p>Der St\u00e4nder passt sich jeder Umgebung an und kann an einem Schreibtisch, Tisch, K\u00fcchenregal, Nachttisch, Zug, Bus, Flugzeugsitz und vielen anderen Oberfl\u00e4chen befestigt werden.<\/p>","protected":false},"featured_media":26144,"comment_status":"open","ping_status":"closed","template":"","meta":[],"product_brand":[],"product_cat":[2414],"product_tag":[2981],"class_list":{"0":"post-21633","1":"product","2":"type-product","3":"status-publish","4":"has-post-thumbnail","6":"product_cat-accessory","7":"product_tag-travel-sax","9":"first","10":"instock","11":"sale","12":"taxable","13":"shipping-taxable","14":"purchasable","15":"product-type-simple"},"meta_box":{"page_countdown":[],"country_restriction":"No","usa_restriction":{"rest_btn_text":"Buy on Sweetwater","btn_url_rest":"https:\/\/www.sweetwater.com\/store\/manufacturer\/Odisei_Music?utm_source=odiseimusic&utm_medium=web&utm_campaign=odiseimusic"},"faqs_group":[]},"_links":{"self":[{"href":"https:\/\/odiseimusic.com\/de\/wp-json\/wp\/v2\/product\/21633","targetHints":{"allow":["GET"]}}],"collection":[{"href":"https:\/\/odiseimusic.com\/de\/wp-json\/wp\/v2\/product"}],"about":[{"href":"https:\/\/odiseimusic.com\/de\/wp-json\/wp\/v2\/types\/product"}],"replies":[{"embeddable":true,"href":"https:\/\/odiseimusic.com\/de\/wp-json\/wp\/v2\/comments?post=21633"}],"wp:featuredmedia":[{"embeddable":true,"href":"https:\/\/odiseimusic.com\/de\/wp-json\/wp\/v2\/media\/26144"}],"wp:attachment":[{"href":"https:\/\/odiseimusic.com\/de\/wp-json\/wp\/v2\/media?parent=21633"}],"wp:term":[{"taxonomy":"product_brand","embeddable":true,"href":"https:\/\/odiseimusic.com\/de\/wp-json\/wp\/v2\/product_brand?post=21633"},{"taxonomy":"product_cat","embeddable":true,"href":"https:\/\/odiseimusic.com\/de\/wp-json\/wp\/v2\/product_cat?post=21633"},{"taxonomy":"product_tag","embeddable":true,"href":"https:\/\/odiseimusic.com\/de\/wp-json\/wp\/v2\/product_tag?post=21633"}],"curies":[{"name":"wp","href":"https:\/\/api.w.org\/{rel}","templated":true}]}}