{"id":26952,"date":"2024-10-23T12:05:03","date_gmt":"2024-10-23T10:05:03","guid":{"rendered":"https:\/\/odisei.presspulp.com\/?post_type=product&#038;p=26952"},"modified":"2026-03-26T14:06:20","modified_gmt":"2026-03-26T13:06:20","slug":"reiseklarinette-vorbestellung","status":"publish","type":"product","link":"https:\/\/odiseimusic.com\/de\/products\/travel-clarinet-pre-order\/","title":{"rendered":"Travel Clarinet"},"content":{"rendered":"<div class=\"WncCi\" data-hook=\"info-section-description\">\n<div>\n<h5><strong>Was ist inbegriffen?<\/strong><\/h5>\n<ul>\n<li>Mundst\u00fcck<\/li>\n<li>Travel Clarinet Schutzh\u00fclle<\/li>\n<li>Zubeh\u00f6rtasche<\/li>\n<li>Mikrofasertuch<\/li>\n<li>USB-C Ladekabel<\/li>\n<\/ul>\n<\/div>\n<div>\n<h5><strong>Jederzeit und \u00fcberall \u00fcben<\/strong><\/h5>\n<p>\u00dcbe, lerne, improvisiere und experimentiere mit tausenden von M\u00f6glichkeiten, das Saxophon als MIDI-Controller zu spielen. Bring deine kreativste Seite zum Vorschein, wo immer du bist.<br \/>\nEs verwendet ein Standard-Klarinettenmundst\u00fcck und die Position der Tasten, um eine herk\u00f6mmliche Klarinette zu imitieren, sowie den Druck deines Atems, um die Lautst\u00e4rke zu bestimmen.<\/p>\n<\/div>\n<div>\n<h5><strong>Wie lange dauert die Lieferung?<\/strong><\/h5>\n<p data-start=\"176\" data-end=\"397\">Wir liefern das Travel Clarinet in 3-5 Werktagen! Fang an zu \u00fcben, bevor du es dir vorstellen kannst!<\/p>\n<p data-start=\"399\" data-end=\"492\">Verpasse nicht deine Chance, zu den Ersten zu geh\u00f6ren, die die tragbarste Klarinette der Welt spielen k\u00f6nnen. F\u00fcr weitere Informationen kannst du uns jederzeit erreichen unter <a href=\"mailto:info@odiseimusic.com\" rel=\"noopener\">info@odiseimusic.com<\/a><\/p>\n<\/div>\n<p>&nbsp;<\/p>\n<p style=\"text-align: left;\"><a class=\"button\" href=\"\/de\/travelclarinet\/\">Hier erf\u00e4hrst du mehr<\/a><\/p>\n<p>&nbsp;<\/p>\n<div>\n<p>Bitte lesen Sie sorgf\u00e4ltig die <strong>Wichtige Details<\/strong> Abschnitt Anweisungen.<\/p>\n<div dir=\"auto\">Haftungsausschluss: Odisei Music kann nicht f\u00fcr Lieferverz\u00f6gerungen verantwortlich gemacht werden, die durch unsere Versandpartner verursacht werden (Speditionsunternehmen, Zollabfertigung oder unvorhergesehene Probleme).<\/div>\n<\/div>\n<\/div>","protected":false},"excerpt":{"rendered":"<p data-start=\"175\" data-end=\"268\">Verpasse nicht deine Chance, deine <strong data-start=\"88\" data-end=\"111\">neu Travel Clarinet<\/strong> jetzt und genie\u00dfen <strong data-start=\"126\" data-end=\"181\">Kostenloser Versand!<\/strong><\/p>\n<p data-start=\"270\" data-end=\"423\"><strong>Inspiration<\/strong> kann jederzeit und \u00fcberall zu dir kommen. Gleiche Griffweise und realistisches Gef\u00fchl. Diese Klarinette im Taschenformat l\u00e4sst sich einfach anschlie\u00dfen und spielen. Dein perfekter Reisebegleiter, mit dem du <strong data-start=\"385\" data-end=\"415\">\u00fcben, wo immer du willst.<\/strong><\/p>\n<p>F\u00fcr weitere Informationen kannst du uns gerne kontaktieren unter <a rel=\"noopener\">info@odiseimusic.com<\/a><\/p>","protected":false},"featured_media":24723,"comment_status":"open","ping_status":"closed","template":"","meta":[],"product_brand":[],"product_cat":[2677,2926],"product_tag":[],"class_list":{"0":"post-26952","1":"product","2":"type-product","3":"status-publish","4":"has-post-thumbnail","6":"product_cat-odiseimusic-product","7":"product_cat-travel-clarinet","9":"first","10":"instock","11":"purchasable","12":"product-type-simple"},"meta_box":{"page_countdown":{"countdowntitle":"Winter Hot Deal!","count_down_image":"24644","countdownbuttontext":"Save 50\u20ac NOW","count_down_ending_date":"2026-03-08 00:00","count_down_url":"https:\/\/odiseimusic.com\/products\/travel-clarinet-pre-order\/"},"country_restriction":"USA","usa_restriction":{"rest_btn_text":"Buy at Sweetwater","btn_url_rest":"https:\/\/www.sweetwater.com\/store\/detail\/TravelClarinet--odisei-music-travel-clarinet-wind-synth-controller"},"faqs_group":[]},"_links":{"self":[{"href":"https:\/\/odiseimusic.com\/de\/wp-json\/wp\/v2\/product\/26952","targetHints":{"allow":["GET"]}}],"collection":[{"href":"https:\/\/odiseimusic.com\/de\/wp-json\/wp\/v2\/product"}],"about":[{"href":"https:\/\/odiseimusic.com\/de\/wp-json\/wp\/v2\/types\/product"}],"replies":[{"embeddable":true,"href":"https:\/\/odiseimusic.com\/de\/wp-json\/wp\/v2\/comments?post=26952"}],"wp:featuredmedia":[{"embeddable":true,"href":"https:\/\/odiseimusic.com\/de\/wp-json\/wp\/v2\/media\/24723"}],"wp:attachment":[{"href":"https:\/\/odiseimusic.com\/de\/wp-json\/wp\/v2\/media?parent=26952"}],"wp:term":[{"taxonomy":"product_brand","embeddable":true,"href":"https:\/\/odiseimusic.com\/de\/wp-json\/wp\/v2\/product_brand?post=26952"},{"taxonomy":"product_cat","embeddable":true,"href":"https:\/\/odiseimusic.com\/de\/wp-json\/wp\/v2\/product_cat?post=26952"},{"taxonomy":"product_tag","embeddable":true,"href":"https:\/\/odiseimusic.com\/de\/wp-json\/wp\/v2\/product_tag?post=26952"}],"curies":[{"name":"wp","href":"https:\/\/api.w.org\/{rel}","templated":true}]}}