{"id":27941,"date":"2024-11-28T13:12:31","date_gmt":"2024-11-28T12:12:31","guid":{"rendered":"https:\/\/odisei.presspulp.com\/?post_type=product&#038;p=27941"},"modified":"2026-01-24T11:29:29","modified_gmt":"2026-01-24T10:29:29","slug":"powerbank","status":"publish","type":"product","link":"https:\/\/odiseimusic.com\/de\/products\/power-bank\/","title":{"rendered":"Odisei Music Power Bank"},"content":{"rendered":"<p><strong>Mit unserer 20.000 mAh Power Bank bist du immer und \u00fcberall mit Strom versorgt!<\/strong><\/p>\n<p>Bring deine musikalische Reise auf die n\u00e4chste Stufe mit unserer leistungsstarken und zuverl\u00e4ssigen Powerbank, dem perfekten Zubeh\u00f6r f\u00fcr dein Reiseinstrument. Mit einer beeindruckenden Kapazit\u00e4t von 20.000 mAh kannst du jederzeit und \u00fcberall \u00fcben, ohne dir Sorgen machen zu m\u00fcssen, dass dir der Akku ausgeht.<\/p>\n<ul>\n<li><strong>\u00dcberall hingehen, jederzeit spielen:<\/strong> Egal, ob du unterwegs bist, in einem Park oder im Ausland, diese Powerbank sorgt daf\u00fcr, dass dein Instrument aufgeladen und einsatzbereit bleibt.<\/li>\n<li><strong>Unbegrenzte Trainingssitzungen:<\/strong> Mit seiner gro\u00dfen Kapazit\u00e4t kannst du dein Reiseinstrument mehrmals aufladen, so dass du dich ganz auf deine Musik konzentrieren kannst.<\/li>\n<li><strong>Kompakt und tragbar:<\/strong> Er ist leicht und einfach zu transportieren und damit der ideale Begleiter f\u00fcr Musiker, die Wert auf Mobilit\u00e4t und Komfort legen.<\/li>\n<li><strong>Konnektivit\u00e4t<\/strong>: USB-C, Micro USB, Lighting (Ausg\u00e4nge) und Typ A USB (Eingang). Datenkabel inklusive. Duales Aufladen ist erlaubt.<\/li>\n<li><strong>Batterie<\/strong>: 20.000 mAh. Lithium. Schnellladung f\u00fcr Handys und Laptops mit bis zu 100 Watt. L\u00e4dt 3 Ger\u00e4te gleichzeitig auf.<\/li>\n<\/ul>\n<p>Lass dich von einem schwachen Akku nicht aufhalten - bleib aufgeladen und inspiriert, egal wohin dich deine Musik f\u00fchrt!<\/p>","protected":false},"excerpt":{"rendered":"<p><strong>Mit unserer 20.000 mAh 100w Power Bank bist du immer und \u00fcberall mit Strom versorgt!<\/strong><\/p>\n<p>Bring deine musikalische Reise auf die n\u00e4chste Stufe mit unserer leistungsstarken und zuverl\u00e4ssigen Powerbank, dem perfekten Zubeh\u00f6r f\u00fcr dein Reiseinstrument. Mit einer beeindruckenden Kapazit\u00e4t von 20.000 mAh und 100 Watt hast du die Freiheit, jederzeit und \u00fcberall zu \u00fcben, ohne dir Sorgen machen zu m\u00fcssen, dass dir der Akku ausgeht.<\/p>","protected":false},"featured_media":27947,"comment_status":"open","ping_status":"closed","template":"","meta":[],"product_brand":[],"product_cat":[2414],"product_tag":[2981],"class_list":{"0":"post-27941","1":"product","2":"type-product","3":"status-publish","4":"has-post-thumbnail","6":"product_cat-accessory","7":"product_tag-travel-sax","9":"first","10":"instock","11":"taxable","12":"shipping-taxable","13":"purchasable","14":"product-type-simple"},"meta_box":{"page_countdown":[],"country_restriction":"No","usa_restriction":{"rest_btn_text":"Buy at Sweetwater","btn_url_rest":"https:\/\/www.sweetwater.com\/store\/manufacturer\/Odisei_Music?utm_source=odiseimusic&utm_medium=web&utm_campaign=odiseimusic"},"faqs_group":[]},"_links":{"self":[{"href":"https:\/\/odiseimusic.com\/de\/wp-json\/wp\/v2\/product\/27941","targetHints":{"allow":["GET"]}}],"collection":[{"href":"https:\/\/odiseimusic.com\/de\/wp-json\/wp\/v2\/product"}],"about":[{"href":"https:\/\/odiseimusic.com\/de\/wp-json\/wp\/v2\/types\/product"}],"replies":[{"embeddable":true,"href":"https:\/\/odiseimusic.com\/de\/wp-json\/wp\/v2\/comments?post=27941"}],"wp:featuredmedia":[{"embeddable":true,"href":"https:\/\/odiseimusic.com\/de\/wp-json\/wp\/v2\/media\/27947"}],"wp:attachment":[{"href":"https:\/\/odiseimusic.com\/de\/wp-json\/wp\/v2\/media?parent=27941"}],"wp:term":[{"taxonomy":"product_brand","embeddable":true,"href":"https:\/\/odiseimusic.com\/de\/wp-json\/wp\/v2\/product_brand?post=27941"},{"taxonomy":"product_cat","embeddable":true,"href":"https:\/\/odiseimusic.com\/de\/wp-json\/wp\/v2\/product_cat?post=27941"},{"taxonomy":"product_tag","embeddable":true,"href":"https:\/\/odiseimusic.com\/de\/wp-json\/wp\/v2\/product_tag?post=27941"}],"curies":[{"name":"wp","href":"https:\/\/api.w.org\/{rel}","templated":true}]}}