{"id":28075,"date":"2024-12-05T11:18:57","date_gmt":"2024-12-05T10:18:57","guid":{"rendered":"https:\/\/odisei.presspulp.com\/?post_type=product&#038;p=28075"},"modified":"2026-02-02T16:14:37","modified_gmt":"2026-02-02T15:14:37","slug":"zubehorpaket-tc","status":"publish","type":"product","link":"https:\/\/odiseimusic.com\/de\/products\/accessory-pack-tc\/","title":{"rendered":"Travel Clarinet Accessory Pack"},"content":{"rendered":"<div>\n<h6><strong>Welche solltest du verwenden?<\/strong><\/h6>\n<p>Das Klarinettenrohr erweitert deine Spielposition, um das \u00dcben bequemer zu machen. Der stimmzungenlose Verl\u00e4ngerer ist ein spezielles Mundst\u00fcck, das entwickelt wurde, um die Ergonomie zu verbessern und dein Travel Clarinet individuell anzupassen. Sie k\u00f6nnen aneinander befestigt werden, bis hin zum Zubeh\u00f6r, um deine \u00dcbungshaltung zu verbessern.<\/p>\n<\/div>\n<div>\n<p>Das gesamte Travel Clarinet-Zubeh\u00f6r wird im Spritzgussverfahren oder im 3D-Druckverfahren hergestellt.<\/p>\n<p style=\"text-align: left;\"><a class=\"button\" href=\"\/de\/shop\/\">Mehr Zubeh\u00f6r sehen<\/a><\/p>\n<\/div>\n<p>&nbsp;<\/p>\n<div>\n<h6><strong>Wie lange dauert die Lieferung?<\/strong><\/h6>\n<p>Bitte lesen Sie sorgf\u00e4ltig die <strong>Wichtige Details<\/strong> Abschnitt Anweisungen.<\/p>\n<div dir=\"auto\">Haftungsausschluss: Odisei Music kann nicht f\u00fcr Lieferverz\u00f6gerungen verantwortlich gemacht werden, die durch unsere Versandpartner verursacht werden (Speditionsunternehmen, Zollabfertigung oder unvorhergesehene Probleme).<\/div>\n<\/div>","protected":false},"excerpt":{"rendered":"<p><strong>Barrel Klarinettenhals<\/strong>: Es verl\u00e4ngert dein Mundst\u00fcck beim Spielen und l\u00e4sst deine Schultern in einer angenehmeren Position ruhen, sodass du l\u00e4nger spielen kannst.<\/p>\n<p><strong>Rohrblattloses Mundst\u00fcck<\/strong>: Dieses spezielle Mundst\u00fcck<span class=\"VIiyi\" lang=\"en\"><span class=\"JLqJ4b ChMk0b\" data-language-for-alternatives=\"en\" data-language-to-translate-into=\"es\" data-phrase-index=\"0\"> gibt dir viel mehr Kontrolle \u00fcber den Luftstrom, wenn du das Travel Clarinet benutzt, dank der zwei kleinen L\u00f6cher im Mundst\u00fcck, durch die die Luft str\u00f6mt.<\/span>\u00a0<span class=\"JLqJ4b ChMk0b\" data-language-for-alternatives=\"en\" data-language-to-translate-into=\"es\" data-phrase-index=\"1\">So kannst du den Fluss leichter mit deiner Zunge kontrollieren.<\/span><\/span><\/p>\n<p>F\u00fcr weitere Informationen kannst du uns gerne kontaktieren unter <a rel=\"noopener\">info@new.odiseimusic.com<\/a>.<\/p>","protected":false},"featured_media":28086,"comment_status":"open","ping_status":"closed","template":"","meta":[],"product_brand":[],"product_cat":[2414,2677],"product_tag":[],"class_list":{"0":"post-28075","1":"product","2":"type-product","3":"status-publish","4":"has-post-thumbnail","6":"product_cat-accessory","7":"product_cat-odiseimusic-product","9":"first","10":"instock","11":"purchasable","12":"product-type-simple"},"meta_box":{"page_countdown":{"countdowntitle":"Limited Black Friday Offer","countdownbuttontext":"Save 100\u20ac NOW","count_down_ending_date":"2025-12-02 00:00","count_down_url":"https:\/\/odiseimusic.com\/products\/om-bundle-tc-accessory-pack-earphones\/"},"country_restriction":"No","usa_restriction":[],"faqs_group":[]},"_links":{"self":[{"href":"https:\/\/odiseimusic.com\/de\/wp-json\/wp\/v2\/product\/28075","targetHints":{"allow":["GET"]}}],"collection":[{"href":"https:\/\/odiseimusic.com\/de\/wp-json\/wp\/v2\/product"}],"about":[{"href":"https:\/\/odiseimusic.com\/de\/wp-json\/wp\/v2\/types\/product"}],"replies":[{"embeddable":true,"href":"https:\/\/odiseimusic.com\/de\/wp-json\/wp\/v2\/comments?post=28075"}],"wp:featuredmedia":[{"embeddable":true,"href":"https:\/\/odiseimusic.com\/de\/wp-json\/wp\/v2\/media\/28086"}],"wp:attachment":[{"href":"https:\/\/odiseimusic.com\/de\/wp-json\/wp\/v2\/media?parent=28075"}],"wp:term":[{"taxonomy":"product_brand","embeddable":true,"href":"https:\/\/odiseimusic.com\/de\/wp-json\/wp\/v2\/product_brand?post=28075"},{"taxonomy":"product_cat","embeddable":true,"href":"https:\/\/odiseimusic.com\/de\/wp-json\/wp\/v2\/product_cat?post=28075"},{"taxonomy":"product_tag","embeddable":true,"href":"https:\/\/odiseimusic.com\/de\/wp-json\/wp\/v2\/product_tag?post=28075"}],"curies":[{"name":"wp","href":"https:\/\/api.w.org\/{rel}","templated":true}]}}