{"id":35134,"date":"2025-07-17T13:23:25","date_gmt":"2025-07-17T11:23:25","guid":{"rendered":"https:\/\/odiseimusic.com\/?post_type=product&#038;p=35134"},"modified":"2025-12-05T14:17:51","modified_gmt":"2025-12-05T13:17:51","slug":"om-bundle-ts-zubehorpaket-ohrhorer","status":"publish","type":"product","link":"https:\/\/odiseimusic.com\/de\/products\/om-bundle-ts-accessory-pack-earphones\/","title":{"rendered":"Travel Sax 2 + Acc. Pack + Kopfh\u00f6rer (Musik-Bundle)"},"content":{"rendered":"<h3 class=\"\" data-start=\"105\" data-end=\"126\">Travel Sax 2<\/h3>\n<p class=\"\" data-start=\"127\" data-end=\"541\">The Travel Sax 2 is one of the world\u2019s smallest and lightest electronic saxophones, designed for silent practice and portability. With real saxophone key positions and Bluetooth MIDI capabilities, it allows you to practice anytime, anywhere, without disturbing others. Whether you&#8217;re warming up backstage or jamming at home, the Travel Sax gives you a complete playing experience in a compact, travel-friendly form.<\/p>\n<p class=\"\" data-start=\"543\" data-end=\"605\">\ud83d\udd17 <a class=\"\" href=\"https:\/\/odiseimusic.com\/products\/travel-sax-2\/\" target=\"_blank\" rel=\"noopener\" data-start=\"546\" data-end=\"605\">More info<\/a><\/p>\n<hr class=\"\" data-start=\"607\" data-end=\"610\" \/>\n<h3 class=\"\" data-start=\"612\" data-end=\"631\">Accessory pack<\/h3>\n<div id=\"brxe-txjxxl\" class=\"brxe-product-short-description\">\n<div class=\"woocommerce-product-details__short-description\">\n<article class=\"text-token-text-primary w-full\" dir=\"auto\" data-testid=\"conversation-turn-60\" data-scroll-anchor=\"true\">\n<div class=\"text-base my-auto mx-auto pb-10 [--thread-content-margin:--spacing(4)] @[37rem]:[--thread-content-margin:--spacing(6)] @[72rem]:[--thread-content-margin:--spacing(16)] px-(--thread-content-margin)\">\n<div class=\"[--thread-content-max-width:32rem] @[34rem]:[--thread-content-max-width:40rem] @[64rem]:[--thread-content-max-width:48rem] mx-auto flex max-w-(--thread-content-max-width) flex-1 text-base gap-4 md:gap-5 lg:gap-6 group\/turn-messages focus-visible:outline-hidden\" tabindex=\"-1\">\n<div class=\"group\/conversation-turn relative flex w-full min-w-0 flex-col agent-turn\">\n<div class=\"relative flex-col gap-1 md:gap-3\">\n<div class=\"flex max-w-full flex-col grow\">\n<div class=\"min-h-8 text-message relative flex w-full flex-col items-end gap-2 text-start break-words whitespace-normal [.text-message+&amp;]:mt-5\" dir=\"auto\" data-message-author-role=\"assistant\" data-message-id=\"3583cb29-0ea1-43d6-931a-93df34083fea\" data-message-model-slug=\"gpt-4o\">\n<div class=\"flex w-full flex-col gap-1 empty:hidden first:pt-[3px]\">\n<div class=\"markdown prose dark:prose-invert w-full break-words dark\">\n<p data-start=\"68\" data-end=\"291\" data-is-last-node=\"\" data-is-only-node=\"\">The must-have for your Travel Sax 2! Perfect your posture and play comfortably anywhere. Mix its 3 adapters to get your ideal setup. It\u2019s our best-selling accessory, once you try it, you\u2019ll never play without it!<\/p>\n<\/div>\n<\/div>\n<\/div>\n<\/div>\n<\/div>\n<\/div>\n<\/div>\n<\/div>\n<\/article>\n<\/div>\n<\/div>\n<p class=\"\" data-start=\"940\" data-end=\"1000\">\ud83d\udd17 <a class=\"\" href=\"https:\/\/odiseimusic.com\/products\/accessory-pack-travel-sax-2\/\" target=\"_blank\" rel=\"noopener\" data-start=\"943\" data-end=\"1000\">More info<\/a><\/p>\n<hr class=\"\" data-start=\"1002\" data-end=\"1005\" \/>\n<h3 class=\"\" data-start=\"1007\" data-end=\"1029\">Earphones<\/h3>\n<div id=\"brxe-txjxxl\" class=\"brxe-product-short-description\">\n<div class=\"woocommerce-product-details__short-description\">\n<p>The Odisei Music earphones are the perfect solution for listening to your instrument with excellent quality. These headphones deliver exceptional sound quality across all frequency ranges, achieving a balanced tonal quality in all frequencies, both in terms of specifications and through equipment testing.<\/p>\n<\/div>\n<\/div>\n<p class=\"\" data-start=\"1286\" data-end=\"1349\">\ud83d\udd17 <a class=\"\" href=\"https:\/\/odiseimusic.com\/products\/odisei-music-earphones-2\/\" target=\"_blank\" rel=\"noopener\" data-start=\"1289\" data-end=\"1349\">More info<\/a><\/p>\n","protected":false},"excerpt":{"rendered":"<p>Unser Star-Bundle, beliebt bei Saxophonisten aller Niveaus! Perfekte Haltung und absoluter Komfort mit dem Accessory Pack, dazu kristallklarer Sound mit unseren Kopfh\u00f6rern.<br data-start=\"253\" data-end=\"256\" \/>Es ist die meistverkaufte Combo von Odisei Music, mit der du immer und \u00fcberall \u00fcben kannst und die ein Muss f\u00fcr jeden Travel Sax-Spieler ist.<\/p>","protected":false},"featured_media":35142,"comment_status":"closed","ping_status":"closed","template":"","meta":[],"product_brand":[],"product_cat":[2414,2984,2674],"product_tag":[],"class_list":{"0":"post-35134","1":"product","2":"type-product","3":"status-publish","4":"has-post-thumbnail","6":"product_cat-accessory","7":"product_cat-bundles","8":"product_cat-travel-sax","10":"first","11":"instock","12":"sale","13":"taxable","14":"shipping-taxable","15":"purchasable","16":"product-type-variable","17":"has-default-attributes"},"meta_box":{"page_countdown":{"countdowntitle":"Limited Time to SAVE 100\u20ac","count_down_ending_date":"2025-12-02 00:00"},"country_restriction":"USA","usa_restriction":{"rest_btn_text":"Buy at Sweetwater","btn_url_rest":"https:\/\/www.sweetwater.com\/store\/detail\/TravelSax2--odisei-music-travel-sax-2-wind-synth-controller?utm_source=odiseimusic&utm_medium=web&utm_campaign=odiseimusic"},"faqs_group":[]},"_links":{"self":[{"href":"https:\/\/odiseimusic.com\/de\/wp-json\/wp\/v2\/product\/35134","targetHints":{"allow":["GET"]}}],"collection":[{"href":"https:\/\/odiseimusic.com\/de\/wp-json\/wp\/v2\/product"}],"about":[{"href":"https:\/\/odiseimusic.com\/de\/wp-json\/wp\/v2\/types\/product"}],"replies":[{"embeddable":true,"href":"https:\/\/odiseimusic.com\/de\/wp-json\/wp\/v2\/comments?post=35134"}],"wp:featuredmedia":[{"embeddable":true,"href":"https:\/\/odiseimusic.com\/de\/wp-json\/wp\/v2\/media\/35142"}],"wp:attachment":[{"href":"https:\/\/odiseimusic.com\/de\/wp-json\/wp\/v2\/media?parent=35134"}],"wp:term":[{"taxonomy":"product_brand","embeddable":true,"href":"https:\/\/odiseimusic.com\/de\/wp-json\/wp\/v2\/product_brand?post=35134"},{"taxonomy":"product_cat","embeddable":true,"href":"https:\/\/odiseimusic.com\/de\/wp-json\/wp\/v2\/product_cat?post=35134"},{"taxonomy":"product_tag","embeddable":true,"href":"https:\/\/odiseimusic.com\/de\/wp-json\/wp\/v2\/product_tag?post=35134"}],"curies":[{"name":"wp","href":"https:\/\/api.w.org\/{rel}","templated":true}]}}