{"id":36744,"date":"2025-11-25T10:37:21","date_gmt":"2025-11-25T09:37:21","guid":{"rendered":"https:\/\/odiseimusic.com\/?post_type=product&#038;p=36744"},"modified":"2025-12-02T10:51:54","modified_gmt":"2025-12-02T09:51:54","slug":"om-bundle-tc-accessory-pack-ohrhorer","status":"publish","type":"product","link":"https:\/\/odiseimusic.com\/de\/products\/om-bundle-tc-accessory-pack-earphones\/","title":{"rendered":"Travel Clarinet + Acc. Pack + Kopfh\u00f6rer (Musik-Bundle)"},"content":{"rendered":"<h3 class=\"\" data-start=\"105\" data-end=\"126\">Travel Clarinet<\/h3>\n<p class=\"\" data-start=\"127\" data-end=\"541\">Die Travel Clarinet ist eine der kleinsten und leichtesten elektronischen Klarinetten der Welt, die f\u00fcr leises \u00dcben und Tragbarkeit entwickelt wurde. Mit echten Klarinettentasten und Bluetooth-MIDI-Funktionen kannst du jederzeit und \u00fcberall \u00fcben, ohne andere zu st\u00f6ren. Ob du dich hinter der B\u00fchne aufw\u00e4rmst oder zu Hause jammst, die Travel Clarinet bietet dir ein komplettes Spielerlebnis in einer kompakten, reisefreundlichen Form.<\/p>\n<p class=\"\" data-start=\"543\" data-end=\"605\">\ud83d\udd17 <a class=\"\" href=\"https:\/\/odiseimusic.com\/de\/produkte\/travel-sax-2\/\" target=\"_blank\" rel=\"noopener\" data-start=\"546\" data-end=\"605\">Mehr Infos<\/a><\/p>\n<hr class=\"\" data-start=\"607\" data-end=\"610\" \/>\n<h3 class=\"\" data-start=\"612\" data-end=\"631\">Zubeh\u00f6rpaket<\/h3>\n<div id=\"brxe-txjxxl\" class=\"brxe-product-short-description\">\n<div class=\"woocommerce-product-details__short-description\">\n<p>Das Must-have f\u00fcr dein Travel Sax 2! Perfektioniere deine K\u00f6rperhaltung und spiele \u00fcberall bequem. Kombiniere seine 3 Adapter, um dein ideales Setup zu erhalten. Es ist unser meistverkauftes Zubeh\u00f6r. Wenn du es einmal ausprobiert hast, wirst du nie wieder ohne es spielen wollen!<\/p>\n<\/div>\n<\/div>\n<p class=\"\" data-start=\"940\" data-end=\"1000\">\ud83d\udd17 <a class=\"\" href=\"https:\/\/odiseimusic.com\/de\/produkte\/zubehorpaket-tc\/\" target=\"_blank\" rel=\"noopener\" data-start=\"943\" data-end=\"1000\">Mehr Infos<\/a><\/p>\n<hr class=\"\" data-start=\"1002\" data-end=\"1005\" \/>\n<h3 class=\"\" data-start=\"1007\" data-end=\"1029\">Kopfh\u00f6rer<\/h3>\n<div id=\"brxe-txjxxl\" class=\"brxe-product-short-description\">\n<div class=\"woocommerce-product-details__short-description\">\n<p>Die Odisei Music Kopfh\u00f6rer sind die perfekte L\u00f6sung, um dein Instrument in hervorragender Qualit\u00e4t zu h\u00f6ren. Diese Kopfh\u00f6rer liefern eine au\u00dfergew\u00f6hnliche Klangqualit\u00e4t \u00fcber alle Frequenzbereiche und erreichen eine ausgewogene Tonqualit\u00e4t in allen Frequenzen, sowohl in Bezug auf die Spezifikationen als auch durch Ger\u00e4tetests.<\/p>\n<\/div>\n<\/div>\n<p class=\"\" data-start=\"1286\" data-end=\"1349\">\ud83d\udd17 <a class=\"\" href=\"https:\/\/odiseimusic.com\/de\/produkte\/odisei-musik-kopfhorer-2\/\" target=\"_blank\" rel=\"noopener\" data-start=\"1289\" data-end=\"1349\">Mehr Infos<\/a><\/p>","protected":false},"excerpt":{"rendered":"<p><span style=\"font-weight: 400;\">Entwickelt f\u00fcr Spieler, die das Beste an Flexibilit\u00e4t und Klangkontrolle verlangen. Dieses Bundle enth\u00e4lt alles, was du f\u00fcr ein intensives, professionelles \u00dcbungs- oder Aufnahmeerlebnis brauchst. Die Ohrh\u00f6rer liefern detaillierten, hochwertigen Sound und der Travel Holder sorgt f\u00fcr Stabilit\u00e4t bei intensiven Sessions. Egal, ob du komponierst, aufnimmst oder probst, der Travel Clarinet f\u00fcgt sich nahtlos in deinen kreativen Workflow ein.<\/span><\/p>","protected":false},"featured_media":36746,"comment_status":"closed","ping_status":"closed","template":"","meta":[],"product_brand":[],"product_cat":[2414,2926,2674],"product_tag":[],"class_list":{"0":"post-36744","1":"product","2":"type-product","3":"status-publish","4":"has-post-thumbnail","6":"product_cat-accessory","7":"product_cat-travel-clarinet","8":"product_cat-travel-sax","10":"first","11":"instock","12":"sale","13":"taxable","14":"shipping-taxable","15":"purchasable","16":"product-type-simple"},"meta_box":{"page_countdown":{"countdowntitle":"Limited Time to SAVE 100\u20ac","count_down_ending_date":"2025-12-02 00:00"},"country_restriction":"No","usa_restriction":{"rest_btn_text":"Buy at Sweetwater","btn_url_rest":"https:\/\/www.sweetwater.com\/store\/detail\/TravelSax2--odisei-music-travel-sax-2-wind-synth-controller?utm_source=odiseimusic&utm_medium=web&utm_campaign=odiseimusic"},"faqs_group":[]},"_links":{"self":[{"href":"https:\/\/odiseimusic.com\/de\/wp-json\/wp\/v2\/product\/36744","targetHints":{"allow":["GET"]}}],"collection":[{"href":"https:\/\/odiseimusic.com\/de\/wp-json\/wp\/v2\/product"}],"about":[{"href":"https:\/\/odiseimusic.com\/de\/wp-json\/wp\/v2\/types\/product"}],"replies":[{"embeddable":true,"href":"https:\/\/odiseimusic.com\/de\/wp-json\/wp\/v2\/comments?post=36744"}],"wp:featuredmedia":[{"embeddable":true,"href":"https:\/\/odiseimusic.com\/de\/wp-json\/wp\/v2\/media\/36746"}],"wp:attachment":[{"href":"https:\/\/odiseimusic.com\/de\/wp-json\/wp\/v2\/media?parent=36744"}],"wp:term":[{"taxonomy":"product_brand","embeddable":true,"href":"https:\/\/odiseimusic.com\/de\/wp-json\/wp\/v2\/product_brand?post=36744"},{"taxonomy":"product_cat","embeddable":true,"href":"https:\/\/odiseimusic.com\/de\/wp-json\/wp\/v2\/product_cat?post=36744"},{"taxonomy":"product_tag","embeddable":true,"href":"https:\/\/odiseimusic.com\/de\/wp-json\/wp\/v2\/product_tag?post=36744"}],"curies":[{"name":"wp","href":"https:\/\/api.w.org\/{rel}","templated":true}]}}