{"id":11618,"date":"2022-09-02T18:39:11","date_gmt":"2022-09-02T16:39:11","guid":{"rendered":"https:\/\/odisei.presspulp.com\/?page_id=11618"},"modified":"2025-11-11T09:40:35","modified_gmt":"2025-11-11T08:40:35","slug":"empezar-ts2","status":"publish","type":"page","link":"https:\/\/odiseimusic.com\/es\/get-started-ts2\/","title":{"rendered":"Empieza"},"content":{"rendered":"<h3 class=\"wp-block-heading\">Hemos creado una serie de v\u00eddeos para mostrarte c\u00f3mo sacar el m\u00e1ximo partido a tu Travel Sax y ponerte manos a la obra aprendiendo a manejarlo y mantenerlo. <\/h3>\n\n\n\n<div style=\"height:100px\" aria-hidden=\"true\" class=\"wp-block-spacer\"><\/div>\n\n\n\n<div class=\"wp-block-columns is-layout-flex wp-container-core-columns-is-layout-9d6595d7 wp-block-columns-is-layout-flex\">\n<div class=\"wp-block-column is-layout-flow wp-block-column-is-layout-flow\">\n<div class=\"wp-block-group j_padding_xl\"><div class=\"wp-block-group__inner-container is-layout-constrained wp-block-group-is-layout-constrained\">\n<h2 class=\"wp-block-heading\">El Travel Sax<\/h2>\n\n\n\n<p>En este v\u00eddeo te mostraremos paso a paso todas las cosas importantes que debes saber antes de empezar a utilizar tu Travel Sax.<\/p>\n\n\n\n<figure class=\"wp-block-embed is-type-video is-provider-youtube wp-block-embed-youtube wp-embed-aspect-16-9 wp-has-aspect-ratio\"><div class=\"wp-block-embed__wrapper\">\n<iframe loading=\"lazy\" title=\"Empieza - Travel Sax\" width=\"500\" height=\"281\" src=\"https:\/\/www.youtube.com\/embed\/uoXPoEgDxxA?feature=oembed\" frameborder=\"0\" allow=\"accelerometer; autoplay; clipboard-write; encrypted-media; gyroscope; picture-in-picture; web-share\" referrerpolicy=\"strict-origin-when-cross-origin\" allowfullscreen><\/iframe>\n<\/div><\/figure>\n\n\n\n<ul class=\"wp-block-list\">\n<li>\u00bfQu\u00e9 hay en la caja?<\/li>\n\n\n\n<li>C\u00f3mo meter y sacar la maleta<\/li>\n\n\n\n<li>Encendido y apagado<br>La boquilla<\/li>\n\n\n\n<li>Los adaptadores de boquilla<\/li>\n\n\n\n<li>Mantenimiento<\/li>\n\n\n\n<li>Cargando<\/li>\n<\/ul>\n<\/div><\/div>\n\n\n\n<div style=\"height:32px\" aria-hidden=\"true\" class=\"wp-block-spacer\"><\/div>\n<\/div>\n\n\n\n<div class=\"wp-block-column is-layout-flow wp-block-column-is-layout-flow\">\n<div class=\"wp-block-group j_padding_xl\"><div class=\"wp-block-group__inner-container is-layout-constrained wp-block-group-is-layout-constrained\">\n<h2 class=\"wp-block-heading\">La aplicaci\u00f3n<\/h2>\n\n\n\n<p>En este v\u00eddeo aprender\u00e1s a utilizar la App Travel Sax y conocer\u00e1s todas las funciones a las que tendr\u00e1s acceso.<\/p>\n\n\n\n<figure class=\"wp-block-embed is-type-video is-provider-youtube wp-block-embed-youtube wp-embed-aspect-16-9 wp-has-aspect-ratio\"><div class=\"wp-block-embed__wrapper\">\n<iframe loading=\"lazy\" title=\"Travel Instrument App - Tutorial de incorporaci\u00f3n\" width=\"500\" height=\"281\" src=\"https:\/\/www.youtube.com\/embed\/cO9N6mh90HQ?feature=oembed\" frameborder=\"0\" allow=\"accelerometer; autoplay; clipboard-write; encrypted-media; gyroscope; picture-in-picture; web-share\" referrerpolicy=\"strict-origin-when-cross-origin\" allowfullscreen><\/iframe>\n<\/div><\/figure>\n\n\n\n<ul class=\"wp-block-list\">\n<li>Conecta tu Travel Sax 2<\/li>\n\n\n\n<li>Iniciar sesi\u00f3n<\/li>\n\n\n\n<li>Conexi\u00f3n BT<\/li>\n\n\n\n<li>Suena<\/li>\n\n\n\n<li>Favoritos<\/li>\n\n\n\n<li>Silenciar<\/li>\n\n\n\n<li>Configuraci\u00f3n<\/li>\n\n\n\n<li>Grabar<\/li>\n\n\n\n<li>Perfil<br><\/li>\n<\/ul>\n<\/div><\/div>\n<\/div>\n<\/div>\n\n\n\n<h2 class=\"wp-block-heading has-text-align-center\">Descargar el manual de usuario<\/h2>\n\n\n\n<div style=\"height:32px\" aria-hidden=\"true\" class=\"wp-block-spacer\"><\/div>\n\n\n\n<div class=\"wp-block-buttons is-content-justification-center is-layout-flex wp-container-core-buttons-is-layout-16018d1d wp-block-buttons-is-layout-flex\">\n<div class=\"wp-block-button\"><a class=\"wp-block-button__link has-background has-medium-font-size has-custom-font-size wp-element-button\" href=\"https:\/\/odiseimusic.com\/wp-content\/uploads\/2025\/11\/Travel-Sax-2-manual-ENG-2025.pdf\" style=\"border-radius:11px;background-color:#05a389\" target=\"_blank\" rel=\"noreferrer noopener\">Descarga<\/a><\/div>\n<\/div>\n\n\n\n<p><a href=\"https:\/\/odiseimusic.com\/wp-content\/uploads\/2025\/11\/Travel-Sax-2-manual-SP-2025.docx.pdf\" target=\"_blank\" rel=\"noreferrer noopener\">Manual de usuario (Espa\u00f1ol)<\/a><\/p>\n\n\n\n<p><a href=\"https:\/\/odiseimusic.com\/wp-content\/uploads\/2025\/11\/Travel-Sax-2-manual-DE-2025.docx.pdf\" target=\"_blank\" rel=\"noreferrer noopener\">Manual de instrucciones (Alem\u00e1n)<\/a><\/p>\n\n\n\n<p><a href=\"https:\/\/odiseimusic.com\/wp-content\/uploads\/2025\/11\/Travel-Sax-2-manual-FR-2025.docx.pdf\" target=\"_blank\" rel=\"noreferrer noopener\">Manual del usuario (Franc\u00e9s)<\/a><\/p>\n\n\n\n<p><a href=\"https:\/\/odiseimusic.com\/wp-content\/uploads\/2025\/11\/Travel-Sax-2-manual-IT-2025.docx.pdf\" target=\"_blank\" rel=\"noreferrer noopener\">Manual del usuario (italiano)<\/a><\/p>\n\n\n\n<p><a href=\"https:\/\/odiseimusic.com\/wp-content\/uploads\/2025\/11\/Travel-Sax-2-manual-JP-2025.docx.pdf\" target=\"_blank\" rel=\"noreferrer noopener\">\u53d6\u6271\u8aac\u660e\u66f8 (japon\u00e9s)<\/a><\/p>\n\n\n\n<p><a href=\"https:\/\/odiseimusic.com\/wp-content\/uploads\/2025\/11\/Travel-Sax-2-manual-CHINA-2025.docx.pdf\" target=\"_blank\" data-type=\"link\" data-id=\"https:\/\/odiseimusic.com\/wp-content\/uploads\/2025\/05\/Travel-Sax-2-manual-CHINA-2025.pdf\" rel=\"noreferrer noopener\">\u7528\u6237\u624b\u518c (chino)<\/a><\/p>\n\n\n\n<p><a href=\"https:\/\/odiseimusic.com\/wp-content\/uploads\/2025\/11\/Travel-Sax-2-manual-NL-2025.docx.pdf\" target=\"_blank\" rel=\"noreferrer noopener\">Gebruikershandleiding (neerland\u00e9s)<\/a><\/p>\n\n\n\n<p><a href=\"https:\/\/odiseimusic.com\/wp-content\/uploads\/2025\/11\/Travel-Sax-2-manual-PORTUG-2025.docx.pdf\" target=\"_blank\" rel=\"noreferrer noopener\">Manual del usuario (Portugal)<\/a><\/p>\n\n\n\n<div style=\"height:100px\" aria-hidden=\"true\" class=\"wp-block-spacer\"><\/div>\n\n\n\n<div class=\"wp-block-columns is-layout-flex wp-container-core-columns-is-layout-9d6595d7 wp-block-columns-is-layout-flex\">\n<div class=\"wp-block-column is-layout-flow wp-block-column-is-layout-flow\">\n<h2 class=\"wp-block-heading\">\u00a1Juega sobre la marcha!<\/h2>\n\n\n\n<div style=\"height:32px\" aria-hidden=\"true\" class=\"wp-block-spacer\"><\/div>\n\n\n\n<h3 class=\"wp-block-heading\">M\u00e1s funciones. M\u00e1s potencia.<\/h3>\n\n\n\n<div style=\"height:32px\" aria-hidden=\"true\" class=\"wp-block-spacer\"><\/div>\n\n\n\n<ul class=\"wp-block-list\">\n<li>Elige entre m\u00e1s de 70 sonidos diferentes.<\/li>\n\n\n\n<li>Aplica, cambia los efectos de sonido y personaliza los sonidos.<\/li>\n\n\n\n<li>Personaliza tu propio finguering.<\/li>\n\n\n\n<li>Registra tu rutina de entrenamiento diaria y semanal.<\/li>\n<\/ul>\n\n\n\n<div style=\"height:47px\" aria-hidden=\"true\" class=\"wp-block-spacer\"><\/div>\n\n\n\n<p>Ya disponible en Apple Store y Google Play.<\/p>\n\n\n\n<div style=\"height:32px\" aria-hidden=\"true\" class=\"wp-block-spacer\"><\/div>\n\n\n\n<div class=\"wp-block-columns is-layout-flex wp-container-core-columns-is-layout-9d6595d7 wp-block-columns-is-layout-flex\">\n<div class=\"wp-block-column is-layout-flow wp-block-column-is-layout-flow\">\n<figure class=\"wp-block-image\"><a href=\"https:\/\/apps.apple.com\/us\/app\/travelsax-2\/id1643520077\" target=\"_blank\" rel=\"noopener\"><img decoding=\"async\" src=\"https:\/\/odiseimusic.com\/wp-content\/uploads\/2022\/09\/AppStore.webp\" alt=\"\"\/><\/a><\/figure>\n<\/div>\n\n\n\n<div class=\"wp-block-column is-layout-flow wp-block-column-is-layout-flow\">\n<figure class=\"wp-block-image\"><a href=\"https:\/\/play.google.com\/store\/apps\/details?id=com.travelsaxv2&amp;hl=en\" target=\"_blank\" rel=\"noopener\"><img decoding=\"async\" src=\"https:\/\/odiseimusic.com\/wp-content\/uploads\/2022\/09\/Google-Play.webp\" alt=\"\"\/><\/a><\/figure>\n<\/div>\n<\/div>\n<\/div>\n\n\n\n<div class=\"wp-block-column is-layout-flow wp-block-column-is-layout-flow\">\n<figure class=\"wp-block-image\"><img decoding=\"async\" src=\"https:\/\/odiseimusic.com\/wp-content\/uploads\/2022\/10\/travel-sax-2-app-1.png\" alt=\"\"\/><\/figure>\n<\/div>\n<\/div>","protected":false},"excerpt":{"rendered":"<p>We have created a serie of videos to show you how to take full advantage of your Travel Sax and get started by learning how to operate and maintain it. The Travel Sax In this video we will show you step by step all the important things you should know before starting to use your [&hellip;]<\/p>\n","protected":false},"author":197381732,"featured_media":0,"parent":0,"menu_order":0,"comment_status":"closed","ping_status":"closed","template":"","meta":{"footnotes":""},"page-type":[],"class_list":["post-11618","page","type-page","status-publish","hentry"],"meta_box":{"page_countdown":[],"lp_faq":[],"image_vert":[],"image_hori":[],"h_larg_product_slider":[]},"_links":{"self":[{"href":"https:\/\/odiseimusic.com\/es\/wp-json\/wp\/v2\/pages\/11618","targetHints":{"allow":["GET"]}}],"collection":[{"href":"https:\/\/odiseimusic.com\/es\/wp-json\/wp\/v2\/pages"}],"about":[{"href":"https:\/\/odiseimusic.com\/es\/wp-json\/wp\/v2\/types\/page"}],"author":[{"embeddable":true,"href":"https:\/\/odiseimusic.com\/es\/wp-json\/wp\/v2\/users\/197381732"}],"replies":[{"embeddable":true,"href":"https:\/\/odiseimusic.com\/es\/wp-json\/wp\/v2\/comments?post=11618"}],"version-history":[{"count":0,"href":"https:\/\/odiseimusic.com\/es\/wp-json\/wp\/v2\/pages\/11618\/revisions"}],"wp:attachment":[{"href":"https:\/\/odiseimusic.com\/es\/wp-json\/wp\/v2\/media?parent=11618"}],"wp:term":[{"taxonomy":"page-type","embeddable":true,"href":"https:\/\/odiseimusic.com\/es\/wp-json\/wp\/v2\/page-type?post=11618"}],"curies":[{"name":"wp","href":"https:\/\/api.w.org\/{rel}","templated":true}]}}