{"id":11624,"date":"2022-09-02T18:47:44","date_gmt":"2022-09-02T16:47:44","guid":{"rendered":"https:\/\/odisei.presspulp.com\/?page_id=11624"},"modified":"2025-08-11T17:24:30","modified_gmt":"2025-08-11T15:24:30","slug":"nuestra-historia","status":"publish","type":"page","link":"https:\/\/odiseimusic.com\/es\/our-story\/","title":{"rendered":"Nuestra historia"},"content":{"rendered":"<div style=\"height:64px\" aria-hidden=\"true\" class=\"wp-block-spacer\"><\/div>\n\n\n\n<p class=\"has-text-align-center has-medium-font-size\"><strong>Odisei Music es una joven empresa que dise\u00f1a y fabrica instrumentos electr\u00f3nicos de viento. Nuestro objetivo es difundir la m\u00fasica por todo el mundo ayudando a los m\u00fasicos a desarrollar sus habilidades musicales de una forma m\u00e1s r\u00e1pida y sencilla Somos un equipo multidisciplinar con diferentes formaciones, pero todos tenemos algo en com\u00fan: \"Nuestro amor y pasi\u00f3n por la m\u00fasica\"<\/strong><\/p>\n\n\n\n<div style=\"height:64px\" aria-hidden=\"true\" class=\"wp-block-spacer\"><\/div>\n\n\n\n<figure class=\"wp-block-embed is-type-video is-provider-youtube wp-block-embed-youtube wp-embed-aspect-16-9 wp-has-aspect-ratio\"><div class=\"wp-block-embed__wrapper\">\n<iframe loading=\"lazy\" title=\"Odisei Music - \u00a1La verdadera historia!\" width=\"500\" height=\"281\" src=\"https:\/\/www.youtube.com\/embed\/ybOfp9IWYvc?feature=oembed\" frameborder=\"0\" allow=\"accelerometer; autoplay; clipboard-write; encrypted-media; gyroscope; picture-in-picture; web-share\" referrerpolicy=\"strict-origin-when-cross-origin\" allowfullscreen><\/iframe>\n<\/div><\/figure>\n\n\n\n<div style=\"height:64px\" aria-hidden=\"true\" class=\"wp-block-spacer\"><\/div>\n\n\n\n<figure class=\"wp-block-pullquote has-medium-font-size\"><blockquote><p><em>\"Era un desastre intentar practicar con la trompa en un piso peque\u00f1o. Molest\u00e9 tanto a mis colegas y vecinos que tuve que empezar a practicar fuera, en los parques. Pero cuando lleg\u00f3 el invierno, hac\u00eda demasiado fr\u00edo para practicar, as\u00ed que comprend\u00ed que ten\u00eda que crear algo que me ayudara a practicar en cualquier momento y en cualquier lugar.\"<\/em><\/p><cite>Ram\u00f3n Ma\u00f1as<br>CEO de Odiseimusic<\/cite><\/blockquote><\/figure>\n\n\n\n<div class=\"wp-block-columns are-vertically-aligned-center is-layout-flex wp-container-core-columns-is-layout-9d6595d7 wp-block-columns-is-layout-flex\">\n<div class=\"wp-block-column is-vertically-aligned-center is-layout-flow wp-block-column-is-layout-flow\">\n<figure class=\"wp-block-image size-full\"><img decoding=\"async\" src=\"https:\/\/odiseimusic.com\/wp-content\/uploads\/2022\/10\/our_story_saxophonist.jpg\" alt=\"\" class=\"wp-image-15430\"\/><\/figure>\n<\/div>\n\n\n\n<div class=\"wp-block-column is-vertically-aligned-center j_padding_xl is-layout-flow wp-block-column-is-layout-flow\">\n<h2 class=\"wp-block-heading has-text-align-center has-large-font-size\">Nuestra misi\u00f3n<\/h2>\n\n\n\n<div style=\"height:32px\" aria-hidden=\"true\" class=\"wp-block-spacer\"><\/div>\n\n\n\n<p class=\"has-text-align-center has-medium-font-size\">A partir de ah\u00ed, nos hemos obsesionado creando el saxof\u00f3n electr\u00f3nico m\u00e1s peque\u00f1o y ligero del mundo, para ayudar al saxofonista<strong>&nbsp;<\/strong>practicar y jugar en silencio cuando y donde quieran sin molestar a los dem\u00e1s<\/p>\n\n\n\n<div style=\"height:48px\" aria-hidden=\"true\" class=\"wp-block-spacer\"><\/div>\n\n\n\n<div class=\"wp-block-buttons is-content-justification-center is-layout-flex wp-container-core-buttons-is-layout-16018d1d wp-block-buttons-is-layout-flex\">\n<div class=\"wp-block-button\"><a class=\"wp-block-button__link has-background has-medium-font-size has-custom-font-size wp-element-button\" href=\"https:\/\/odiseimusic.com\/es\/saxo-de-viaje\/\" style=\"border-radius:11px;background-color:#05a389\">Conoce al saxofonista de viajes<\/a><\/div>\n<\/div>\n<\/div>\n<\/div>\n\n\n\n<div style=\"height:64px\" aria-hidden=\"true\" class=\"wp-block-spacer\"><\/div>\n\n\n\n<h2 class=\"wp-block-heading has-text-align-center\">Hitos y premios<\/h2>\n\n\n\n<div class=\"wp-block-columns is-layout-flex wp-container-core-columns-is-layout-9d6595d7 wp-block-columns-is-layout-flex\">\n<div class=\"wp-block-column is-layout-flow wp-block-column-is-layout-flow\" style=\"flex-basis:25%\"><\/div>\n\n\n\n<div class=\"wp-block-column is-layout-flow wp-block-column-is-layout-flow\" style=\"flex-basis:50%\">\n<p class=\"has-text-align-center has-medium-font-size\">A lo largo de m\u00e1s de 3 a\u00f1os de duro trabajo de todo el equipo musical de Odisei, estos son algunos de los logros m\u00e1s representativos.<\/p>\n<\/div>\n\n\n\n<div class=\"wp-block-column is-layout-flow wp-block-column-is-layout-flow\" style=\"flex-basis:25%\"><\/div>\n<\/div>\n\n\n\n<div style=\"height:48px\" aria-hidden=\"true\" class=\"wp-block-spacer\"><\/div>\n\n\n\n<div class=\"wp-block-columns has-text-color has-link-color wp-elements-b4f956756efcfbf8148935725319764b is-layout-flex wp-container-core-columns-is-layout-9d6595d7 wp-block-columns-is-layout-flex\" style=\"color:#eeeded\">\n<div class=\"wp-block-column j_padding_xl is-layout-flow wp-block-column-is-layout-flow\">\n<figure class=\"wp-block-image size-full\"><img loading=\"lazy\" decoding=\"async\" width=\"600\" height=\"180\" src=\"https:\/\/odiseimusic.com\/wp-content\/uploads\/2022\/10\/lanzadera_logo.png\" alt=\"\" class=\"wp-image-14808\" srcset=\"https:\/\/odiseimusic.com\/wp-content\/uploads\/2022\/10\/lanzadera_logo.png 600w, https:\/\/odiseimusic.com\/wp-content\/uploads\/2022\/10\/lanzadera_logo-505x152.png 505w, https:\/\/odiseimusic.com\/wp-content\/uploads\/2022\/10\/lanzadera_logo-290x87.png 290w, https:\/\/odiseimusic.com\/wp-content\/uploads\/2022\/10\/lanzadera_logo-213x64.png 213w, https:\/\/odiseimusic.com\/wp-content\/uploads\/2022\/10\/lanzadera_logo-300x90.png 300w\" sizes=\"auto, (max-width: 600px) 100vw, 600px\" \/><figcaption class=\"wp-element-caption\">Ganadores de Les Arts Pro Startups 2021<\/figcaption><\/figure>\n<\/div>\n\n\n\n<div class=\"wp-block-column j_padding_xl is-layout-flow wp-block-column-is-layout-flow\">\n<figure class=\"wp-block-image size-full\"><img loading=\"lazy\" decoding=\"async\" width=\"600\" height=\"180\" src=\"https:\/\/odiseimusic.com\/wp-content\/uploads\/2022\/10\/bime_pro_logo.png\" alt=\"\" class=\"wp-image-14809\" srcset=\"https:\/\/odiseimusic.com\/wp-content\/uploads\/2022\/10\/bime_pro_logo.png 600w, https:\/\/odiseimusic.com\/wp-content\/uploads\/2022\/10\/bime_pro_logo-505x152.png 505w, https:\/\/odiseimusic.com\/wp-content\/uploads\/2022\/10\/bime_pro_logo-290x87.png 290w, https:\/\/odiseimusic.com\/wp-content\/uploads\/2022\/10\/bime_pro_logo-213x64.png 213w, https:\/\/odiseimusic.com\/wp-content\/uploads\/2022\/10\/bime_pro_logo-300x90.png 300w\" sizes=\"auto, (max-width: 600px) 100vw, 600px\" \/><figcaption class=\"wp-element-caption\">Ganadores de Bime Pro Startups<\/figcaption><\/figure>\n<\/div>\n\n\n\n<div class=\"wp-block-column j_padding_xl is-layout-flow wp-block-column-is-layout-flow\">\n<figure class=\"wp-block-image size-full\"><img loading=\"lazy\" decoding=\"async\" width=\"600\" height=\"180\" src=\"https:\/\/odiseimusic.com\/wp-content\/uploads\/2022\/10\/santander_explorer_logo.png\" alt=\"\" class=\"wp-image-14810\" srcset=\"https:\/\/odiseimusic.com\/wp-content\/uploads\/2022\/10\/santander_explorer_logo.png 600w, https:\/\/odiseimusic.com\/wp-content\/uploads\/2022\/10\/santander_explorer_logo-505x152.png 505w, https:\/\/odiseimusic.com\/wp-content\/uploads\/2022\/10\/santander_explorer_logo-290x87.png 290w, https:\/\/odiseimusic.com\/wp-content\/uploads\/2022\/10\/santander_explorer_logo-213x64.png 213w, https:\/\/odiseimusic.com\/wp-content\/uploads\/2022\/10\/santander_explorer_logo-300x90.png 300w\" sizes=\"auto, (max-width: 600px) 100vw, 600px\" \/><figcaption class=\"wp-element-caption\">Programa Acelera de Santander<\/figcaption><\/figure>\n<\/div>\n\n\n\n<div class=\"wp-block-column j_padding_xl is-layout-flow wp-block-column-is-layout-flow\">\n<figure class=\"wp-block-image size-full\"><img loading=\"lazy\" decoding=\"async\" width=\"600\" height=\"180\" src=\"https:\/\/odiseimusic.com\/wp-content\/uploads\/2022\/10\/namm_logo.png\" alt=\"\" class=\"wp-image-14811\" srcset=\"https:\/\/odiseimusic.com\/wp-content\/uploads\/2022\/10\/namm_logo.png 600w, https:\/\/odiseimusic.com\/wp-content\/uploads\/2022\/10\/namm_logo-505x152.png 505w, https:\/\/odiseimusic.com\/wp-content\/uploads\/2022\/10\/namm_logo-290x87.png 290w, https:\/\/odiseimusic.com\/wp-content\/uploads\/2022\/10\/namm_logo-213x64.png 213w, https:\/\/odiseimusic.com\/wp-content\/uploads\/2022\/10\/namm_logo-300x90.png 300w\" sizes=\"auto, (max-width: 600px) 100vw, 600px\" \/><figcaption class=\"wp-element-caption\">Orgullosos miembros desde 2018<\/figcaption><\/figure>\n<\/div>\n<\/div>\n\n\n\n<p><\/p>","protected":false},"excerpt":{"rendered":"<p>Odisei Music is a young company that designs and manufactures electronic wind instruments. Our goal is to spread music around the world by helping musicians develop their music skills in a faster and easier way&nbsp;We are a multidisciplinary team with different backgrounds but we all have something in common: &#8220;Our love and passion for music&#8221; [&hellip;]<\/p>\n","protected":false},"author":197381732,"featured_media":0,"parent":0,"menu_order":0,"comment_status":"closed","ping_status":"closed","template":"","meta":{"footnotes":""},"page-type":[],"class_list":["post-11624","page","type-page","status-publish","hentry"],"meta_box":{"page_countdown":[],"lp_faq":[],"image_vert":[],"image_hori":[],"h_larg_product_slider":[]},"_links":{"self":[{"href":"https:\/\/odiseimusic.com\/es\/wp-json\/wp\/v2\/pages\/11624","targetHints":{"allow":["GET"]}}],"collection":[{"href":"https:\/\/odiseimusic.com\/es\/wp-json\/wp\/v2\/pages"}],"about":[{"href":"https:\/\/odiseimusic.com\/es\/wp-json\/wp\/v2\/types\/page"}],"author":[{"embeddable":true,"href":"https:\/\/odiseimusic.com\/es\/wp-json\/wp\/v2\/users\/197381732"}],"replies":[{"embeddable":true,"href":"https:\/\/odiseimusic.com\/es\/wp-json\/wp\/v2\/comments?post=11624"}],"version-history":[{"count":0,"href":"https:\/\/odiseimusic.com\/es\/wp-json\/wp\/v2\/pages\/11624\/revisions"}],"wp:attachment":[{"href":"https:\/\/odiseimusic.com\/es\/wp-json\/wp\/v2\/media?parent=11624"}],"wp:term":[{"taxonomy":"page-type","embeddable":true,"href":"https:\/\/odiseimusic.com\/es\/wp-json\/wp\/v2\/page-type?post=11624"}],"curies":[{"name":"wp","href":"https:\/\/api.w.org\/{rel}","templated":true}]}}