{"id":13109,"date":"2022-09-21T12:02:11","date_gmt":"2022-09-21T10:02:11","guid":{"rendered":"https:\/\/odisei.presspulp.com\/?page_id=13109"},"modified":"2025-02-14T09:54:03","modified_gmt":"2025-02-14T08:54:03","slug":"unete-a-nuestro-equipo","status":"publish","type":"page","link":"https:\/\/odiseimusic.com\/es\/join-our-team\/","title":{"rendered":"\u00danete a nuestro equipo"},"content":{"rendered":"<div style=\"height:96px\" aria-hidden=\"true\" class=\"wp-block-spacer\"><\/div>\n\n\n\n<h2 class=\"wp-block-heading has-text-align-center has-text-color has-link-color has-x-large-font-size wp-elements-0696ee5869f30431ffd927be384d0914\" style=\"color:#eeeded\">\u00bfEres un aficionado a la tecnolog\u00eda musical como nosotros?<\/h2>\n\n\n\n<div style=\"height:96px\" aria-hidden=\"true\" class=\"wp-block-spacer\"><\/div>\n\n\n\n<div class=\"wp-block-columns is-layout-flex wp-container-core-columns-is-layout-9d6595d7 wp-block-columns-is-layout-flex\">\n<div class=\"wp-block-column is-layout-flow wp-block-column-is-layout-flow\">\n<div class=\"wp-block-group j_padding_xl o-radius-xl has-text-color has-background has-link-color wp-elements-31fc119dccd25a0cb4a0aa89943c42e7\" style=\"color:#222626;background-color:#eeeded\"><div class=\"wp-block-group__inner-container is-layout-constrained wp-block-group-is-layout-constrained\">\n<h2 class=\"wp-block-heading has-text-align-center has-large-font-size\">\u00danete al equipo<\/h2>\n\n\n\n<div style=\"height:24px\" aria-hidden=\"true\" class=\"wp-block-spacer\"><\/div>\n\n\n\n<p><strong>Buscamos personas con talento que quieran unirse a una empresa \u00e1gil y de r\u00e1pido crecimiento. Muy pronto abriremos nuevos puestos.<\/strong><\/p>\n\n\n\n<div style=\"height:24px\" aria-hidden=\"true\" class=\"wp-block-spacer\"><\/div>\n\n\n\n<p>Qu\u00e9 buscamos:<\/p>\n\n\n\n<ul class=\"wp-block-list\">\n<li>Actitud positiva&nbsp;<\/li>\n\n\n\n<li>Trabajador en equipo<\/li>\n\n\n\n<li>Proactivo<\/li>\n\n\n\n<li>Etica trabajadora<\/li>\n\n\n\n<li>Buena capacidad de planificaci\u00f3n<\/li>\n\n\n\n<li>Pensamiento anal\u00edtico<\/li>\n\n\n\n<li>Flexible<\/li>\n\n\n\n<li>Calma bajo presi\u00f3n<\/li>\n\n\n\n<li>Eficaz<\/li>\n<\/ul>\n\n\n\n<div style=\"height:24px\" aria-hidden=\"true\" class=\"wp-block-spacer\"><\/div>\n\n\n\n<h2 class=\"wp-block-heading has-text-align-center\">\u00a1Escr\u00edbenos un correo electr\u00f3nico a y podremos organizar una reuni\u00f3n r\u00e1pida!<\/h2>\n\n\n\n<div style=\"height:24px\" aria-hidden=\"true\" class=\"wp-block-spacer\"><\/div>\n\n\n\n<div class=\"wp-block-buttons is-content-justification-center is-layout-flex wp-container-core-buttons-is-layout-16018d1d wp-block-buttons-is-layout-flex\">\n<div class=\"wp-block-button has-custom-font-size has-medium-font-size\"><a class=\"wp-block-button__link has-background wp-element-button\" href=\"mailto:ramon@odiseimusic.com\" style=\"border-radius:11px;background-color:#05a389\" target=\"_blank\" rel=\"noreferrer noopener\">Contacta con nosotros<\/a><\/div>\n<\/div>\n<\/div><\/div>\n<\/div>\n\n\n\n<div class=\"wp-block-column is-layout-flow wp-block-column-is-layout-flow\">\n<div class=\"wp-block-group j_padding_xl o-radius-xl o-h-full has-text-color has-background has-link-color wp-elements-a55dd04c4b5f48a9ea8a0eb175ab194a\" style=\"color:#222626;background-color:#eeeded\"><div class=\"wp-block-group__inner-container is-layout-constrained wp-block-group-is-layout-constrained\">\n<h2 class=\"wp-block-heading has-text-align-center has-large-font-size\">Hazte avalista<\/h2>\n\n\n\n<div style=\"height:24px\" aria-hidden=\"true\" class=\"wp-block-spacer\"><\/div>\n\n\n\n<p><strong>Convertirte en patrocinador de Odisei Music significa que representar\u00e1s nuestra marca ante tu comunidad y en tus cuentas de redes sociales mostrando el producto y creando contenido para tus espectadores.<\/strong><\/p>\n\n\n\n<div style=\"height:72px\" aria-hidden=\"true\" class=\"wp-block-spacer\"><\/div>\n\n\n\n<p>\u00bfCu\u00e1les son los beneficios?<\/p>\n\n\n\n<ul class=\"wp-block-list\">\n<li>Consigue un Travel Sax con un<strong>&nbsp;descuento especial<\/strong>.<\/li>\n\n\n\n<li>Forma parte de nuestra&nbsp;<strong>beta<\/strong>&nbsp;<strong>programa de probadores<\/strong>.<\/li>\n\n\n\n<li>Obtendr\u00e1s un<strong>&nbsp;bono<\/strong>&nbsp;por cada Travel Sax vendido utilizando tu<strong>&nbsp;c\u00f3digo de endosante<\/strong>&nbsp;en nuestro sitio web.<\/li>\n<\/ul>\n\n\n\n<div style=\"height:24px\" aria-hidden=\"true\" class=\"wp-block-spacer\"><\/div>\n\n\n\n<h2 class=\"wp-block-heading has-text-align-center\">\u00a1Escr\u00edbenos un correo electr\u00f3nico a y podremos organizar una reuni\u00f3n r\u00e1pida!<\/h2>\n\n\n\n<div style=\"height:24px\" aria-hidden=\"true\" class=\"wp-block-spacer\"><\/div>\n\n\n\n<div class=\"wp-block-buttons is-content-justification-center is-layout-flex wp-container-core-buttons-is-layout-16018d1d wp-block-buttons-is-layout-flex\">\n<div class=\"wp-block-button has-custom-font-size has-medium-font-size\"><a class=\"wp-block-button__link has-background wp-element-button\" href=\"mailto:ramon@odiseimusic.com\" style=\"border-radius:11px;background-color:#05a389\" target=\"_blank\" rel=\"noreferrer noopener\">Hazte avalista<\/a><\/div>\n<\/div>\n<\/div><\/div>\n<\/div>\n<\/div>\n\n\n\n<div style=\"height:96px\" aria-hidden=\"true\" class=\"wp-block-spacer\"><\/div>","protected":false},"excerpt":{"rendered":"<p>Are you a music tech fan just like us? Join the team We are looking for talented people that want to join an agile and fast growing company. We will be opening new positions very soon. What are we looking for: Write us an email to and we can organize a quick meeting! Become an [&hellip;]<\/p>\n","protected":false},"author":197381732,"featured_media":0,"parent":0,"menu_order":0,"comment_status":"closed","ping_status":"closed","template":"","meta":{"footnotes":""},"page-type":[],"class_list":["post-13109","page","type-page","status-publish","hentry"],"meta_box":{"page_countdown":[],"lp_faq":[],"image_vert":[],"image_hori":[],"h_larg_product_slider":[]},"_links":{"self":[{"href":"https:\/\/odiseimusic.com\/es\/wp-json\/wp\/v2\/pages\/13109","targetHints":{"allow":["GET"]}}],"collection":[{"href":"https:\/\/odiseimusic.com\/es\/wp-json\/wp\/v2\/pages"}],"about":[{"href":"https:\/\/odiseimusic.com\/es\/wp-json\/wp\/v2\/types\/page"}],"author":[{"embeddable":true,"href":"https:\/\/odiseimusic.com\/es\/wp-json\/wp\/v2\/users\/197381732"}],"replies":[{"embeddable":true,"href":"https:\/\/odiseimusic.com\/es\/wp-json\/wp\/v2\/comments?post=13109"}],"version-history":[{"count":0,"href":"https:\/\/odiseimusic.com\/es\/wp-json\/wp\/v2\/pages\/13109\/revisions"}],"wp:attachment":[{"href":"https:\/\/odiseimusic.com\/es\/wp-json\/wp\/v2\/media?parent=13109"}],"wp:term":[{"taxonomy":"page-type","embeddable":true,"href":"https:\/\/odiseimusic.com\/es\/wp-json\/wp\/v2\/page-type?post=13109"}],"curies":[{"name":"wp","href":"https:\/\/api.w.org\/{rel}","templated":true}]}}