{"id":24387,"date":"2024-05-23T14:32:38","date_gmt":"2024-05-23T12:32:38","guid":{"rendered":"https:\/\/odisei.presspulp.com\/?page_id=24387"},"modified":"2025-04-08T16:51:42","modified_gmt":"2025-04-08T14:51:42","slug":"recursos","status":"publish","type":"page","link":"https:\/\/odiseimusic.com\/es\/resources\/","title":{"rendered":"Recursos"},"content":{"rendered":"<div class=\"wp-block-columns is-layout-flex wp-container-core-columns-is-layout-9d6595d7 wp-block-columns-is-layout-flex\">\n<div class=\"wp-block-column j_padding_xl is-layout-flow wp-block-column-is-layout-flow\">\n<ul class=\"wp-block-list\">\n<li class=\"has-medium-font-size\">Ir a&nbsp;<a href=\"https:\/\/drive.google.com\/file\/d\/12f8WN4XNm3p-S8kxYxK2e_OYjFpPodln\/view?usp=sharing\" target=\"_blank\" rel=\"noopener\">Kit de inicio<\/a><\/li>\n\n\n\n<li class=\"has-medium-font-size\">Ir a <a href=\"https:\/\/www.youtube.com\/watch?v=po6sMkKJ4yA\" target=\"_blank\" rel=\"noopener\">Tienda Stand<\/a><\/li>\n\n\n\n<li class=\"has-medium-font-size\">Ir a&nbsp;<a href=\"https:\/\/www.youtube.com\/watch?v=y8Fi2TYUGxw&amp;\" target=\"_blank\" rel=\"noopener\">Travel Sax 2 por su creador - \u00a1Qu\u00e9 esperar!<\/a><\/li>\n\n\n\n<li class=\"has-medium-font-size\">Ir a <a href=\"https:\/\/www.youtube.com\/watch?v=3yO_ToFYIIo\" target=\"_blank\" rel=\"noopener\">Empieza con mi Travel Sax 2<\/a><\/li>\n\n\n\n<li class=\"has-medium-font-size\">Ir a <a href=\"https:\/\/www.youtube.com\/watch?v=B7tYLbXt3ls\" target=\"_blank\" rel=\"noopener\">Ejecutar la aplicaci\u00f3n m\u00f3vil<\/a><\/li>\n\n\n\n<li class=\"has-medium-font-size\">Ir a <a href=\"https:\/\/www.youtube.com\/watch?v=X2EjzelldhM\" target=\"_blank\" rel=\"noopener\">Travel Sax con pista de acompa\u00f1amiento<\/a><\/li>\n\n\n\n<li class=\"has-medium-font-size\">Ir a <a href=\"https:\/\/www.youtube.com\/watch?v=X1FIXjyjmHU\" target=\"_blank\" rel=\"noopener\">Soporte Travel Sax (DIY)<\/a><\/li>\n\n\n\n<li class=\"has-medium-font-size\">Ir a <a href=\"https:\/\/www.youtube.com\/watch?v=e4N3Zt_KFbg&amp;feature=youtu.be\" target=\"_blank\" rel=\"noopener\">Accesorios a utilizar<\/a><\/li>\n\n\n\n<li class=\"has-medium-font-size\">Ir a <a href=\"https:\/\/www.youtube.com\/watch?v=DLpFlRRordQ\" target=\"_blank\" rel=\"noopener\">\u00a1Prueba de sonido!<\/a><\/li>\n\n\n\n<li class=\"has-medium-font-size\">Ir a <a href=\"https:\/\/www.youtube.com\/watch?v=Y_wIgg1WyQI&amp;feature=youtu.be\" target=\"_blank\" rel=\"noopener\">V\u00eddeo oficial (versi\u00f3n corta)<\/a><\/li>\n\n\n\n<li class=\"has-medium-font-size\">Ir a <a href=\"https:\/\/www.youtube.com\/watch?v=YaEuWU0Cxxw&amp;feature=youtu.be\" target=\"_blank\" rel=\"noopener\">V\u00eddeo oficial (largo)<\/a><\/li>\n\n\n\n<li class=\"has-medium-font-size\">Ir a <a href=\"https:\/\/odiseimusic.com\/es\/saxofones-electronicos-la-guia-definitiva-2\/\" target=\"_blank\" rel=\"noopener\">Gu\u00eda Electr\u00f3nica del Saxo<\/a><\/li>\n\n\n\n<li class=\"has-medium-font-size\">Ir a <a href=\"http:\/\/bit.ly\/RMAom\" target=\"_blank\" rel=\"noopener\">Proceso RMA<\/a><\/li>\n<\/ul>\n<\/div>\n\n\n\n<div class=\"wp-block-column is-layout-flow wp-block-column-is-layout-flow\">\n<figure class=\"wp-block-embed is-type-video is-provider-youtube wp-block-embed-youtube wp-embed-aspect-16-9 wp-has-aspect-ratio\"><div class=\"wp-block-embed__wrapper\">\n<iframe loading=\"lazy\" title=\"\u00a1Travel Sax 2 por su propio Creador! - Qu\u00e9 esperar\" width=\"500\" height=\"281\" src=\"https:\/\/www.youtube.com\/embed\/y8Fi2TYUGxw?feature=oembed\" frameborder=\"0\" allow=\"accelerometer; autoplay; clipboard-write; encrypted-media; gyroscope; picture-in-picture; web-share\" referrerpolicy=\"strict-origin-when-cross-origin\" allowfullscreen><\/iframe>\n<\/div><\/figure>\n<\/div>\n<\/div>\n\n\n\n<div style=\"height:64px\" aria-hidden=\"true\" class=\"wp-block-spacer\"><\/div>\n\n\n\n<h2 class=\"wp-block-heading has-large-font-size\">PREGUNTAS FRECUENTES<\/h2>\n\n\n\n<div class=\"wp-block-group j_padding_xl\"><div class=\"wp-block-group__inner-container is-layout-constrained wp-block-group-is-layout-constrained\">\n<details class=\"wp-block-details has-large-font-size is-layout-flow wp-block-details-is-layout-flow\"><summary>\u00bfQu\u00e9 tama\u00f1o de boquilla funciona con el Travel Sax?<\/summary>\n<p class=\"has-medium-font-size\">Puedes utilizar una boquilla de Soprano, Alto, Tenor o Bar\u00edtono. El Travel Sax funciona con una boquilla est\u00e1ndar de Alto, pero hemos dise\u00f1ado 3 adaptadores (Soprano, Tenor y Bar\u00edtono) para que puedas utilizar la boquilla que quieras.<\/p>\n<\/details>\n\n\n\n<details class=\"wp-block-details has-large-font-size is-layout-flow wp-block-details-is-layout-flow\"><summary>\u00bfPuede la boquilla controlar el tono o el vibrato?<\/summary>\n<p class=\"has-medium-font-size\">Todav\u00eda no. \u00a1Probablemente en futuras versiones de Travel Sax!<\/p>\n<\/details>\n\n\n\n<details class=\"wp-block-details has-large-font-size is-layout-flow wp-block-details-is-layout-flow\"><summary>\u00bfCu\u00e1ntas octavas puede tocar el Travel Sax?<\/summary>\n<p class=\"has-medium-font-size\">Ahora mismo tres octavas. Un Travel Sax tiene un rango normal de saxof\u00f3n, es decir, de Sib3 a F#6.<\/p>\n<\/details>\n\n\n\n<details class=\"wp-block-details has-large-font-size is-layout-flow wp-block-details-is-layout-flow\"><summary>\u00bfReconoce las digitaciones alternas o las digitaciones altissimo?<\/summary>\n<p class=\"has-medium-font-size\">S\u00ed, hemos programado algunas de las principales digitaciones en altissimo. Creemos que es una herramienta muy \u00fatil. Es estupendo poder aprender y practicar tranquilamente el registro agudo con tu Travel Sax.<br>No obstante, ten en cuenta que algunas de las digitaciones habituales utilizadas en esta gama no est\u00e1n programadas debido a las restricciones de la tecla Travel Sax (la tecla \"X\", por ejemplo, est\u00e1 unida a la tecla \"P\").<\/p>\n<\/details>\n\n\n\n<details class=\"wp-block-details has-large-font-size is-layout-flow wp-block-details-is-layout-flow\"><summary>\u00bfC\u00f3mo controlo el volumen mientras soplo?<\/summary>\n<p class=\"has-medium-font-size\">El Travel Sax tiene un sensor de presi\u00f3n que detecta la intensidad del soplido y determina instant\u00e1neamente el nivel de volumen correcto.<\/p>\n<\/details>\n\n\n\n<details class=\"wp-block-details has-large-font-size is-layout-flow wp-block-details-is-layout-flow\"><summary>Si soplo a trav\u00e9s de una boquilla normal, \u00bfc\u00f3mo es posible que no produzca un sonido intrusivo de la leng\u00fceta?<\/summary>\n<p class=\"has-medium-font-size\">Se debe al flujo de aire. El circuito interno que gu\u00eda el aire a trav\u00e9s del Travel Sax es mucho m\u00e1s peque\u00f1o que el de un saxof\u00f3n est\u00e1ndar, lo que impide que la leng\u00fceta vibre y produzca sonido.<\/p>\n<\/details>\n\n\n\n<details class=\"wp-block-details has-large-font-size is-layout-flow wp-block-details-is-layout-flow\"><summary>\u00bfViene con voces? \u00bfQu\u00e9 voces de saxof\u00f3n o de otros instrumentos vienen con \u00e9l?<\/summary>\n<p class=\"has-medium-font-size\">Ahora mismo tenemos tonos de saxof\u00f3n alto, tenor y soprano en nuestra App. Tambi\u00e9n estamos trabajando en otros sonidos de saxof\u00f3n. Lo bueno es que si quieres el sonido de otros instrumentos puedes utilizar otras aplicaciones como Garage Band, Ableton Live y muchas m\u00e1s.<\/p>\n<\/details>\n\n\n\n<details class=\"wp-block-details has-large-font-size is-layout-flow wp-block-details-is-layout-flow\"><summary>\u00bfEs una interfaz MIDI?<\/summary>\n<p class=\"has-medium-font-size\">S\u00ed, en efecto.<\/p>\n<\/details>\n\n\n\n<details class=\"wp-block-details has-large-font-size is-layout-flow wp-block-details-is-layout-flow\"><summary>\u00bfCu\u00e1l es la latencia?<\/summary>\n<p class=\"has-medium-font-size\">Muy bajo (8-10 ms) si utilizas la conexi\u00f3n Bluetooth, y 0 ms si utilizas la conexi\u00f3n USB a tu ordenador.<\/p>\n<\/details>\n\n\n\n<details class=\"wp-block-details has-large-font-size is-layout-flow wp-block-details-is-layout-flow\"><summary>\u00bfPuedo actuar profesionalmente con el Travel Sax como lo har\u00eda con un saxof\u00f3n est\u00e1ndar o un controlador de viento? Si no es as\u00ed, \u00bfcu\u00e1les son las limitaciones?<\/summary>\n<p class=\"has-medium-font-size\">La idea es lanzar Travel Sax como una herramienta para practicar, pero nuestro objetivo es llegar al nivel PRO. Lo ideal ser\u00eda que pudieras actuar en directo sin ning\u00fan problema. Estamos trabajando muy duro para llegar a ese punto y poder decir 100% con confianza, s\u00ed. Ahora mismo estamos mejorando los sensores para que los jugadores profesionales puedan sentir que el Saxo de viaje es tambi\u00e9n una herramienta de actuaci\u00f3n.<\/p>\n<\/details>\n\n\n\n<details class=\"wp-block-details has-large-font-size is-layout-flow wp-block-details-is-layout-flow\"><summary>\u00bfQu\u00e9 tengo que hacer si la aplicaci\u00f3n Travel Sax 1 no suena como esperaba cuando reproduzco mi Travel Sax?<\/summary>\n<p class=\"has-medium-font-size\">Abre la aplicaci\u00f3n Travel Sax y pulsa el bot\u00f3n \"Efectos\". A continuaci\u00f3n, modifica el Tama\u00f1o del b\u00fafer a Bajo, Medio o Alto hasta que obtengas un sonido de buena calidad.<\/p>\n<\/details>\n<\/div><\/div>\n\n\n\n<div style=\"height:96px\" aria-hidden=\"true\" class=\"wp-block-spacer\"><\/div>","protected":false},"excerpt":{"rendered":"<p>PREGUNTAS FRECUENTES<\/p>","protected":false},"author":197381732,"featured_media":0,"parent":0,"menu_order":0,"comment_status":"closed","ping_status":"closed","template":"","meta":{"footnotes":""},"page-type":[],"class_list":["post-24387","page","type-page","status-publish","hentry"],"meta_box":{"page_countdown":[],"lp_faq":[],"image_vert":[],"image_hori":[],"h_larg_product_slider":[]},"_links":{"self":[{"href":"https:\/\/odiseimusic.com\/es\/wp-json\/wp\/v2\/pages\/24387","targetHints":{"allow":["GET"]}}],"collection":[{"href":"https:\/\/odiseimusic.com\/es\/wp-json\/wp\/v2\/pages"}],"about":[{"href":"https:\/\/odiseimusic.com\/es\/wp-json\/wp\/v2\/types\/page"}],"author":[{"embeddable":true,"href":"https:\/\/odiseimusic.com\/es\/wp-json\/wp\/v2\/users\/197381732"}],"replies":[{"embeddable":true,"href":"https:\/\/odiseimusic.com\/es\/wp-json\/wp\/v2\/comments?post=24387"}],"version-history":[{"count":0,"href":"https:\/\/odiseimusic.com\/es\/wp-json\/wp\/v2\/pages\/24387\/revisions"}],"wp:attachment":[{"href":"https:\/\/odiseimusic.com\/es\/wp-json\/wp\/v2\/media?parent=24387"}],"wp:term":[{"taxonomy":"page-type","embeddable":true,"href":"https:\/\/odiseimusic.com\/es\/wp-json\/wp\/v2\/page-type?post=24387"}],"curies":[{"name":"wp","href":"https:\/\/api.w.org\/{rel}","templated":true}]}}