{"id":29630,"date":"2025-01-16T20:49:26","date_gmt":"2025-01-16T19:49:26","guid":{"rendered":"https:\/\/odisei.presspulp.com\/?page_id=29630"},"modified":"2025-08-13T18:33:34","modified_gmt":"2025-08-13T16:33:34","slug":"avalistas","status":"publish","type":"page","link":"https:\/\/odiseimusic.com\/es\/endorsers\/","title":{"rendered":"Hazte embajador"},"content":{"rendered":"<div style=\"height:33px\" aria-hidden=\"true\" class=\"wp-block-spacer\"><\/div>\n\n\n\n<p class=\"has-medium-font-size\">\u00bfTe apasiona la m\u00fasica y disfrutas creando contenidos o ense\u00f1ando a otros? \u00bfCrees que podr\u00edamos trabajar juntos? Rellena la informaci\u00f3n y nos pondremos en contacto contigo.<\/p>\n\n\n\n<div style=\"height:27px\" aria-hidden=\"true\" class=\"wp-block-spacer\"><\/div>\n\n\n\n<div class=\"wp-block-buttons is-content-justification-center is-layout-flex wp-container-core-buttons-is-layout-16018d1d wp-block-buttons-is-layout-flex\">\n<div class=\"wp-block-button\"><a class=\"wp-block-button__link has-white-color has-text-color has-background has-link-color wp-element-button\" href=\"https:\/\/odiseimusic.com\/es\/embajadores-de-marca\/\" style=\"background-color:#05a389\" target=\"_blank\" rel=\"noreferrer noopener\">Hazte embajador<\/a><\/div>\n<\/div>\n\n\n\n<div style=\"height:100px\" aria-hidden=\"true\" class=\"wp-block-spacer\"><\/div>\n\n\n\n<h2 class=\"wp-block-heading\">Conoce a los Embajadores Odisei \ud83c\udfb7<\/h2>\n\n\n\n<div style=\"height:32px\" aria-hidden=\"true\" class=\"wp-block-spacer\"><\/div>\n\n\n\n<p>Descubre a los saxofonistas y educadores de talento que forman parte de nuestro programa de embajadores. Desde leyendas del jazz a estrellas emergentes, comparten nuestra misi\u00f3n de hacer la m\u00fasica accesible a todos.<\/p>\n\n\n\n<div class=\"wp-block-columns are-vertically-aligned-center is-layout-flex wp-container-core-columns-is-layout-9d6595d7 wp-block-columns-is-layout-flex\">\n<div class=\"wp-block-column is-vertically-aligned-center is-layout-flow wp-block-column-is-layout-flow\">\n<figure class=\"wp-block-image size-large\"><img loading=\"lazy\" decoding=\"async\" width=\"1024\" height=\"576\" src=\"https:\/\/odiseimusic.com\/wp-content\/uploads\/2023\/05\/maxresdefault-1024x576.jpg\" alt=\"\" class=\"wp-image-18780\" srcset=\"https:\/\/odiseimusic.com\/wp-content\/uploads\/2023\/05\/maxresdefault-1024x576.jpg 1024w, https:\/\/odiseimusic.com\/wp-content\/uploads\/2023\/05\/maxresdefault-505x284.jpg 505w, https:\/\/odiseimusic.com\/wp-content\/uploads\/2023\/05\/maxresdefault-290x163.jpg 290w, https:\/\/odiseimusic.com\/wp-content\/uploads\/2023\/05\/maxresdefault-213x120.jpg 213w, https:\/\/odiseimusic.com\/wp-content\/uploads\/2023\/05\/maxresdefault-300x169.jpg 300w, https:\/\/odiseimusic.com\/wp-content\/uploads\/2023\/05\/maxresdefault-768x432.jpg 768w, https:\/\/odiseimusic.com\/wp-content\/uploads\/2023\/05\/maxresdefault-600x338.jpg 600w, https:\/\/odiseimusic.com\/wp-content\/uploads\/2023\/05\/maxresdefault-1264x711.jpg 1264w, https:\/\/odiseimusic.com\/wp-content\/uploads\/2023\/05\/maxresdefault.jpg 1280w\" sizes=\"auto, (max-width: 1024px) 100vw, 1024px\" \/><\/figure>\n<\/div>\n\n\n\n<div class=\"wp-block-column is-vertically-aligned-center is-layout-flow wp-block-column-is-layout-flow\">\n<h2 class=\"wp-block-heading\">Escuela de Sax Nigel McGill<\/h2>\n\n\n\n<div style=\"height:16px\" aria-hidden=\"true\" class=\"wp-block-spacer\"><\/div>\n\n\n\n<p>Sax School es la forma m\u00e1s f\u00e1cil, r\u00e1pida y eficaz de aprender a tocar el saxo. Domina los fundamentos, improvisa como un virtuoso o convi\u00e9rtete en un aut\u00e9ntico animador, y hazlo todo en l\u00ednea, a la carta y desde tu casa.<\/p>\n\n\n\n<div style=\"height:24px\" aria-hidden=\"true\" class=\"wp-block-spacer\"><\/div>\n\n\n\n<div class=\"wp-block-buttons is-layout-flex wp-block-buttons-is-layout-flex\">\n<div class=\"wp-block-button\"><a class=\"wp-block-button__link has-white-color has-text-color has-background has-link-color wp-element-button\" href=\"https:\/\/www.saxschool.online\/#section-1675721256096\" style=\"background-color:#05a389\" target=\"_blank\" rel=\"noreferrer noopener\">Seguir leyendo<\/a><\/div>\n<\/div>\n<\/div>\n<\/div>\n\n\n\n<div class=\"wp-block-columns are-vertically-aligned-center is-layout-flex wp-container-core-columns-is-layout-9d6595d7 wp-block-columns-is-layout-flex\">\n<div class=\"wp-block-column is-vertically-aligned-center is-layout-flow wp-block-column-is-layout-flow\">\n<figure class=\"wp-block-image size-large\"><img loading=\"lazy\" decoding=\"async\" width=\"1024\" height=\"616\" src=\"https:\/\/odiseimusic.com\/wp-content\/uploads\/2023\/08\/Captura-de-pantalla-2023-08-01-a-las-12.48.35-1024x616.png\" alt=\"\" class=\"wp-image-20069\" srcset=\"https:\/\/odiseimusic.com\/wp-content\/uploads\/2023\/08\/Captura-de-pantalla-2023-08-01-a-las-12.48.35-1024x616.png 1024w, https:\/\/odiseimusic.com\/wp-content\/uploads\/2023\/08\/Captura-de-pantalla-2023-08-01-a-las-12.48.35-505x304.png 505w, https:\/\/odiseimusic.com\/wp-content\/uploads\/2023\/08\/Captura-de-pantalla-2023-08-01-a-las-12.48.35-290x175.png 290w, https:\/\/odiseimusic.com\/wp-content\/uploads\/2023\/08\/Captura-de-pantalla-2023-08-01-a-las-12.48.35-213x128.png 213w, https:\/\/odiseimusic.com\/wp-content\/uploads\/2023\/08\/Captura-de-pantalla-2023-08-01-a-las-12.48.35-300x181.png 300w, https:\/\/odiseimusic.com\/wp-content\/uploads\/2023\/08\/Captura-de-pantalla-2023-08-01-a-las-12.48.35-768x462.png 768w, https:\/\/odiseimusic.com\/wp-content\/uploads\/2023\/08\/Captura-de-pantalla-2023-08-01-a-las-12.48.35-600x361.png 600w, https:\/\/odiseimusic.com\/wp-content\/uploads\/2023\/08\/Captura-de-pantalla-2023-08-01-a-las-12.48.35-1264x761.png 1264w, https:\/\/odiseimusic.com\/wp-content\/uploads\/2023\/08\/Captura-de-pantalla-2023-08-01-a-las-12.48.35.png 1409w\" sizes=\"auto, (max-width: 1024px) 100vw, 1024px\" \/><\/figure>\n<\/div>\n\n\n\n<div class=\"wp-block-column is-vertically-aligned-center is-layout-flow wp-block-column-is-layout-flow\">\n<h2 class=\"wp-block-heading\">Alexandra Ilieva<\/h2>\n\n\n\n<div style=\"height:16px\" aria-hidden=\"true\" class=\"wp-block-spacer\"><\/div>\n\n\n\n<p>Alexandra Ilieva es una chica joven e inspiradora que conquista el mundo con su saxof\u00f3n. Su m\u00fasica y sus actuaciones, que comparte en las redes sociales, son un placer para todos los sentidos y hacen m\u00e1s llevadera nuestra vida cotidiana.<\/p>\n\n\n\n<div style=\"height:24px\" aria-hidden=\"true\" class=\"wp-block-spacer\"><\/div>\n\n\n\n<div class=\"wp-block-buttons is-layout-flex wp-block-buttons-is-layout-flex\">\n<div class=\"wp-block-button\"><a class=\"wp-block-button__link has-white-color has-text-color has-background has-link-color wp-element-button\" href=\"https:\/\/www.youtube.com\/channel\/UCWMzQclmvnyZK-jXMuFjdmQ\" style=\"background-color:#05a389\" target=\"_blank\" rel=\"noreferrer noopener\">Seguir leyendo<\/a><\/div>\n<\/div>\n<\/div>\n<\/div>\n\n\n\n<div class=\"wp-block-columns are-vertically-aligned-center is-layout-flex wp-container-core-columns-is-layout-9d6595d7 wp-block-columns-is-layout-flex\">\n<div class=\"wp-block-column is-vertically-aligned-center is-layout-flow wp-block-column-is-layout-flow\">\n<figure class=\"wp-block-image size-large\"><img loading=\"lazy\" decoding=\"async\" width=\"1024\" height=\"576\" src=\"https:\/\/odiseimusic.com\/wp-content\/uploads\/2023\/05\/fons3_1-1024x576.jpg\" alt=\"\" class=\"wp-image-18757\" srcset=\"https:\/\/odiseimusic.com\/wp-content\/uploads\/2023\/05\/fons3_1-1024x576.jpg 1024w, https:\/\/odiseimusic.com\/wp-content\/uploads\/2023\/05\/fons3_1-505x284.jpg 505w, https:\/\/odiseimusic.com\/wp-content\/uploads\/2023\/05\/fons3_1-290x163.jpg 290w, https:\/\/odiseimusic.com\/wp-content\/uploads\/2023\/05\/fons3_1-213x120.jpg 213w, https:\/\/odiseimusic.com\/wp-content\/uploads\/2023\/05\/fons3_1-300x169.jpg 300w, https:\/\/odiseimusic.com\/wp-content\/uploads\/2023\/05\/fons3_1-768x432.jpg 768w, https:\/\/odiseimusic.com\/wp-content\/uploads\/2023\/05\/fons3_1-1536x864.jpg 1536w, https:\/\/odiseimusic.com\/wp-content\/uploads\/2023\/05\/fons3_1-600x338.jpg 600w, https:\/\/odiseimusic.com\/wp-content\/uploads\/2023\/05\/fons3_1-1264x711.jpg 1264w, https:\/\/odiseimusic.com\/wp-content\/uploads\/2023\/05\/fons3_1.jpg 1920w\" sizes=\"auto, (max-width: 1024px) 100vw, 1024px\" \/><\/figure>\n<\/div>\n\n\n\n<div class=\"wp-block-column is-vertically-aligned-center is-layout-flow wp-block-column-is-layout-flow\">\n<h2 class=\"wp-block-heading\">Llibert Fortuny<\/h2>\n\n\n\n<div style=\"height:16px\" aria-hidden=\"true\" class=\"wp-block-spacer\"><\/div>\n\n\n\n<p>Llibert Fortuny es uno de los m\u00fasicos y compositores de jazz m\u00e1s destacados y reconocidos de Catalu\u00f1a, Espa\u00f1a. Su estilo, en el que mezcla el jazz tradicional con elementos electr\u00f3nicos, es fruto de un talento innegable. Es el fundador de Crom\u00e0tic, una incre\u00edble escuela de m\u00fasica.<\/p>\n\n\n\n<div style=\"height:24px\" aria-hidden=\"true\" class=\"wp-block-spacer\"><\/div>\n\n\n\n<div class=\"wp-block-buttons is-layout-flex wp-block-buttons-is-layout-flex\">\n<div class=\"wp-block-button\"><a class=\"wp-block-button__link has-white-color has-text-color has-background has-link-color wp-element-button\" href=\"http:\/\/new.odiseimusic.com\" style=\"background-color:#05a389\" target=\"_blank\" rel=\"noreferrer noopener\">Seguir leyendo<\/a><\/div>\n<\/div>\n<\/div>\n<\/div>\n\n\n\n<div class=\"wp-block-columns are-vertically-aligned-center is-layout-flex wp-container-core-columns-is-layout-9d6595d7 wp-block-columns-is-layout-flex\">\n<div class=\"wp-block-column is-vertically-aligned-center is-layout-flow wp-block-column-is-layout-flow\">\n<figure class=\"wp-block-image size-large\"><img loading=\"lazy\" decoding=\"async\" width=\"667\" height=\"375\" src=\"https:\/\/odiseimusic.com\/wp-content\/uploads\/2023\/05\/saxofonista-utrerano-Manu-Brazo_1510059079_126762127_667x375.jpg\" alt=\"\" class=\"wp-image-18748\" srcset=\"https:\/\/odiseimusic.com\/wp-content\/uploads\/2023\/05\/saxofonista-utrerano-Manu-Brazo_1510059079_126762127_667x375.jpg 667w, https:\/\/odiseimusic.com\/wp-content\/uploads\/2023\/05\/saxofonista-utrerano-Manu-Brazo_1510059079_126762127_667x375-505x284.jpg 505w, https:\/\/odiseimusic.com\/wp-content\/uploads\/2023\/05\/saxofonista-utrerano-Manu-Brazo_1510059079_126762127_667x375-290x163.jpg 290w, https:\/\/odiseimusic.com\/wp-content\/uploads\/2023\/05\/saxofonista-utrerano-Manu-Brazo_1510059079_126762127_667x375-213x120.jpg 213w, https:\/\/odiseimusic.com\/wp-content\/uploads\/2023\/05\/saxofonista-utrerano-Manu-Brazo_1510059079_126762127_667x375-300x169.jpg 300w, https:\/\/odiseimusic.com\/wp-content\/uploads\/2023\/05\/saxofonista-utrerano-Manu-Brazo_1510059079_126762127_667x375-600x337.jpg 600w\" sizes=\"auto, (max-width: 667px) 100vw, 667px\" \/><\/figure>\n<\/div>\n\n\n\n<div class=\"wp-block-column is-vertically-aligned-center is-layout-flow wp-block-column-is-layout-flow\">\n<h2 class=\"wp-block-heading\">Manu Brazo<\/h2>\n\n\n\n<div style=\"height:16px\" aria-hidden=\"true\" class=\"wp-block-spacer\"><\/div>\n\n\n\n<p>Manu Brazo es un m\u00fasico innovador que est\u00e1 redefiniendo el concepto de m\u00fasico cl\u00e1sico en el siglo XXI. Considerado uno de los nombres m\u00e1s influyentes en torno al saxof\u00f3n en las redes sociales, sus v\u00eddeos han alcanzado el mill\u00f3n de visitas.<\/p>\n\n\n\n<div style=\"height:24px\" aria-hidden=\"true\" class=\"wp-block-spacer\"><\/div>\n\n\n\n<div class=\"wp-block-buttons is-layout-flex wp-block-buttons-is-layout-flex\">\n<div class=\"wp-block-button\"><a class=\"wp-block-button__link has-white-color has-text-color has-background has-link-color wp-element-button\" href=\"https:\/\/www.manubrazo.com\/\" style=\"background-color:#05a389\" target=\"_blank\" rel=\"noreferrer noopener\">Seguir leyendo<\/a><\/div>\n<\/div>\n<\/div>\n<\/div>\n\n\n\n<div class=\"wp-block-columns are-vertically-aligned-center is-layout-flex wp-container-core-columns-is-layout-9d6595d7 wp-block-columns-is-layout-flex\">\n<div class=\"wp-block-column is-vertically-aligned-center is-layout-flow wp-block-column-is-layout-flow\">\n<figure class=\"wp-block-image size-large\"><img loading=\"lazy\" decoding=\"async\" width=\"686\" height=\"386\" src=\"https:\/\/odiseimusic.com\/wp-content\/uploads\/2023\/05\/hq720.jpg\" alt=\"\" class=\"wp-image-18749\" srcset=\"https:\/\/odiseimusic.com\/wp-content\/uploads\/2023\/05\/hq720.jpg 686w, https:\/\/odiseimusic.com\/wp-content\/uploads\/2023\/05\/hq720-505x284.jpg 505w, https:\/\/odiseimusic.com\/wp-content\/uploads\/2023\/05\/hq720-290x163.jpg 290w, https:\/\/odiseimusic.com\/wp-content\/uploads\/2023\/05\/hq720-213x120.jpg 213w, https:\/\/odiseimusic.com\/wp-content\/uploads\/2023\/05\/hq720-300x169.jpg 300w, https:\/\/odiseimusic.com\/wp-content\/uploads\/2023\/05\/hq720-600x338.jpg 600w\" sizes=\"auto, (max-width: 686px) 100vw, 686px\" \/><\/figure>\n<\/div>\n\n\n\n<div class=\"wp-block-column is-vertically-aligned-center is-layout-flow wp-block-column-is-layout-flow\">\n<h2 class=\"wp-block-heading\">Tito Hinojosa<\/h2>\n\n\n\n<div style=\"height:16px\" aria-hidden=\"true\" class=\"wp-block-spacer\"><\/div>\n\n\n\n<p>Tito Hinojosa es un saxofonista, productor y educador de origen mexicano con amplia experiencia internacional. Es un profesor de lenguaje y armon\u00eda de Jazz muy solicitado por la comunidad estudiantil. Es propietario de saxofonmoderno.com.<\/p>\n\n\n\n<div style=\"height:24px\" aria-hidden=\"true\" class=\"wp-block-spacer\"><\/div>\n\n\n\n<div class=\"wp-block-buttons is-layout-flex wp-block-buttons-is-layout-flex\">\n<div class=\"wp-block-button\"><a class=\"wp-block-button__link has-white-color has-text-color has-background has-link-color wp-element-button\" href=\"https:\/\/saxofonmoderno.com\/\" style=\"background-color:#05a389\" target=\"_blank\" rel=\"noreferrer noopener\">Seguir leyendo<\/a><\/div>\n<\/div>\n<\/div>\n<\/div>\n\n\n\n<div class=\"wp-block-columns are-vertically-aligned-center is-layout-flex wp-container-core-columns-is-layout-9d6595d7 wp-block-columns-is-layout-flex\">\n<div class=\"wp-block-column is-vertically-aligned-center is-layout-flow wp-block-column-is-layout-flow\">\n<figure class=\"wp-block-image size-large\"><img loading=\"lazy\" decoding=\"async\" width=\"1024\" height=\"553\" src=\"https:\/\/odiseimusic.com\/wp-content\/uploads\/2023\/08\/Captura-de-pantalla-2023-08-21-a-las-12.39.01-1024x553.png\" alt=\"\" class=\"wp-image-20270\" srcset=\"https:\/\/odiseimusic.com\/wp-content\/uploads\/2023\/08\/Captura-de-pantalla-2023-08-21-a-las-12.39.01-1024x553.png 1024w, https:\/\/odiseimusic.com\/wp-content\/uploads\/2023\/08\/Captura-de-pantalla-2023-08-21-a-las-12.39.01-505x273.png 505w, https:\/\/odiseimusic.com\/wp-content\/uploads\/2023\/08\/Captura-de-pantalla-2023-08-21-a-las-12.39.01-290x157.png 290w, https:\/\/odiseimusic.com\/wp-content\/uploads\/2023\/08\/Captura-de-pantalla-2023-08-21-a-las-12.39.01-213x115.png 213w, https:\/\/odiseimusic.com\/wp-content\/uploads\/2023\/08\/Captura-de-pantalla-2023-08-21-a-las-12.39.01-300x162.png 300w, https:\/\/odiseimusic.com\/wp-content\/uploads\/2023\/08\/Captura-de-pantalla-2023-08-21-a-las-12.39.01-768x415.png 768w, https:\/\/odiseimusic.com\/wp-content\/uploads\/2023\/08\/Captura-de-pantalla-2023-08-21-a-las-12.39.01-600x324.png 600w, https:\/\/odiseimusic.com\/wp-content\/uploads\/2023\/08\/Captura-de-pantalla-2023-08-21-a-las-12.39.01-1264x682.png 1264w, https:\/\/odiseimusic.com\/wp-content\/uploads\/2023\/08\/Captura-de-pantalla-2023-08-21-a-las-12.39.01.png 1280w\" sizes=\"auto, (max-width: 1024px) 100vw, 1024px\" \/><\/figure>\n<\/div>\n\n\n\n<div class=\"wp-block-column is-vertically-aligned-center is-layout-flow wp-block-column-is-layout-flow\">\n<h2 class=\"wp-block-heading\">Cristian Romero<\/h2>\n\n\n\n<div style=\"height:16px\" aria-hidden=\"true\" class=\"wp-block-spacer\"><\/div>\n\n\n\n<p>M\u00fasico, compositor y educador peruano. Se gradu\u00f3 en el Conservatorio de M\u00fasica Carlos Valderrama como Saxofonista Profesional y Licenciado en Educaci\u00f3n Musical. Endorser de importantes Marcas a nivel mundial.<\/p>\n\n\n\n<div style=\"height:24px\" aria-hidden=\"true\" class=\"wp-block-spacer\"><\/div>\n\n\n\n<div class=\"wp-block-buttons is-layout-flex wp-block-buttons-is-layout-flex\">\n<div class=\"wp-block-button\"><a class=\"wp-block-button__link has-white-color has-text-color has-background has-link-color wp-element-button\" href=\"https:\/\/youtu.be\/ROlzIm1tJVw?feature=shared\" style=\"background-color:#05a389\" target=\"_blank\" rel=\"noreferrer noopener\">Seguir leyendo<\/a><\/div>\n<\/div>\n<\/div>\n<\/div>\n\n\n\n<div class=\"wp-block-columns are-vertically-aligned-center is-layout-flex wp-container-core-columns-is-layout-9d6595d7 wp-block-columns-is-layout-flex\">\n<div class=\"wp-block-column is-vertically-aligned-center is-layout-flow wp-block-column-is-layout-flow\">\n<figure class=\"wp-block-image size-large\"><img loading=\"lazy\" decoding=\"async\" width=\"860\" height=\"537\" src=\"https:\/\/odiseimusic.com\/wp-content\/uploads\/2023\/06\/Captura-de-pantalla-2023-06-01-a-las-10.30.11.png\" alt=\"\" class=\"wp-image-18853\" srcset=\"https:\/\/odiseimusic.com\/wp-content\/uploads\/2023\/06\/Captura-de-pantalla-2023-06-01-a-las-10.30.11.png 860w, https:\/\/odiseimusic.com\/wp-content\/uploads\/2023\/06\/Captura-de-pantalla-2023-06-01-a-las-10.30.11-505x315.png 505w, https:\/\/odiseimusic.com\/wp-content\/uploads\/2023\/06\/Captura-de-pantalla-2023-06-01-a-las-10.30.11-290x181.png 290w, https:\/\/odiseimusic.com\/wp-content\/uploads\/2023\/06\/Captura-de-pantalla-2023-06-01-a-las-10.30.11-213x133.png 213w, https:\/\/odiseimusic.com\/wp-content\/uploads\/2023\/06\/Captura-de-pantalla-2023-06-01-a-las-10.30.11-300x187.png 300w, https:\/\/odiseimusic.com\/wp-content\/uploads\/2023\/06\/Captura-de-pantalla-2023-06-01-a-las-10.30.11-768x480.png 768w, https:\/\/odiseimusic.com\/wp-content\/uploads\/2023\/06\/Captura-de-pantalla-2023-06-01-a-las-10.30.11-600x375.png 600w\" sizes=\"auto, (max-width: 860px) 100vw, 860px\" \/><\/figure>\n<\/div>\n\n\n\n<div class=\"wp-block-column is-vertically-aligned-center is-layout-flow wp-block-column-is-layout-flow\">\n<h2 class=\"wp-block-heading\">Vibra-t\u00f3<\/h2>\n\n\n\n<div style=\"height:16px\" aria-hidden=\"true\" class=\"wp-block-spacer\"><\/div>\n\n\n\n<p>Vibra-T\u00f3 es un colectivo de m\u00fasicos investigadores multiinstrumentistas fundado por Joaqu\u00edn S\u00e1nchez Gil y Miguel Guinea D\u00edaz que crean instrumentos musicales a partir de objetos cotidianos y materiales de desecho.<\/p>\n\n\n\n<div style=\"height:24px\" aria-hidden=\"true\" class=\"wp-block-spacer\"><\/div>\n\n\n\n<div class=\"wp-block-buttons is-layout-flex wp-block-buttons-is-layout-flex\">\n<div class=\"wp-block-button\"><a class=\"wp-block-button__link has-white-color has-text-color has-background has-link-color wp-element-button\" href=\"https:\/\/www.vibra-to.com\/\" style=\"background-color:#05a389\" target=\"_blank\" rel=\"noreferrer noopener\">Seguir leyendo<\/a><\/div>\n<\/div>\n<\/div>\n<\/div>\n\n\n\n<div class=\"wp-block-columns are-vertically-aligned-center is-layout-flex wp-container-core-columns-is-layout-9d6595d7 wp-block-columns-is-layout-flex\">\n<div class=\"wp-block-column is-vertically-aligned-center is-layout-flow wp-block-column-is-layout-flow\">\n<figure class=\"wp-block-image size-large\"><img loading=\"lazy\" decoding=\"async\" width=\"1024\" height=\"577\" src=\"https:\/\/odiseimusic.com\/wp-content\/uploads\/2023\/05\/Toni-Pola-1024x577.png\" alt=\"\" class=\"wp-image-18772\" srcset=\"https:\/\/odiseimusic.com\/wp-content\/uploads\/2023\/05\/Toni-Pola-1024x577.png 1024w, https:\/\/odiseimusic.com\/wp-content\/uploads\/2023\/05\/Toni-Pola-505x285.png 505w, https:\/\/odiseimusic.com\/wp-content\/uploads\/2023\/05\/Toni-Pola-290x163.png 290w, https:\/\/odiseimusic.com\/wp-content\/uploads\/2023\/05\/Toni-Pola-213x120.png 213w, https:\/\/odiseimusic.com\/wp-content\/uploads\/2023\/05\/Toni-Pola-300x169.png 300w, https:\/\/odiseimusic.com\/wp-content\/uploads\/2023\/05\/Toni-Pola-768x433.png 768w, https:\/\/odiseimusic.com\/wp-content\/uploads\/2023\/05\/Toni-Pola-1536x866.png 1536w, https:\/\/odiseimusic.com\/wp-content\/uploads\/2023\/05\/Toni-Pola-600x338.png 600w, https:\/\/odiseimusic.com\/wp-content\/uploads\/2023\/05\/Toni-Pola-1264x713.png 1264w, https:\/\/odiseimusic.com\/wp-content\/uploads\/2023\/05\/Toni-Pola.png 1914w\" sizes=\"auto, (max-width: 1024px) 100vw, 1024px\" \/><\/figure>\n<\/div>\n\n\n\n<div class=\"wp-block-column is-vertically-aligned-center is-layout-flow wp-block-column-is-layout-flow\">\n<h2 class=\"wp-block-heading\">Toni Pola<\/h2>\n\n\n\n<div style=\"height:16px\" aria-hidden=\"true\" class=\"wp-block-spacer\"><\/div>\n\n\n\n<p>M\u00fasico con larga experiencia en los campos de la m\u00fasica cl\u00e1sica para saxof\u00f3n, contempor\u00e1nea, moderna y jazz. Actor de doblaje y locutor de radio. Es fundador del canal de youtube Saxo En la Red.<\/p>\n\n\n\n<div style=\"height:24px\" aria-hidden=\"true\" class=\"wp-block-spacer\"><\/div>\n\n\n\n<div class=\"wp-block-buttons is-layout-flex wp-block-buttons-is-layout-flex\">\n<div class=\"wp-block-button\"><a class=\"wp-block-button__link has-white-color has-text-color has-background has-link-color wp-element-button\" href=\"https:\/\/www.youtube.com\/watch?v=vtvpyvWW5Es\" style=\"background-color:#05a389\" target=\"_blank\" rel=\"noreferrer noopener\">Seguir leyendo<\/a><\/div>\n<\/div>\n<\/div>\n<\/div>\n\n\n\n<hr class=\"wp-block-separator has-text-color has-alpha-channel-opacity has-background\" style=\"background-color:#434343;color:#434343\"\/>\n\n\n\n<p class=\"has-text-align-center\">\u00a1Escucha lo que nuestra comunidad tiene que decir sobre el Travel Sax!<\/p>\n\n\n\n<div class=\"wp-block-buttons is-content-justification-center is-layout-flex wp-container-core-buttons-is-layout-16018d1d wp-block-buttons-is-layout-flex\">\n<div class=\"wp-block-button\"><a class=\"wp-block-button__link has-background has-text-align-center wp-element-button\" href=\"https:\/\/odiseimusic.com\/es\/resenas\/\" style=\"background-color:#05a389\">Ir a Destacados de la Comunidad<\/a><\/div>\n<\/div>\n\n\n\n<p><\/p>\n\n\n\n<p><\/p>","protected":false},"excerpt":{"rendered":"<p>Are you passionate about music and enjoy creating content or teaching others? Do you believe we could work together? Please fill out the information, and we will reach out to you. Meet the Odisei Ambassadors \ud83c\udfb7 Discover the talented saxophonists and educators who are part of our ambassador program. From jazz legends to rising stars, [&hellip;]<\/p>\n","protected":false},"author":197381740,"featured_media":0,"parent":0,"menu_order":0,"comment_status":"closed","ping_status":"closed","template":"","meta":{"footnotes":""},"page-type":[],"class_list":["post-29630","page","type-page","status-publish","hentry"],"meta_box":{"page_countdown":[],"lp_faq":[],"image_vert":[],"image_hori":[],"h_larg_product_slider":[]},"_links":{"self":[{"href":"https:\/\/odiseimusic.com\/es\/wp-json\/wp\/v2\/pages\/29630","targetHints":{"allow":["GET"]}}],"collection":[{"href":"https:\/\/odiseimusic.com\/es\/wp-json\/wp\/v2\/pages"}],"about":[{"href":"https:\/\/odiseimusic.com\/es\/wp-json\/wp\/v2\/types\/page"}],"author":[{"embeddable":true,"href":"https:\/\/odiseimusic.com\/es\/wp-json\/wp\/v2\/users\/197381740"}],"replies":[{"embeddable":true,"href":"https:\/\/odiseimusic.com\/es\/wp-json\/wp\/v2\/comments?post=29630"}],"version-history":[{"count":0,"href":"https:\/\/odiseimusic.com\/es\/wp-json\/wp\/v2\/pages\/29630\/revisions"}],"wp:attachment":[{"href":"https:\/\/odiseimusic.com\/es\/wp-json\/wp\/v2\/media?parent=29630"}],"wp:term":[{"taxonomy":"page-type","embeddable":true,"href":"https:\/\/odiseimusic.com\/es\/wp-json\/wp\/v2\/page-type?post=29630"}],"curies":[{"name":"wp","href":"https:\/\/api.w.org\/{rel}","templated":true}]}}