{"id":36228,"date":"2025-09-29T17:08:13","date_gmt":"2025-09-29T15:08:13","guid":{"rendered":"https:\/\/odiseimusic.com\/?page_id=36228"},"modified":"2025-09-30T17:23:42","modified_gmt":"2025-09-30T15:23:42","slug":"faqs-tc","status":"publish","type":"page","link":"https:\/\/odiseimusic.com\/es\/faqs-tc\/","title":{"rendered":"FAQ TC"},"content":{"rendered":"<details class=\"wp-block-details is-layout-flow wp-block-details-is-layout-flow\"><summary>\u00bfQu\u00e9 tama\u00f1o de boquilla funciona con el Travel Sax?<\/summary>\n<p>Puedes utilizar una boquilla de Soprano, Alto, Tenor o Bar\u00edtono. El Travel Sax funciona con una boquilla est\u00e1ndar de Alto, pero hemos dise\u00f1ado 3 adaptadores (Soprano, Tenor y Bar\u00edtono) para que puedas utilizar la boquilla que quieras.<\/p>\n<\/details>\n\n\n\n<details class=\"wp-block-details is-layout-flow wp-block-details-is-layout-flow\"><summary>\u00bfPuede la boquilla controlar el tono o el vibrato?<\/summary>\n<p>Todav\u00eda no. Probablemente en futuras versiones de Travel Sax \ud83c\udfb7<\/p>\n<\/details>\n\n\n\n<pre class=\"wp-block-code\"><code>\n<br><a>\u00bfPuede la boquilla controlar el tono o el vibrato?<\/a>\n                Todav\u00eda no. Probablemente en futuras versiones del Travel Sax\u00e2\u20ac\u00a6\n<br><a>\u00bfCu\u00e1ntas octavas puede tocar el Travel Sax?<\/a>\n                Ahora mismo 3 octavas. Un Travel Sax tiene un rango normal de saxof\u00f3n, es decir, de Sib3 a F#6.\n                                            <a>\u00bfReconoce digitaciones alternas o digitaciones altissimo?<\/a>\n                S\u00ed, hemos programado algunas de las principales digitaciones altissimo. Creemos que es una herramienta muy \u00fatil. Es estupendo poder aprender y practicar tranquilamente el registro agudo con tu Travel Sax.\n<\/code><\/pre>\n\n\n\n<p>Sin embargo, ten en cuenta que algunas de las digitaciones habituales utilizadas en esta gama no se programan debido a las restricciones de la tecla Travel Sax (la tecla \"X\", por ejemplo, est\u00c3\u00a1 unida a la tecla \"P\").<br><a tabindex=\"0\">\u00bfC\u00f3mo controlo el volumen mientras soplo?<\/a><br>El Travel Sax tiene un sensor de presi\u00f3n que detecta la intensidad del soplido y determina instant\u00e1neamente el nivel de volumen correcto.<br><a tabindex=\"0\">Si soplo a trav\u00e9s de una boquilla normal, \u00bfc\u00f3mo es posible que no produzca un sonido intrusivo de la leng\u00fceta?<\/a><br>Se debe al flujo de aire. El circuito interno que gu\u00eda el aire a trav\u00e9s del Travel Sax es mucho m\u00e1s peque\u00f1o que el de un saxof\u00f3n est\u00e1ndar, lo que impide que la leng\u00fceta vibre y produzca sonido.<br><a tabindex=\"0\">\u00bfViene con voces? \u00bfQu\u00e9 voces de saxof\u00f3n o de otros instrumentos vienen con \u00e9l?<\/a><br>Ahora mismo tenemos tonos de saxof\u00f3n alto, tenor y soprano en nuestra App. Tambi\u00e9n estamos trabajando en otros sonidos de saxof\u00f3n. Lo bueno es que si quieres el sonido de otros instrumentos puedes utilizar otras aplicaciones como Garage Band, Ableton Live y muchas m\u00e1s.<br><a tabindex=\"0\">\u00bfEs una interfaz MIDI?<\/a><br>S\u00ed, en efecto.<br><a tabindex=\"0\">\u00bfCu\u00e1l es la latencia?<\/a><br>Muy bajo (8-10 ms) si utilizas la conexi\u00f3n Bluetooth, y 0 ms si utilizas la conexi\u00f3n USB a tu ordenador.<br><a tabindex=\"0\">\u00bfPuedo actuar profesionalmente con el Travel Sax como lo har\u00eda con un saxof\u00f3n est\u00e1ndar o un controlador de viento? Si no es as\u00ed, \u00bfcu\u00e1les son las limitaciones?<\/a><br>La idea es lanzar Travel Sax como una herramienta para practicar, pero nuestro objetivo es llegar al nivel PRO. Lo ideal ser\u00eda que pudieras actuar en directo sin ning\u00fan problema. Estamos trabajando muy duro para llegar a ese punto y poder decir 100% con confianza, s\u00ed. Ahora mismo estamos mejorando los sensores para que los jugadores profesionales puedan sentir que el Saxo de viaje es tambi\u00e9n una herramienta de actuaci\u00f3n.<br><a tabindex=\"0\">\u00bfQu\u00e9 tengo que hacer si la aplicaci\u00f3n Travel Sax 1 no suena como esperaba cuando reproduzco mi Travel Sax?<\/a><br>Abre la app Travel Sax y pulsa el bot\u00f3n \"Efectos\". A continuaci\u00f3n, modifica el Tama\u00f1o del b\u00fafer a Bajo, Medio o Alto hasta que consigas un sonido de buena calidad.<\/p>","protected":false},"excerpt":{"rendered":"<p>Nevertheless, be aware that some of the usual fingerings used in this range are not programed because of the Travel Sax key\u00e2\u20ac\u2122s restricitons (the \u00e2\u20ac\u0153X\u00e2\u20ac\u009d key for instance is united to the \u00e2\u20ac\u0153P\u00e2\u20ac\u009d key).How do I control the volume while blowing?Travel Sax has a pressure sensor that detects the blowing intensity and instantly determines the [&hellip;]<\/p>\n","protected":false},"author":197381757,"featured_media":0,"parent":0,"menu_order":0,"comment_status":"closed","ping_status":"closed","template":"","meta":{"footnotes":""},"page-type":[],"class_list":["post-36228","page","type-page","status-publish","hentry"],"meta_box":{"page_countdown":[],"lp_faq":[],"image_vert":[],"image_hori":[],"h_larg_product_slider":[]},"_links":{"self":[{"href":"https:\/\/odiseimusic.com\/es\/wp-json\/wp\/v2\/pages\/36228","targetHints":{"allow":["GET"]}}],"collection":[{"href":"https:\/\/odiseimusic.com\/es\/wp-json\/wp\/v2\/pages"}],"about":[{"href":"https:\/\/odiseimusic.com\/es\/wp-json\/wp\/v2\/types\/page"}],"author":[{"embeddable":true,"href":"https:\/\/odiseimusic.com\/es\/wp-json\/wp\/v2\/users\/197381757"}],"replies":[{"embeddable":true,"href":"https:\/\/odiseimusic.com\/es\/wp-json\/wp\/v2\/comments?post=36228"}],"version-history":[{"count":0,"href":"https:\/\/odiseimusic.com\/es\/wp-json\/wp\/v2\/pages\/36228\/revisions"}],"wp:attachment":[{"href":"https:\/\/odiseimusic.com\/es\/wp-json\/wp\/v2\/media?parent=36228"}],"wp:term":[{"taxonomy":"page-type","embeddable":true,"href":"https:\/\/odiseimusic.com\/es\/wp-json\/wp\/v2\/page-type?post=36228"}],"curies":[{"name":"wp","href":"https:\/\/api.w.org\/{rel}","templated":true}]}}