{"id":101,"date":"2020-11-27T22:00:34","date_gmt":"2020-11-27T21:00:34","guid":{"rendered":"https:\/\/odisei.presspulp.com\/?post_type=product&#038;p=101"},"modified":"2026-04-04T14:26:53","modified_gmt":"2026-04-04T12:26:53","slug":"travel-sax-2","status":"publish","type":"product","link":"https:\/\/odiseimusic.com\/es\/products\/travel-sax-2\/","title":{"rendered":"Travel Sax 2"},"content":{"rendered":"<div class=\"WncCi\" data-hook=\"info-section-description\">\n<div>\n<h5><strong>\u00bfQu\u00e9 incluye?<\/strong><\/h5>\n<ul>\n<li>Boquilla de contralto<\/li>\n<li>Funda protectora Travel Sax<\/li>\n<li>Bolsa de accesorios<\/li>\n<li>Pa\u00f1o de microfibra<\/li>\n<li>x3 Adaptadores de boquilla impresos en 3D (Soprano, Tenor, Bar\u00edtono)<\/li>\n<li>Cable de carga USB-C<\/li>\n<\/ul>\n<\/div>\n<p>&nbsp;<\/p>\n<div>\n<h5><strong>Practica en cualquier momento y lugar<\/strong><\/h5>\n<p>Practica, aprende, improvisa y experimenta con miles de formas de tocar el saxof\u00f3n como un controlador MIDI. Saca tu lado m\u00e1s creativo all\u00e1 donde vayas con el saxo electr\u00f3nico m\u00e1s port\u00e1til del mundo.<br \/>\nUtiliza una boquilla de saxof\u00f3n est\u00e1ndar y la posici\u00f3n de las llaves para imitar a un saxof\u00f3n convencional, as\u00ed como la presi\u00f3n de tu respiraci\u00f3n para determinar el volumen.<\/p>\n<p><a class=\"button\" href=\"\/es\/tienda\/\">Ver todos los accesorios<\/a><\/p>\n<\/div>\n<\/div>\n<p>&nbsp;<\/p>\n<div class=\"WncCi\" data-hook=\"info-section-description\">\n<div>\n<h4><strong>Paquete de accesorios<\/strong><\/h4>\n<p>Todos los accesorios pueden adquirirse por separado o en un paquete. El paquete de accesorios incluye: el cuello curvo, el cuello extensor y la boquilla. Tambi\u00e9n puedes a\u00f1adir un juego de llaves adicional si quieres personalizar a\u00fan m\u00e1s tu Travel Sax.<\/p>\n<p style=\"text-align: left;\"><a class=\"button\" href=\"\/es\/producto\/paquete-de-accesorios-saxo-de-viaje-2\/\">Consigue el pack<\/a><\/p>\n<\/div>\n<\/div>\n<p>&nbsp;<\/p>\n<div class=\"WncCi\" data-hook=\"info-section-description\">\n<div>\n<h5><strong>\u00bfCu\u00e1l es el plazo de entrega?<\/strong><\/h5>\n<p>Dependiendo de las existencias que tengamos en ese momento, el plazo de entrega puede ser de aproximadamente <strong>4-5 d\u00edas laborables <\/strong>despu\u00e9s de la compra de tu Travel Sax. Puedes ponerte en contacto con nosotros para obtener m\u00e1s informaci\u00f3n.<br \/>\nLee atentamente el <strong>Detalles importantes<\/strong> secci\u00f3n instrucciones.<\/p>\n<div dir=\"auto\">Descargo de responsabilidad: Odisei Music no se hace responsable de los retrasos en la entrega provocados por nuestros socios de env\u00edo (empresa de transporte, despachos de aduanas o problemas imprevistos).<\/div>\n<div dir=\"auto\"><\/div>\n<\/div>\n<div dir=\"auto\">\n<h4>\u00a1Llaves de saxo de viaje personalizadas!<\/h4>\n<div class=\"WncCi\" data-hook=\"info-section-description\">\n<p>\u00a1\u00a1Consigue un Travel Sax personalizado y elige el color de cada tecla invidual!!<\/p>\n<ol>\n<li>Elige la opci\u00f3n personalizada y c\u00f3mprala.<\/li>\n<li>Descarga <strong><a style=\"text-decoration: underlined; color: blue;\" href=\"\/wp-content\/uploads\/2025\/03\/TRAVEL-SAX-2-custom-1.xlsx\">este archivo excel<\/a><\/strong> y rellena los colores que desees.<\/li>\n<li>Env\u00eda el excel a info@odiseimusic.com con el ID de tu pedido.<\/li>\n<\/ol>\n<p>&nbsp;<\/p>\n<\/div>\n<h5><\/h5>\n<\/div>\n<\/div>","protected":false},"excerpt":{"rendered":"<p data-start=\"130\" data-end=\"173\"><strong>\u00a1Este es el Travel Sax 2!<\/strong><\/p>\n<p data-start=\"175\" data-end=\"268\">No pierdas la oportunidad de conseguir tu <strong data-start=\"210\" data-end=\"230\">nuevo Travel Sax 2<\/strong> y <strong data-start=\"235\" data-end=\"265\">ahorra en todos los gastos de env\u00edo.\u00a0<\/strong><\/p>\n<p data-start=\"175\" data-end=\"268\"><strong>Inspiraci\u00f3n<\/strong> puede llegar a ti en cualquier momento y lugar. La misma digitaci\u00f3n y sensaci\u00f3n realista. S\u00f3lo tienes que enchufar y tocar este clarinete de bolsillo. Tu compa\u00f1ero de viaje perfecto, que te permite <strong data-start=\"385\" data-end=\"415\">practica donde quieras.<\/strong><\/p>","protected":false},"featured_media":33867,"comment_status":"open","ping_status":"closed","template":"","meta":[],"product_brand":[],"product_cat":[2677,2674],"product_tag":[],"class_list":{"0":"post-101","1":"product","2":"type-product","3":"status-publish","4":"has-post-thumbnail","6":"product_cat-odiseimusic-product","7":"product_cat-travel-sax","9":"first","10":"instock","11":"sale","12":"taxable","13":"shipping-taxable","14":"purchasable","15":"product-type-variable","16":"has-default-attributes"},"meta_box":{"page_countdown":{"countdowntitle":"Winter hot deal!","count_down_image":"16357","countdownbuttontext":"Save 90\u20ac NOW","count_down_ending_date":"2026-03-09 00:00","count_down_url":"https:\/\/odiseimusic.com\/products\/travel-sax-2\/"},"country_restriction":"USA","usa_restriction":{"rest_btn_text":"Buy on Sweetwater","btn_url_rest":"https:\/\/www.sweetwater.com\/store\/detail\/TravelSax2WS--odisei-music-travel-sax-2-wind-synth-controller-white-silicon?_queryID=33e55ed74085cc03f563d80d8c0f5493&_index=production_products"},"faqs_group":[{"question":"Custom travel sax keys","answer":"Get a custom Travel Sax and chose the color of each invidual keys!!\r\n<ol>\r\n \t<li>Choose the custom option and buy it.<\/li>\r\n \t<li>Download <strong><a style=\"text-decoration: underlined; color: blue;\" href=\"\/wp-content\/uploads\/2025\/03\/TRAVEL-SAX-2-custom-1.xlsx\">this excel file<\/a><\/strong> and fill your wanted colors.<\/li>\r\n \t<li>Send the excel to info@odiseimusic.com with your order ID.<\/li>\r\n<\/ol>\r\n&nbsp;"}]},"_links":{"self":[{"href":"https:\/\/odiseimusic.com\/es\/wp-json\/wp\/v2\/product\/101","targetHints":{"allow":["GET"]}}],"collection":[{"href":"https:\/\/odiseimusic.com\/es\/wp-json\/wp\/v2\/product"}],"about":[{"href":"https:\/\/odiseimusic.com\/es\/wp-json\/wp\/v2\/types\/product"}],"replies":[{"embeddable":true,"href":"https:\/\/odiseimusic.com\/es\/wp-json\/wp\/v2\/comments?post=101"}],"wp:featuredmedia":[{"embeddable":true,"href":"https:\/\/odiseimusic.com\/es\/wp-json\/wp\/v2\/media\/33867"}],"wp:attachment":[{"href":"https:\/\/odiseimusic.com\/es\/wp-json\/wp\/v2\/media?parent=101"}],"wp:term":[{"taxonomy":"product_brand","embeddable":true,"href":"https:\/\/odiseimusic.com\/es\/wp-json\/wp\/v2\/product_brand?post=101"},{"taxonomy":"product_cat","embeddable":true,"href":"https:\/\/odiseimusic.com\/es\/wp-json\/wp\/v2\/product_cat?post=101"},{"taxonomy":"product_tag","embeddable":true,"href":"https:\/\/odiseimusic.com\/es\/wp-json\/wp\/v2\/product_tag?post=101"}],"curies":[{"name":"wp","href":"https:\/\/api.w.org\/{rel}","templated":true}]}}