{"id":1394,"date":"2021-01-15T14:21:17","date_gmt":"2021-01-15T13:21:17","guid":{"rendered":"https:\/\/odisei.presspulp.com\/?post_type=product&#038;p=1394"},"modified":"2025-11-21T16:34:08","modified_gmt":"2025-11-21T15:34:08","slug":"odisei-musica-boquilla","status":"publish","type":"product","link":"https:\/\/odiseimusic.com\/es\/products\/odisei-music-mouthpiece\/","title":{"rendered":"Boquilla (Travel Sax 2)"},"content":{"rendered":"<div>\n<h6><strong>\u00bfCu\u00e1l debes utilizar?<\/strong><\/h6>\n<p>El cuello de la boquilla, el extensor de cuello y una boquilla especial se han dise\u00f1ado para aumentar la ergonom\u00eda y personalizar tu Travel Sax. Se pueden acoplar entre s\u00ed, hasta 3 accesorios juntos, para mejorar tu postura de pr\u00e1ctica.<\/p>\n<\/div>\n<p><iframe loading=\"lazy\" title=\"Accesorios Travel Sax - \u00bfCu\u00e1l debo utilizar?\" width=\"500\" height=\"281\" src=\"https:\/\/www.youtube.com\/embed\/e4N3Zt_KFbg?feature=oembed\" frameborder=\"0\" allow=\"accelerometer; autoplay; clipboard-write; encrypted-media; gyroscope; picture-in-picture; web-share\" referrerpolicy=\"strict-origin-when-cross-origin\" allowfullscreen><\/iframe><\/p>\n<div>\n<p>Todos los accesorios del Travel Sax se fabrican mediante moldeo por inyecci\u00f3n, pero la boquilla Odisei es una pieza impresa en 3D debido a su compleja geometr\u00eda.<\/p>\n<p style=\"text-align: left;\"><a class=\"button\" href=\"\/es\/tienda\/\">Ver m\u00e1s accesorios<\/a><\/p>\n<\/div>\n<p>&nbsp;<\/p>\n<div>\n<h6><strong>Paquete de accesorios<\/strong><\/h6>\n<p>Todos los accesorios pueden adquirirse por separado o en un paquete. El paquete de accesorios incluye: el cuello curvo, el cuello extensor y la boquilla. Tambi\u00e9n puedes a\u00f1adir un juego de llaves adicional si quieres personalizar a\u00fan m\u00e1s tu Travel Sax.<\/p>\n<p style=\"text-align: left;\"><a class=\"button\" href=\"\/es\/productos\/paquete-de-accesorios-saxo-de-viaje-2\/\">Consigue el pack<\/a><\/p>\n<\/div>\n<p>&nbsp;<\/p>\n<div>\n<h6><strong>\u00bfCu\u00e1l es el plazo de entrega?<\/strong><\/h6>\n<p>Dependiendo de las existencias que tengamos en ese momento, el plazo de entrega puede ser de aproximadamente <strong>4-5 d\u00edas laborables <\/strong>despu\u00e9s de la compra de tu Travel Sax. Puedes ponerte en contacto con nosotros para obtener m\u00e1s informaci\u00f3n.<\/p>\n<p>Lee atentamente el <strong>Detalles importantes<\/strong> secci\u00f3n instrucciones.<\/p>\n<\/div>","protected":false},"excerpt":{"rendered":"<p><span class=\"VIiyi\" lang=\"en\"><span class=\"JLqJ4b ChMk0b\" data-language-for-alternatives=\"en\" data-language-to-translate-into=\"es\" data-phrase-index=\"0\">La boquilla Odisei Music te dar\u00e1 mucho m\u00e1s control del flujo de aire cuando utilices el Travel Sax gracias a los dos peque\u00f1os orificios de la boquilla por donde pasa el aire.<\/span> <span class=\"JLqJ4b ChMk0b\" data-language-for-alternatives=\"en\" data-language-to-translate-into=\"es\" data-phrase-index=\"1\">Esto te permitir\u00e1 controlar el flujo m\u00e1s f\u00e1cilmente utilizando la lengua. Este accesorio est\u00e1 fabricado con tecnolog\u00eda impresa en 3D.<\/span><\/span><\/p>","protected":false},"featured_media":15387,"comment_status":"open","ping_status":"closed","template":"","meta":[],"product_brand":[],"product_cat":[2414,2677],"product_tag":[],"class_list":{"0":"post-1394","1":"product","2":"type-product","3":"status-publish","4":"has-post-thumbnail","6":"product_cat-accessory","7":"product_cat-odiseimusic-product","9":"first","10":"instock","11":"purchasable","12":"product-type-simple"},"meta_box":{"page_countdown":[],"country_restriction":"USA","usa_restriction":{"rest_btn_text":"Buy on Sweetwater","btn_url_rest":"https:\/\/www.sweetwater.com\/store\/detail\/TSAccsPk--odisei-music-travel-sax-2-accessory-pack?utm_source=odiseimusic&utm_medium=web&utm_campaign=odiseimusic"},"faqs_group":[]},"_links":{"self":[{"href":"https:\/\/odiseimusic.com\/es\/wp-json\/wp\/v2\/product\/1394","targetHints":{"allow":["GET"]}}],"collection":[{"href":"https:\/\/odiseimusic.com\/es\/wp-json\/wp\/v2\/product"}],"about":[{"href":"https:\/\/odiseimusic.com\/es\/wp-json\/wp\/v2\/types\/product"}],"replies":[{"embeddable":true,"href":"https:\/\/odiseimusic.com\/es\/wp-json\/wp\/v2\/comments?post=1394"}],"wp:featuredmedia":[{"embeddable":true,"href":"https:\/\/odiseimusic.com\/es\/wp-json\/wp\/v2\/media\/15387"}],"wp:attachment":[{"href":"https:\/\/odiseimusic.com\/es\/wp-json\/wp\/v2\/media?parent=1394"}],"wp:term":[{"taxonomy":"product_brand","embeddable":true,"href":"https:\/\/odiseimusic.com\/es\/wp-json\/wp\/v2\/product_brand?post=1394"},{"taxonomy":"product_cat","embeddable":true,"href":"https:\/\/odiseimusic.com\/es\/wp-json\/wp\/v2\/product_cat?post=1394"},{"taxonomy":"product_tag","embeddable":true,"href":"https:\/\/odiseimusic.com\/es\/wp-json\/wp\/v2\/product_tag?post=1394"}],"curies":[{"name":"wp","href":"https:\/\/api.w.org\/{rel}","templated":true}]}}