{"id":17887,"date":"2023-03-23T13:33:24","date_gmt":"2023-03-23T12:33:24","guid":{"rendered":"https:\/\/odisei.presspulp.com\/?post_type=product&#038;p=17887"},"modified":"2026-04-03T19:38:16","modified_gmt":"2026-04-03T17:38:16","slug":"adaptador-usb-android","status":"publish","type":"product","link":"https:\/\/odiseimusic.com\/es\/products\/usb-adapter-android\/","title":{"rendered":"Adaptador USB-C OTG (Android, iOs)"},"content":{"rendered":"<div>\n<h6><strong>\u00bfPara qu\u00e9 sirve este Adaptador USB?<\/strong><\/h6>\n<p>El adaptador de audio USC-C OTG permite escuchar m\u00fasica y cargar al mismo tiempo, y es f\u00e1cil transferir m\u00fasica, pel\u00edculas, fotos y documentos pdf desde tu memoria USB a tus dispositivos USB-C. Tambi\u00e9n admite la conexi\u00f3n de perif\u00e9ricos USB como hubs, adaptadores ethernet, interfaz audio\/MIDI y lectores de tarjetas compact flash, SD, Micro SD y m\u00e1s.<\/p>\n<p>El adaptador USB OTG para dispositivos es m\u00e1s c\u00f3modo para transmitir audio y v\u00eddeos de la c\u00e1mara al tel\u00e9fono y a la tableta. Para cualquier dispositivo Android, el adaptador USB OTG para dispositivos puede transferir audio o v\u00eddeos desde una unidad flash USB y una c\u00e1mara digital de alta resoluci\u00f3n a tu dispositivo android. Con nuestro adaptador USB, puedes reproducir el Travel Sax 2 e importar\/exportar fotos, v\u00eddeos y archivos.<\/p>\n<\/div>\n<h6><strong>Especificaciones<\/strong><\/h6>\n<ul>\n<li>Admite la escucha de auriculares de 3,5 mm y la carga al mismo tiempo.<\/li>\n<li>Soporta carga PDquick de hasta 5v\/3A para que puedas cargar tu tel\u00e9fono m\u00e1s r\u00e1pido y ahorrar m\u00e1s tiempo.<\/li>\n<li>El chip DAC inteligente incorporado es compatible con Hi-Res (hasta 24bit\/96khz), lo que garantiza un sonido de alta calidad sin que se produzcan interferencias en las llamadas.<\/li>\n<li>El chip HUB inteligente incorporado permite utilizar puertos USB, puertos 3,5 y puertos tipo C al mismo tiempo.<\/li>\n<li>Compatibilidad con la mayor\u00eda de tel\u00e9fonos m\u00f3viles, tabletas y port\u00e1tiles con puertos USB-C<\/li>\n<\/ul>\n<p><iframe loading=\"lazy\" title=\"Accesorios Travel Sax - \u00bfCu\u00e1l debo utilizar?\" width=\"500\" height=\"281\" src=\"https:\/\/www.youtube.com\/embed\/e4N3Zt_KFbg?feature=oembed\" frameborder=\"0\" allow=\"accelerometer; autoplay; clipboard-write; encrypted-media; gyroscope; picture-in-picture; web-share\" referrerpolicy=\"strict-origin-when-cross-origin\" allowfullscreen><\/iframe><\/p>\n<div>\n<p>&nbsp;<\/p>\n<p style=\"text-align: left;\"><a class=\"button\" href=\"\/es\/tienda\/\">Ver m\u00e1s accesorios<\/a><\/p>\n<\/div>\n<p>&nbsp;<\/p>\n<div>\n<h6><strong>Paquete de accesorios<\/strong><\/h6>\n<p>Todos los accesorios pueden adquirirse por separado o en un paquete. El paquete de accesorios incluye: el cuello curvo, el cuello extensor y la boquilla. Tambi\u00e9n puedes a\u00f1adir un juego de llaves adicional si quieres personalizar a\u00fan m\u00e1s tu Travel Sax.<\/p>\n<p style=\"text-align: left;\"><a class=\"button\" href=\"\/es\/productos\/paquete-de-accesorios-saxo-de-viaje-2\/\">Consigue el pack<\/a><\/p>\n<\/div>\n<p>&nbsp;<\/p>\n<div>\n<h6><strong>\u00bfCu\u00e1l es el plazo de entrega?<\/strong><\/h6>\n<p>Dependiendo de las existencias que tengamos en ese momento, el plazo de entrega puede ser de aproximadamente <strong>4-5 d\u00edas laborables <\/strong>despu\u00e9s de la compra de tu Travel Sax. Puedes ponerte en contacto con nosotros para obtener m\u00e1s informaci\u00f3n.<\/p>\n<p>Lee atentamente el <strong>Detalles importantes<\/strong> secci\u00f3n instrucciones.<\/p>\n<\/div>","protected":false},"excerpt":{"rendered":"<p>El adaptador USB-C conecta tu Travel Sax 2 a cualquier dispositivo Android. Tambi\u00e9n te permite cargar la bater\u00eda y es \u00fatil para conectar tus auriculares por cable.<\/p>","protected":false},"featured_media":26154,"comment_status":"open","ping_status":"closed","template":"","meta":[],"product_brand":[],"product_cat":[2414,2677],"product_tag":[],"class_list":{"0":"post-17887","1":"product","2":"type-product","3":"status-publish","4":"has-post-thumbnail","6":"product_cat-accessory","7":"product_cat-odiseimusic-product","9":"first","10":"instock","11":"purchasable","12":"product-type-simple"},"meta_box":{"page_countdown":[],"country_restriction":"No","usa_restriction":{"rest_btn_text":"Buy on Sweetwater","btn_url_rest":"https:\/\/www.sweetwater.com\/store\/manufacturer\/Odisei_Music?utm_source=odiseimusic&utm_medium=web&utm_campaign=odiseimusic"},"faqs_group":[]},"_links":{"self":[{"href":"https:\/\/odiseimusic.com\/es\/wp-json\/wp\/v2\/product\/17887","targetHints":{"allow":["GET"]}}],"collection":[{"href":"https:\/\/odiseimusic.com\/es\/wp-json\/wp\/v2\/product"}],"about":[{"href":"https:\/\/odiseimusic.com\/es\/wp-json\/wp\/v2\/types\/product"}],"replies":[{"embeddable":true,"href":"https:\/\/odiseimusic.com\/es\/wp-json\/wp\/v2\/comments?post=17887"}],"wp:featuredmedia":[{"embeddable":true,"href":"https:\/\/odiseimusic.com\/es\/wp-json\/wp\/v2\/media\/26154"}],"wp:attachment":[{"href":"https:\/\/odiseimusic.com\/es\/wp-json\/wp\/v2\/media?parent=17887"}],"wp:term":[{"taxonomy":"product_brand","embeddable":true,"href":"https:\/\/odiseimusic.com\/es\/wp-json\/wp\/v2\/product_brand?post=17887"},{"taxonomy":"product_cat","embeddable":true,"href":"https:\/\/odiseimusic.com\/es\/wp-json\/wp\/v2\/product_cat?post=17887"},{"taxonomy":"product_tag","embeddable":true,"href":"https:\/\/odiseimusic.com\/es\/wp-json\/wp\/v2\/product_tag?post=17887"}],"curies":[{"name":"wp","href":"https:\/\/api.w.org\/{rel}","templated":true}]}}