{"id":21633,"date":"2023-12-04T12:38:43","date_gmt":"2023-12-04T11:38:43","guid":{"rendered":"https:\/\/odisei.presspulp.com\/?post_type=product&#038;p=21633"},"modified":"2025-11-23T13:57:38","modified_gmt":"2025-11-23T12:57:38","slug":"soporte-movil","status":"publish","type":"product","link":"https:\/\/odiseimusic.com\/es\/products\/mobile-holder\/","title":{"rendered":"Soporte para m\u00f3vil"},"content":{"rendered":"<p><strong>Ideal para muchas ocasiones:<\/strong> El soporte se adapta a cualquier entorno y puede fijarse al escritorio, la mesa, la estanter\u00eda de la cocina, la mesilla de noche, el asiento del tren, el autob\u00fas o el avi\u00f3n, y a muchas superficies.<\/p>\n<p>&nbsp;<\/p>\n<p><strong>Vers\u00e1til:<\/strong> Perfecto para TikTok, YouTube, Instagram, FaceTime, selfies, ver pel\u00edculas y mucho m\u00e1s. Incluso en la oficina y en casa, est\u00e1s perfectamente equipado para realizar videollamadas con tu tel\u00e9fono m\u00f3vil.<\/p>\n<p>&nbsp;<\/p>\n<p><strong>Manos libres:<\/strong> El soporte para m\u00f3vil se puede ajustar a la altura y el \u00e1ngulo adecuados para que siempre tengas una visi\u00f3n de conjunto. Tendr\u00e1s las manos libres cuando hables por tel\u00e9fono o cocines con una aplicaci\u00f3n de cocina.<\/p>\n<p>&nbsp;<\/p>\n<p><strong>Universal:<\/strong> El soporte de viaje con pinza es compatible con iPhone 15, 14, 13 (Pro, Max, Plus, Mini), Samsung Galaxy, Xiaomi, Huawei, y sujeta con seguridad cualquier tel\u00e9fono con una anchura m\u00e1xima de 96 mm. Volumen de suministro: 1x soporte de viaje universal Wicked Chili con pinza de muelle y dise\u00f1o plegable. Soporte flexible para tel\u00e9fonos m\u00f3viles, ideal para fijar a la encimera, estanter\u00eda, armario, etc.<\/p>","protected":false},"excerpt":{"rendered":"<p>El soporte se adapta a cualquier entorno y puede fijarse a un escritorio, una mesa, una estanter\u00eda de cocina, una mesilla de noche, un asiento de tren, autob\u00fas o avi\u00f3n, y muchas otras superficies.<\/p>","protected":false},"featured_media":26144,"comment_status":"open","ping_status":"closed","template":"","meta":[],"product_brand":[],"product_cat":[2414],"product_tag":[2981],"class_list":{"0":"post-21633","1":"product","2":"type-product","3":"status-publish","4":"has-post-thumbnail","6":"product_cat-accessory","7":"product_tag-travel-sax","9":"first","10":"instock","11":"sale","12":"taxable","13":"shipping-taxable","14":"purchasable","15":"product-type-simple"},"meta_box":{"page_countdown":[],"country_restriction":"No","usa_restriction":{"rest_btn_text":"Buy on Sweetwater","btn_url_rest":"https:\/\/www.sweetwater.com\/store\/manufacturer\/Odisei_Music?utm_source=odiseimusic&utm_medium=web&utm_campaign=odiseimusic"},"faqs_group":[]},"_links":{"self":[{"href":"https:\/\/odiseimusic.com\/es\/wp-json\/wp\/v2\/product\/21633","targetHints":{"allow":["GET"]}}],"collection":[{"href":"https:\/\/odiseimusic.com\/es\/wp-json\/wp\/v2\/product"}],"about":[{"href":"https:\/\/odiseimusic.com\/es\/wp-json\/wp\/v2\/types\/product"}],"replies":[{"embeddable":true,"href":"https:\/\/odiseimusic.com\/es\/wp-json\/wp\/v2\/comments?post=21633"}],"wp:featuredmedia":[{"embeddable":true,"href":"https:\/\/odiseimusic.com\/es\/wp-json\/wp\/v2\/media\/26144"}],"wp:attachment":[{"href":"https:\/\/odiseimusic.com\/es\/wp-json\/wp\/v2\/media?parent=21633"}],"wp:term":[{"taxonomy":"product_brand","embeddable":true,"href":"https:\/\/odiseimusic.com\/es\/wp-json\/wp\/v2\/product_brand?post=21633"},{"taxonomy":"product_cat","embeddable":true,"href":"https:\/\/odiseimusic.com\/es\/wp-json\/wp\/v2\/product_cat?post=21633"},{"taxonomy":"product_tag","embeddable":true,"href":"https:\/\/odiseimusic.com\/es\/wp-json\/wp\/v2\/product_tag?post=21633"}],"curies":[{"name":"wp","href":"https:\/\/api.w.org\/{rel}","templated":true}]}}