{"id":22638,"date":"2024-02-01T12:48:48","date_gmt":"2024-02-01T11:48:48","guid":{"rendered":"https:\/\/odisei.presspulp.com\/?post_type=product&#038;p=22638"},"modified":"2025-11-25T11:35:53","modified_gmt":"2025-11-25T10:35:53","slug":"auriculares-odisei-music-2","status":"publish","type":"product","link":"https:\/\/odiseimusic.com\/es\/products\/odisei-music-earphones-2\/","title":{"rendered":"Auriculares Odisei Music"},"content":{"rendered":"<p>Los auriculares Odisei Music son la soluci\u00f3n perfecta para escuchar tu instrumento con una calidad excelente. Estos auriculares ofrecen una calidad de sonido excepcional en todas las gamas de frecuencias, consiguiendo una calidad tonal equilibrada en todas las frecuencias, tanto en t\u00e9rminos de especificaciones como a trav\u00e9s de pruebas con equipos.<\/p>\n<p><span style=\"font-weight: 400\">Se suministran tres tama\u00f1os diferentes de almohadillas para adaptarse a distintas formas de oreja, por lo que te pedimos que te tomes un tiempo antes de utilizarlo para encontrar las almohadillas que mejor se adapten a tus necesidades.<\/span><\/p>\n<p><span style=\"font-weight: 400\">Con un dise\u00f1o ergon\u00f3mico, cuando utilices los auriculares, te recomendamos que pruebes diferentes \u00e1ngulos para conseguir la m\u00e1xima comodidad y un sellado \u00f3ptimo, garantizando la mejor experiencia posible.<\/span><\/p>\n<p><span style=\"font-weight: 400\">Cuando utilices los auriculares, te recomendamos que utilices fuentes de audio de alta definici\u00f3n sin p\u00e9rdidas y dispositivos de calidad HIFI; de lo contrario, podr\u00edas experimentar ruido el\u00e9ctrico en la fuente de audio.<\/span><\/p>\n<p><span style=\"font-weight: 400\">Antes de un uso regular, sugerimos un periodo de rodaje de 10-72 horas a un volumen de 60-70%, lo que se traduce en una experiencia musical mejorada.<\/span><\/p>\n<p><span style=\"font-weight: 400\">Especificaciones:<\/span><\/p>\n<ul>\n<li style=\"font-weight: 400\"><span style=\"font-weight: 400\">Tipo de clavija 3,5 mm<\/span><\/li>\n<li style=\"font-weight: 400\"><span style=\"font-weight: 400\">Sensibilidad: 107 dB<\/span><\/li>\n<li style=\"font-weight: 400\"><span style=\"font-weight: 400\">Peso (auricular+cable): 9,2 g + 13 g<\/span><\/li>\n<li style=\"font-weight: 400\"><span style=\"font-weight: 400\">Tipo de transductor: Monitores intrauditivos h\u00edbridos<\/span><\/li>\n<li style=\"font-weight: 400\"><span style=\"font-weight: 400\">Respuesta en frecuencia: 20 Hz-20.000 Hz<\/span><\/li>\n<li style=\"font-weight: 400\"><span style=\"font-weight: 400\">Longitud del cable: 1,25 m +- 5 cm<\/span><\/li>\n<li style=\"font-weight: 400\"><span style=\"font-weight: 400\">Tipo de conector: 2 clavijas<\/span><\/li>\n<li style=\"font-weight: 400\"><span style=\"font-weight: 400\">Impedancia: 22?<\/span><\/li>\n<\/ul>","protected":false},"excerpt":{"rendered":"<p>Los auriculares Odisei Music son la soluci\u00f3n perfecta para escuchar tu instrumento con una calidad excelente. Estos auriculares ofrecen una calidad de sonido excepcional en todas las gamas de frecuencias, consiguiendo una calidad tonal equilibrada en todas las frecuencias, tanto en t\u00e9rminos de especificaciones como a trav\u00e9s de pruebas con equipos.<\/p>","protected":false},"featured_media":25833,"comment_status":"open","ping_status":"closed","template":"","meta":[],"product_brand":[],"product_cat":[2414],"product_tag":[2981],"class_list":{"0":"post-22638","1":"product","2":"type-product","3":"status-publish","4":"has-post-thumbnail","6":"product_cat-accessory","7":"product_tag-travel-sax","9":"first","10":"instock","11":"taxable","12":"shipping-taxable","13":"purchasable","14":"product-type-simple"},"meta_box":{"page_countdown":{"activate_countdown":"1","countdowntitle":"Limited Black Friday Offer","count_down_image":"36749","countdownbuttontext":"Save 100\u20ac NOW","count_down_ending_date":"2025-12-02 00:00","count_down_url":"https:\/\/odiseimusic.com\/products\/om-bundle-ts-accessory-pack-earphones\/","display_countdown":"1"},"country_restriction":"No","usa_restriction":{"rest_btn_text":"Buy on Sweetwater","btn_url_rest":"https:\/\/www.sweetwater.com\/store\/manufacturer\/Odisei_Music?utm_source=odiseimusic&utm_medium=web&utm_campaign=odiseimusic"},"faqs_group":[]},"_links":{"self":[{"href":"https:\/\/odiseimusic.com\/es\/wp-json\/wp\/v2\/product\/22638","targetHints":{"allow":["GET"]}}],"collection":[{"href":"https:\/\/odiseimusic.com\/es\/wp-json\/wp\/v2\/product"}],"about":[{"href":"https:\/\/odiseimusic.com\/es\/wp-json\/wp\/v2\/types\/product"}],"replies":[{"embeddable":true,"href":"https:\/\/odiseimusic.com\/es\/wp-json\/wp\/v2\/comments?post=22638"}],"wp:featuredmedia":[{"embeddable":true,"href":"https:\/\/odiseimusic.com\/es\/wp-json\/wp\/v2\/media\/25833"}],"wp:attachment":[{"href":"https:\/\/odiseimusic.com\/es\/wp-json\/wp\/v2\/media?parent=22638"}],"wp:term":[{"taxonomy":"product_brand","embeddable":true,"href":"https:\/\/odiseimusic.com\/es\/wp-json\/wp\/v2\/product_brand?post=22638"},{"taxonomy":"product_cat","embeddable":true,"href":"https:\/\/odiseimusic.com\/es\/wp-json\/wp\/v2\/product_cat?post=22638"},{"taxonomy":"product_tag","embeddable":true,"href":"https:\/\/odiseimusic.com\/es\/wp-json\/wp\/v2\/product_tag?post=22638"}],"curies":[{"name":"wp","href":"https:\/\/api.w.org\/{rel}","templated":true}]}}