{"id":26128,"date":"2024-09-03T15:27:30","date_gmt":"2024-09-03T13:27:30","guid":{"rendered":"https:\/\/odisei.presspulp.com\/?post_type=product&#038;p=26128"},"modified":"2025-12-23T09:48:40","modified_gmt":"2025-12-23T08:48:40","slug":"soporte-de-viaje","status":"publish","type":"product","link":"https:\/\/odiseimusic.com\/es\/products\/travel-holder\/","title":{"rendered":"Soporte de viaje"},"content":{"rendered":"<p><span style=\"font-weight: 400;\">En <\/span><b>PORTA VIAJES<\/b><span style=\"font-weight: 400;\"> correa de <\/span><b>ODISEI M\u00daSICA<\/b><span style=\"font-weight: 400;\"> est\u00e1 dise\u00f1ada para ofrecer la m\u00e1xima comodidad y durabilidad. Est\u00e1 fabricada con piel de microfibra y neopreno, e incorpora un mosquet\u00f3n de aleaci\u00f3n de zinc, lo que la hace perfecta para un uso diario y con estilo.<\/span><\/p>\n<p><b>Cuidados:<\/b><span style=\"font-weight: 400;\"> L\u00edmpialo con un pa\u00f1o h\u00famedo y evita el contacto prolongado con el agua para mantener la calidad de los materiales.<\/span><\/p>\n<p><span style=\"font-weight: 400;\">En <\/span><b>Odisei M\u00fasica<\/b><span style=\"font-weight: 400;\">creemos en la fusi\u00f3n de la m\u00fasica y la tecnolog\u00eda, por eso hemos creado el <\/span><b>Travel Sax<\/b><span style=\"font-weight: 400;\">el saxof\u00f3n electr\u00f3nico m\u00e1s peque\u00f1o y ligero del mundo. Nuestra misi\u00f3n es llevar la m\u00fasica a todos los rincones del planeta, permitiendo a los m\u00fasicos seguir practicando y creando, sin importar el lugar ni el momento. Con el <\/span><b>PORTA VIAJES<\/b><span style=\"font-weight: 400;\">\u00c2 tu pasi\u00c3\u00b3n por la m\u00c3\u00basica estar\u00c3\u00a1 siempre a tu alcance, dispuesta a acompa\u00c3\u00b1arte en cada aventura.\u00c2\u00a0<\/span><\/p>\n<p><b>Advertencias:<\/b><span style=\"font-weight: 400;\"> Mantenlo alejado del fuego y de objetos afilados para evitar da\u00f1os. No lo sumerjas en agua.<\/span><\/p>\n<p>M\u00e1s informaci\u00f3n en los v\u00eddeos de abajo:<\/p>\n<p><a class=\"button\" href=\"https:\/\/www.youtube.com\/watch?v=4sIKaxPO7yM\" target=\"_blank\" rel=\"noopener\"> C\u00f3mo ajustar el Travel Holder - Versi\u00f3n espa\u00f1ola<\/a> -<\/p>\n<p><iframe loading=\"lazy\" title=\"C\u00f3mo ajustar el Travel Holder\" width=\"500\" height=\"281\" src=\"https:\/\/www.youtube.com\/embed\/4sIKaxPO7yM?feature=oembed\" frameborder=\"0\" allow=\"accelerometer; autoplay; clipboard-write; encrypted-media; gyroscope; picture-in-picture; web-share\" referrerpolicy=\"strict-origin-when-cross-origin\" allowfullscreen><\/iframe><\/p>\n<p><a class=\"button\" href=\"https:\/\/youtu.be\/0CWrhLXMIyE\" target=\"_blank\" rel=\"noopener\">C\u00f3mo ajustar el \"Travel Holder\" - Versi\u00f3n espa\u00f1ola<\/a><\/p>\n<p><iframe loading=\"lazy\" title=\"C\u00f3mo ajustar el &quot;Travel Holder&quot;\" width=\"500\" height=\"281\" src=\"https:\/\/www.youtube.com\/embed\/0CWrhLXMIyE?feature=oembed\" frameborder=\"0\" allow=\"accelerometer; autoplay; clipboard-write; encrypted-media; gyroscope; picture-in-picture; web-share\" referrerpolicy=\"strict-origin-when-cross-origin\" allowfullscreen><\/iframe><\/p>","protected":false},"excerpt":{"rendered":"<p><span style=\"font-weight: 400;\">En <\/span><b>PORTA VIAJES<\/b><span style=\"font-weight: 400;\"> correa de <\/span><b>ODISEI M\u00daSICA<\/b><span style=\"font-weight: 400;\"> est\u00e1 dise\u00f1ada para ofrecer la m\u00e1xima comodidad y durabilidad. Est\u00e1 fabricada con piel de microfibra y neopreno, e incorpora un mosquet\u00f3n de aleaci\u00f3n de zinc, lo que la hace perfecta para un uso diario y con estilo.<\/span><\/p>","protected":false},"featured_media":26129,"comment_status":"open","ping_status":"closed","template":"","meta":[],"product_brand":[],"product_cat":[2414],"product_tag":[2981],"class_list":{"0":"post-26128","1":"product","2":"type-product","3":"status-publish","4":"has-post-thumbnail","6":"product_cat-accessory","7":"product_tag-travel-sax","9":"first","10":"instock","11":"taxable","12":"shipping-taxable","13":"purchasable","14":"product-type-simple"},"meta_box":{"page_countdown":{"countdowntitle":"Limited Black Friday Offer","count_down_image":"36749","countdownbuttontext":"Save 100\u20ac NOW","count_down_ending_date":"2025-12-02 00:00","count_down_url":"https:\/\/odiseimusic.com\/products\/om-bundle-ts-accessory-pack-earphones\/"},"country_restriction":"No","usa_restriction":{"rest_btn_text":"Buy on Sweetwater","btn_url_rest":"https:\/\/www.sweetwater.com\/store\/manufacturer\/Odisei_Music?utm_source=odiseimusic&utm_medium=web&utm_campaign=odiseimusic"},"faqs_group":[]},"_links":{"self":[{"href":"https:\/\/odiseimusic.com\/es\/wp-json\/wp\/v2\/product\/26128","targetHints":{"allow":["GET"]}}],"collection":[{"href":"https:\/\/odiseimusic.com\/es\/wp-json\/wp\/v2\/product"}],"about":[{"href":"https:\/\/odiseimusic.com\/es\/wp-json\/wp\/v2\/types\/product"}],"replies":[{"embeddable":true,"href":"https:\/\/odiseimusic.com\/es\/wp-json\/wp\/v2\/comments?post=26128"}],"wp:featuredmedia":[{"embeddable":true,"href":"https:\/\/odiseimusic.com\/es\/wp-json\/wp\/v2\/media\/26129"}],"wp:attachment":[{"href":"https:\/\/odiseimusic.com\/es\/wp-json\/wp\/v2\/media?parent=26128"}],"wp:term":[{"taxonomy":"product_brand","embeddable":true,"href":"https:\/\/odiseimusic.com\/es\/wp-json\/wp\/v2\/product_brand?post=26128"},{"taxonomy":"product_cat","embeddable":true,"href":"https:\/\/odiseimusic.com\/es\/wp-json\/wp\/v2\/product_cat?post=26128"},{"taxonomy":"product_tag","embeddable":true,"href":"https:\/\/odiseimusic.com\/es\/wp-json\/wp\/v2\/product_tag?post=26128"}],"curies":[{"name":"wp","href":"https:\/\/api.w.org\/{rel}","templated":true}]}}