{"id":26952,"date":"2024-10-23T12:05:03","date_gmt":"2024-10-23T10:05:03","guid":{"rendered":"https:\/\/odisei.presspulp.com\/?post_type=product&#038;p=26952"},"modified":"2026-03-26T14:06:20","modified_gmt":"2026-03-26T13:06:20","slug":"travel-clarinet-pre-order","status":"publish","type":"product","link":"https:\/\/odiseimusic.com\/es\/products\/travel-clarinet-pre-order\/","title":{"rendered":"Travel Clarinet"},"content":{"rendered":"<div class=\"WncCi\" data-hook=\"info-section-description\">\n<div>\n<h5><strong>\u00bfQu\u00e9 incluye?<\/strong><\/h5>\n<ul>\n<li>Boquilla<\/li>\n<li>Funda protectora Travel Clarinet<\/li>\n<li>Bolsa de accesorios<\/li>\n<li>Pa\u00f1o de microfibra<\/li>\n<li>Cable de carga USB-C<\/li>\n<\/ul>\n<\/div>\n<div>\n<h5><strong>Practica en cualquier momento y lugar<\/strong><\/h5>\n<p>Practica, aprende, improvisa y experimenta con miles de formas de tocar el saxof\u00f3n como controlador MIDI. Saca tu lado m\u00e1s creativo all\u00e1 donde vayas.<br \/>\nUtiliza una boquilla de clarinete est\u00e1ndar y la posici\u00f3n de las llaves para imitar a un clarinete convencional, as\u00ed como la presi\u00f3n de tu respiraci\u00f3n para determinar el volumen.<\/p>\n<\/div>\n<div>\n<h5><strong>\u00bfCu\u00e1l es el plazo de entrega?<\/strong><\/h5>\n<p data-start=\"176\" data-end=\"397\">\u00a1Entregamos el Travel Clarinet en 3-5 d\u00edas laborables! \u00a1Empieza a practicar antes de lo que imaginas!<\/p>\n<p data-start=\"399\" data-end=\"492\">No pierdas la oportunidad de ser de los primeros en tocar el clarinete m\u00e1s port\u00e1til del mundo. Para m\u00e1s informaci\u00f3n, ponte en contacto con nosotros en <a href=\"mailto:info@odiseimusic.com\" rel=\"noopener\">info@odiseimusic.com<\/a><\/p>\n<\/div>\n<p>&nbsp;<\/p>\n<p style=\"text-align: left;\"><a class=\"button\" href=\"\/es\/travelclarinet\/\">M\u00e1s informaci\u00f3n<\/a><\/p>\n<p>&nbsp;<\/p>\n<div>\n<p>Lee atentamente el <strong>Detalles importantes<\/strong> secci\u00f3n instrucciones.<\/p>\n<div dir=\"auto\">Descargo de responsabilidad: Odisei Music no se hace responsable de los retrasos en la entrega provocados por nuestros socios de env\u00edo (empresa de transporte, despachos de aduanas o problemas imprevistos).<\/div>\n<\/div>\n<\/div>","protected":false},"excerpt":{"rendered":"<p data-start=\"175\" data-end=\"268\">No pierdas la oportunidad de conseguir tu <strong data-start=\"88\" data-end=\"111\">nuevo Travel Clarinet<\/strong> ahora y disfruta <strong data-start=\"126\" data-end=\"181\">\u00a1env\u00edo gratuito!<\/strong><\/p>\n<p data-start=\"270\" data-end=\"423\"><strong>Inspiraci\u00f3n<\/strong> puede llegar a ti en cualquier momento y lugar. La misma digitaci\u00f3n y sensaci\u00f3n realista. S\u00f3lo tienes que enchufar y tocar este clarinete de bolsillo. Tu compa\u00f1ero de viaje perfecto, que te permite <strong data-start=\"385\" data-end=\"415\">practica donde quieras.<\/strong><\/p>\n<p>Para m\u00e1s informaci\u00f3n, no dudes en ponerte en contacto con nosotros en <a rel=\"noopener\">info@odiseimusic.com<\/a><\/p>","protected":false},"featured_media":24723,"comment_status":"open","ping_status":"closed","template":"","meta":[],"product_brand":[],"product_cat":[2677,2926],"product_tag":[],"class_list":{"0":"post-26952","1":"product","2":"type-product","3":"status-publish","4":"has-post-thumbnail","6":"product_cat-odiseimusic-product","7":"product_cat-travel-clarinet","9":"first","10":"instock","11":"purchasable","12":"product-type-simple"},"meta_box":{"page_countdown":{"countdowntitle":"Winter Hot Deal!","count_down_image":"24644","countdownbuttontext":"Save 50\u20ac NOW","count_down_ending_date":"2026-03-08 00:00","count_down_url":"https:\/\/odiseimusic.com\/products\/travel-clarinet-pre-order\/"},"country_restriction":"USA","usa_restriction":{"rest_btn_text":"Buy at Sweetwater","btn_url_rest":"https:\/\/www.sweetwater.com\/store\/detail\/TravelClarinet--odisei-music-travel-clarinet-wind-synth-controller"},"faqs_group":[]},"_links":{"self":[{"href":"https:\/\/odiseimusic.com\/es\/wp-json\/wp\/v2\/product\/26952","targetHints":{"allow":["GET"]}}],"collection":[{"href":"https:\/\/odiseimusic.com\/es\/wp-json\/wp\/v2\/product"}],"about":[{"href":"https:\/\/odiseimusic.com\/es\/wp-json\/wp\/v2\/types\/product"}],"replies":[{"embeddable":true,"href":"https:\/\/odiseimusic.com\/es\/wp-json\/wp\/v2\/comments?post=26952"}],"wp:featuredmedia":[{"embeddable":true,"href":"https:\/\/odiseimusic.com\/es\/wp-json\/wp\/v2\/media\/24723"}],"wp:attachment":[{"href":"https:\/\/odiseimusic.com\/es\/wp-json\/wp\/v2\/media?parent=26952"}],"wp:term":[{"taxonomy":"product_brand","embeddable":true,"href":"https:\/\/odiseimusic.com\/es\/wp-json\/wp\/v2\/product_brand?post=26952"},{"taxonomy":"product_cat","embeddable":true,"href":"https:\/\/odiseimusic.com\/es\/wp-json\/wp\/v2\/product_cat?post=26952"},{"taxonomy":"product_tag","embeddable":true,"href":"https:\/\/odiseimusic.com\/es\/wp-json\/wp\/v2\/product_tag?post=26952"}],"curies":[{"name":"wp","href":"https:\/\/api.w.org\/{rel}","templated":true}]}}