{"id":27941,"date":"2024-11-28T13:12:31","date_gmt":"2024-11-28T12:12:31","guid":{"rendered":"https:\/\/odisei.presspulp.com\/?post_type=product&#038;p=27941"},"modified":"2026-01-24T11:29:29","modified_gmt":"2026-01-24T10:29:29","slug":"banco-de-energia","status":"publish","type":"product","link":"https:\/\/odiseimusic.com\/es\/products\/power-bank\/","title":{"rendered":"Odisei Music Power Bank"},"content":{"rendered":"<p><strong>\u00a1Mantente alimentado all\u00e1 donde vayas con nuestro Power Bank de 20.000 mAh!<\/strong><\/p>\n<p>Lleva tu viaje musical al siguiente nivel con nuestro potente y fiable banco de energ\u00eda, el accesorio perfecto para tu instrumento Travel. Con una impresionante capacidad de 20.000 mAh, tendr\u00e1s la libertad de practicar en cualquier momento y lugar sin preocuparte por quedarte sin bater\u00eda.<\/p>\n<ul>\n<li><strong>Ve donde quieras, juega cuando quieras:<\/strong> Tanto si est\u00e1s en la carretera, en un parque o de viaje en el extranjero, este banco de energ\u00eda garantiza que tu instrumento permanezca cargado y listo.<\/li>\n<li><strong>Sesiones de pr\u00e1ctica ilimitadas:<\/strong> Con su gran capacidad, puedes cargar tu instrumento Travel varias veces, eliminando las preocupaciones por la bater\u00eda y permiti\u00e9ndote centrarte en tu m\u00fasica.<\/li>\n<li><strong>Compacto y port\u00e1til:<\/strong> Dise\u00f1ado para ser ligero y f\u00e1cil de transportar, es el compa\u00f1ero ideal para los m\u00fasicos que valoran la movilidad y la comodidad.<\/li>\n<li><strong>Conectividad<\/strong>: USB-C, Micro USB, Iluminaci\u00f3n (salidas) y USB tipo A (entrada). Cable de datos incluido. Se permite la carga dual.<\/li>\n<li><strong>Bater\u00eda<\/strong>20.000 mAh. De litio. Carga r\u00e1pida para m\u00f3viles y port\u00e1tiles de hasta 100 vatios. Carga 3 dispositivos simult\u00e1neamente.<\/li>\n<\/ul>\n<p>No dejes que la bater\u00eda baja te detenga: \u00a1mantente cargado e inspirado, te lleve donde te lleve la m\u00fasica!<\/p>","protected":false},"excerpt":{"rendered":"<p><strong>\u00a1Mantente alimentado all\u00e1 donde vayas con nuestra bater\u00eda externa de 20.000 mAh y 100 W!<\/strong><\/p>\n<p>Lleva tu viaje musical al siguiente nivel con nuestro potente y fiable banco de alimentaci\u00f3n, el accesorio perfecto para tu instrumento Travel. Con una impresionante capacidad de 20.000 mAh y 100 vatios, tendr\u00e1s la libertad de practicar en cualquier momento y lugar sin preocuparte de quedarte sin bater\u00eda.<\/p>","protected":false},"featured_media":27947,"comment_status":"open","ping_status":"closed","template":"","meta":[],"product_brand":[],"product_cat":[2414],"product_tag":[2981],"class_list":{"0":"post-27941","1":"product","2":"type-product","3":"status-publish","4":"has-post-thumbnail","6":"product_cat-accessory","7":"product_tag-travel-sax","9":"first","10":"instock","11":"taxable","12":"shipping-taxable","13":"purchasable","14":"product-type-simple"},"meta_box":{"page_countdown":[],"country_restriction":"No","usa_restriction":{"rest_btn_text":"Buy at Sweetwater","btn_url_rest":"https:\/\/www.sweetwater.com\/store\/manufacturer\/Odisei_Music?utm_source=odiseimusic&utm_medium=web&utm_campaign=odiseimusic"},"faqs_group":[]},"_links":{"self":[{"href":"https:\/\/odiseimusic.com\/es\/wp-json\/wp\/v2\/product\/27941","targetHints":{"allow":["GET"]}}],"collection":[{"href":"https:\/\/odiseimusic.com\/es\/wp-json\/wp\/v2\/product"}],"about":[{"href":"https:\/\/odiseimusic.com\/es\/wp-json\/wp\/v2\/types\/product"}],"replies":[{"embeddable":true,"href":"https:\/\/odiseimusic.com\/es\/wp-json\/wp\/v2\/comments?post=27941"}],"wp:featuredmedia":[{"embeddable":true,"href":"https:\/\/odiseimusic.com\/es\/wp-json\/wp\/v2\/media\/27947"}],"wp:attachment":[{"href":"https:\/\/odiseimusic.com\/es\/wp-json\/wp\/v2\/media?parent=27941"}],"wp:term":[{"taxonomy":"product_brand","embeddable":true,"href":"https:\/\/odiseimusic.com\/es\/wp-json\/wp\/v2\/product_brand?post=27941"},{"taxonomy":"product_cat","embeddable":true,"href":"https:\/\/odiseimusic.com\/es\/wp-json\/wp\/v2\/product_cat?post=27941"},{"taxonomy":"product_tag","embeddable":true,"href":"https:\/\/odiseimusic.com\/es\/wp-json\/wp\/v2\/product_tag?post=27941"}],"curies":[{"name":"wp","href":"https:\/\/api.w.org\/{rel}","templated":true}]}}