{"id":28075,"date":"2024-12-05T11:18:57","date_gmt":"2024-12-05T10:18:57","guid":{"rendered":"https:\/\/odisei.presspulp.com\/?post_type=product&#038;p=28075"},"modified":"2026-02-02T16:14:37","modified_gmt":"2026-02-02T15:14:37","slug":"paquete-de-accesorios-tc","status":"publish","type":"product","link":"https:\/\/odiseimusic.com\/es\/products\/accessory-pack-tc\/","title":{"rendered":"Travel Clarinet Paquete de accesorios"},"content":{"rendered":"<div>\n<h6><strong>\u00bfCu\u00e1l debes utilizar?<\/strong><\/h6>\n<p>El extensor para clarinete ampl\u00eda tu posici\u00f3n al tocar para hacer m\u00e1s c\u00f3moda la pr\u00e1ctica. El extensor sin leng\u00fceta es una boquilla especial que se ha dise\u00f1ado para aumentar la ergonom\u00eda y personalizar tu Travel Clarinet. Se pueden acoplar entre s\u00ed, hasta accesorios juntos, para mejorar tu postura de pr\u00e1ctica.<\/p>\n<\/div>\n<div>\n<p>Todos los accesorios del Travel Clarinet se fabrican mediante moldeo por inyecci\u00f3n o impresi\u00f3n 3D.<\/p>\n<p style=\"text-align: left;\"><a class=\"button\" href=\"\/es\/tienda\/\">Ver m\u00e1s accesorios<\/a><\/p>\n<\/div>\n<p>&nbsp;<\/p>\n<div>\n<h6><strong>\u00bfCu\u00e1l es el plazo de entrega?<\/strong><\/h6>\n<p>Lee atentamente el <strong>Detalles importantes<\/strong> secci\u00f3n instrucciones.<\/p>\n<div dir=\"auto\">Descargo de responsabilidad: Odisei Music no se hace responsable de los retrasos en la entrega provocados por nuestros socios de env\u00edo (empresa de transporte, despachos de aduanas o problemas imprevistos).<\/div>\n<\/div>","protected":false},"excerpt":{"rendered":"<p><strong>M\u00e1stil de clarinete de barril<\/strong>: Dar\u00e1 una extensi\u00f3n a tu boquilla al tocar, dejando que tus hombros descansen en una posici\u00f3n m\u00e1s c\u00f3moda que te permitir\u00e1 tocar m\u00e1s horas.<\/p>\n<p><strong>Boquilla sin leng\u00fceta<\/strong>: Esta boquilla especial<span class=\"VIiyi\" lang=\"en\"><span class=\"JLqJ4b ChMk0b\" data-language-for-alternatives=\"en\" data-language-to-translate-into=\"es\" data-phrase-index=\"0\"> te dar\u00e1 mucho m\u00e1s control del flujo de aire cuando utilices el Travel Clarinet gracias a los dos peque\u00f1os orificios de la boquilla por donde pasa el aire.<\/span>\u00a0<span class=\"JLqJ4b ChMk0b\" data-language-for-alternatives=\"en\" data-language-to-translate-into=\"es\" data-phrase-index=\"1\">Esto te permitir\u00e1 controlar el flujo m\u00e1s f\u00e1cilmente utilizando la lengua.<\/span><\/span><\/p>\n<p>Para m\u00e1s informaci\u00f3n, no dudes en ponerte en contacto con nosotros en <a rel=\"noopener\">info@new.odiseimusic.com<\/a>.<\/p>","protected":false},"featured_media":28086,"comment_status":"open","ping_status":"closed","template":"","meta":[],"product_brand":[],"product_cat":[2414,2677],"product_tag":[],"class_list":{"0":"post-28075","1":"product","2":"type-product","3":"status-publish","4":"has-post-thumbnail","6":"product_cat-accessory","7":"product_cat-odiseimusic-product","9":"first","10":"instock","11":"purchasable","12":"product-type-simple"},"meta_box":{"page_countdown":{"countdowntitle":"Limited Black Friday Offer","countdownbuttontext":"Save 100\u20ac NOW","count_down_ending_date":"2025-12-02 00:00","count_down_url":"https:\/\/odiseimusic.com\/products\/om-bundle-tc-accessory-pack-earphones\/"},"country_restriction":"No","usa_restriction":[],"faqs_group":[]},"_links":{"self":[{"href":"https:\/\/odiseimusic.com\/es\/wp-json\/wp\/v2\/product\/28075","targetHints":{"allow":["GET"]}}],"collection":[{"href":"https:\/\/odiseimusic.com\/es\/wp-json\/wp\/v2\/product"}],"about":[{"href":"https:\/\/odiseimusic.com\/es\/wp-json\/wp\/v2\/types\/product"}],"replies":[{"embeddable":true,"href":"https:\/\/odiseimusic.com\/es\/wp-json\/wp\/v2\/comments?post=28075"}],"wp:featuredmedia":[{"embeddable":true,"href":"https:\/\/odiseimusic.com\/es\/wp-json\/wp\/v2\/media\/28086"}],"wp:attachment":[{"href":"https:\/\/odiseimusic.com\/es\/wp-json\/wp\/v2\/media?parent=28075"}],"wp:term":[{"taxonomy":"product_brand","embeddable":true,"href":"https:\/\/odiseimusic.com\/es\/wp-json\/wp\/v2\/product_brand?post=28075"},{"taxonomy":"product_cat","embeddable":true,"href":"https:\/\/odiseimusic.com\/es\/wp-json\/wp\/v2\/product_cat?post=28075"},{"taxonomy":"product_tag","embeddable":true,"href":"https:\/\/odiseimusic.com\/es\/wp-json\/wp\/v2\/product_tag?post=28075"}],"curies":[{"name":"wp","href":"https:\/\/api.w.org\/{rel}","templated":true}]}}