{"id":33565,"date":"2025-05-22T14:52:16","date_gmt":"2025-05-22T12:52:16","guid":{"rendered":"https:\/\/odiseimusic.com\/?post_type=product&#038;p=33565"},"modified":"2025-11-25T11:40:38","modified_gmt":"2025-11-25T10:40:38","slug":"paquete-de-viaje","status":"publish","type":"product","link":"https:\/\/odiseimusic.com\/es\/products\/travel-bundle\/","title":{"rendered":"Paquete de viaje (TS + Power Bank + Soporte para m\u00f3vil)"},"content":{"rendered":"<h3 class=\"\" data-start=\"105\" data-end=\"126\">Travel Sax 2<\/h3>\n<p class=\"\" data-start=\"127\" data-end=\"541\">El Travel Sax 2 es uno de los saxofones electr\u00f3nicos m\u00e1s peque\u00f1os y ligeros del mundo, dise\u00f1ado para practicar en silencio y ser port\u00e1til. Con posiciones reales de las teclas del saxof\u00f3n y funciones MIDI Bluetooth, te permite practicar en cualquier momento y lugar, sin molestar a los dem\u00e1s. Tanto si est\u00e1s calentando entre bastidores como improvisando en casa, el Travel Sax te ofrece una experiencia de interpretaci\u00f3n completa en un formato compacto y f\u00e1cil de transportar.<\/p>\n<p class=\"\" data-start=\"543\" data-end=\"605\">\ud83d\udd17 <a class=\"\" href=\"https:\/\/odiseimusic.com\/es\/productos\/travel-sax-2\/\" target=\"_new\" rel=\"noopener\" data-start=\"546\" data-end=\"605\">Seguir leyendo<\/a><\/p>\n<hr class=\"\" data-start=\"607\" data-end=\"610\" \/>\n<h3 class=\"\" data-start=\"612\" data-end=\"631\">Banco de energ\u00eda<\/h3>\n<p class=\"\" data-start=\"632\" data-end=\"938\">Esta compacta fuente de alimentaci\u00f3n garantiza que tus sesiones con el Travel Sax nunca se vean interrumpidas. Con una bater\u00eda de gran capacidad y capacidad de carga r\u00e1pida, mantiene tu instrumento en funcionamiento durante horas, incluso cuando est\u00e1s lejos de una toma de corriente. Ligera y f\u00e1cil de transportar, es la compa\u00f1era perfecta para los m\u00fasicos en movimiento.<\/p>\n<p class=\"\" data-start=\"940\" data-end=\"1000\">\ud83d\udd17 <a class=\"\" href=\"https:\/\/odiseimusic.com\/es\/productos\/banco-de-energia\/\" target=\"_new\" rel=\"noopener\" data-start=\"943\" data-end=\"1000\">Seguir leyendo<\/a><\/p>\n<hr class=\"\" data-start=\"1002\" data-end=\"1005\" \/>\n<h3 class=\"\" data-start=\"1007\" data-end=\"1029\">Soporte para m\u00f3vil<\/h3>\n<p class=\"\" data-start=\"1030\" data-end=\"1284\">Dise\u00f1ado para m\u00fasicos que siguen clases online o improvisan con v\u00eddeos, el soporte m\u00f3vil es resistente, flexible y f\u00e1cil de colocar. Se fija al atril o al escritorio, manteniendo la pantalla en el \u00e1ngulo perfecto para tocar, aprender o grabar.<\/p>\n<p class=\"\" data-start=\"1286\" data-end=\"1349\">\ud83d\udd17 <a class=\"\" href=\"https:\/\/odiseimusic.com\/es\/productos\/soporte-movil\/\" target=\"_new\" rel=\"noopener\" data-start=\"1289\" data-end=\"1349\">Seguir leyendo<\/a><\/p>","protected":false},"excerpt":{"rendered":"<p class=\"\" data-start=\"127\" data-end=\"541\"><span style=\"font-weight: 400;\">Si est\u00e1s empezando o te encanta jugar mientras te desplazas, este paquete est\u00e1 hecho para ti. El Travel Sax te permite practicar en cualquier momento y lugar: sin molestar a nadie. La bater\u00eda mantiene tus sesiones durante horas, y el soporte para m\u00f3vil es ideal para seguir clases en l\u00ednea o tocar con pistas de acompa\u00f1amiento. S\u00f3lo tienes que meterlo en la maleta y tocar all\u00ed donde te llegue la inspiraci\u00f3n.<\/span><\/p>","protected":false},"featured_media":33567,"comment_status":"closed","ping_status":"closed","template":"","meta":[],"product_brand":[],"product_cat":[2672,2414,2984,2674],"product_tag":[],"class_list":{"0":"post-33565","1":"product","2":"type-product","3":"status-publish","4":"has-post-thumbnail","6":"product_cat-accesorio","7":"product_cat-accessory","8":"product_cat-bundles","9":"product_cat-travel-sax","11":"first","12":"instock","13":"sale","14":"taxable","15":"shipping-taxable","16":"purchasable","17":"product-type-variable"},"meta_box":{"page_countdown":{"activate_countdown":"1","countdowntitle":"Limited Black Friday Offer","count_down_image":"36749","countdownbuttontext":"Save 100\u20ac NOW","count_down_ending_date":"2025-12-02 00:00","count_down_url":"https:\/\/odiseimusic.com\/products\/om-bundle-ts-accessory-pack-earphones\/","display_countdown":"1"},"country_restriction":"USA","usa_restriction":{"rest_btn_text":"Buy at Sweetwater","btn_url_rest":"https:\/\/www.sweetwater.com\/store\/detail\/TravelSax2Bun--odisei-music-travel-sax-2-wind-synth-controller-with-accessory-pack?utm_source=odiseimusic&utm_medium=web&utm_campaign=odiseimusic"},"faqs_group":[]},"_links":{"self":[{"href":"https:\/\/odiseimusic.com\/es\/wp-json\/wp\/v2\/product\/33565","targetHints":{"allow":["GET"]}}],"collection":[{"href":"https:\/\/odiseimusic.com\/es\/wp-json\/wp\/v2\/product"}],"about":[{"href":"https:\/\/odiseimusic.com\/es\/wp-json\/wp\/v2\/types\/product"}],"replies":[{"embeddable":true,"href":"https:\/\/odiseimusic.com\/es\/wp-json\/wp\/v2\/comments?post=33565"}],"wp:featuredmedia":[{"embeddable":true,"href":"https:\/\/odiseimusic.com\/es\/wp-json\/wp\/v2\/media\/33567"}],"wp:attachment":[{"href":"https:\/\/odiseimusic.com\/es\/wp-json\/wp\/v2\/media?parent=33565"}],"wp:term":[{"taxonomy":"product_brand","embeddable":true,"href":"https:\/\/odiseimusic.com\/es\/wp-json\/wp\/v2\/product_brand?post=33565"},{"taxonomy":"product_cat","embeddable":true,"href":"https:\/\/odiseimusic.com\/es\/wp-json\/wp\/v2\/product_cat?post=33565"},{"taxonomy":"product_tag","embeddable":true,"href":"https:\/\/odiseimusic.com\/es\/wp-json\/wp\/v2\/product_tag?post=33565"}],"curies":[{"name":"wp","href":"https:\/\/api.w.org\/{rel}","templated":true}]}}