{"id":33884,"date":"2025-06-04T15:25:00","date_gmt":"2025-06-04T13:25:00","guid":{"rendered":"https:\/\/odiseimusic.com\/?post_type=product&#038;p=33884"},"modified":"2026-03-05T22:04:53","modified_gmt":"2026-03-05T21:04:53","slug":"paquete-de-estudios","status":"publish","type":"product","link":"https:\/\/odiseimusic.com\/es\/products\/study-bundle\/","title":{"rendered":"Paquete de estudio (TS + Soporte de viaje + Soporte para m\u00f3vil)"},"content":{"rendered":"<h3 class=\"\" data-start=\"105\" data-end=\"126\">Travel Sax 2<\/h3>\n<p class=\"\" data-start=\"127\" data-end=\"541\">El Travel Sax 2 es uno de los saxofones electr\u00f3nicos m\u00e1s peque\u00f1os y ligeros del mundo, dise\u00f1ado para practicar en silencio y ser port\u00e1til. Con posiciones reales de las teclas del saxof\u00f3n y funciones MIDI Bluetooth, te permite practicar en cualquier momento y lugar, sin molestar a los dem\u00e1s. Tanto si est\u00e1s calentando entre bastidores como improvisando en casa, el Travel Sax te ofrece una experiencia de interpretaci\u00f3n completa en un formato compacto y f\u00e1cil de transportar.<\/p>\n<p class=\"\" data-start=\"543\" data-end=\"605\">\ud83d\udd17 <a class=\"\" href=\"https:\/\/odiseimusic.com\/es\/productos\/travel-sax-2\/\" target=\"_blank\" rel=\"noopener\" data-start=\"546\" data-end=\"605\">Seguir leyendo<\/a><\/p>\n<hr class=\"\" data-start=\"607\" data-end=\"610\" \/>\n<h3 class=\"\" data-start=\"612\" data-end=\"631\">Soporte de viaje<\/h3>\n<div id=\"brxe-txjxxl\" class=\"brxe-product-short-description\">\n<div class=\"woocommerce-product-details__short-description\">\n<p>La correa Travel Holder de Odisei Music est\u00e1 dise\u00f1ada para ofrecer la m\u00e1xima comodidad y durabilidad. Est\u00e1 fabricada con piel de microfibra y neopreno e incorpora un mosquet\u00f3n de aleaci\u00f3n de zinc, lo que la hace perfecta para un uso diario y con estilo.<\/p>\n<\/div>\n<\/div>\n<p class=\"\" data-start=\"940\" data-end=\"1000\">\ud83d\udd17 <a class=\"\" href=\"https:\/\/odiseimusic.com\/es\/productos\/soporte-de-viaje\/\" target=\"_blank\" rel=\"noopener\" data-start=\"943\" data-end=\"1000\">Seguir leyendo<\/a><\/p>\n<hr class=\"\" data-start=\"1002\" data-end=\"1005\" \/>\n<h3 class=\"\" data-start=\"1007\" data-end=\"1029\">Soporte para m\u00f3vil<\/h3>\n<p class=\"\" data-start=\"1030\" data-end=\"1284\">Dise\u00f1ado para m\u00fasicos que siguen clases online o improvisan con v\u00eddeos, el soporte m\u00f3vil es resistente, flexible y f\u00e1cil de colocar. Se fija al atril o al escritorio, manteniendo la pantalla en el \u00e1ngulo perfecto para tocar, aprender o grabar.<\/p>\n<p class=\"\" data-start=\"1286\" data-end=\"1349\">\ud83d\udd17 <a class=\"\" href=\"https:\/\/odiseimusic.com\/es\/productos\/soporte-movil\/\" target=\"_blank\" rel=\"noopener\" data-start=\"1289\" data-end=\"1349\">Seguir leyendo<\/a><\/p>","protected":false},"excerpt":{"rendered":"<p><span style=\"font-weight: 400;\">Este paquete est\u00e1 pensado para estudiantes serios y profesores dedicados. El Travel Sax te ofrece una experiencia de juego realista y silenciosa, ideal para practicar concentrado en cualquier lugar. El soporte de viaje mejora tu comodidad y postura, mientras que el soporte m\u00f3vil te ayuda a mantenerte conectado durante las clases online o las sesiones de estudio. Una gran configuraci\u00f3n para un progreso estructurado sin l\u00edmites.<\/span><\/p>","protected":false},"featured_media":33892,"comment_status":"closed","ping_status":"closed","template":"","meta":[],"product_brand":[],"product_cat":[2414,2984,2674],"product_tag":[],"class_list":{"0":"post-33884","1":"product","2":"type-product","3":"status-publish","4":"has-post-thumbnail","6":"product_cat-accessory","7":"product_cat-bundles","8":"product_cat-travel-sax","10":"first","11":"instock","12":"sale","13":"taxable","14":"shipping-taxable","15":"purchasable","16":"product-type-variable"},"meta_box":{"page_countdown":{"countdowntitle":"Limited Black Friday Offer","count_down_image":"36749","countdownbuttontext":"Save 100\u20ac NOW","count_down_ending_date":"2025-12-02 00:00","count_down_url":"https:\/\/odiseimusic.com\/products\/om-bundle-ts-accessory-pack-earphones\/"},"country_restriction":"USA","usa_restriction":{"rest_btn_text":"Buy at Sweetwater","btn_url_rest":"https:\/\/www.sweetwater.com\/store\/detail\/TravelSax2Bun--odisei-music-travel-sax-2-wind-synth-controller-with-accessory-pack?utm_source=odiseimusic&utm_medium=web&utm_campaign=odiseimusic"},"faqs_group":[]},"_links":{"self":[{"href":"https:\/\/odiseimusic.com\/es\/wp-json\/wp\/v2\/product\/33884","targetHints":{"allow":["GET"]}}],"collection":[{"href":"https:\/\/odiseimusic.com\/es\/wp-json\/wp\/v2\/product"}],"about":[{"href":"https:\/\/odiseimusic.com\/es\/wp-json\/wp\/v2\/types\/product"}],"replies":[{"embeddable":true,"href":"https:\/\/odiseimusic.com\/es\/wp-json\/wp\/v2\/comments?post=33884"}],"wp:featuredmedia":[{"embeddable":true,"href":"https:\/\/odiseimusic.com\/es\/wp-json\/wp\/v2\/media\/33892"}],"wp:attachment":[{"href":"https:\/\/odiseimusic.com\/es\/wp-json\/wp\/v2\/media?parent=33884"}],"wp:term":[{"taxonomy":"product_brand","embeddable":true,"href":"https:\/\/odiseimusic.com\/es\/wp-json\/wp\/v2\/product_brand?post=33884"},{"taxonomy":"product_cat","embeddable":true,"href":"https:\/\/odiseimusic.com\/es\/wp-json\/wp\/v2\/product_cat?post=33884"},{"taxonomy":"product_tag","embeddable":true,"href":"https:\/\/odiseimusic.com\/es\/wp-json\/wp\/v2\/product_tag?post=33884"}],"curies":[{"name":"wp","href":"https:\/\/api.w.org\/{rel}","templated":true}]}}