{"id":3427,"date":"2021-02-16T12:47:27","date_gmt":"2021-02-16T11:47:27","guid":{"rendered":"https:\/\/odisei.presspulp.com\/?post_type=product&#038;p=3427"},"modified":"2025-11-21T16:34:34","modified_gmt":"2025-11-21T15:34:34","slug":"cuello-de-la-boquilla","status":"publish","type":"product","link":"https:\/\/odiseimusic.com\/es\/products\/mouthpiece-neck\/","title":{"rendered":"Cuello de la boquilla (Travel Sax 2)"},"content":{"rendered":"<div>\n<h6><strong>\u00bfCu\u00e1l debes utilizar?<\/strong><\/h6>\n<p>El cuello de la boquilla, el extensor de cuello y una boquilla especial se han dise\u00f1ado para aumentar la ergonom\u00eda y personalizar tu Travel Sax. Se pueden acoplar entre s\u00ed, hasta 3 accesorios juntos, para mejorar tu postura de pr\u00e1ctica.<\/p>\n<\/div>\n<p><iframe loading=\"lazy\" title=\"Accesorios Travel Sax - \u00bfCu\u00e1l debo utilizar?\" width=\"500\" height=\"281\" src=\"https:\/\/www.youtube.com\/embed\/e4N3Zt_KFbg?feature=oembed\" frameborder=\"0\" allow=\"accelerometer; autoplay; clipboard-write; encrypted-media; gyroscope; picture-in-picture; web-share\" referrerpolicy=\"strict-origin-when-cross-origin\" allowfullscreen><\/iframe><\/p>\n<div>\n<p>Todos los accesorios del Travel Sax se fabrican mediante moldeo por inyecci\u00f3n, pero la boquilla Odisei es una pieza impresa en 3D debido a su compleja geometr\u00eda.<\/p>\n<p style=\"text-align: left;\"><a class=\"button\" href=\"\/es\/tienda\/\">Ver m\u00e1s accesorios<\/a><\/p>\n<\/div>\n<p>&nbsp;<\/p>\n<div>\n<h6><strong>Paquete de accesorios<\/strong><\/h6>\n<p>Todos los accesorios pueden adquirirse por separado o en un paquete. El paquete de accesorios incluye: el cuello curvo, el cuello extensor y la boquilla. Tambi\u00e9n puedes a\u00f1adir un juego de llaves adicional si quieres personalizar a\u00fan m\u00e1s tu Travel Sax.<\/p>\n<p style=\"text-align: left;\"><a class=\"button\" href=\"\/es\/productos\/paquete-de-accesorios-saxo-de-viaje-2\/\">Consigue el pack<\/a><\/p>\n<\/div>\n<p>&nbsp;<\/p>\n<div>\n<h6><strong>\u00bfCu\u00e1l es el plazo de entrega?<\/strong><\/h6>\n<p>Dependiendo de las existencias que tengamos en ese momento, el plazo de entrega puede ser de aproximadamente <strong>4-5 d\u00edas laborables <\/strong>despu\u00e9s de la compra de tu Travel Sax. Puedes ponerte en contacto con nosotros para obtener m\u00e1s informaci\u00f3n.<\/p>\n<p>Lee atentamente el <strong>Detalles importantes<\/strong> secci\u00f3n instrucciones.<\/p>\n<p>&nbsp;<\/p>\n<\/div>","protected":false},"excerpt":{"rendered":"<p>El cuello de la boquilla dar\u00e1 un \u00e1ngulo diferente a tu boquilla al tocar, dejando que tus hombros descansen en una posici\u00f3n m\u00e1s c\u00f3moda que te permitir\u00e1 tocar durante m\u00e1s horas. Este accesorio est\u00e1 fabricado con tecnolog\u00eda impresa en 3D.<\/p>","protected":false},"featured_media":15389,"comment_status":"open","ping_status":"closed","template":"","meta":[],"product_brand":[],"product_cat":[2414,2677],"product_tag":[2981],"class_list":{"0":"post-3427","1":"product","2":"type-product","3":"status-publish","4":"has-post-thumbnail","6":"product_cat-accessory","7":"product_cat-odiseimusic-product","8":"product_tag-travel-sax","10":"first","11":"instock","12":"purchasable","13":"product-type-simple"},"meta_box":{"page_countdown":[],"country_restriction":"USA","usa_restriction":{"rest_btn_text":"Buy on Sweetwater","btn_url_rest":"https:\/\/www.sweetwater.com\/store\/detail\/TSAccsPk--odisei-music-travel-sax-2-accessory-pack?utm_source=odiseimusic&utm_medium=web&utm_campaign=odiseimusic"},"faqs_group":[]},"_links":{"self":[{"href":"https:\/\/odiseimusic.com\/es\/wp-json\/wp\/v2\/product\/3427","targetHints":{"allow":["GET"]}}],"collection":[{"href":"https:\/\/odiseimusic.com\/es\/wp-json\/wp\/v2\/product"}],"about":[{"href":"https:\/\/odiseimusic.com\/es\/wp-json\/wp\/v2\/types\/product"}],"replies":[{"embeddable":true,"href":"https:\/\/odiseimusic.com\/es\/wp-json\/wp\/v2\/comments?post=3427"}],"wp:featuredmedia":[{"embeddable":true,"href":"https:\/\/odiseimusic.com\/es\/wp-json\/wp\/v2\/media\/15389"}],"wp:attachment":[{"href":"https:\/\/odiseimusic.com\/es\/wp-json\/wp\/v2\/media?parent=3427"}],"wp:term":[{"taxonomy":"product_brand","embeddable":true,"href":"https:\/\/odiseimusic.com\/es\/wp-json\/wp\/v2\/product_brand?post=3427"},{"taxonomy":"product_cat","embeddable":true,"href":"https:\/\/odiseimusic.com\/es\/wp-json\/wp\/v2\/product_cat?post=3427"},{"taxonomy":"product_tag","embeddable":true,"href":"https:\/\/odiseimusic.com\/es\/wp-json\/wp\/v2\/product_tag?post=3427"}],"curies":[{"name":"wp","href":"https:\/\/api.w.org\/{rel}","templated":true}]}}