{"id":36744,"date":"2025-11-25T10:37:21","date_gmt":"2025-11-25T09:37:21","guid":{"rendered":"https:\/\/odiseimusic.com\/?post_type=product&#038;p=36744"},"modified":"2025-12-02T10:51:54","modified_gmt":"2025-12-02T09:51:54","slug":"om-bundle-tc-paquete-de-accesorios-auriculares","status":"publish","type":"product","link":"https:\/\/odiseimusic.com\/es\/products\/om-bundle-tc-accessory-pack-earphones\/","title":{"rendered":"Travel Clarinet + Acc. + Auriculares (Paquete de m\u00fasica)"},"content":{"rendered":"<h3 class=\"\" data-start=\"105\" data-end=\"126\">Travel Clarinet<\/h3>\n<p class=\"\" data-start=\"127\" data-end=\"541\">El Travel Clarinet es uno de los clarinetes electr\u00f3nicos m\u00e1s peque\u00f1os y ligeros del mundo, dise\u00f1ado para practicar en silencio y ser port\u00e1til. Con posiciones reales de las teclas del clarinete y funciones MIDI Bluetooth, te permite practicar en cualquier momento y lugar, sin molestar a los dem\u00e1s. Tanto si est\u00e1s calentando entre bastidores como improvisando en casa, el Travel Clarinet te ofrece una experiencia de interpretaci\u00f3n completa en un formato compacto y f\u00e1cil de transportar.<\/p>\n<p class=\"\" data-start=\"543\" data-end=\"605\">\ud83d\udd17 <a class=\"\" href=\"https:\/\/odiseimusic.com\/es\/productos\/travel-sax-2\/\" target=\"_blank\" rel=\"noopener\" data-start=\"546\" data-end=\"605\">Seguir leyendo<\/a><\/p>\n<hr class=\"\" data-start=\"607\" data-end=\"610\" \/>\n<h3 class=\"\" data-start=\"612\" data-end=\"631\">Paquete de accesorios<\/h3>\n<div id=\"brxe-txjxxl\" class=\"brxe-product-short-description\">\n<div class=\"woocommerce-product-details__short-description\">\n<p>\u00a1El accesorio imprescindible para tu Travel Sax 2! Perfecciona tu postura y juega c\u00f3modamente en cualquier lugar. Mezcla sus 3 adaptadores para conseguir tu configuraci\u00f3n ideal. Es nuestro accesorio m\u00e1s vendido, una vez que lo pruebes, \u00a1nunca jugar\u00e1s sin \u00e9l!<\/p>\n<\/div>\n<\/div>\n<p class=\"\" data-start=\"940\" data-end=\"1000\">\ud83d\udd17 <a class=\"\" href=\"https:\/\/odiseimusic.com\/es\/productos\/paquete-de-accesorios-tc\/\" target=\"_blank\" rel=\"noopener\" data-start=\"943\" data-end=\"1000\">Seguir leyendo<\/a><\/p>\n<hr class=\"\" data-start=\"1002\" data-end=\"1005\" \/>\n<h3 class=\"\" data-start=\"1007\" data-end=\"1029\">Auriculares<\/h3>\n<div id=\"brxe-txjxxl\" class=\"brxe-product-short-description\">\n<div class=\"woocommerce-product-details__short-description\">\n<p>Los auriculares Odisei Music son la soluci\u00f3n perfecta para escuchar tu instrumento con una calidad excelente. Estos auriculares ofrecen una calidad de sonido excepcional en todas las gamas de frecuencias, consiguiendo una calidad tonal equilibrada en todas las frecuencias, tanto en t\u00e9rminos de especificaciones como a trav\u00e9s de pruebas con equipos.<\/p>\n<\/div>\n<\/div>\n<p class=\"\" data-start=\"1286\" data-end=\"1349\">\ud83d\udd17 <a class=\"\" href=\"https:\/\/odiseimusic.com\/es\/productos\/auriculares-odisei-music-2\/\" target=\"_blank\" rel=\"noopener\" data-start=\"1289\" data-end=\"1349\">Seguir leyendo<\/a><\/p>","protected":false},"excerpt":{"rendered":"<p><span style=\"font-weight: 400;\">Dise\u00f1ado para jugadores que exigen lo mejor en flexibilidad y control del sonido. Este paquete incluye todo lo que necesitas para una experiencia de pr\u00e1ctica o grabaci\u00f3n envolvente y profesional. Los auriculares ofrecen un sonido detallado y de alta calidad, y el soporte de viaje garantiza la estabilidad durante las sesiones intensas. Tanto si est\u00e1s componiendo, grabando o ensayando, el Travel Clarinet se adapta perfectamente a tu flujo de trabajo creativo.<\/span><\/p>","protected":false},"featured_media":36746,"comment_status":"closed","ping_status":"closed","template":"","meta":[],"product_brand":[],"product_cat":[2414,2926,2674],"product_tag":[],"class_list":{"0":"post-36744","1":"product","2":"type-product","3":"status-publish","4":"has-post-thumbnail","6":"product_cat-accessory","7":"product_cat-travel-clarinet","8":"product_cat-travel-sax","10":"first","11":"instock","12":"sale","13":"taxable","14":"shipping-taxable","15":"purchasable","16":"product-type-simple"},"meta_box":{"page_countdown":{"countdowntitle":"Limited Time to SAVE 100\u20ac","count_down_ending_date":"2025-12-02 00:00"},"country_restriction":"No","usa_restriction":{"rest_btn_text":"Buy at Sweetwater","btn_url_rest":"https:\/\/www.sweetwater.com\/store\/detail\/TravelSax2--odisei-music-travel-sax-2-wind-synth-controller?utm_source=odiseimusic&utm_medium=web&utm_campaign=odiseimusic"},"faqs_group":[]},"_links":{"self":[{"href":"https:\/\/odiseimusic.com\/es\/wp-json\/wp\/v2\/product\/36744","targetHints":{"allow":["GET"]}}],"collection":[{"href":"https:\/\/odiseimusic.com\/es\/wp-json\/wp\/v2\/product"}],"about":[{"href":"https:\/\/odiseimusic.com\/es\/wp-json\/wp\/v2\/types\/product"}],"replies":[{"embeddable":true,"href":"https:\/\/odiseimusic.com\/es\/wp-json\/wp\/v2\/comments?post=36744"}],"wp:featuredmedia":[{"embeddable":true,"href":"https:\/\/odiseimusic.com\/es\/wp-json\/wp\/v2\/media\/36746"}],"wp:attachment":[{"href":"https:\/\/odiseimusic.com\/es\/wp-json\/wp\/v2\/media?parent=36744"}],"wp:term":[{"taxonomy":"product_brand","embeddable":true,"href":"https:\/\/odiseimusic.com\/es\/wp-json\/wp\/v2\/product_brand?post=36744"},{"taxonomy":"product_cat","embeddable":true,"href":"https:\/\/odiseimusic.com\/es\/wp-json\/wp\/v2\/product_cat?post=36744"},{"taxonomy":"product_tag","embeddable":true,"href":"https:\/\/odiseimusic.com\/es\/wp-json\/wp\/v2\/product_tag?post=36744"}],"curies":[{"name":"wp","href":"https:\/\/api.w.org\/{rel}","templated":true}]}}