{"id":11618,"date":"2022-09-02T18:39:11","date_gmt":"2022-09-02T16:39:11","guid":{"rendered":"https:\/\/odisei.presspulp.com\/?page_id=11618"},"modified":"2025-11-11T09:40:35","modified_gmt":"2025-11-11T08:40:35","slug":"demarrer-ts2","status":"publish","type":"page","link":"https:\/\/odiseimusic.com\/fr\/get-started-ts2\/","title":{"rendered":"Commence"},"content":{"rendered":"<h3 class=\"wp-block-heading\">Nous avons cr\u00e9\u00e9 une s\u00e9rie de vid\u00e9os pour te montrer comment profiter pleinement de ton Travel Sax et commencer par apprendre \u00e0 le faire fonctionner et \u00e0 l'entretenir. <\/h3>\n\n\n\n<div style=\"height:100px\" aria-hidden=\"true\" class=\"wp-block-spacer\"><\/div>\n\n\n\n<div class=\"wp-block-columns is-layout-flex wp-container-core-columns-is-layout-9d6595d7 wp-block-columns-is-layout-flex\">\n<div class=\"wp-block-column is-layout-flow wp-block-column-is-layout-flow\">\n<div class=\"wp-block-group j_padding_xl\"><div class=\"wp-block-group__inner-container is-layout-constrained wp-block-group-is-layout-constrained\">\n<h2 class=\"wp-block-heading\">Le Travel Sax<\/h2>\n\n\n\n<p>Dans cette vid\u00e9o, nous allons te montrer pas \u00e0 pas toutes les choses importantes que tu dois savoir avant de commencer \u00e0 utiliser ton Travel Sax.<\/p>\n\n\n\n<figure class=\"wp-block-embed is-type-video is-provider-youtube wp-block-embed-youtube wp-embed-aspect-16-9 wp-has-aspect-ratio\"><div class=\"wp-block-embed__wrapper\">\n<iframe loading=\"lazy\" title=\"Commence - Travel Sax\" width=\"500\" height=\"281\" src=\"https:\/\/www.youtube.com\/embed\/uoXPoEgDxxA?feature=oembed\" frameborder=\"0\" allow=\"accelerometer; autoplay; clipboard-write; encrypted-media; gyroscope; picture-in-picture; web-share\" referrerpolicy=\"strict-origin-when-cross-origin\" allowfullscreen><\/iframe>\n<\/div><\/figure>\n\n\n\n<ul class=\"wp-block-list\">\n<li>Qu'y a-t-il dans la bo\u00eete ?<\/li>\n\n\n\n<li>Prise et sortie de l'\u00e9tui<\/li>\n\n\n\n<li>Allumer et \u00e9teindre<br>L'embout<\/li>\n\n\n\n<li>Les adaptateurs d'embout<\/li>\n\n\n\n<li>Entretien<\/li>\n\n\n\n<li>Chargement<\/li>\n<\/ul>\n<\/div><\/div>\n\n\n\n<div style=\"height:32px\" aria-hidden=\"true\" class=\"wp-block-spacer\"><\/div>\n<\/div>\n\n\n\n<div class=\"wp-block-column is-layout-flow wp-block-column-is-layout-flow\">\n<div class=\"wp-block-group j_padding_xl\"><div class=\"wp-block-group__inner-container is-layout-constrained wp-block-group-is-layout-constrained\">\n<h2 class=\"wp-block-heading\">L'application<\/h2>\n\n\n\n<p>Dans cette vid\u00e9o, tu apprendras \u00e0 utiliser l'appli Travel Sax et d\u00e9couvriras toutes les fonctionnalit\u00e9s auxquelles tu auras acc\u00e8s.<\/p>\n\n\n\n<figure class=\"wp-block-embed is-type-video is-provider-youtube wp-block-embed-youtube wp-embed-aspect-16-9 wp-has-aspect-ratio\"><div class=\"wp-block-embed__wrapper\">\n<iframe loading=\"lazy\" title=\"Travel Instrument App - Tutoriel d&#039;embarquement\" width=\"500\" height=\"281\" src=\"https:\/\/www.youtube.com\/embed\/cO9N6mh90HQ?feature=oembed\" frameborder=\"0\" allow=\"accelerometer; autoplay; clipboard-write; encrypted-media; gyroscope; picture-in-picture; web-share\" referrerpolicy=\"strict-origin-when-cross-origin\" allowfullscreen><\/iframe>\n<\/div><\/figure>\n\n\n\n<ul class=\"wp-block-list\">\n<li>Connecte ton Travel Sax 2<\/li>\n\n\n\n<li>Se connecter<\/li>\n\n\n\n<li>Connexion BT<\/li>\n\n\n\n<li>Sons<\/li>\n\n\n\n<li>Favoris<\/li>\n\n\n\n<li>Muet<\/li>\n\n\n\n<li>Configuration<\/li>\n\n\n\n<li>Enregistrer<\/li>\n\n\n\n<li>Profil<br><\/li>\n<\/ul>\n<\/div><\/div>\n<\/div>\n<\/div>\n\n\n\n<h2 class=\"wp-block-heading has-text-align-center\">T\u00e9l\u00e9charger le manuel d'utilisation<\/h2>\n\n\n\n<div style=\"height:32px\" aria-hidden=\"true\" class=\"wp-block-spacer\"><\/div>\n\n\n\n<div class=\"wp-block-buttons is-content-justification-center is-layout-flex wp-container-core-buttons-is-layout-16018d1d wp-block-buttons-is-layout-flex\">\n<div class=\"wp-block-button\"><a class=\"wp-block-button__link has-background has-medium-font-size has-custom-font-size wp-element-button\" href=\"https:\/\/odiseimusic.com\/wp-content\/uploads\/2025\/11\/Travel-Sax-2-manual-ENG-2025.pdf\" style=\"border-radius:11px;background-color:#05a389\" target=\"_blank\" rel=\"noreferrer noopener\">T\u00e9l\u00e9charger<\/a><\/div>\n<\/div>\n\n\n\n<p><a href=\"https:\/\/odiseimusic.com\/wp-content\/uploads\/2025\/11\/Travel-Sax-2-manual-SP-2025.docx.pdf\" target=\"_blank\" rel=\"noreferrer noopener\">Manual de usuario (Espa\u00f1ol)<\/a><\/p>\n\n\n\n<p><a href=\"https:\/\/odiseimusic.com\/wp-content\/uploads\/2025\/11\/Travel-Sax-2-manual-DE-2025.docx.pdf\" target=\"_blank\" rel=\"noreferrer noopener\">Bedienungsanleitung (Deutsche)<\/a><\/p>\n\n\n\n<p><a href=\"https:\/\/odiseimusic.com\/wp-content\/uploads\/2025\/11\/Travel-Sax-2-manual-FR-2025.docx.pdf\" target=\"_blank\" rel=\"noreferrer noopener\">Manuel de l'utilisateur (Fran\u00e7ais)<\/a><\/p>\n\n\n\n<p><a href=\"https:\/\/odiseimusic.com\/wp-content\/uploads\/2025\/11\/Travel-Sax-2-manual-IT-2025.docx.pdf\" target=\"_blank\" rel=\"noreferrer noopener\">Manuale utente (Italiano)<\/a><\/p>\n\n\n\n<p><a href=\"https:\/\/odiseimusic.com\/wp-content\/uploads\/2025\/11\/Travel-Sax-2-manual-JP-2025.docx.pdf\" target=\"_blank\" rel=\"noreferrer noopener\">\u53d6\u6271\u8aac\u660e\u66f8 (japonais)<\/a><\/p>\n\n\n\n<p><a href=\"https:\/\/odiseimusic.com\/wp-content\/uploads\/2025\/11\/Travel-Sax-2-manual-CHINA-2025.docx.pdf\" target=\"_blank\" data-type=\"link\" data-id=\"https:\/\/odiseimusic.com\/wp-content\/uploads\/2025\/05\/Travel-Sax-2-manual-CHINA-2025.pdf\" rel=\"noreferrer noopener\">\u7528\u6237\u624b\u518c (chinois)<\/a><\/p>\n\n\n\n<p><a href=\"https:\/\/odiseimusic.com\/wp-content\/uploads\/2025\/11\/Travel-Sax-2-manual-NL-2025.docx.pdf\" target=\"_blank\" rel=\"noreferrer noopener\">Gebruikershandleiding (N\u00e9erlandais)<\/a><\/p>\n\n\n\n<p><a href=\"https:\/\/odiseimusic.com\/wp-content\/uploads\/2025\/11\/Travel-Sax-2-manual-PORTUG-2025.docx.pdf\" target=\"_blank\" rel=\"noreferrer noopener\">Manual do utilizador (Portugal)<\/a><\/p>\n\n\n\n<div style=\"height:100px\" aria-hidden=\"true\" class=\"wp-block-spacer\"><\/div>\n\n\n\n<div class=\"wp-block-columns is-layout-flex wp-container-core-columns-is-layout-9d6595d7 wp-block-columns-is-layout-flex\">\n<div class=\"wp-block-column is-layout-flow wp-block-column-is-layout-flow\">\n<h2 class=\"wp-block-heading\">Joue sur le pouce !<\/h2>\n\n\n\n<div style=\"height:32px\" aria-hidden=\"true\" class=\"wp-block-spacer\"><\/div>\n\n\n\n<h3 class=\"wp-block-heading\">Plus de fonctions. Plus puissant.<\/h3>\n\n\n\n<div style=\"height:32px\" aria-hidden=\"true\" class=\"wp-block-spacer\"><\/div>\n\n\n\n<ul class=\"wp-block-list\">\n<li>Choisis parmi plus de 70 sons diff\u00e9rents.<\/li>\n\n\n\n<li>Applique, modifie les effets sonores et personnalise les sons.<\/li>\n\n\n\n<li>Personnalise ton propre finguering personnalis\u00e9.<\/li>\n\n\n\n<li>Fais le suivi de ta routine d'entra\u00eenement quotidienne et hebdomadaire.<\/li>\n<\/ul>\n\n\n\n<div style=\"height:47px\" aria-hidden=\"true\" class=\"wp-block-spacer\"><\/div>\n\n\n\n<p>Disponible d\u00e8s maintenant sur l'Apple Store et Google Play.<\/p>\n\n\n\n<div style=\"height:32px\" aria-hidden=\"true\" class=\"wp-block-spacer\"><\/div>\n\n\n\n<div class=\"wp-block-columns is-layout-flex wp-container-core-columns-is-layout-9d6595d7 wp-block-columns-is-layout-flex\">\n<div class=\"wp-block-column is-layout-flow wp-block-column-is-layout-flow\">\n<figure class=\"wp-block-image\"><a href=\"https:\/\/apps.apple.com\/us\/app\/travelsax-2\/id1643520077\" target=\"_blank\" rel=\"noopener\"><img decoding=\"async\" src=\"https:\/\/odiseimusic.com\/wp-content\/uploads\/2022\/09\/AppStore.webp\" alt=\"\"\/><\/a><\/figure>\n<\/div>\n\n\n\n<div class=\"wp-block-column is-layout-flow wp-block-column-is-layout-flow\">\n<figure class=\"wp-block-image\"><a href=\"https:\/\/play.google.com\/store\/apps\/details?id=com.travelsaxv2&amp;hl=en\" target=\"_blank\" rel=\"noopener\"><img decoding=\"async\" src=\"https:\/\/odiseimusic.com\/wp-content\/uploads\/2022\/09\/Google-Play.webp\" alt=\"\"\/><\/a><\/figure>\n<\/div>\n<\/div>\n<\/div>\n\n\n\n<div class=\"wp-block-column is-layout-flow wp-block-column-is-layout-flow\">\n<figure class=\"wp-block-image\"><img decoding=\"async\" src=\"https:\/\/odiseimusic.com\/wp-content\/uploads\/2022\/10\/travel-sax-2-app-1.png\" alt=\"\"\/><\/figure>\n<\/div>\n<\/div>","protected":false},"excerpt":{"rendered":"<p>We have created a serie of videos to show you how to take full advantage of your Travel Sax and get started by learning how to operate and maintain it. The Travel Sax In this video we will show you step by step all the important things you should know before starting to use your [&hellip;]<\/p>\n","protected":false},"author":197381732,"featured_media":0,"parent":0,"menu_order":0,"comment_status":"closed","ping_status":"closed","template":"","meta":{"footnotes":""},"page-type":[],"class_list":["post-11618","page","type-page","status-publish","hentry"],"meta_box":{"page_countdown":[],"lp_faq":[],"image_vert":[],"image_hori":[],"h_larg_product_slider":[]},"_links":{"self":[{"href":"https:\/\/odiseimusic.com\/fr\/wp-json\/wp\/v2\/pages\/11618","targetHints":{"allow":["GET"]}}],"collection":[{"href":"https:\/\/odiseimusic.com\/fr\/wp-json\/wp\/v2\/pages"}],"about":[{"href":"https:\/\/odiseimusic.com\/fr\/wp-json\/wp\/v2\/types\/page"}],"author":[{"embeddable":true,"href":"https:\/\/odiseimusic.com\/fr\/wp-json\/wp\/v2\/users\/197381732"}],"replies":[{"embeddable":true,"href":"https:\/\/odiseimusic.com\/fr\/wp-json\/wp\/v2\/comments?post=11618"}],"version-history":[{"count":0,"href":"https:\/\/odiseimusic.com\/fr\/wp-json\/wp\/v2\/pages\/11618\/revisions"}],"wp:attachment":[{"href":"https:\/\/odiseimusic.com\/fr\/wp-json\/wp\/v2\/media?parent=11618"}],"wp:term":[{"taxonomy":"page-type","embeddable":true,"href":"https:\/\/odiseimusic.com\/fr\/wp-json\/wp\/v2\/page-type?post=11618"}],"curies":[{"name":"wp","href":"https:\/\/api.w.org\/{rel}","templated":true}]}}