{"id":11622,"date":"2022-09-02T18:46:09","date_gmt":"2022-09-02T16:46:09","guid":{"rendered":"https:\/\/odisei.presspulp.com\/?page_id=11622"},"modified":"2025-04-28T08:37:09","modified_gmt":"2025-04-28T06:37:09","slug":"contact","status":"publish","type":"page","link":"https:\/\/odiseimusic.com\/fr\/contact\/","title":{"rendered":"Contact"},"content":{"rendered":"<div class=\"wp-block-columns is-layout-flex wp-container-core-columns-is-layout-9d6595d7 wp-block-columns-is-layout-flex\">\n<div class=\"wp-block-column is-layout-flow wp-block-column-is-layout-flow\">\n<h2 class=\"wp-block-heading\">Chat \u00e0 l'assistance<\/h2>\n\n\n\n<p>Nous sommes l\u00e0 pour t'aider<\/p>\n\n\n\n<p><a href=\"mailto:support@odiseimusic.com\" target=\"_blank\" rel=\"noreferrer noopener\">support@odiseimusic.com<\/a> ou <a href=\"https:\/\/wa.me\/+34649108959\" target=\"_blank\" rel=\"noreferrer noopener\" data-type=\"link\" data-id=\"https:\/\/wa.me\/+34649108959\">Chat sur whatsapp<\/a>.<\/p>\n<\/div>\n\n\n\n<div class=\"wp-block-column is-layout-flow wp-block-column-is-layout-flow\">\n<h2 class=\"wp-block-heading\">Appelle-nous<\/h2>\n\n\n\n<p>Du lundi au vendredi de 8h \u00e0 17h.<\/p>\n\n\n\n<p>+34 649 108 959<\/p>\n<\/div>\n\n\n\n<div class=\"wp-block-column is-layout-flow wp-block-column-is-layout-flow\">\n<h2 class=\"wp-block-heading\">Trouve-nous<\/h2>\n\n\n\n<p>Carretera del mig 95-97,<br>Planta 1, Porta D<br>08907 L'Hospitalet del Llobregat, Barcelone (Espagne)<\/p>\n\n\n\n<p><a href=\"https:\/\/maps.app.goo.gl\/4LrgR1cp23wVgafH8\" target=\"_blank\" rel=\"noreferrer noopener\" data-type=\"link\" data-id=\"https:\/\/maps.app.goo.gl\/4LrgR1cp23wVgafH8\">ouvrir dans les cartes<\/a><\/p>\n<\/div>\n<\/div>\n\n\n\n<div style=\"height:100px\" aria-hidden=\"true\" class=\"wp-block-spacer\"><\/div>\n\n\n\n<div class=\"wp-block-columns is-layout-flex wp-container-core-columns-is-layout-9d6595d7 wp-block-columns-is-layout-flex\">\n<div class=\"wp-block-column is-vertically-aligned-center is-layout-flow wp-block-column-is-layout-flow\">\n<h2 class=\"wp-block-heading has-text-align-center\">R\u00e9serve une d\u00e9mo !<\/h2>\n\n\n\n<p class=\"has-text-align-center\">15 min R\u00e9union rapide<\/p>\n\n\n\n<div class=\"wp-block-buttons is-content-justification-center is-layout-flex wp-container-core-buttons-is-layout-16018d1d wp-block-buttons-is-layout-flex\">\n<div class=\"wp-block-button\"><a class=\"wp-block-button__link has-white-color has-text-color has-background has-link-color has-text-align-center wp-element-button\" href=\"https:\/\/odiseimusic.com\/fr\/planifie-une-demo\/\" style=\"background-color:#05a389\">R\u00e9server<\/a><\/div>\n<\/div>\n<\/div>\n\n\n\n<div class=\"wp-block-column is-layout-flow wp-block-column-is-layout-flow\">\n<figure class=\"wp-block-image\"><img decoding=\"async\" src=\"https:\/\/odiseimusic.com\/wp-content\/uploads\/2022\/10\/holding-sax.png\" alt=\"\"\/><\/figure>\n<\/div>\n<\/div>\n\n\n\n<div class=\"wp-block-columns is-layout-flex wp-container-core-columns-is-layout-9d6595d7 wp-block-columns-is-layout-flex\">\n<div class=\"wp-block-column is-layout-flow wp-block-column-is-layout-flow\">\n<h2 class=\"wp-block-heading\">Odisei Music S.L.<\/h2>\n\n\n\n<p>Docteur Murillo 10,<br>08172 Sant Cugat del Vall\u00e8s, Barcelone (Espagne)<\/p>\n\n\n\n<p>T\u00e9l\u00e9phone : <a href=\"phone:+34649108959\">+34 649 108 959<\/a><\/p>\n<\/div>\n\n\n\n<div class=\"wp-block-column is-layout-flow wp-block-column-is-layout-flow\">\n<p><a href=\"https:\/\/wa.me\/+34649108959\" target=\"_blank\" rel=\"noreferrer noopener\">Whatsapp<\/a><a href=\"https:\/\/www.facebook.com\/odiseimusic\" target=\"_blank\" rel=\"noreferrer noopener\"><br>Facebook<\/a><a href=\"https:\/\/www.linkedin.com\/company\/odisei-music\" target=\"_blank\" rel=\"noreferrer noopener\"><br>Linkedin<\/a><a href=\"https:\/\/www.youtube.com\/channel\/UCsWGkt_yOLwP2UFnTCAhyag\" target=\"_blank\" rel=\"noreferrer noopener\"><br>Youtube<\/a><a href=\"https:\/\/www.instagram.com\/odiseimusic\" target=\"_blank\" rel=\"noreferrer noopener\"><br>Instagram<\/a><a href=\"https:\/\/wa.me\/+34649108959\" target=\"_blank\" rel=\"noreferrer noopener\"><br>Spotify<\/a><\/p>\n<\/div>\n<\/div>\n\n\n\n<div style=\"height:100px\" aria-hidden=\"true\" class=\"wp-block-spacer\"><\/div>\n\n\n\n<h2 class=\"wp-block-heading\">T\u00e9l\u00e9chargements<\/h2>\n\n\n\n<h3 class=\"wp-block-heading\">As-tu un Travel Sax 1 ?<\/h3>\n\n\n\n<p>T\u00e9l\u00e9charge l'application andro\u00efde<\/p>","protected":false},"excerpt":{"rendered":"<p>Chat to support We are here to help support@odiseimusic.com or Chat on whatsapp. Call us Monday to Friday from 8am to 5pm. +34 649 108 959 Find us Carretera del mig&nbsp;95-97,Planta 1, Porta D08907 L&#8217;Hospitalet del Llobregat, Barcelona (Spain) open in maps Book a demo! 15 min Quick Meeting Odisei Music S.L. Doctor Murillo 10,08172 [&hellip;]<\/p>\n","protected":false},"author":197381732,"featured_media":0,"parent":0,"menu_order":0,"comment_status":"closed","ping_status":"closed","template":"","meta":{"footnotes":""},"page-type":[],"class_list":["post-11622","page","type-page","status-publish","hentry"],"meta_box":{"page_countdown":[],"lp_faq":[],"image_vert":[],"image_hori":[],"h_larg_product_slider":[]},"_links":{"self":[{"href":"https:\/\/odiseimusic.com\/fr\/wp-json\/wp\/v2\/pages\/11622","targetHints":{"allow":["GET"]}}],"collection":[{"href":"https:\/\/odiseimusic.com\/fr\/wp-json\/wp\/v2\/pages"}],"about":[{"href":"https:\/\/odiseimusic.com\/fr\/wp-json\/wp\/v2\/types\/page"}],"author":[{"embeddable":true,"href":"https:\/\/odiseimusic.com\/fr\/wp-json\/wp\/v2\/users\/197381732"}],"replies":[{"embeddable":true,"href":"https:\/\/odiseimusic.com\/fr\/wp-json\/wp\/v2\/comments?post=11622"}],"version-history":[{"count":0,"href":"https:\/\/odiseimusic.com\/fr\/wp-json\/wp\/v2\/pages\/11622\/revisions"}],"wp:attachment":[{"href":"https:\/\/odiseimusic.com\/fr\/wp-json\/wp\/v2\/media?parent=11622"}],"wp:term":[{"taxonomy":"page-type","embeddable":true,"href":"https:\/\/odiseimusic.com\/fr\/wp-json\/wp\/v2\/page-type?post=11622"}],"curies":[{"name":"wp","href":"https:\/\/api.w.org\/{rel}","templated":true}]}}