{"id":13109,"date":"2022-09-21T12:02:11","date_gmt":"2022-09-21T10:02:11","guid":{"rendered":"https:\/\/odisei.presspulp.com\/?page_id=13109"},"modified":"2025-02-14T09:54:03","modified_gmt":"2025-02-14T08:54:03","slug":"rejoindre-notre-equipe","status":"publish","type":"page","link":"https:\/\/odiseimusic.com\/fr\/join-our-team\/","title":{"rendered":"Rejoins notre \u00e9quipe"},"content":{"rendered":"<div style=\"height:96px\" aria-hidden=\"true\" class=\"wp-block-spacer\"><\/div>\n\n\n\n<h2 class=\"wp-block-heading has-text-align-center has-text-color has-link-color has-x-large-font-size wp-elements-0696ee5869f30431ffd927be384d0914\" style=\"color:#eeeded\">Es-tu, comme nous, un fan de technologie musicale ?<\/h2>\n\n\n\n<div style=\"height:96px\" aria-hidden=\"true\" class=\"wp-block-spacer\"><\/div>\n\n\n\n<div class=\"wp-block-columns is-layout-flex wp-container-core-columns-is-layout-9d6595d7 wp-block-columns-is-layout-flex\">\n<div class=\"wp-block-column is-layout-flow wp-block-column-is-layout-flow\">\n<div class=\"wp-block-group j_padding_xl o-radius-xl has-text-color has-background has-link-color wp-elements-31fc119dccd25a0cb4a0aa89943c42e7\" style=\"color:#222626;background-color:#eeeded\"><div class=\"wp-block-group__inner-container is-layout-constrained wp-block-group-is-layout-constrained\">\n<h2 class=\"wp-block-heading has-text-align-center has-large-font-size\">Rejoins l'\u00e9quipe<\/h2>\n\n\n\n<div style=\"height:24px\" aria-hidden=\"true\" class=\"wp-block-spacer\"><\/div>\n\n\n\n<p><strong>Nous recherchons des personnes talentueuses qui souhaitent rejoindre une entreprise agile et en pleine croissance. Nous ouvrirons de nouveaux postes tr\u00e8s prochainement.<\/strong><\/p>\n\n\n\n<div style=\"height:24px\" aria-hidden=\"true\" class=\"wp-block-spacer\"><\/div>\n\n\n\n<p>Ce que nous recherchons :<\/p>\n\n\n\n<ul class=\"wp-block-list\">\n<li>Attitude positive&nbsp;<\/li>\n\n\n\n<li>Esprit d'\u00e9quipe<\/li>\n\n\n\n<li>Proactive<\/li>\n\n\n\n<li>Travaille dur<\/li>\n\n\n\n<li>Bonnes comp\u00e9tences en mati\u00e8re de planification<\/li>\n\n\n\n<li>R\u00e9flexion analytique<\/li>\n\n\n\n<li>Flexible<\/li>\n\n\n\n<li>Calme sous la pression<\/li>\n\n\n\n<li>Efficace<\/li>\n<\/ul>\n\n\n\n<div style=\"height:24px\" aria-hidden=\"true\" class=\"wp-block-spacer\"><\/div>\n\n\n\n<h2 class=\"wp-block-heading has-text-align-center\">Ecris-nous un email \u00e0 et nous pourrons organiser une rencontre rapide !<\/h2>\n\n\n\n<div style=\"height:24px\" aria-hidden=\"true\" class=\"wp-block-spacer\"><\/div>\n\n\n\n<div class=\"wp-block-buttons is-content-justification-center is-layout-flex wp-container-core-buttons-is-layout-16018d1d wp-block-buttons-is-layout-flex\">\n<div class=\"wp-block-button has-custom-font-size has-medium-font-size\"><a class=\"wp-block-button__link has-background wp-element-button\" href=\"mailto:ramon@odiseimusic.com\" style=\"border-radius:11px;background-color:#05a389\" target=\"_blank\" rel=\"noreferrer noopener\">Contact<\/a><\/div>\n<\/div>\n<\/div><\/div>\n<\/div>\n\n\n\n<div class=\"wp-block-column is-layout-flow wp-block-column-is-layout-flow\">\n<div class=\"wp-block-group j_padding_xl o-radius-xl o-h-full has-text-color has-background has-link-color wp-elements-a55dd04c4b5f48a9ea8a0eb175ab194a\" style=\"color:#222626;background-color:#eeeded\"><div class=\"wp-block-group__inner-container is-layout-constrained wp-block-group-is-layout-constrained\">\n<h2 class=\"wp-block-heading has-text-align-center has-large-font-size\">Deviens un parrain<\/h2>\n\n\n\n<div style=\"height:24px\" aria-hidden=\"true\" class=\"wp-block-spacer\"><\/div>\n\n\n\n<p><strong>Devenir un endosseur d'Odisei Music signifie que tu repr\u00e9senteras notre marque aupr\u00e8s de ta communaut\u00e9 et sur tes comptes de m\u00e9dias sociaux en montrant le produit et en cr\u00e9ant du contenu pour tes spectateurs.<\/strong><\/p>\n\n\n\n<div style=\"height:72px\" aria-hidden=\"true\" class=\"wp-block-spacer\"><\/div>\n\n\n\n<p>Quels sont les avantages ?<\/p>\n\n\n\n<ul class=\"wp-block-list\">\n<li>Obtiens un Travel Sax avec un<strong>&nbsp;r\u00e9duction sp\u00e9ciale<\/strong>.<\/li>\n\n\n\n<li>Fais partie de notre&nbsp;<strong>b\u00eata<\/strong>&nbsp;<strong>programme des testeurs<\/strong>.<\/li>\n\n\n\n<li>Tu recevras un<strong>&nbsp;bonus<\/strong>&nbsp;pour chaque Travel Sax vendu en utilisant ton<strong>&nbsp;code de l'endosseur<\/strong>&nbsp;dans notre site Internet.<\/li>\n<\/ul>\n\n\n\n<div style=\"height:24px\" aria-hidden=\"true\" class=\"wp-block-spacer\"><\/div>\n\n\n\n<h2 class=\"wp-block-heading has-text-align-center\">Ecris-nous un email \u00e0 et nous pourrons organiser une rencontre rapide !<\/h2>\n\n\n\n<div style=\"height:24px\" aria-hidden=\"true\" class=\"wp-block-spacer\"><\/div>\n\n\n\n<div class=\"wp-block-buttons is-content-justification-center is-layout-flex wp-container-core-buttons-is-layout-16018d1d wp-block-buttons-is-layout-flex\">\n<div class=\"wp-block-button has-custom-font-size has-medium-font-size\"><a class=\"wp-block-button__link has-background wp-element-button\" href=\"mailto:ramon@odiseimusic.com\" style=\"border-radius:11px;background-color:#05a389\" target=\"_blank\" rel=\"noreferrer noopener\">Deviens un parrain<\/a><\/div>\n<\/div>\n<\/div><\/div>\n<\/div>\n<\/div>\n\n\n\n<div style=\"height:96px\" aria-hidden=\"true\" class=\"wp-block-spacer\"><\/div>","protected":false},"excerpt":{"rendered":"<p>Are you a music tech fan just like us? Join the team We are looking for talented people that want to join an agile and fast growing company. We will be opening new positions very soon. What are we looking for: Write us an email to and we can organize a quick meeting! Become an [&hellip;]<\/p>\n","protected":false},"author":197381732,"featured_media":0,"parent":0,"menu_order":0,"comment_status":"closed","ping_status":"closed","template":"","meta":{"footnotes":""},"page-type":[],"class_list":["post-13109","page","type-page","status-publish","hentry"],"meta_box":{"page_countdown":[],"lp_faq":[],"image_vert":[],"image_hori":[],"h_larg_product_slider":[]},"_links":{"self":[{"href":"https:\/\/odiseimusic.com\/fr\/wp-json\/wp\/v2\/pages\/13109","targetHints":{"allow":["GET"]}}],"collection":[{"href":"https:\/\/odiseimusic.com\/fr\/wp-json\/wp\/v2\/pages"}],"about":[{"href":"https:\/\/odiseimusic.com\/fr\/wp-json\/wp\/v2\/types\/page"}],"author":[{"embeddable":true,"href":"https:\/\/odiseimusic.com\/fr\/wp-json\/wp\/v2\/users\/197381732"}],"replies":[{"embeddable":true,"href":"https:\/\/odiseimusic.com\/fr\/wp-json\/wp\/v2\/comments?post=13109"}],"version-history":[{"count":0,"href":"https:\/\/odiseimusic.com\/fr\/wp-json\/wp\/v2\/pages\/13109\/revisions"}],"wp:attachment":[{"href":"https:\/\/odiseimusic.com\/fr\/wp-json\/wp\/v2\/media?parent=13109"}],"wp:term":[{"taxonomy":"page-type","embeddable":true,"href":"https:\/\/odiseimusic.com\/fr\/wp-json\/wp\/v2\/page-type?post=13109"}],"curies":[{"name":"wp","href":"https:\/\/api.w.org\/{rel}","templated":true}]}}