{"id":24387,"date":"2024-05-23T14:32:38","date_gmt":"2024-05-23T12:32:38","guid":{"rendered":"https:\/\/odisei.presspulp.com\/?page_id=24387"},"modified":"2025-04-08T16:51:42","modified_gmt":"2025-04-08T14:51:42","slug":"ressources","status":"publish","type":"page","link":"https:\/\/odiseimusic.com\/fr\/resources\/","title":{"rendered":"Ressources"},"content":{"rendered":"<div class=\"wp-block-columns is-layout-flex wp-container-core-columns-is-layout-9d6595d7 wp-block-columns-is-layout-flex\">\n<div class=\"wp-block-column j_padding_xl is-layout-flow wp-block-column-is-layout-flow\">\n<ul class=\"wp-block-list\">\n<li class=\"has-medium-font-size\">Aller \u00e0&nbsp;<a href=\"https:\/\/drive.google.com\/file\/d\/12f8WN4XNm3p-S8kxYxK2e_OYjFpPodln\/view?usp=sharing\" target=\"_blank\" rel=\"noopener\">Kit de d\u00e9marrage<\/a><\/li>\n\n\n\n<li class=\"has-medium-font-size\">Aller \u00e0 <a href=\"https:\/\/www.youtube.com\/watch?v=po6sMkKJ4yA\" target=\"_blank\" rel=\"noopener\">Stand de la boutique<\/a><\/li>\n\n\n\n<li class=\"has-medium-font-size\">Aller \u00e0&nbsp;<a href=\"https:\/\/www.youtube.com\/watch?v=y8Fi2TYUGxw&amp;\" target=\"_blank\" rel=\"noopener\">Travel Sax 2 par son cr\u00e9ateur - \u00c0 quoi s'attendre !<\/a><\/li>\n\n\n\n<li class=\"has-medium-font-size\">Aller \u00e0 <a href=\"https:\/\/www.youtube.com\/watch?v=3yO_ToFYIIo\" target=\"_blank\" rel=\"noopener\">Commence avec mon Travel Sax 2<\/a><\/li>\n\n\n\n<li class=\"has-medium-font-size\">Aller \u00e0 <a href=\"https:\/\/www.youtube.com\/watch?v=B7tYLbXt3ls\" target=\"_blank\" rel=\"noopener\">Ex\u00e9cuter l'application mobile<\/a><\/li>\n\n\n\n<li class=\"has-medium-font-size\">Aller \u00e0 <a href=\"https:\/\/www.youtube.com\/watch?v=X2EjzelldhM\" target=\"_blank\" rel=\"noopener\">Travel Sax avec une piste d'accompagnement<\/a><\/li>\n\n\n\n<li class=\"has-medium-font-size\">Aller \u00e0 <a href=\"https:\/\/www.youtube.com\/watch?v=X1FIXjyjmHU\" target=\"_blank\" rel=\"noopener\">Support Travel Sax (DIY)<\/a><\/li>\n\n\n\n<li class=\"has-medium-font-size\">Aller \u00e0 <a href=\"https:\/\/www.youtube.com\/watch?v=e4N3Zt_KFbg&amp;feature=youtu.be\" target=\"_blank\" rel=\"noopener\">Accessoires \u00e0 utiliser<\/a><\/li>\n\n\n\n<li class=\"has-medium-font-size\">Aller \u00e0 <a href=\"https:\/\/www.youtube.com\/watch?v=DLpFlRRordQ\" target=\"_blank\" rel=\"noopener\">Test de son !<\/a><\/li>\n\n\n\n<li class=\"has-medium-font-size\">Aller \u00e0 <a href=\"https:\/\/www.youtube.com\/watch?v=Y_wIgg1WyQI&amp;feature=youtu.be\" target=\"_blank\" rel=\"noopener\">Vid\u00e9o officielle (version courte)<\/a><\/li>\n\n\n\n<li class=\"has-medium-font-size\">Aller \u00e0 <a href=\"https:\/\/www.youtube.com\/watch?v=YaEuWU0Cxxw&amp;feature=youtu.be\" target=\"_blank\" rel=\"noopener\">Vid\u00e9o officielle (longue)<\/a><\/li>\n\n\n\n<li class=\"has-medium-font-size\">Aller \u00e0 <a href=\"https:\/\/odiseimusic.com\/fr\/saxophones-electroniques-le-guide-ultime\/\" target=\"_blank\" rel=\"noopener\">Guide \u00e9lectronique du saxophone<\/a><\/li>\n\n\n\n<li class=\"has-medium-font-size\">Aller \u00e0 <a href=\"http:\/\/bit.ly\/RMAom\" target=\"_blank\" rel=\"noopener\">Processus RMA<\/a><\/li>\n<\/ul>\n<\/div>\n\n\n\n<div class=\"wp-block-column is-layout-flow wp-block-column-is-layout-flow\">\n<figure class=\"wp-block-embed is-type-video is-provider-youtube wp-block-embed-youtube wp-embed-aspect-16-9 wp-has-aspect-ratio\"><div class=\"wp-block-embed__wrapper\">\n<iframe loading=\"lazy\" title=\"Travel Sax 2 par son propre Cr\u00e9ateur ! - A quoi s&#039;attendre\" width=\"500\" height=\"281\" src=\"https:\/\/www.youtube.com\/embed\/y8Fi2TYUGxw?feature=oembed\" frameborder=\"0\" allow=\"accelerometer; autoplay; clipboard-write; encrypted-media; gyroscope; picture-in-picture; web-share\" referrerpolicy=\"strict-origin-when-cross-origin\" allowfullscreen><\/iframe>\n<\/div><\/figure>\n<\/div>\n<\/div>\n\n\n\n<div style=\"height:64px\" aria-hidden=\"true\" class=\"wp-block-spacer\"><\/div>\n\n\n\n<h2 class=\"wp-block-heading has-large-font-size\">FAQ'S<\/h2>\n\n\n\n<div class=\"wp-block-group j_padding_xl\"><div class=\"wp-block-group__inner-container is-layout-constrained wp-block-group-is-layout-constrained\">\n<details class=\"wp-block-details has-large-font-size is-layout-flow wp-block-details-is-layout-flow\"><summary>Quelle taille d'embout fonctionne avec le Travel Sax ?<\/summary>\n<p class=\"has-medium-font-size\">Tu peux utiliser une embouchure soprano, alto, t\u00e9nor ou baryton. Le Travel Sax fonctionne avec une embouchure Alto standard, mais nous avons con\u00e7u 3 adaptateurs (Soprano, T\u00e9nor et Baryton) pour que tu puisses utiliser l'embouchure de ton choix.<\/p>\n<\/details>\n\n\n\n<details class=\"wp-block-details has-large-font-size is-layout-flow wp-block-details-is-layout-flow\"><summary>L'embouchure peut-elle contr\u00f4ler la hauteur ou le vibrato ?<\/summary>\n<p class=\"has-medium-font-size\">Pas encore. Probablement dans les prochaines versions de Travel Sax !<\/p>\n<\/details>\n\n\n\n<details class=\"wp-block-details has-large-font-size is-layout-flow wp-block-details-is-layout-flow\"><summary>Combien d'octaves le Travel Sax peut-il jouer ?<\/summary>\n<p class=\"has-medium-font-size\">Pour l'instant, il s'agit de trois octaves. Un Travel Sax a une tessiture normale de saxophone, donc de Bb3 \u00e0 F#6.<\/p>\n<\/details>\n\n\n\n<details class=\"wp-block-details has-large-font-size is-layout-flow wp-block-details-is-layout-flow\"><summary>Reconna\u00eet-il les doigt\u00e9s alternatifs ou les doigt\u00e9s altissimo ?<\/summary>\n<p class=\"has-medium-font-size\">Oui, nous avons programm\u00e9 certains des principaux doigt\u00e9s d'altissimo. Nous pensons que c'est un outil assez utile \u00e0 avoir. C'est g\u00e9nial de pouvoir apprendre et pratiquer paisiblement le registre aigu avec ton Travel Sax.<br>N\u00e9anmoins, sache que certains des doigt\u00e9s habituels utilis\u00e9s dans cette gamme ne sont pas programm\u00e9s en raison des restrictions de la touche Travel Sax (la touche \"X\" par exemple est unie \u00e0 la touche \"P\").<\/p>\n<\/details>\n\n\n\n<details class=\"wp-block-details has-large-font-size is-layout-flow wp-block-details-is-layout-flow\"><summary>Comment puis-je contr\u00f4ler le volume tout en soufflant ?<\/summary>\n<p class=\"has-medium-font-size\">Le Travel Sax est dot\u00e9 d'un capteur de pression qui d\u00e9tecte l'intensit\u00e9 du soufflage et d\u00e9termine instantan\u00e9ment le niveau de volume ad\u00e9quat.<\/p>\n<\/details>\n\n\n\n<details class=\"wp-block-details has-large-font-size is-layout-flow wp-block-details-is-layout-flow\"><summary>Si je souffle dans un embout normal, comment cela peut-il ne pas produire un son intrusif \u00e0 partir de l'anche ?<\/summary>\n<p class=\"has-medium-font-size\">C'est d\u00fb \u00e0 la circulation de l'air. Le circuit interne qui guide l'air \u00e0 travers le Travel Sax est beaucoup plus petit par rapport \u00e0 un saxophone standard, ce qui emp\u00eache l'anche de vibrer et de produire un son.<\/p>\n<\/details>\n\n\n\n<details class=\"wp-block-details has-large-font-size is-layout-flow wp-block-details-is-layout-flow\"><summary>Est-il livr\u00e9 avec des voix ? Quelles voix de saxophone ou d'autres instruments sont fournies avec l'appareil ?<\/summary>\n<p class=\"has-medium-font-size\">Pour l'instant, nous avons des sons de saxophone alto, t\u00e9nor et soprano dans notre application. Nous travaillons \u00e9galement sur d'autres sons de saxophone. Ce qui est g\u00e9nial, c'est que si tu veux le son d'autres instruments, tu peux utiliser d'autres applications telles que Garage Band, Ableton Live et bien d'autres.<\/p>\n<\/details>\n\n\n\n<details class=\"wp-block-details has-large-font-size is-layout-flow wp-block-details-is-layout-flow\"><summary>S'agit-il d'une interface MIDI ?<\/summary>\n<p class=\"has-medium-font-size\">Oui, en effet !<\/p>\n<\/details>\n\n\n\n<details class=\"wp-block-details has-large-font-size is-layout-flow wp-block-details-is-layout-flow\"><summary>Quel est le temps de latence ?<\/summary>\n<p class=\"has-medium-font-size\">Tr\u00e8s faible (8-10ms) si tu utilises la connexion Bluetooth, et 0ms si tu utilises la connexion USB \u00e0 ton ordinateur.<\/p>\n<\/details>\n\n\n\n<details class=\"wp-block-details has-large-font-size is-layout-flow wp-block-details-is-layout-flow\"><summary>Puis-je me produire professionnellement avec le Travel Sax comme je le ferais avec un saxophone standard ou un contr\u00f4leur de vent ? Si ce n'est pas le cas, quelles sont les limites ?<\/summary>\n<p class=\"has-medium-font-size\">L'id\u00e9e est de lancer Travel Sax comme un outil pour s'entra\u00eener, mais notre objectif est d'atteindre le niveau PRO. Id\u00e9alement, tu devrais pouvoir te produire en direct sans aucun probl\u00e8me. Nous travaillons tr\u00e8s dur pour atteindre ce point afin de pouvoir dire 100% en toute confiance, oui. Nous am\u00e9liorons actuellement les capteurs pour que les joueurs professionnels puissent sentir que le Travel Sax est aussi un outil de performance.<\/p>\n<\/details>\n\n\n\n<details class=\"wp-block-details has-large-font-size is-layout-flow wp-block-details-is-layout-flow\"><summary>Que dois-je faire si l'application Travel Sax 1 ne donne pas le son escompt\u00e9 lorsque je joue avec mon Travel Sax ?<\/summary>\n<p class=\"has-medium-font-size\">Ouvre l'application Travel Sax et appuie sur le bouton \"Effets\". Modifie ensuite la taille de la m\u00e9moire tampon sur Bas, Moyen ou Haut jusqu'\u00e0 ce que tu obtiennes un son de bonne qualit\u00e9.<\/p>\n<\/details>\n<\/div><\/div>\n\n\n\n<div style=\"height:96px\" aria-hidden=\"true\" class=\"wp-block-spacer\"><\/div>","protected":false},"excerpt":{"rendered":"<p>FAQ'S<\/p>","protected":false},"author":197381732,"featured_media":0,"parent":0,"menu_order":0,"comment_status":"closed","ping_status":"closed","template":"","meta":{"footnotes":""},"page-type":[],"class_list":["post-24387","page","type-page","status-publish","hentry"],"meta_box":{"page_countdown":[],"lp_faq":[],"image_vert":[],"image_hori":[],"h_larg_product_slider":[]},"_links":{"self":[{"href":"https:\/\/odiseimusic.com\/fr\/wp-json\/wp\/v2\/pages\/24387","targetHints":{"allow":["GET"]}}],"collection":[{"href":"https:\/\/odiseimusic.com\/fr\/wp-json\/wp\/v2\/pages"}],"about":[{"href":"https:\/\/odiseimusic.com\/fr\/wp-json\/wp\/v2\/types\/page"}],"author":[{"embeddable":true,"href":"https:\/\/odiseimusic.com\/fr\/wp-json\/wp\/v2\/users\/197381732"}],"replies":[{"embeddable":true,"href":"https:\/\/odiseimusic.com\/fr\/wp-json\/wp\/v2\/comments?post=24387"}],"version-history":[{"count":0,"href":"https:\/\/odiseimusic.com\/fr\/wp-json\/wp\/v2\/pages\/24387\/revisions"}],"wp:attachment":[{"href":"https:\/\/odiseimusic.com\/fr\/wp-json\/wp\/v2\/media?parent=24387"}],"wp:term":[{"taxonomy":"page-type","embeddable":true,"href":"https:\/\/odiseimusic.com\/fr\/wp-json\/wp\/v2\/page-type?post=24387"}],"curies":[{"name":"wp","href":"https:\/\/api.w.org\/{rel}","templated":true}]}}