{"id":29630,"date":"2025-01-16T20:49:26","date_gmt":"2025-01-16T19:49:26","guid":{"rendered":"https:\/\/odisei.presspulp.com\/?page_id=29630"},"modified":"2025-08-13T18:33:34","modified_gmt":"2025-08-13T16:33:34","slug":"les-approbateurs","status":"publish","type":"page","link":"https:\/\/odiseimusic.com\/fr\/endorsers\/","title":{"rendered":"Deviens ambassadeur ou ambassadrice"},"content":{"rendered":"<div style=\"height:33px\" aria-hidden=\"true\" class=\"wp-block-spacer\"><\/div>\n\n\n\n<p class=\"has-medium-font-size\">Tu es passionn\u00e9 de musique et tu aimes cr\u00e9er du contenu ou enseigner aux autres ? Crois-tu que nous pourrions travailler ensemble ? Remplis les informations, et nous te contacterons.<\/p>\n\n\n\n<div style=\"height:27px\" aria-hidden=\"true\" class=\"wp-block-spacer\"><\/div>\n\n\n\n<div class=\"wp-block-buttons is-content-justification-center is-layout-flex wp-container-core-buttons-is-layout-16018d1d wp-block-buttons-is-layout-flex\">\n<div class=\"wp-block-button\"><a class=\"wp-block-button__link has-white-color has-text-color has-background has-link-color wp-element-button\" href=\"https:\/\/odiseimusic.com\/fr\/ambassadeurs-de-la-marque\/\" style=\"background-color:#05a389\" target=\"_blank\" rel=\"noreferrer noopener\">Deviens ambassadeur ou ambassadrice<\/a><\/div>\n<\/div>\n\n\n\n<div style=\"height:100px\" aria-hidden=\"true\" class=\"wp-block-spacer\"><\/div>\n\n\n\n<h2 class=\"wp-block-heading\">Rencontre les ambassadeurs d'Odisei \ud83c\udfb7<\/h2>\n\n\n\n<div style=\"height:32px\" aria-hidden=\"true\" class=\"wp-block-spacer\"><\/div>\n\n\n\n<p>D\u00e9couvre les saxophonistes et les \u00e9ducateurs talentueux qui font partie de notre programme d'ambassadeurs. Des l\u00e9gendes du jazz aux \u00e9toiles montantes, ils partagent notre mission de rendre la musique accessible \u00e0 tous.<\/p>\n\n\n\n<div class=\"wp-block-columns are-vertically-aligned-center is-layout-flex wp-container-core-columns-is-layout-9d6595d7 wp-block-columns-is-layout-flex\">\n<div class=\"wp-block-column is-vertically-aligned-center is-layout-flow wp-block-column-is-layout-flow\">\n<figure class=\"wp-block-image size-large\"><img loading=\"lazy\" decoding=\"async\" width=\"1024\" height=\"576\" src=\"https:\/\/odiseimusic.com\/wp-content\/uploads\/2023\/05\/maxresdefault-1024x576.jpg\" alt=\"\" class=\"wp-image-18780\" srcset=\"https:\/\/odiseimusic.com\/wp-content\/uploads\/2023\/05\/maxresdefault-1024x576.jpg 1024w, https:\/\/odiseimusic.com\/wp-content\/uploads\/2023\/05\/maxresdefault-505x284.jpg 505w, https:\/\/odiseimusic.com\/wp-content\/uploads\/2023\/05\/maxresdefault-290x163.jpg 290w, https:\/\/odiseimusic.com\/wp-content\/uploads\/2023\/05\/maxresdefault-213x120.jpg 213w, https:\/\/odiseimusic.com\/wp-content\/uploads\/2023\/05\/maxresdefault-300x169.jpg 300w, https:\/\/odiseimusic.com\/wp-content\/uploads\/2023\/05\/maxresdefault-768x432.jpg 768w, https:\/\/odiseimusic.com\/wp-content\/uploads\/2023\/05\/maxresdefault-600x338.jpg 600w, https:\/\/odiseimusic.com\/wp-content\/uploads\/2023\/05\/maxresdefault-1264x711.jpg 1264w, https:\/\/odiseimusic.com\/wp-content\/uploads\/2023\/05\/maxresdefault.jpg 1280w\" sizes=\"auto, (max-width: 1024px) 100vw, 1024px\" \/><\/figure>\n<\/div>\n\n\n\n<div class=\"wp-block-column is-vertically-aligned-center is-layout-flow wp-block-column-is-layout-flow\">\n<h2 class=\"wp-block-heading\">\u00c9cole de saxophone Nigel McGill<\/h2>\n\n\n\n<div style=\"height:16px\" aria-hidden=\"true\" class=\"wp-block-spacer\"><\/div>\n\n\n\n<p>Sax School est le moyen le plus simple, le plus rapide et le plus efficace d'apprendre \u00e0 jouer du saxophone. Ma\u00eetrise les bases, improvise comme un virtuose ou deviens un v\u00e9ritable animateur - et fais tout cela en ligne, \u00e0 la demande, depuis chez toi.<\/p>\n\n\n\n<div style=\"height:24px\" aria-hidden=\"true\" class=\"wp-block-spacer\"><\/div>\n\n\n\n<div class=\"wp-block-buttons is-layout-flex wp-block-buttons-is-layout-flex\">\n<div class=\"wp-block-button\"><a class=\"wp-block-button__link has-white-color has-text-color has-background has-link-color wp-element-button\" href=\"https:\/\/www.saxschool.online\/#section-1675721256096\" style=\"background-color:#05a389\" target=\"_blank\" rel=\"noreferrer noopener\">Plus d'informations<\/a><\/div>\n<\/div>\n<\/div>\n<\/div>\n\n\n\n<div class=\"wp-block-columns are-vertically-aligned-center is-layout-flex wp-container-core-columns-is-layout-9d6595d7 wp-block-columns-is-layout-flex\">\n<div class=\"wp-block-column is-vertically-aligned-center is-layout-flow wp-block-column-is-layout-flow\">\n<figure class=\"wp-block-image size-large\"><img loading=\"lazy\" decoding=\"async\" width=\"1024\" height=\"616\" src=\"https:\/\/odiseimusic.com\/wp-content\/uploads\/2023\/08\/Captura-de-pantalla-2023-08-01-a-las-12.48.35-1024x616.png\" alt=\"\" class=\"wp-image-20069\" srcset=\"https:\/\/odiseimusic.com\/wp-content\/uploads\/2023\/08\/Captura-de-pantalla-2023-08-01-a-las-12.48.35-1024x616.png 1024w, https:\/\/odiseimusic.com\/wp-content\/uploads\/2023\/08\/Captura-de-pantalla-2023-08-01-a-las-12.48.35-505x304.png 505w, https:\/\/odiseimusic.com\/wp-content\/uploads\/2023\/08\/Captura-de-pantalla-2023-08-01-a-las-12.48.35-290x175.png 290w, https:\/\/odiseimusic.com\/wp-content\/uploads\/2023\/08\/Captura-de-pantalla-2023-08-01-a-las-12.48.35-213x128.png 213w, https:\/\/odiseimusic.com\/wp-content\/uploads\/2023\/08\/Captura-de-pantalla-2023-08-01-a-las-12.48.35-300x181.png 300w, https:\/\/odiseimusic.com\/wp-content\/uploads\/2023\/08\/Captura-de-pantalla-2023-08-01-a-las-12.48.35-768x462.png 768w, https:\/\/odiseimusic.com\/wp-content\/uploads\/2023\/08\/Captura-de-pantalla-2023-08-01-a-las-12.48.35-600x361.png 600w, https:\/\/odiseimusic.com\/wp-content\/uploads\/2023\/08\/Captura-de-pantalla-2023-08-01-a-las-12.48.35-1264x761.png 1264w, https:\/\/odiseimusic.com\/wp-content\/uploads\/2023\/08\/Captura-de-pantalla-2023-08-01-a-las-12.48.35.png 1409w\" sizes=\"auto, (max-width: 1024px) 100vw, 1024px\" \/><\/figure>\n<\/div>\n\n\n\n<div class=\"wp-block-column is-vertically-aligned-center is-layout-flow wp-block-column-is-layout-flow\">\n<h2 class=\"wp-block-heading\">Alexandra Ilieva<\/h2>\n\n\n\n<div style=\"height:16px\" aria-hidden=\"true\" class=\"wp-block-spacer\"><\/div>\n\n\n\n<p>Alexandra Ilieva est une jeune fille inspirante qui conquiert le monde avec son saxophone. Sa musique et ses performances, qu'elle partage sur les r\u00e9seaux sociaux, sont un plaisir pour tous les sens et rendent notre quotidien plus supportable.<\/p>\n\n\n\n<div style=\"height:24px\" aria-hidden=\"true\" class=\"wp-block-spacer\"><\/div>\n\n\n\n<div class=\"wp-block-buttons is-layout-flex wp-block-buttons-is-layout-flex\">\n<div class=\"wp-block-button\"><a class=\"wp-block-button__link has-white-color has-text-color has-background has-link-color wp-element-button\" href=\"https:\/\/www.youtube.com\/channel\/UCWMzQclmvnyZK-jXMuFjdmQ\" style=\"background-color:#05a389\" target=\"_blank\" rel=\"noreferrer noopener\">Plus d'informations<\/a><\/div>\n<\/div>\n<\/div>\n<\/div>\n\n\n\n<div class=\"wp-block-columns are-vertically-aligned-center is-layout-flex wp-container-core-columns-is-layout-9d6595d7 wp-block-columns-is-layout-flex\">\n<div class=\"wp-block-column is-vertically-aligned-center is-layout-flow wp-block-column-is-layout-flow\">\n<figure class=\"wp-block-image size-large\"><img loading=\"lazy\" decoding=\"async\" width=\"1024\" height=\"576\" src=\"https:\/\/odiseimusic.com\/wp-content\/uploads\/2023\/05\/fons3_1-1024x576.jpg\" alt=\"\" class=\"wp-image-18757\" srcset=\"https:\/\/odiseimusic.com\/wp-content\/uploads\/2023\/05\/fons3_1-1024x576.jpg 1024w, https:\/\/odiseimusic.com\/wp-content\/uploads\/2023\/05\/fons3_1-505x284.jpg 505w, https:\/\/odiseimusic.com\/wp-content\/uploads\/2023\/05\/fons3_1-290x163.jpg 290w, https:\/\/odiseimusic.com\/wp-content\/uploads\/2023\/05\/fons3_1-213x120.jpg 213w, https:\/\/odiseimusic.com\/wp-content\/uploads\/2023\/05\/fons3_1-300x169.jpg 300w, https:\/\/odiseimusic.com\/wp-content\/uploads\/2023\/05\/fons3_1-768x432.jpg 768w, https:\/\/odiseimusic.com\/wp-content\/uploads\/2023\/05\/fons3_1-1536x864.jpg 1536w, https:\/\/odiseimusic.com\/wp-content\/uploads\/2023\/05\/fons3_1-600x338.jpg 600w, https:\/\/odiseimusic.com\/wp-content\/uploads\/2023\/05\/fons3_1-1264x711.jpg 1264w, https:\/\/odiseimusic.com\/wp-content\/uploads\/2023\/05\/fons3_1.jpg 1920w\" sizes=\"auto, (max-width: 1024px) 100vw, 1024px\" \/><\/figure>\n<\/div>\n\n\n\n<div class=\"wp-block-column is-vertically-aligned-center is-layout-flow wp-block-column-is-layout-flow\">\n<h2 class=\"wp-block-heading\">Llibert Fortuny<\/h2>\n\n\n\n<div style=\"height:16px\" aria-hidden=\"true\" class=\"wp-block-spacer\"><\/div>\n\n\n\n<p>Llibert Fortuny est l'un des musiciens et compositeurs de jazz les plus importants et les plus reconnus de Catalogne, en Espagne. Son style - dans lequel il m\u00e9lange le jazz traditionnel avec des \u00e9l\u00e9ments \u00e9lectroniques - est le r\u00e9sultat d'un talent ind\u00e9niable. Il est le fondateur de Crom\u00e0tic, une \u00e9cole de musique \u00e9tonnante.<\/p>\n\n\n\n<div style=\"height:24px\" aria-hidden=\"true\" class=\"wp-block-spacer\"><\/div>\n\n\n\n<div class=\"wp-block-buttons is-layout-flex wp-block-buttons-is-layout-flex\">\n<div class=\"wp-block-button\"><a class=\"wp-block-button__link has-white-color has-text-color has-background has-link-color wp-element-button\" href=\"http:\/\/new.odiseimusic.com\" style=\"background-color:#05a389\" target=\"_blank\" rel=\"noreferrer noopener\">Plus d'informations<\/a><\/div>\n<\/div>\n<\/div>\n<\/div>\n\n\n\n<div class=\"wp-block-columns are-vertically-aligned-center is-layout-flex wp-container-core-columns-is-layout-9d6595d7 wp-block-columns-is-layout-flex\">\n<div class=\"wp-block-column is-vertically-aligned-center is-layout-flow wp-block-column-is-layout-flow\">\n<figure class=\"wp-block-image size-large\"><img loading=\"lazy\" decoding=\"async\" width=\"667\" height=\"375\" src=\"https:\/\/odiseimusic.com\/wp-content\/uploads\/2023\/05\/saxofonista-utrerano-Manu-Brazo_1510059079_126762127_667x375.jpg\" alt=\"\" class=\"wp-image-18748\" srcset=\"https:\/\/odiseimusic.com\/wp-content\/uploads\/2023\/05\/saxofonista-utrerano-Manu-Brazo_1510059079_126762127_667x375.jpg 667w, https:\/\/odiseimusic.com\/wp-content\/uploads\/2023\/05\/saxofonista-utrerano-Manu-Brazo_1510059079_126762127_667x375-505x284.jpg 505w, https:\/\/odiseimusic.com\/wp-content\/uploads\/2023\/05\/saxofonista-utrerano-Manu-Brazo_1510059079_126762127_667x375-290x163.jpg 290w, https:\/\/odiseimusic.com\/wp-content\/uploads\/2023\/05\/saxofonista-utrerano-Manu-Brazo_1510059079_126762127_667x375-213x120.jpg 213w, https:\/\/odiseimusic.com\/wp-content\/uploads\/2023\/05\/saxofonista-utrerano-Manu-Brazo_1510059079_126762127_667x375-300x169.jpg 300w, https:\/\/odiseimusic.com\/wp-content\/uploads\/2023\/05\/saxofonista-utrerano-Manu-Brazo_1510059079_126762127_667x375-600x337.jpg 600w\" sizes=\"auto, (max-width: 667px) 100vw, 667px\" \/><\/figure>\n<\/div>\n\n\n\n<div class=\"wp-block-column is-vertically-aligned-center is-layout-flow wp-block-column-is-layout-flow\">\n<h2 class=\"wp-block-heading\">Manu Brazo<\/h2>\n\n\n\n<div style=\"height:16px\" aria-hidden=\"true\" class=\"wp-block-spacer\"><\/div>\n\n\n\n<p>Manu Brazo est un musicien innovant qui red\u00e9finit le concept de musicien classique au 21e si\u00e8cle. Consid\u00e9r\u00e9 comme l'un des noms les plus influents autour du saxophone sur les m\u00e9dias sociaux, ses vid\u00e9os ont atteint un million de vues.<\/p>\n\n\n\n<div style=\"height:24px\" aria-hidden=\"true\" class=\"wp-block-spacer\"><\/div>\n\n\n\n<div class=\"wp-block-buttons is-layout-flex wp-block-buttons-is-layout-flex\">\n<div class=\"wp-block-button\"><a class=\"wp-block-button__link has-white-color has-text-color has-background has-link-color wp-element-button\" href=\"https:\/\/www.manubrazo.com\/\" style=\"background-color:#05a389\" target=\"_blank\" rel=\"noreferrer noopener\">Plus d'informations<\/a><\/div>\n<\/div>\n<\/div>\n<\/div>\n\n\n\n<div class=\"wp-block-columns are-vertically-aligned-center is-layout-flex wp-container-core-columns-is-layout-9d6595d7 wp-block-columns-is-layout-flex\">\n<div class=\"wp-block-column is-vertically-aligned-center is-layout-flow wp-block-column-is-layout-flow\">\n<figure class=\"wp-block-image size-large\"><img loading=\"lazy\" decoding=\"async\" width=\"686\" height=\"386\" src=\"https:\/\/odiseimusic.com\/wp-content\/uploads\/2023\/05\/hq720.jpg\" alt=\"\" class=\"wp-image-18749\" srcset=\"https:\/\/odiseimusic.com\/wp-content\/uploads\/2023\/05\/hq720.jpg 686w, https:\/\/odiseimusic.com\/wp-content\/uploads\/2023\/05\/hq720-505x284.jpg 505w, https:\/\/odiseimusic.com\/wp-content\/uploads\/2023\/05\/hq720-290x163.jpg 290w, https:\/\/odiseimusic.com\/wp-content\/uploads\/2023\/05\/hq720-213x120.jpg 213w, https:\/\/odiseimusic.com\/wp-content\/uploads\/2023\/05\/hq720-300x169.jpg 300w, https:\/\/odiseimusic.com\/wp-content\/uploads\/2023\/05\/hq720-600x338.jpg 600w\" sizes=\"auto, (max-width: 686px) 100vw, 686px\" \/><\/figure>\n<\/div>\n\n\n\n<div class=\"wp-block-column is-vertically-aligned-center is-layout-flow wp-block-column-is-layout-flow\">\n<h2 class=\"wp-block-heading\">Tito Hinojosa<\/h2>\n\n\n\n<div style=\"height:16px\" aria-hidden=\"true\" class=\"wp-block-spacer\"><\/div>\n\n\n\n<p>Tito Hinojosa est un saxophoniste, producteur et \u00e9ducateur d'origine mexicaine avec une grande exp\u00e9rience internationale. Il est un professeur de langage et d'harmonie jazz tr\u00e8s recherch\u00e9 dans la communaut\u00e9 \u00e9tudiante. Il est propri\u00e9taire de saxofonmoderno.com.<\/p>\n\n\n\n<div style=\"height:24px\" aria-hidden=\"true\" class=\"wp-block-spacer\"><\/div>\n\n\n\n<div class=\"wp-block-buttons is-layout-flex wp-block-buttons-is-layout-flex\">\n<div class=\"wp-block-button\"><a class=\"wp-block-button__link has-white-color has-text-color has-background has-link-color wp-element-button\" href=\"https:\/\/saxofonmoderno.com\/\" style=\"background-color:#05a389\" target=\"_blank\" rel=\"noreferrer noopener\">Plus d'informations<\/a><\/div>\n<\/div>\n<\/div>\n<\/div>\n\n\n\n<div class=\"wp-block-columns are-vertically-aligned-center is-layout-flex wp-container-core-columns-is-layout-9d6595d7 wp-block-columns-is-layout-flex\">\n<div class=\"wp-block-column is-vertically-aligned-center is-layout-flow wp-block-column-is-layout-flow\">\n<figure class=\"wp-block-image size-large\"><img loading=\"lazy\" decoding=\"async\" width=\"1024\" height=\"553\" src=\"https:\/\/odiseimusic.com\/wp-content\/uploads\/2023\/08\/Captura-de-pantalla-2023-08-21-a-las-12.39.01-1024x553.png\" alt=\"\" class=\"wp-image-20270\" srcset=\"https:\/\/odiseimusic.com\/wp-content\/uploads\/2023\/08\/Captura-de-pantalla-2023-08-21-a-las-12.39.01-1024x553.png 1024w, https:\/\/odiseimusic.com\/wp-content\/uploads\/2023\/08\/Captura-de-pantalla-2023-08-21-a-las-12.39.01-505x273.png 505w, https:\/\/odiseimusic.com\/wp-content\/uploads\/2023\/08\/Captura-de-pantalla-2023-08-21-a-las-12.39.01-290x157.png 290w, https:\/\/odiseimusic.com\/wp-content\/uploads\/2023\/08\/Captura-de-pantalla-2023-08-21-a-las-12.39.01-213x115.png 213w, https:\/\/odiseimusic.com\/wp-content\/uploads\/2023\/08\/Captura-de-pantalla-2023-08-21-a-las-12.39.01-300x162.png 300w, https:\/\/odiseimusic.com\/wp-content\/uploads\/2023\/08\/Captura-de-pantalla-2023-08-21-a-las-12.39.01-768x415.png 768w, https:\/\/odiseimusic.com\/wp-content\/uploads\/2023\/08\/Captura-de-pantalla-2023-08-21-a-las-12.39.01-600x324.png 600w, https:\/\/odiseimusic.com\/wp-content\/uploads\/2023\/08\/Captura-de-pantalla-2023-08-21-a-las-12.39.01-1264x682.png 1264w, https:\/\/odiseimusic.com\/wp-content\/uploads\/2023\/08\/Captura-de-pantalla-2023-08-21-a-las-12.39.01.png 1280w\" sizes=\"auto, (max-width: 1024px) 100vw, 1024px\" \/><\/figure>\n<\/div>\n\n\n\n<div class=\"wp-block-column is-vertically-aligned-center is-layout-flow wp-block-column-is-layout-flow\">\n<h2 class=\"wp-block-heading\">Cristian Romero<\/h2>\n\n\n\n<div style=\"height:16px\" aria-hidden=\"true\" class=\"wp-block-spacer\"><\/div>\n\n\n\n<p>Musicien, compositeur et \u00e9ducateur p\u00e9ruvien. Il est dipl\u00f4m\u00e9 du conservatoire de musique Carlos Valderrama en tant que saxophoniste professionnel et licenci\u00e9 en \u00e9ducation musicale. Il soutient d'importantes marques dans le monde entier.<\/p>\n\n\n\n<div style=\"height:24px\" aria-hidden=\"true\" class=\"wp-block-spacer\"><\/div>\n\n\n\n<div class=\"wp-block-buttons is-layout-flex wp-block-buttons-is-layout-flex\">\n<div class=\"wp-block-button\"><a class=\"wp-block-button__link has-white-color has-text-color has-background has-link-color wp-element-button\" href=\"https:\/\/youtu.be\/ROlzIm1tJVw?feature=shared\" style=\"background-color:#05a389\" target=\"_blank\" rel=\"noreferrer noopener\">Plus d'informations<\/a><\/div>\n<\/div>\n<\/div>\n<\/div>\n\n\n\n<div class=\"wp-block-columns are-vertically-aligned-center is-layout-flex wp-container-core-columns-is-layout-9d6595d7 wp-block-columns-is-layout-flex\">\n<div class=\"wp-block-column is-vertically-aligned-center is-layout-flow wp-block-column-is-layout-flow\">\n<figure class=\"wp-block-image size-large\"><img loading=\"lazy\" decoding=\"async\" width=\"860\" height=\"537\" src=\"https:\/\/odiseimusic.com\/wp-content\/uploads\/2023\/06\/Captura-de-pantalla-2023-06-01-a-las-10.30.11.png\" alt=\"\" class=\"wp-image-18853\" srcset=\"https:\/\/odiseimusic.com\/wp-content\/uploads\/2023\/06\/Captura-de-pantalla-2023-06-01-a-las-10.30.11.png 860w, https:\/\/odiseimusic.com\/wp-content\/uploads\/2023\/06\/Captura-de-pantalla-2023-06-01-a-las-10.30.11-505x315.png 505w, https:\/\/odiseimusic.com\/wp-content\/uploads\/2023\/06\/Captura-de-pantalla-2023-06-01-a-las-10.30.11-290x181.png 290w, https:\/\/odiseimusic.com\/wp-content\/uploads\/2023\/06\/Captura-de-pantalla-2023-06-01-a-las-10.30.11-213x133.png 213w, https:\/\/odiseimusic.com\/wp-content\/uploads\/2023\/06\/Captura-de-pantalla-2023-06-01-a-las-10.30.11-300x187.png 300w, https:\/\/odiseimusic.com\/wp-content\/uploads\/2023\/06\/Captura-de-pantalla-2023-06-01-a-las-10.30.11-768x480.png 768w, https:\/\/odiseimusic.com\/wp-content\/uploads\/2023\/06\/Captura-de-pantalla-2023-06-01-a-las-10.30.11-600x375.png 600w\" sizes=\"auto, (max-width: 860px) 100vw, 860px\" \/><\/figure>\n<\/div>\n\n\n\n<div class=\"wp-block-column is-vertically-aligned-center is-layout-flow wp-block-column-is-layout-flow\">\n<h2 class=\"wp-block-heading\">Vibra-t\u00f3<\/h2>\n\n\n\n<div style=\"height:16px\" aria-hidden=\"true\" class=\"wp-block-spacer\"><\/div>\n\n\n\n<p>Vibra-T\u00f3 est un collectif de musiciens chercheurs multi-instrumentistes fond\u00e9 par Joaqu\u00edn S\u00e1nchez Gil et Miguel Guinea D\u00edaz qui cr\u00e9ent des instruments de musique \u00e0 partir d'objets du quotidien et de d\u00e9chets.<\/p>\n\n\n\n<div style=\"height:24px\" aria-hidden=\"true\" class=\"wp-block-spacer\"><\/div>\n\n\n\n<div class=\"wp-block-buttons is-layout-flex wp-block-buttons-is-layout-flex\">\n<div class=\"wp-block-button\"><a class=\"wp-block-button__link has-white-color has-text-color has-background has-link-color wp-element-button\" href=\"https:\/\/www.vibra-to.com\/\" style=\"background-color:#05a389\" target=\"_blank\" rel=\"noreferrer noopener\">Plus d'informations<\/a><\/div>\n<\/div>\n<\/div>\n<\/div>\n\n\n\n<div class=\"wp-block-columns are-vertically-aligned-center is-layout-flex wp-container-core-columns-is-layout-9d6595d7 wp-block-columns-is-layout-flex\">\n<div class=\"wp-block-column is-vertically-aligned-center is-layout-flow wp-block-column-is-layout-flow\">\n<figure class=\"wp-block-image size-large\"><img loading=\"lazy\" decoding=\"async\" width=\"1024\" height=\"577\" src=\"https:\/\/odiseimusic.com\/wp-content\/uploads\/2023\/05\/Toni-Pola-1024x577.png\" alt=\"\" class=\"wp-image-18772\" srcset=\"https:\/\/odiseimusic.com\/wp-content\/uploads\/2023\/05\/Toni-Pola-1024x577.png 1024w, https:\/\/odiseimusic.com\/wp-content\/uploads\/2023\/05\/Toni-Pola-505x285.png 505w, https:\/\/odiseimusic.com\/wp-content\/uploads\/2023\/05\/Toni-Pola-290x163.png 290w, https:\/\/odiseimusic.com\/wp-content\/uploads\/2023\/05\/Toni-Pola-213x120.png 213w, https:\/\/odiseimusic.com\/wp-content\/uploads\/2023\/05\/Toni-Pola-300x169.png 300w, https:\/\/odiseimusic.com\/wp-content\/uploads\/2023\/05\/Toni-Pola-768x433.png 768w, https:\/\/odiseimusic.com\/wp-content\/uploads\/2023\/05\/Toni-Pola-1536x866.png 1536w, https:\/\/odiseimusic.com\/wp-content\/uploads\/2023\/05\/Toni-Pola-600x338.png 600w, https:\/\/odiseimusic.com\/wp-content\/uploads\/2023\/05\/Toni-Pola-1264x713.png 1264w, https:\/\/odiseimusic.com\/wp-content\/uploads\/2023\/05\/Toni-Pola.png 1914w\" sizes=\"auto, (max-width: 1024px) 100vw, 1024px\" \/><\/figure>\n<\/div>\n\n\n\n<div class=\"wp-block-column is-vertically-aligned-center is-layout-flow wp-block-column-is-layout-flow\">\n<h2 class=\"wp-block-heading\">Toni Pola<\/h2>\n\n\n\n<div style=\"height:16px\" aria-hidden=\"true\" class=\"wp-block-spacer\"><\/div>\n\n\n\n<p>Musicien avec une longue exp\u00e9rience dans les domaines de la musique classique pour saxophone, contemporaine, moderne et jazz. Acteur de doublage et animateur radio. Il est le fondateur de la cha\u00eene youtube Saxo En la Red.<\/p>\n\n\n\n<div style=\"height:24px\" aria-hidden=\"true\" class=\"wp-block-spacer\"><\/div>\n\n\n\n<div class=\"wp-block-buttons is-layout-flex wp-block-buttons-is-layout-flex\">\n<div class=\"wp-block-button\"><a class=\"wp-block-button__link has-white-color has-text-color has-background has-link-color wp-element-button\" href=\"https:\/\/www.youtube.com\/watch?v=vtvpyvWW5Es\" style=\"background-color:#05a389\" target=\"_blank\" rel=\"noreferrer noopener\">Plus d'informations<\/a><\/div>\n<\/div>\n<\/div>\n<\/div>\n\n\n\n<hr class=\"wp-block-separator has-text-color has-alpha-channel-opacity has-background\" style=\"background-color:#434343;color:#434343\"\/>\n\n\n\n<p class=\"has-text-align-center\">\u00c9coute ce que notre communaut\u00e9 a \u00e0 dire sur le Travel Sax !<\/p>\n\n\n\n<div class=\"wp-block-buttons is-content-justification-center is-layout-flex wp-container-core-buttons-is-layout-16018d1d wp-block-buttons-is-layout-flex\">\n<div class=\"wp-block-button\"><a class=\"wp-block-button__link has-background has-text-align-center wp-element-button\" href=\"https:\/\/odiseimusic.com\/fr\/revues\/\" style=\"background-color:#05a389\">Aller aux faits marquants de la communaut\u00e9<\/a><\/div>\n<\/div>\n\n\n\n<p><\/p>\n\n\n\n<p><\/p>","protected":false},"excerpt":{"rendered":"<p>Are you passionate about music and enjoy creating content or teaching others? Do you believe we could work together? Please fill out the information, and we will reach out to you. Meet the Odisei Ambassadors \ud83c\udfb7 Discover the talented saxophonists and educators who are part of our ambassador program. From jazz legends to rising stars, [&hellip;]<\/p>\n","protected":false},"author":197381740,"featured_media":0,"parent":0,"menu_order":0,"comment_status":"closed","ping_status":"closed","template":"","meta":{"footnotes":""},"page-type":[],"class_list":["post-29630","page","type-page","status-publish","hentry"],"meta_box":{"page_countdown":[],"lp_faq":[],"image_vert":[],"image_hori":[],"h_larg_product_slider":[]},"_links":{"self":[{"href":"https:\/\/odiseimusic.com\/fr\/wp-json\/wp\/v2\/pages\/29630","targetHints":{"allow":["GET"]}}],"collection":[{"href":"https:\/\/odiseimusic.com\/fr\/wp-json\/wp\/v2\/pages"}],"about":[{"href":"https:\/\/odiseimusic.com\/fr\/wp-json\/wp\/v2\/types\/page"}],"author":[{"embeddable":true,"href":"https:\/\/odiseimusic.com\/fr\/wp-json\/wp\/v2\/users\/197381740"}],"replies":[{"embeddable":true,"href":"https:\/\/odiseimusic.com\/fr\/wp-json\/wp\/v2\/comments?post=29630"}],"version-history":[{"count":0,"href":"https:\/\/odiseimusic.com\/fr\/wp-json\/wp\/v2\/pages\/29630\/revisions"}],"wp:attachment":[{"href":"https:\/\/odiseimusic.com\/fr\/wp-json\/wp\/v2\/media?parent=29630"}],"wp:term":[{"taxonomy":"page-type","embeddable":true,"href":"https:\/\/odiseimusic.com\/fr\/wp-json\/wp\/v2\/page-type?post=29630"}],"curies":[{"name":"wp","href":"https:\/\/api.w.org\/{rel}","templated":true}]}}