{"id":30975,"date":"2025-02-21T13:49:40","date_gmt":"2025-02-21T12:49:40","guid":{"rendered":"https:\/\/odisei.presspulp.com\/?page_id=30975"},"modified":"2025-02-21T14:58:19","modified_gmt":"2025-02-21T13:58:19","slug":"securite-a-la-maison","status":"publish","type":"page","link":"https:\/\/odiseimusic.com\/fr\/home-safe\/","title":{"rendered":"s\u00e9curit\u00e9 \u00e0 la maison"},"content":{"rendered":"","protected":false},"excerpt":{"rendered":"","protected":false},"author":197381753,"featured_media":0,"parent":0,"menu_order":0,"comment_status":"closed","ping_status":"closed","template":"","meta":{"footnotes":""},"page-type":[],"class_list":["post-30975","page","type-page","status-publish","hentry"],"meta_box":{"page_countdown":[],"lp_faq":[],"image_vert":[],"image_hori":[],"h_larg_product_slider":[]},"_links":{"self":[{"href":"https:\/\/odiseimusic.com\/fr\/wp-json\/wp\/v2\/pages\/30975","targetHints":{"allow":["GET"]}}],"collection":[{"href":"https:\/\/odiseimusic.com\/fr\/wp-json\/wp\/v2\/pages"}],"about":[{"href":"https:\/\/odiseimusic.com\/fr\/wp-json\/wp\/v2\/types\/page"}],"author":[{"embeddable":true,"href":"https:\/\/odiseimusic.com\/fr\/wp-json\/wp\/v2\/users\/197381753"}],"replies":[{"embeddable":true,"href":"https:\/\/odiseimusic.com\/fr\/wp-json\/wp\/v2\/comments?post=30975"}],"version-history":[{"count":0,"href":"https:\/\/odiseimusic.com\/fr\/wp-json\/wp\/v2\/pages\/30975\/revisions"}],"wp:attachment":[{"href":"https:\/\/odiseimusic.com\/fr\/wp-json\/wp\/v2\/media?parent=30975"}],"wp:term":[{"taxonomy":"page-type","embeddable":true,"href":"https:\/\/odiseimusic.com\/fr\/wp-json\/wp\/v2\/page-type?post=30975"}],"curies":[{"name":"wp","href":"https:\/\/api.w.org\/{rel}","templated":true}]}}