{"id":36228,"date":"2025-09-29T17:08:13","date_gmt":"2025-09-29T15:08:13","guid":{"rendered":"https:\/\/odiseimusic.com\/?page_id=36228"},"modified":"2025-09-30T17:23:42","modified_gmt":"2025-09-30T15:23:42","slug":"faqs-tc","status":"publish","type":"page","link":"https:\/\/odiseimusic.com\/fr\/faqs-tc\/","title":{"rendered":"FAQ's TC"},"content":{"rendered":"<details class=\"wp-block-details is-layout-flow wp-block-details-is-layout-flow\"><summary>Quelle taille d'embout fonctionne avec le Travel Sax ?<\/summary>\n<p>Tu peux utiliser une embouchure soprano, alto, t\u00e9nor ou baryton. Le Travel Sax fonctionne avec une embouchure Alto standard, mais nous avons con\u00e7u 3 adaptateurs (Soprano, T\u00e9nor et Baryton) pour que tu puisses utiliser l'embouchure de ton choix.<\/p>\n<\/details>\n\n\n\n<details class=\"wp-block-details is-layout-flow wp-block-details-is-layout-flow\"><summary>L'embouchure peut-elle contr\u00f4ler la hauteur ou le vibrato ?<\/summary>\n<p>Pas encore. Probablement dans les prochaines versions de Travel Sax \ud83c\udfb7<\/p>\n<\/details>\n\n\n\n<pre class=\"wp-block-code\"><code>\n<br><a>L'embouchure peut-elle contr\u00f4ler la hauteur de ton ou le vibrato ? <\/a>\n                Pas encore. Probablement dans les prochaines versions du Travel Sax\u00e2\u20ac\u00a6\n<br><a>Combien d'octaves le Travel Sax peut-il jouer?<\/a>\n                Pour l'instant, trois octaves. Un Travel Sax a une tessiture normale de saxophone, donc de Bb3 \u00e0 F#6.\n                                            <a>Est-ce qu'il reconna\u00eet les fingueries alternatives ou les fingueries altissimo ?\n                Oui, nous avons programm\u00e9 certains des principaux doigt\u00e9s altissimo. Nous pensons que c'est un outil assez utile \u00e0 avoir. C'est g\u00e9nial de pouvoir apprendre et pratiquer paisiblement le registre aigu avec ton Travel Sax.\n<\/code><\/pre>\n\n\n\n<p>N\u00e9anmoins, sache que certains des doigt\u00e9s habituels utilis\u00e9s dans cette gamme ne sont pas programm\u00e9s en raison des restricitons de la touche Travel Sax\u00e2\u20ac\u2122 (la touche \"X\" par exemple est unie \u00e0 la touche \"P\").<br><a tabindex=\"0\">Comment puis-je contr\u00f4ler le volume tout en soufflant ?<\/a><br>Le Travel Sax est dot\u00e9 d'un capteur de pression qui d\u00e9tecte l'intensit\u00e9 du soufflage et d\u00e9termine instantan\u00e9ment le niveau de volume ad\u00e9quat.<br><a tabindex=\"0\">Si je souffle dans un embout normal, comment cela peut-il ne pas produire un son intrusif \u00e0 partir de l'anche ?<\/a><br>C'est d\u00fb \u00e0 la circulation de l'air. Le circuit interne qui guide l'air \u00e0 travers le Travel Sax est beaucoup plus petit par rapport \u00e0 un saxophone standard, ce qui emp\u00eache l'anche de vibrer et de produire un son.<br><a tabindex=\"0\">Est-il livr\u00e9 avec des voix ? Quelles voix de saxophone ou d'autres instruments sont fournies avec l'appareil ?<\/a><br>Pour l'instant, nous avons des sons de saxophone alto, t\u00e9nor et soprano dans notre application. Nous travaillons \u00e9galement sur d'autres sons de saxophone. Ce qui est g\u00e9nial, c'est que si tu veux le son d'autres instruments, tu peux utiliser d'autres applications telles que Garage Band, Ableton Live et bien d'autres.<br><a tabindex=\"0\">S'agit-il d'une interface MIDI ?<\/a><br>Oui, en effet !<br><a tabindex=\"0\">Quel est le temps de latence ?<\/a><br>Tr\u00e8s faible (8-10ms) si tu utilises la connexion Bluetooth, et 0ms si tu utilises la connexion USB \u00e0 ton ordinateur.<br><a tabindex=\"0\">Puis-je me produire professionnellement avec le Travel Sax comme je le ferais avec un saxophone standard ou un contr\u00f4leur de vent ? Si ce n'est pas le cas, quelles sont les limites ?<\/a><br>L'id\u00e9e est de lancer Travel Sax comme un outil pour s'entra\u00eener, mais notre objectif est d'atteindre le niveau PRO. Id\u00e9alement, tu devrais pouvoir te produire en direct sans aucun probl\u00e8me. Nous travaillons tr\u00e8s dur pour atteindre ce point afin de pouvoir dire 100% en toute confiance, oui. Nous am\u00e9liorons actuellement les capteurs pour que les joueurs professionnels puissent sentir que le Travel Sax est aussi un outil de performance.<br><a tabindex=\"0\">Que dois-je faire si l'application Travel Sax 1 ne donne pas le son escompt\u00e9 lorsque je joue avec mon Travel Sax ?<\/a><br>Ouvre l'application Travel Sax et appuie sur le bouton \"Effets\". Modifie ensuite la taille de la m\u00e9moire tampon sur Bas, Moyen ou Haut jusqu'\u00e0 ce que tu obtiennes un son de bonne qualit\u00e9.<\/p>","protected":false},"excerpt":{"rendered":"<p>Nevertheless, be aware that some of the usual fingerings used in this range are not programed because of the Travel Sax key\u00e2\u20ac\u2122s restricitons (the \u00e2\u20ac\u0153X\u00e2\u20ac\u009d key for instance is united to the \u00e2\u20ac\u0153P\u00e2\u20ac\u009d key).How do I control the volume while blowing?Travel Sax has a pressure sensor that detects the blowing intensity and instantly determines the [&hellip;]<\/p>\n","protected":false},"author":197381757,"featured_media":0,"parent":0,"menu_order":0,"comment_status":"closed","ping_status":"closed","template":"","meta":{"footnotes":""},"page-type":[],"class_list":["post-36228","page","type-page","status-publish","hentry"],"meta_box":{"page_countdown":[],"lp_faq":[],"image_vert":[],"image_hori":[],"h_larg_product_slider":[]},"_links":{"self":[{"href":"https:\/\/odiseimusic.com\/fr\/wp-json\/wp\/v2\/pages\/36228","targetHints":{"allow":["GET"]}}],"collection":[{"href":"https:\/\/odiseimusic.com\/fr\/wp-json\/wp\/v2\/pages"}],"about":[{"href":"https:\/\/odiseimusic.com\/fr\/wp-json\/wp\/v2\/types\/page"}],"author":[{"embeddable":true,"href":"https:\/\/odiseimusic.com\/fr\/wp-json\/wp\/v2\/users\/197381757"}],"replies":[{"embeddable":true,"href":"https:\/\/odiseimusic.com\/fr\/wp-json\/wp\/v2\/comments?post=36228"}],"version-history":[{"count":0,"href":"https:\/\/odiseimusic.com\/fr\/wp-json\/wp\/v2\/pages\/36228\/revisions"}],"wp:attachment":[{"href":"https:\/\/odiseimusic.com\/fr\/wp-json\/wp\/v2\/media?parent=36228"}],"wp:term":[{"taxonomy":"page-type","embeddable":true,"href":"https:\/\/odiseimusic.com\/fr\/wp-json\/wp\/v2\/page-type?post=36228"}],"curies":[{"name":"wp","href":"https:\/\/api.w.org\/{rel}","templated":true}]}}