{"id":101,"date":"2020-11-27T22:00:34","date_gmt":"2020-11-27T21:00:34","guid":{"rendered":"https:\/\/odisei.presspulp.com\/?post_type=product&#038;p=101"},"modified":"2026-04-04T14:26:53","modified_gmt":"2026-04-04T12:26:53","slug":"travel-sax-2","status":"publish","type":"product","link":"https:\/\/odiseimusic.com\/fr\/products\/travel-sax-2\/","title":{"rendered":"Travel Sax 2"},"content":{"rendered":"<div class=\"WncCi\" data-hook=\"info-section-description\">\n<div>\n<h5><strong>Qu'est-ce qui est inclus ?<\/strong><\/h5>\n<ul>\n<li>Embout alto<\/li>\n<li>Travel Sax \u00e9tui de protection<\/li>\n<li>Sac \u00e0 accessoires<\/li>\n<li>Chiffon en microfibre<\/li>\n<li>x3 Adaptateurs d'embouts imprim\u00e9s en 3D (Soprano, T\u00e9nor, Baryton)<\/li>\n<li>C\u00e2ble de charge USB-C<\/li>\n<\/ul>\n<\/div>\n<p>&nbsp;<\/p>\n<div>\n<h5><strong>Pratique \u00e0 tout moment, n'importe o\u00f9<\/strong><\/h5>\n<p>Pratique, apprends, improvise et exp\u00e9rimente avec des milliers de fa\u00e7ons de jouer du saxophone en tant que contr\u00f4leur MIDI. Fais ressortir ton c\u00f4t\u00e9 le plus cr\u00e9atif o\u00f9 que tu ailles avec le saxophone \u00e9lectronique le plus portable au monde.<br \/>\nIl utilise un bec de saxophone standard et la position des touches pour imiter un saxophone classique, ainsi que la pression de ton souffle pour d\u00e9terminer le volume.<\/p>\n<p><a class=\"button\" href=\"\/fr\/boutique\/\">Voir tous les accessoires<\/a><\/p>\n<\/div>\n<\/div>\n<p>&nbsp;<\/p>\n<div class=\"WncCi\" data-hook=\"info-section-description\">\n<div>\n<h4><strong>Pack d'accessoires<\/strong><\/h4>\n<p>Chaque accessoire peut \u00eatre achet\u00e9 s\u00e9par\u00e9ment ou en pack. Le pack d'accessoires comprend : le manche incurv\u00e9, le manche extensible et l'embouchure. Tu peux aussi ajouter un jeu de cl\u00e9s suppl\u00e9mentaire si tu veux personnaliser encore plus ton Travel Sax.<\/p>\n<p style=\"text-align: left;\"><a class=\"button\" href=\"\/fr\/produit\/pack-daccessoires-travel-sax-2\/\">Obtenir le pack<\/a><\/p>\n<\/div>\n<\/div>\n<p>&nbsp;<\/p>\n<div class=\"WncCi\" data-hook=\"info-section-description\">\n<div>\n<h5><strong>Quel est le d\u00e9lai de livraison ?<\/strong><\/h5>\n<p>Selon le stock que nous avons en ce moment, le d\u00e9lai de livraison peut \u00eatre d'environ... <strong>4-5 jours ouvrables <\/strong>apr\u00e8s l'achat de ton Travel Sax. Tu peux nous contacter pour plus d'informations.<br \/>\nLis attentivement le <strong>D\u00e9tails importants<\/strong> section des instructions.<\/p>\n<div dir=\"auto\">Clause de non-responsabilit\u00e9 : Odisei Music ne peut \u00eatre tenu responsable des retards de livraison induits par nos partenaires d'exp\u00e9dition (compagnie de transport, d\u00e9douanement, ou probl\u00e8mes impr\u00e9vus).<\/div>\n<div dir=\"auto\"><\/div>\n<\/div>\n<div dir=\"auto\">\n<h4>Cl\u00e9s de saxophone de voyage personnalis\u00e9es !<\/h4>\n<div class=\"WncCi\" data-hook=\"info-section-description\">\n<p>Obtiens un Travel Sax personnalis\u00e9 et choisis la couleur de chaque cl\u00e9 inviduelle ! !!<\/p>\n<ol>\n<li>Choisis l'option personnalis\u00e9e et ach\u00e8te-la.<\/li>\n<li>T\u00e9l\u00e9charger <strong><a style=\"text-decoration: underlined; color: blue;\" href=\"\/wp-content\/uploads\/2025\/03\/TRAVEL-SAX-2-custom-1.xlsx\">ce fichier excel<\/a><\/strong> et remplis les couleurs que tu souhaites.<\/li>\n<li>Envoie l'excel \u00e0 info@odiseimusic.com avec ton num\u00e9ro de commande.<\/li>\n<\/ol>\n<p>&nbsp;<\/p>\n<\/div>\n<h5><\/h5>\n<\/div>\n<\/div>","protected":false},"excerpt":{"rendered":"<p data-start=\"130\" data-end=\"173\"><strong>C'est le Travel Sax 2 !<\/strong><\/p>\n<p data-start=\"175\" data-end=\"268\">Ne manque pas ta chance d'obtenir ton <strong data-start=\"210\" data-end=\"230\">nouveau Travel Sax 2<\/strong> et <strong data-start=\"235\" data-end=\"265\">\u00e9conomise sur tous les frais d'exp\u00e9dition.\u00a0<\/strong><\/p>\n<p data-start=\"175\" data-end=\"268\"><strong>Inspiration<\/strong> peut venir \u00e0 toi n'importe quand, n'importe o\u00f9. M\u00eame doigt\u00e9 et sensation r\u00e9aliste. Il suffit de brancher et de jouer cette clarinette de poche. Ton compagnon de voyage id\u00e9al, qui te permet <strong data-start=\"385\" data-end=\"415\">Tu peux t'entra\u00eener o\u00f9 tu veux.<\/strong><\/p>","protected":false},"featured_media":33867,"comment_status":"open","ping_status":"closed","template":"","meta":[],"product_brand":[],"product_cat":[2677,2674],"product_tag":[],"class_list":{"0":"post-101","1":"product","2":"type-product","3":"status-publish","4":"has-post-thumbnail","6":"product_cat-odiseimusic-product","7":"product_cat-travel-sax","9":"first","10":"instock","11":"sale","12":"taxable","13":"shipping-taxable","14":"purchasable","15":"product-type-variable","16":"has-default-attributes"},"meta_box":{"page_countdown":{"countdowntitle":"Winter hot deal!","count_down_image":"16357","countdownbuttontext":"Save 90\u20ac NOW","count_down_ending_date":"2026-03-09 00:00","count_down_url":"https:\/\/odiseimusic.com\/products\/travel-sax-2\/"},"country_restriction":"USA","usa_restriction":{"rest_btn_text":"Buy on Sweetwater","btn_url_rest":"https:\/\/www.sweetwater.com\/store\/detail\/TravelSax2WS--odisei-music-travel-sax-2-wind-synth-controller-white-silicon?_queryID=33e55ed74085cc03f563d80d8c0f5493&_index=production_products"},"faqs_group":[{"question":"Custom travel sax keys","answer":"Get a custom Travel Sax and chose the color of each invidual keys!!\r\n<ol>\r\n \t<li>Choose the custom option and buy it.<\/li>\r\n \t<li>Download <strong><a style=\"text-decoration: underlined; color: blue;\" href=\"\/wp-content\/uploads\/2025\/03\/TRAVEL-SAX-2-custom-1.xlsx\">this excel file<\/a><\/strong> and fill your wanted colors.<\/li>\r\n \t<li>Send the excel to info@odiseimusic.com with your order ID.<\/li>\r\n<\/ol>\r\n&nbsp;"}]},"_links":{"self":[{"href":"https:\/\/odiseimusic.com\/fr\/wp-json\/wp\/v2\/product\/101","targetHints":{"allow":["GET"]}}],"collection":[{"href":"https:\/\/odiseimusic.com\/fr\/wp-json\/wp\/v2\/product"}],"about":[{"href":"https:\/\/odiseimusic.com\/fr\/wp-json\/wp\/v2\/types\/product"}],"replies":[{"embeddable":true,"href":"https:\/\/odiseimusic.com\/fr\/wp-json\/wp\/v2\/comments?post=101"}],"wp:featuredmedia":[{"embeddable":true,"href":"https:\/\/odiseimusic.com\/fr\/wp-json\/wp\/v2\/media\/33867"}],"wp:attachment":[{"href":"https:\/\/odiseimusic.com\/fr\/wp-json\/wp\/v2\/media?parent=101"}],"wp:term":[{"taxonomy":"product_brand","embeddable":true,"href":"https:\/\/odiseimusic.com\/fr\/wp-json\/wp\/v2\/product_brand?post=101"},{"taxonomy":"product_cat","embeddable":true,"href":"https:\/\/odiseimusic.com\/fr\/wp-json\/wp\/v2\/product_cat?post=101"},{"taxonomy":"product_tag","embeddable":true,"href":"https:\/\/odiseimusic.com\/fr\/wp-json\/wp\/v2\/product_tag?post=101"}],"curies":[{"name":"wp","href":"https:\/\/api.w.org\/{rel}","templated":true}]}}