{"id":12791,"date":"2022-09-16T11:24:34","date_gmt":"2022-09-16T09:24:34","guid":{"rendered":"https:\/\/odisei.presspulp.com\/?post_type=product&#038;p=12791"},"modified":"2026-03-28T15:35:52","modified_gmt":"2026-03-28T14:35:52","slug":"saxophone-de-voyage-adaptatif","status":"publish","type":"product","link":"https:\/\/odiseimusic.com\/fr\/products\/adaptative-travel-sax\/","title":{"rendered":"Adaptatif Travel Sax"},"content":{"rendered":"<h6><b>Ce qui est inclus dans l'Adaptative Travel Sax 2.\u00a0<\/b><\/h6>\n<ul>\n<li style=\"font-weight: 400;\" aria-level=\"1\"><span style=\"font-weight: 400;\">Embout alto<\/span><\/li>\n<li style=\"font-weight: 400;\" aria-level=\"1\"><span style=\"font-weight: 400;\">Travel Sax \u00e9tui de protection<\/span><\/li>\n<li style=\"font-weight: 400;\" aria-level=\"1\"><span style=\"font-weight: 400;\">Sac \u00e0 accessoires<\/span><\/li>\n<li style=\"font-weight: 400;\" aria-level=\"1\"><span style=\"font-weight: 400;\">Chiffon en microfibre<\/span><\/li>\n<\/ul>\n<ul>\n<li style=\"font-weight: 400;\" aria-level=\"1\"><span style=\"font-weight: 400;\">x3 Adaptateurs d'embouchure (Soprano, T\u00e9nor, Baryton)<\/span><\/li>\n<li style=\"font-weight: 400;\" aria-level=\"1\"><span style=\"font-weight: 400;\">C\u00e2ble de charge USB-C<\/span><\/li>\n<li aria-level=\"1\">P\u00e9dale et adaptateur<\/li>\n<li aria-level=\"1\">Support<\/li>\n<\/ul>\n<p>&nbsp;<\/p>\n<h6><b>Qu'est-ce qui n'est PAS inclus dans l'Adaptative Travel Sax 2 ?<\/b><\/h6>\n<ul>\n<li style=\"font-weight: 400;\" aria-level=\"1\"><span style=\"font-weight: 400;\">Interrupteur (<\/span><a href=\"https:\/\/www.logitechg.com\/en-gb\/products\/gamepads\/adaptive-gaming-kit-accessories.943-000339.html\" target=\"_blank\" rel=\"noopener\"><span style=\"font-weight: 400;\">1<\/span><\/a><span style=\"font-weight: 400;\">)<\/span><\/li>\n<li style=\"font-weight: 400;\" aria-level=\"1\"><span style=\"font-weight: 400;\">Stands (<\/span><a href=\"https:\/\/www.thomann.de\/es\/manfrotto_035.htm\" target=\"_blank\" rel=\"noopener\"><span style=\"font-weight: 400;\">1<\/span><\/a><span style=\"font-weight: 400;\">,<\/span><a href=\"https:\/\/www.thomann.de\/nl\/manfrotto_196ab_2_single_arm_2_section.htm\" target=\"_blank\" rel=\"noopener\"> <span style=\"font-weight: 400;\">2<\/span><\/a><span style=\"font-weight: 400;\">,<\/span><a href=\"https:\/\/www.thomann.de\/es\/manfrotto_147_adapter_spigot_3_8_1_4.htm\" target=\"_blank\" rel=\"noopener\"> <span style=\"font-weight: 400;\">3<\/span><\/a><span style=\"font-weight: 400;\">)<\/span><\/li>\n<\/ul>\n<p>&nbsp;<\/p>\n<p>&nbsp;<\/p>\n<h6><span style=\"font-weight: 400;\">Cet instrument est hautement personnalisable pour tout type de di...<\/span><span style=\"font-weight: 400;\">ou une limitation physique. Il existe \u00e9galement une version sp\u00e9ciale pour les personnes dont la force musculaire est extr\u00eamement faible, qui comporte des touches l\u00e9g\u00e8res suppl\u00e9mentaires. \u00c0 l'aide d'une (p\u00e9dale) externe, il est \u00e9galement possible de jouer toute la gamme de notes du Sax d'une seule main, en \u00e2\u20ac\u02dcre-mappant\u00e2\u20ac\u2122 ses touches, afin de fournir des placements de doigts personnalisables pour les joueurs d'une seule main, qu'ils soient gauchers ou droitiers. Dans l'appli, tu peux modifier bien d'autres param\u00e8tres, comme la sensibilit\u00e9 au souffle, pour que les personnes dont la force respiratoire est limit\u00e9e puissent quand m\u00eame jouer du Sax. Le Sax peut \u00eatre mont\u00e9 sur un tr\u00e9pied, il n'est donc pas n\u00e9cessaire de pouvoir le tenir.<\/span><\/h6>\n<p>&nbsp;<\/p>\n<h6><span style=\"font-weight: 400;\">Ce produit est le r\u00e9sultat de notre projet social soutenu par notre vision \u00e0 Odisei Music ; diffuser la musique et donner aux musiciens les moyens d'apprendre et de cr\u00e9er de la musique de mani\u00e8re inclusive. Gr\u00e2ce \u00e0 la collaboration avec My Breath My Music, nous avons pu d\u00e9velopper le premier Travel Sax adaptatif pour les personnes handicap\u00e9es. D'autre part, nous voulons aller encore plus loin et nous contribuons avec un don de 100\u00e2'\u00ac \u00e0 My Breath My Music Fundation, chaque fois qu'un Travel Sax adaptatif est vendu. Avec ces dons, nous voulons contribuer \u00e0 augmenter le soutien \u00e0 la recherche de nouvelles fa\u00e7ons d'aider les personnes handicap\u00e9es \u00e0 cr\u00e9er et \u00e0 apprendre la musique.<\/span><\/h6>\n<p>&nbsp;<\/p>\n<p>&nbsp;<\/p>\n<p><iframe loading=\"lazy\" title=\"Tatum parle pour la premi\u00e8re fois de l&#039;Adapted Travel Sax\" width=\"500\" height=\"281\" src=\"https:\/\/www.youtube.com\/embed\/1NG_zP6I_to?feature=oembed\" frameborder=\"0\" allow=\"accelerometer; autoplay; clipboard-write; encrypted-media; gyroscope; picture-in-picture; web-share\" referrerpolicy=\"strict-origin-when-cross-origin\" allowfullscreen><\/iframe><\/p>\n<h6><b>Pack d'accessoires<\/b><\/h6>\n<p><span style=\"font-weight: 400;\">Chaque accessoire peut \u00eatre achet\u00e9 s\u00e9par\u00e9ment ou en pack. Le pack d'accessoires comprend : le manche incurv\u00e9, le manche extensible et l'embouchure. Tu peux aussi ajouter un jeu de cl\u00e9s suppl\u00e9mentaire si tu veux personnaliser encore plus ton Travel Sax.<\/span><\/p>\n<p>&nbsp;<\/p>\n<h6><a href=\"\/fr\/produits\/pack-daccessoires-travel-sax-2\/\"><span style=\"font-weight: 400;\">Obtenir le pack<\/span><\/a><\/h6>\n<p>&nbsp;<\/p>\n<h6><b>Quel est le d\u00e9lai de livraison ?<\/b><\/h6>\n<p><span style=\"font-weight: 400;\">Selon le stock que nous avons en ce moment, le d\u00e9lai de livraison peut \u00eatre d'environ... <\/span><b>4-5 jours ouvrables <\/b><span style=\"font-weight: 400;\">apr\u00e8s l'achat de ton Travel Sax. Tu peux nous contacter pour plus d'informations.<\/span><\/p>\n<p>&nbsp;<\/p>\n<p>&nbsp;<\/p>\n<h6><span style=\"font-weight: 400;\">Lis attentivement le <\/span><b>D\u00e9tails importants<\/b><span style=\"font-weight: 400;\"> section des instructions.<\/span><\/h6>\n<p>&nbsp;<\/p>","protected":false},"excerpt":{"rendered":"<p>L'Adaptive Travel Sax 2 fait partie de notre projet social avec <a href=\"https:\/\/mybreathmymusic.com\/en\/adaptive-travel-sax\" target=\"_blank\" rel=\"noopener\">Fondation My Breath My Music<\/a>. L'objectif de ce projet est d'adapter le Travel Sax pour que toute personne souffrant d'un handicap quelconque puisse profiter du pouvoir de jouer et d'apprendre la musique \u00e0 l'aide de ce formidable instrument.<\/p>","protected":false},"featured_media":16359,"comment_status":"open","ping_status":"closed","template":"","meta":[],"product_brand":[],"product_cat":[2506,2677],"product_tag":[],"class_list":{"0":"post-12791","1":"product","2":"type-product","3":"status-publish","4":"has-post-thumbnail","6":"product_cat-adaptative-travel-sax","7":"product_cat-odiseimusic-product","9":"first","10":"instock","11":"purchasable","12":"product-type-variable","13":"has-default-attributes"},"meta_box":{"page_countdown":[],"country_restriction":"USA","usa_restriction":{"rest_btn_text":"Buy at Sweetwater","btn_url_rest":"https:\/\/www.sweetwater.com\/store\/detail\/TravelSax2--odisei-music-travel-sax-2-wind-synth-controller?utm_source=odiseimusic&utm_medium=web&utm_campaign=odiseimusic"},"faqs_group":[]},"_links":{"self":[{"href":"https:\/\/odiseimusic.com\/fr\/wp-json\/wp\/v2\/product\/12791","targetHints":{"allow":["GET"]}}],"collection":[{"href":"https:\/\/odiseimusic.com\/fr\/wp-json\/wp\/v2\/product"}],"about":[{"href":"https:\/\/odiseimusic.com\/fr\/wp-json\/wp\/v2\/types\/product"}],"replies":[{"embeddable":true,"href":"https:\/\/odiseimusic.com\/fr\/wp-json\/wp\/v2\/comments?post=12791"}],"wp:featuredmedia":[{"embeddable":true,"href":"https:\/\/odiseimusic.com\/fr\/wp-json\/wp\/v2\/media\/16359"}],"wp:attachment":[{"href":"https:\/\/odiseimusic.com\/fr\/wp-json\/wp\/v2\/media?parent=12791"}],"wp:term":[{"taxonomy":"product_brand","embeddable":true,"href":"https:\/\/odiseimusic.com\/fr\/wp-json\/wp\/v2\/product_brand?post=12791"},{"taxonomy":"product_cat","embeddable":true,"href":"https:\/\/odiseimusic.com\/fr\/wp-json\/wp\/v2\/product_cat?post=12791"},{"taxonomy":"product_tag","embeddable":true,"href":"https:\/\/odiseimusic.com\/fr\/wp-json\/wp\/v2\/product_tag?post=12791"}],"curies":[{"name":"wp","href":"https:\/\/api.w.org\/{rel}","templated":true}]}}