{"id":1394,"date":"2021-01-15T14:21:17","date_gmt":"2021-01-15T13:21:17","guid":{"rendered":"https:\/\/odisei.presspulp.com\/?post_type=product&#038;p=1394"},"modified":"2025-11-21T16:34:08","modified_gmt":"2025-11-21T15:34:08","slug":"embout-musical-odisei","status":"publish","type":"product","link":"https:\/\/odiseimusic.com\/fr\/products\/odisei-music-mouthpiece\/","title":{"rendered":"Embout (Travel Sax 2)"},"content":{"rendered":"<div>\n<h6><strong>Lequel dois-tu utiliser ?<\/strong><\/h6>\n<p>Le cou de l'embouchure, l'extenseur de cou et une embouchure sp\u00e9ciale ont \u00e9t\u00e9 con\u00e7us pour augmenter l'ergonomie et personnaliser ton le Travel Sax. Ils peuvent \u00eatre attach\u00e9s les uns aux autres, jusqu'\u00e0 3 accessoires ensemble, pour am\u00e9liorer ta posture de pratique.<\/p>\n<\/div>\n<p><iframe loading=\"lazy\" title=\"Accessoires Travel Sax - Que dois-je utiliser ?\" width=\"500\" height=\"281\" src=\"https:\/\/www.youtube.com\/embed\/e4N3Zt_KFbg?feature=oembed\" frameborder=\"0\" allow=\"accelerometer; autoplay; clipboard-write; encrypted-media; gyroscope; picture-in-picture; web-share\" referrerpolicy=\"strict-origin-when-cross-origin\" allowfullscreen><\/iframe><\/p>\n<div>\n<p>Tous les accessoires Travel Sax sont fabriqu\u00e9s par moulage par injection, mais l'embout Odisei est une pi\u00e8ce imprim\u00e9e en 3D en raison d'une g\u00e9om\u00e9trie complexe.<\/p>\n<p style=\"text-align: left;\"><a class=\"button\" href=\"\/fr\/boutique\/\">Voir plus d'accessoires<\/a><\/p>\n<\/div>\n<p>&nbsp;<\/p>\n<div>\n<h6><strong>Pack d'accessoires<\/strong><\/h6>\n<p>Chaque accessoire peut \u00eatre achet\u00e9 s\u00e9par\u00e9ment ou en pack. Le pack d'accessoires comprend : le manche incurv\u00e9, le manche extensible et l'embouchure. Tu peux aussi ajouter un jeu de cl\u00e9s suppl\u00e9mentaire si tu veux personnaliser encore plus ton Travel Sax.<\/p>\n<p style=\"text-align: left;\"><a class=\"button\" href=\"\/fr\/produits\/pack-daccessoires-travel-sax-2\/\">Obtenir le pack<\/a><\/p>\n<\/div>\n<p>&nbsp;<\/p>\n<div>\n<h6><strong>Quel est le d\u00e9lai de livraison ?<\/strong><\/h6>\n<p>Selon le stock que nous avons en ce moment, le d\u00e9lai de livraison peut \u00eatre d'environ... <strong>4-5 jours ouvrables <\/strong>apr\u00e8s l'achat de ton Travel Sax. Tu peux nous contacter pour plus d'informations.<\/p>\n<p>Lis attentivement le <strong>D\u00e9tails importants<\/strong> section des instructions.<\/p>\n<\/div>","protected":false},"excerpt":{"rendered":"<p><span class=\"VIiyi\" lang=\"en\"><span class=\"JLqJ4b ChMk0b\" data-language-for-alternatives=\"en\" data-language-to-translate-into=\"es\" data-phrase-index=\"0\">L'embout Odisei Music te permettra de contr\u00f4ler beaucoup mieux le flux d'air lorsque tu utiliseras le Travel Sax gr\u00e2ce aux deux petits trous de l'embout par lesquels passe l'air.<\/span> <span class=\"JLqJ4b ChMk0b\" data-language-for-alternatives=\"en\" data-language-to-translate-into=\"es\" data-phrase-index=\"1\">Tu pourras ainsi contr\u00f4ler le d\u00e9bit plus facilement \u00e0 l'aide de ta langue. Cet accessoire est fabriqu\u00e9 \u00e0 l'aide d'une technologie imprim\u00e9e en 3D.<\/span><\/span><\/p>","protected":false},"featured_media":15387,"comment_status":"open","ping_status":"closed","template":"","meta":[],"product_brand":[],"product_cat":[2414,2677],"product_tag":[],"class_list":{"0":"post-1394","1":"product","2":"type-product","3":"status-publish","4":"has-post-thumbnail","6":"product_cat-accessory","7":"product_cat-odiseimusic-product","9":"first","10":"instock","11":"purchasable","12":"product-type-simple"},"meta_box":{"page_countdown":[],"country_restriction":"USA","usa_restriction":{"rest_btn_text":"Buy on Sweetwater","btn_url_rest":"https:\/\/www.sweetwater.com\/store\/detail\/TSAccsPk--odisei-music-travel-sax-2-accessory-pack?utm_source=odiseimusic&utm_medium=web&utm_campaign=odiseimusic"},"faqs_group":[]},"_links":{"self":[{"href":"https:\/\/odiseimusic.com\/fr\/wp-json\/wp\/v2\/product\/1394","targetHints":{"allow":["GET"]}}],"collection":[{"href":"https:\/\/odiseimusic.com\/fr\/wp-json\/wp\/v2\/product"}],"about":[{"href":"https:\/\/odiseimusic.com\/fr\/wp-json\/wp\/v2\/types\/product"}],"replies":[{"embeddable":true,"href":"https:\/\/odiseimusic.com\/fr\/wp-json\/wp\/v2\/comments?post=1394"}],"wp:featuredmedia":[{"embeddable":true,"href":"https:\/\/odiseimusic.com\/fr\/wp-json\/wp\/v2\/media\/15387"}],"wp:attachment":[{"href":"https:\/\/odiseimusic.com\/fr\/wp-json\/wp\/v2\/media?parent=1394"}],"wp:term":[{"taxonomy":"product_brand","embeddable":true,"href":"https:\/\/odiseimusic.com\/fr\/wp-json\/wp\/v2\/product_brand?post=1394"},{"taxonomy":"product_cat","embeddable":true,"href":"https:\/\/odiseimusic.com\/fr\/wp-json\/wp\/v2\/product_cat?post=1394"},{"taxonomy":"product_tag","embeddable":true,"href":"https:\/\/odiseimusic.com\/fr\/wp-json\/wp\/v2\/product_tag?post=1394"}],"curies":[{"name":"wp","href":"https:\/\/api.w.org\/{rel}","templated":true}]}}