{"id":17920,"date":"2023-03-24T09:55:30","date_gmt":"2023-03-24T08:55:30","guid":{"rendered":"https:\/\/odisei.presspulp.com\/?post_type=product&#038;p=17920"},"modified":"2026-02-04T20:34:40","modified_gmt":"2026-02-04T19:34:40","slug":"adaptateur-usb-c-ios","status":"publish","type":"product","link":"https:\/\/odiseimusic.com\/fr\/products\/usb-c-adapter-ios\/","title":{"rendered":"Adaptateur Lightning OTG iOs (sans port USB-C)"},"content":{"rendered":"<div>\n<h6><strong>\u00c0 quoi sert cet adaptateur USB ?<\/strong><\/h6>\n<p>L'adaptateur audio Lightning OTG permet d'\u00e9couter de la musique et de se recharger en m\u00eame temps. Il est facile de transf\u00e9rer de la musique, des films, des photos, des documents PDF de ta cl\u00e9 USB vers tes appareils Lightning (ios). Il permet \u00e9galement de connecter des p\u00e9riph\u00e9riques USB tels que des hubs, des adaptateurs Ethernet, des interfaces audio\/MIDI et des lecteurs de cartes pour compact flash, SD, Micro SD et plus encore.<\/p>\n<p>L'adaptateur Lightning OTG pour appareils plus pratique pour transmettre l'audio et les vid\u00e9os de l'appareil photo au t\u00e9l\u00e9phone et au pad. Pour tous les appareils iOS, l'adaptateur Lightning OTG pour appareils peut transf\u00e9rer l'audio ou les vid\u00e9os d'une cl\u00e9 USB et d'un appareil photo num\u00e9rique haute r\u00e9solution vers ton appareil iOS. Avec notre adaptateur USB, tu peux lire le Travel Sax 2 et importer\/exporter des photos, des vid\u00e9os et des fichiers.<\/p>\n<\/div>\n<h6><strong>Caract\u00e9ristiques<\/strong><\/h6>\n<ul>\n<li>Prend en charge l'\u00e9coute d'un casque de 3,5 mm et la charge en m\u00eame temps.<\/li>\n<li>Prend en charge la charge rapide PD jusqu'\u00e0 5v\/3A, tu peux charger ton t\u00e9l\u00e9phone plus rapidement et gagner plus de temps.<\/li>\n<li>La puce DAC intelligente int\u00e9gr\u00e9e prend en charge le Hi-Res (jusqu'\u00e0 24bit\/96khz), ce qui garantit un son de haute qualit\u00e9 sans aucune perte audio, m\u00eame en cours d'appel.<\/li>\n<li>La puce HUB intelligente int\u00e9gr\u00e9e permet d'utiliser simultan\u00e9ment les ports USB, les ports 3,5 et les ports de type C.<\/li>\n<li>Compatibilit\u00e9 la plupart des t\u00e9l\u00e9phones portables, pads, lecteurs d'ordinateurs portables avec des ports USB-C.<\/li>\n<\/ul>\n<p><iframe loading=\"lazy\" title=\"Accessoires Travel Sax - Que dois-je utiliser ?\" width=\"500\" height=\"281\" src=\"https:\/\/www.youtube.com\/embed\/e4N3Zt_KFbg?feature=oembed\" frameborder=\"0\" allow=\"accelerometer; autoplay; clipboard-write; encrypted-media; gyroscope; picture-in-picture; web-share\" referrerpolicy=\"strict-origin-when-cross-origin\" allowfullscreen><\/iframe><\/p>\n<div>\n<p style=\"text-align: left;\"><a class=\"button\" href=\"\/fr\/boutique\/\">Voir plus d'accessoires<\/a><\/p>\n<\/div>\n<p>&nbsp;<\/p>\n<div>\n<h6><strong>Pack d'accessoires<\/strong><\/h6>\n<p>Chaque accessoire peut \u00eatre achet\u00e9 s\u00e9par\u00e9ment ou en pack. Le pack d'accessoires comprend : le manche incurv\u00e9, le manche extensible et l'embouchure. Tu peux aussi ajouter un jeu de cl\u00e9s suppl\u00e9mentaire si tu veux personnaliser encore plus ton Travel Sax.<\/p>\n<p style=\"text-align: left;\"><a class=\"button\" href=\"\/fr\/produits\/pack-daccessoires-travel-sax-2\/\">Obtenir le pack<\/a><\/p>\n<\/div>\n<p>&nbsp;<\/p>\n<div>\n<h6><strong>Quel est le d\u00e9lai de livraison ?<\/strong><\/h6>\n<p>Selon le stock que nous avons en ce moment, le d\u00e9lai de livraison peut \u00eatre d'environ... <strong>4-5 jours ouvrables <\/strong>apr\u00e8s l'achat de ton Travel Sax. Tu peux nous contacter pour plus d'informations.<\/p>\n<p>Lis attentivement le <strong>D\u00e9tails importants<\/strong> section des instructions.<\/p>\n<\/div>","protected":false},"excerpt":{"rendered":"<p>L'adaptateur USB-C permet de connecter ton Travel Sax 2 \u00e0 n'importe quel appareil iOS. Il te permet \u00e9galement de charger la batterie et il est utile pour connecter tes \u00e9couteurs via un c\u00e2ble.<\/p>","protected":false},"featured_media":26150,"comment_status":"open","ping_status":"closed","template":"","meta":[],"product_brand":[],"product_cat":[2414,2677],"product_tag":[2981],"class_list":{"0":"post-17920","1":"product","2":"type-product","3":"status-publish","4":"has-post-thumbnail","6":"product_cat-accessory","7":"product_cat-odiseimusic-product","8":"product_tag-travel-sax","10":"first","11":"instock","12":"purchasable","13":"product-type-simple"},"meta_box":{"page_countdown":[],"country_restriction":"No","usa_restriction":{"rest_btn_text":"Buy on Sweetwater","btn_url_rest":"https:\/\/www.sweetwater.com\/store\/manufacturer\/Odisei_Music?utm_source=odiseimusic&utm_medium=web&utm_campaign=odiseimusic"},"faqs_group":[]},"_links":{"self":[{"href":"https:\/\/odiseimusic.com\/fr\/wp-json\/wp\/v2\/product\/17920","targetHints":{"allow":["GET"]}}],"collection":[{"href":"https:\/\/odiseimusic.com\/fr\/wp-json\/wp\/v2\/product"}],"about":[{"href":"https:\/\/odiseimusic.com\/fr\/wp-json\/wp\/v2\/types\/product"}],"replies":[{"embeddable":true,"href":"https:\/\/odiseimusic.com\/fr\/wp-json\/wp\/v2\/comments?post=17920"}],"wp:featuredmedia":[{"embeddable":true,"href":"https:\/\/odiseimusic.com\/fr\/wp-json\/wp\/v2\/media\/26150"}],"wp:attachment":[{"href":"https:\/\/odiseimusic.com\/fr\/wp-json\/wp\/v2\/media?parent=17920"}],"wp:term":[{"taxonomy":"product_brand","embeddable":true,"href":"https:\/\/odiseimusic.com\/fr\/wp-json\/wp\/v2\/product_brand?post=17920"},{"taxonomy":"product_cat","embeddable":true,"href":"https:\/\/odiseimusic.com\/fr\/wp-json\/wp\/v2\/product_cat?post=17920"},{"taxonomy":"product_tag","embeddable":true,"href":"https:\/\/odiseimusic.com\/fr\/wp-json\/wp\/v2\/product_tag?post=17920"}],"curies":[{"name":"wp","href":"https:\/\/api.w.org\/{rel}","templated":true}]}}