{"id":21633,"date":"2023-12-04T12:38:43","date_gmt":"2023-12-04T11:38:43","guid":{"rendered":"https:\/\/odisei.presspulp.com\/?post_type=product&#038;p=21633"},"modified":"2025-11-23T13:57:38","modified_gmt":"2025-11-23T12:57:38","slug":"support-mobile","status":"publish","type":"product","link":"https:\/\/odiseimusic.com\/fr\/products\/mobile-holder\/","title":{"rendered":"Support mobile"},"content":{"rendered":"<p><strong>Id\u00e9al pour de nombreuses occasions :<\/strong> Le support s'adapte \u00e0 tout environnement et peut \u00eatre fix\u00e9 au bureau, \u00e0 la table, \u00e0 l'\u00e9tag\u00e8re de la cuisine, \u00e0 la table de chevet, au train, au bus, au si\u00e8ge d'avion et \u00e0 de nombreuses surfaces.<\/p>\n<p>&nbsp;<\/p>\n<p><strong>Polyvalent :<\/strong> Parfait pour TikTok, YouTube, Instagram, FaceTime, les selfies, regarder des films et bien plus encore. M\u00eame au bureau et \u00e0 la maison, tu es parfaitement \u00e9quip\u00e9 pour les appels vid\u00e9o avec ton t\u00e9l\u00e9phone portable.<\/p>\n<p>&nbsp;<\/p>\n<p><strong>Mains libres :<\/strong> Le support pour t\u00e9l\u00e9phone portable peut \u00eatre r\u00e9gl\u00e9 \u00e0 la bonne hauteur et au bon angle pour que tu aies toujours une vue d'ensemble. Tu as les mains libres lorsque tu parles au t\u00e9l\u00e9phone ou que tu cuisines avec une application de cuisine.<\/p>\n<p>&nbsp;<\/p>\n<p><strong>Universel :<\/strong> Le support de voyage avec pince est compatible avec les iPhone 15, 14, 13 (Pro, Max, Plus, Mini), Samsung Galaxy, Xiaomi, Huawei, et maintient en toute s\u00e9curit\u00e9 n'importe quel t\u00e9l\u00e9phone d'une largeur maximale de 96 mm. Volume de livraison : 1x support de voyage universel Wicked Chili avec pince \u00e0 ressort et conception pliable. Support flexible pour t\u00e9l\u00e9phones portables, id\u00e9al pour se fixer sur le comptoir, l'\u00e9tag\u00e8re, l'armoire, etc.<\/p>","protected":false},"excerpt":{"rendered":"<p>Le support s'adapte \u00e0 tout environnement et peut \u00eatre fix\u00e9 \u00e0 un bureau, une table, une \u00e9tag\u00e8re de cuisine, une table de chevet, un train, un bus, un si\u00e8ge d'avion et bien d'autres surfaces.<\/p>","protected":false},"featured_media":26144,"comment_status":"open","ping_status":"closed","template":"","meta":[],"product_brand":[],"product_cat":[2414],"product_tag":[2981],"class_list":{"0":"post-21633","1":"product","2":"type-product","3":"status-publish","4":"has-post-thumbnail","6":"product_cat-accessory","7":"product_tag-travel-sax","9":"first","10":"instock","11":"sale","12":"taxable","13":"shipping-taxable","14":"purchasable","15":"product-type-simple"},"meta_box":{"page_countdown":[],"country_restriction":"No","usa_restriction":{"rest_btn_text":"Buy on Sweetwater","btn_url_rest":"https:\/\/www.sweetwater.com\/store\/manufacturer\/Odisei_Music?utm_source=odiseimusic&utm_medium=web&utm_campaign=odiseimusic"},"faqs_group":[]},"_links":{"self":[{"href":"https:\/\/odiseimusic.com\/fr\/wp-json\/wp\/v2\/product\/21633","targetHints":{"allow":["GET"]}}],"collection":[{"href":"https:\/\/odiseimusic.com\/fr\/wp-json\/wp\/v2\/product"}],"about":[{"href":"https:\/\/odiseimusic.com\/fr\/wp-json\/wp\/v2\/types\/product"}],"replies":[{"embeddable":true,"href":"https:\/\/odiseimusic.com\/fr\/wp-json\/wp\/v2\/comments?post=21633"}],"wp:featuredmedia":[{"embeddable":true,"href":"https:\/\/odiseimusic.com\/fr\/wp-json\/wp\/v2\/media\/26144"}],"wp:attachment":[{"href":"https:\/\/odiseimusic.com\/fr\/wp-json\/wp\/v2\/media?parent=21633"}],"wp:term":[{"taxonomy":"product_brand","embeddable":true,"href":"https:\/\/odiseimusic.com\/fr\/wp-json\/wp\/v2\/product_brand?post=21633"},{"taxonomy":"product_cat","embeddable":true,"href":"https:\/\/odiseimusic.com\/fr\/wp-json\/wp\/v2\/product_cat?post=21633"},{"taxonomy":"product_tag","embeddable":true,"href":"https:\/\/odiseimusic.com\/fr\/wp-json\/wp\/v2\/product_tag?post=21633"}],"curies":[{"name":"wp","href":"https:\/\/api.w.org\/{rel}","templated":true}]}}