{"id":22638,"date":"2024-02-01T12:48:48","date_gmt":"2024-02-01T11:48:48","guid":{"rendered":"https:\/\/odisei.presspulp.com\/?post_type=product&#038;p=22638"},"modified":"2025-11-25T11:35:53","modified_gmt":"2025-11-25T10:35:53","slug":"ecouteurs-musicaux-odisei-2","status":"publish","type":"product","link":"https:\/\/odiseimusic.com\/fr\/products\/odisei-music-earphones-2\/","title":{"rendered":"\u00c9couteurs musicaux Odisei"},"content":{"rendered":"<p>Les \u00e9couteurs Odisei Music sont la solution parfaite pour \u00e9couter ton instrument avec une excellente qualit\u00e9. Ces \u00e9couteurs offrent une qualit\u00e9 sonore exceptionnelle dans toutes les gammes de fr\u00e9quences, atteignant une qualit\u00e9 tonale \u00e9quilibr\u00e9e dans toutes les fr\u00e9quences, \u00e0 la fois en termes de sp\u00e9cifications et par le biais de tests d'\u00e9quipement.<\/p>\n<p><span style=\"font-weight: 400\">Trois tailles diff\u00e9rentes d'embouts sont fournies pour s'adapter aux diff\u00e9rentes formes d'oreilles, nous te demandons donc de prendre un peu de temps avant l'utilisation pour trouver les embouts qui te conviennent le mieux.<\/span><\/p>\n<p><span style=\"font-weight: 400\">Avec un design ergonomique, lorsque tu utilises les \u00e9couteurs, nous te recommandons d'essayer diff\u00e9rents angles pour obtenir un maximum de confort et une \u00e9tanch\u00e9it\u00e9 optimale, garantissant ainsi la meilleure exp\u00e9rience possible.<\/span><\/p>\n<p><span style=\"font-weight: 400\">Lorsque tu utilises les \u00e9couteurs, nous te recommandons d'utiliser des sources audio haute d\u00e9finition sans perte et des appareils de qualit\u00e9 HIFI ; sinon, tu risques d'avoir des bruits \u00e9lectriques dans la source audio.<\/span><\/p>\n<p><span style=\"font-weight: 400\">Avant une utilisation r\u00e9guli\u00e8re, nous sugg\u00e9rons une p\u00e9riode de rodage de 10 \u00e0 72 heures \u00e0 un volume de 60-70%, ce qui permet d'am\u00e9liorer l'exp\u00e9rience musicale.<\/span><\/p>\n<p><span style=\"font-weight: 400\">Sp\u00e9cifications :<\/span><\/p>\n<ul>\n<li style=\"font-weight: 400\"><span style=\"font-weight: 400\">Type de prise : 3,5 mm<\/span><\/li>\n<li style=\"font-weight: 400\"><span style=\"font-weight: 400\">Sensibilit\u00e9 : 107 dB<\/span><\/li>\n<li style=\"font-weight: 400\"><span style=\"font-weight: 400\">Poids (\u00e9couteur+c\u00e2ble) : 9,2 g + 13 g<\/span><\/li>\n<li style=\"font-weight: 400\"><span style=\"font-weight: 400\">Type de transducteur : Moniteurs intra-auriculaires hybrides<\/span><\/li>\n<li style=\"font-weight: 400\"><span style=\"font-weight: 400\">R\u00e9ponse en fr\u00e9quence : 20Hz-20.000Hz<\/span><\/li>\n<li style=\"font-weight: 400\"><span style=\"font-weight: 400\">Longueur du c\u00e2ble : 1,25 m +- 5 cm<\/span><\/li>\n<li style=\"font-weight: 400\"><span style=\"font-weight: 400\">Type de connecteur : 2 broches<\/span><\/li>\n<li style=\"font-weight: 400\"><span style=\"font-weight: 400\">Imp\u00e9dance : 22 ?<\/span><\/li>\n<\/ul>","protected":false},"excerpt":{"rendered":"<p>Les \u00e9couteurs Odisei Music sont la solution parfaite pour \u00e9couter ton instrument avec une excellente qualit\u00e9. Ces \u00e9couteurs offrent une qualit\u00e9 sonore exceptionnelle dans toutes les gammes de fr\u00e9quences, atteignant une qualit\u00e9 tonale \u00e9quilibr\u00e9e dans toutes les fr\u00e9quences, \u00e0 la fois en termes de sp\u00e9cifications et par le biais de tests d'\u00e9quipement.<\/p>","protected":false},"featured_media":25833,"comment_status":"open","ping_status":"closed","template":"","meta":[],"product_brand":[],"product_cat":[2414],"product_tag":[2981],"class_list":{"0":"post-22638","1":"product","2":"type-product","3":"status-publish","4":"has-post-thumbnail","6":"product_cat-accessory","7":"product_tag-travel-sax","9":"first","10":"instock","11":"taxable","12":"shipping-taxable","13":"purchasable","14":"product-type-simple"},"meta_box":{"page_countdown":{"activate_countdown":"1","countdowntitle":"Limited Black Friday Offer","count_down_image":"36749","countdownbuttontext":"Save 100\u20ac NOW","count_down_ending_date":"2025-12-02 00:00","count_down_url":"https:\/\/odiseimusic.com\/products\/om-bundle-ts-accessory-pack-earphones\/","display_countdown":"1"},"country_restriction":"No","usa_restriction":{"rest_btn_text":"Buy on Sweetwater","btn_url_rest":"https:\/\/www.sweetwater.com\/store\/manufacturer\/Odisei_Music?utm_source=odiseimusic&utm_medium=web&utm_campaign=odiseimusic"},"faqs_group":[]},"_links":{"self":[{"href":"https:\/\/odiseimusic.com\/fr\/wp-json\/wp\/v2\/product\/22638","targetHints":{"allow":["GET"]}}],"collection":[{"href":"https:\/\/odiseimusic.com\/fr\/wp-json\/wp\/v2\/product"}],"about":[{"href":"https:\/\/odiseimusic.com\/fr\/wp-json\/wp\/v2\/types\/product"}],"replies":[{"embeddable":true,"href":"https:\/\/odiseimusic.com\/fr\/wp-json\/wp\/v2\/comments?post=22638"}],"wp:featuredmedia":[{"embeddable":true,"href":"https:\/\/odiseimusic.com\/fr\/wp-json\/wp\/v2\/media\/25833"}],"wp:attachment":[{"href":"https:\/\/odiseimusic.com\/fr\/wp-json\/wp\/v2\/media?parent=22638"}],"wp:term":[{"taxonomy":"product_brand","embeddable":true,"href":"https:\/\/odiseimusic.com\/fr\/wp-json\/wp\/v2\/product_brand?post=22638"},{"taxonomy":"product_cat","embeddable":true,"href":"https:\/\/odiseimusic.com\/fr\/wp-json\/wp\/v2\/product_cat?post=22638"},{"taxonomy":"product_tag","embeddable":true,"href":"https:\/\/odiseimusic.com\/fr\/wp-json\/wp\/v2\/product_tag?post=22638"}],"curies":[{"name":"wp","href":"https:\/\/api.w.org\/{rel}","templated":true}]}}