{"id":26128,"date":"2024-09-03T15:27:30","date_gmt":"2024-09-03T13:27:30","guid":{"rendered":"https:\/\/odisei.presspulp.com\/?post_type=product&#038;p=26128"},"modified":"2025-12-23T09:48:40","modified_gmt":"2025-12-23T08:48:40","slug":"support-de-voyage","status":"publish","type":"product","link":"https:\/\/odiseimusic.com\/fr\/products\/travel-holder\/","title":{"rendered":"Support de voyage"},"content":{"rendered":"<p><span style=\"font-weight: 400;\">Le <\/span><b>PORTE-VOYAGE<\/b><span style=\"font-weight: 400;\"> sangle par <\/span><b>ODISEI MUSIQUE<\/b><span style=\"font-weight: 400;\"> est con\u00e7u pour offrir un maximum de confort et de durabilit\u00e9. Il est fabriqu\u00e9 en cuir microfibre et en n\u00e9opr\u00e8ne et comporte un mousqueton en alliage de zinc, ce qui le rend parfait pour une utilisation quotidienne et \u00e9l\u00e9gante.<\/span><\/p>\n<p><b>Soins :<\/b><span style=\"font-weight: 400;\"> Nettoie avec un chiffon humide et \u00e9vite tout contact prolong\u00e9 avec l'eau pour pr\u00e9server la qualit\u00e9 des mat\u00e9riaux.<\/span><\/p>\n<p><span style=\"font-weight: 400;\">Au <\/span><b>Musique Odisei<\/b><span style=\"font-weight: 400;\">Nous croyons en la fusion de la musique et de la technologie, et c'est pourquoi nous avons cr\u00e9\u00e9 l'application <\/span><b>Travel Sax<\/b><span style=\"font-weight: 400;\">: le saxophone \u00e9lectronique le plus petit et le plus l\u00e9ger du monde. Notre mission est d'apporter la musique dans tous les coins de la plan\u00e8te, en permettant aux musiciens de continuer \u00e0 pratiquer et \u00e0 cr\u00e9er, quel que soit le lieu ou le moment. Avec le <\/span><b>PORTE-VOYAGE<\/b><span style=\"font-weight: 400;\">Ta passion pour la musique sera toujours \u00e0 ta port\u00e9e, pr\u00eate \u00e0 t'accompagner dans toutes tes aventures.\u00c2\u00a0<\/span><\/p>\n<p><b>Avertissements :<\/b><span style=\"font-weight: 400;\"> Tiens-le \u00e9loign\u00e9 du feu et des objets tranchants pour \u00e9viter qu'il ne soit endommag\u00e9. Ne pas immerger dans l'eau.<\/span><\/p>\n<p>Plus d'infos dans les vid\u00e9os ci-dessous :<\/p>\n<p><a class=\"button\" href=\"https:\/\/www.youtube.com\/watch?v=4sIKaxPO7yM\" target=\"_blank\" rel=\"noopener\"> Comment ajuster le support de voyage - version anglaise<\/a> -<\/p>\n<p><iframe loading=\"lazy\" title=\"Comment ajuster le support de voyage\" width=\"500\" height=\"281\" src=\"https:\/\/www.youtube.com\/embed\/4sIKaxPO7yM?feature=oembed\" frameborder=\"0\" allow=\"accelerometer; autoplay; clipboard-write; encrypted-media; gyroscope; picture-in-picture; web-share\" referrerpolicy=\"strict-origin-when-cross-origin\" allowfullscreen><\/iframe><\/p>\n<p><a class=\"button\" href=\"https:\/\/youtu.be\/0CWrhLXMIyE\" target=\"_blank\" rel=\"noopener\">C\u00f3mo ajustar el \"Travel Holder\" - Version espagnole<\/a><\/p>\n<p><iframe loading=\"lazy\" title=\"Comment ajuster le &quot;support de voyage&quot; ?\" width=\"500\" height=\"281\" src=\"https:\/\/www.youtube.com\/embed\/0CWrhLXMIyE?feature=oembed\" frameborder=\"0\" allow=\"accelerometer; autoplay; clipboard-write; encrypted-media; gyroscope; picture-in-picture; web-share\" referrerpolicy=\"strict-origin-when-cross-origin\" allowfullscreen><\/iframe><\/p>","protected":false},"excerpt":{"rendered":"<p><span style=\"font-weight: 400;\">Le <\/span><b>PORTE-VOYAGE<\/b><span style=\"font-weight: 400;\"> sangle par <\/span><b>ODISEI MUSIQUE<\/b><span style=\"font-weight: 400;\"> est con\u00e7u pour offrir un maximum de confort et de durabilit\u00e9. Il est fabriqu\u00e9 en cuir microfibre et en n\u00e9opr\u00e8ne et comporte un mousqueton en alliage de zinc, ce qui le rend parfait pour une utilisation quotidienne et \u00e9l\u00e9gante.<\/span><\/p>","protected":false},"featured_media":26129,"comment_status":"open","ping_status":"closed","template":"","meta":[],"product_brand":[],"product_cat":[2414],"product_tag":[2981],"class_list":{"0":"post-26128","1":"product","2":"type-product","3":"status-publish","4":"has-post-thumbnail","6":"product_cat-accessory","7":"product_tag-travel-sax","9":"first","10":"instock","11":"taxable","12":"shipping-taxable","13":"purchasable","14":"product-type-simple"},"meta_box":{"page_countdown":{"countdowntitle":"Limited Black Friday Offer","count_down_image":"36749","countdownbuttontext":"Save 100\u20ac NOW","count_down_ending_date":"2025-12-02 00:00","count_down_url":"https:\/\/odiseimusic.com\/products\/om-bundle-ts-accessory-pack-earphones\/"},"country_restriction":"No","usa_restriction":{"rest_btn_text":"Buy on Sweetwater","btn_url_rest":"https:\/\/www.sweetwater.com\/store\/manufacturer\/Odisei_Music?utm_source=odiseimusic&utm_medium=web&utm_campaign=odiseimusic"},"faqs_group":[]},"_links":{"self":[{"href":"https:\/\/odiseimusic.com\/fr\/wp-json\/wp\/v2\/product\/26128","targetHints":{"allow":["GET"]}}],"collection":[{"href":"https:\/\/odiseimusic.com\/fr\/wp-json\/wp\/v2\/product"}],"about":[{"href":"https:\/\/odiseimusic.com\/fr\/wp-json\/wp\/v2\/types\/product"}],"replies":[{"embeddable":true,"href":"https:\/\/odiseimusic.com\/fr\/wp-json\/wp\/v2\/comments?post=26128"}],"wp:featuredmedia":[{"embeddable":true,"href":"https:\/\/odiseimusic.com\/fr\/wp-json\/wp\/v2\/media\/26129"}],"wp:attachment":[{"href":"https:\/\/odiseimusic.com\/fr\/wp-json\/wp\/v2\/media?parent=26128"}],"wp:term":[{"taxonomy":"product_brand","embeddable":true,"href":"https:\/\/odiseimusic.com\/fr\/wp-json\/wp\/v2\/product_brand?post=26128"},{"taxonomy":"product_cat","embeddable":true,"href":"https:\/\/odiseimusic.com\/fr\/wp-json\/wp\/v2\/product_cat?post=26128"},{"taxonomy":"product_tag","embeddable":true,"href":"https:\/\/odiseimusic.com\/fr\/wp-json\/wp\/v2\/product_tag?post=26128"}],"curies":[{"name":"wp","href":"https:\/\/api.w.org\/{rel}","templated":true}]}}