{"id":26952,"date":"2024-10-23T12:05:03","date_gmt":"2024-10-23T10:05:03","guid":{"rendered":"https:\/\/odisei.presspulp.com\/?post_type=product&#038;p=26952"},"modified":"2026-03-26T14:06:20","modified_gmt":"2026-03-26T13:06:20","slug":"travel-clarinet-pre-order","status":"publish","type":"product","link":"https:\/\/odiseimusic.com\/fr\/products\/travel-clarinet-pre-order\/","title":{"rendered":"Travel Clarinet"},"content":{"rendered":"<div class=\"WncCi\" data-hook=\"info-section-description\">\n<div>\n<h5><strong>Qu'est-ce qui est inclus ?<\/strong><\/h5>\n<ul>\n<li>Embout<\/li>\n<li>Travel Clarinet \u00e9tui de protection<\/li>\n<li>Sac \u00e0 accessoires<\/li>\n<li>Chiffon en microfibre<\/li>\n<li>C\u00e2ble de charge USB-C<\/li>\n<\/ul>\n<\/div>\n<div>\n<h5><strong>Pratique \u00e0 tout moment, n'importe o\u00f9<\/strong><\/h5>\n<p>Pratique, apprends, improvise et exp\u00e9rimente des milliers de fa\u00e7ons de jouer du saxophone en tant que contr\u00f4leur MIDI. Fais ressortir ton c\u00f4t\u00e9 le plus cr\u00e9atif o\u00f9 que tu ailles.<br \/>\nElle utilise un bec de clarinette standard et la position des touches pour imiter une clarinette classique, ainsi que la pression de ton souffle pour d\u00e9terminer le volume.<\/p>\n<\/div>\n<div>\n<h5><strong>Quel est le d\u00e9lai de livraison ?<\/strong><\/h5>\n<p data-start=\"176\" data-end=\"397\">Nous livrons le Travel Clarinet en 3 \u00e0 5 jours ouvrables ! Commence \u00e0 t'entra\u00eener avant m\u00eame d'avoir pu l'imaginer !<\/p>\n<p data-start=\"399\" data-end=\"492\">Ne manque pas ta chance d'\u00eatre parmi les premiers \u00e0 jouer de la clarinette la plus portable au monde. Pour plus d'informations, tu peux nous joindre \u00e0 tout moment \u00e0 l'adresse suivante <a href=\"mailto:info@odiseimusic.com\" rel=\"noopener\">info@odiseimusic.com<\/a><\/p>\n<\/div>\n<p>&nbsp;<\/p>\n<p style=\"text-align: left;\"><a class=\"button\" href=\"\/fr\/travelclarinet\/\">Plus d'informations ici<\/a><\/p>\n<p>&nbsp;<\/p>\n<div>\n<p>Lis attentivement le <strong>D\u00e9tails importants<\/strong> section des instructions.<\/p>\n<div dir=\"auto\">Clause de non-responsabilit\u00e9 : Odisei Music ne peut \u00eatre tenu responsable des retards de livraison induits par nos partenaires d'exp\u00e9dition (compagnie de transport, d\u00e9douanement, ou probl\u00e8mes impr\u00e9vus).<\/div>\n<\/div>\n<\/div>","protected":false},"excerpt":{"rendered":"<p data-start=\"175\" data-end=\"268\">Ne manque pas ta chance d'obtenir ton <strong data-start=\"88\" data-end=\"111\">nouveau Travel Clarinet<\/strong> maintenant et profite <strong data-start=\"126\" data-end=\"181\">livraison gratuite !<\/strong><\/p>\n<p data-start=\"270\" data-end=\"423\"><strong>Inspiration<\/strong> peut venir \u00e0 toi n'importe quand, n'importe o\u00f9. M\u00eame doigt\u00e9 et sensation r\u00e9aliste. Il suffit de brancher et de jouer cette clarinette de poche. Ton compagnon de voyage id\u00e9al, qui te permet <strong data-start=\"385\" data-end=\"415\">Tu peux t'entra\u00eener o\u00f9 tu veux.<\/strong><\/p>\n<p>Pour plus d'informations, n'h\u00e9site pas \u00e0 nous contacter \u00e0 l'adresse suivante <a rel=\"noopener\">info@odiseimusic.com<\/a><\/p>","protected":false},"featured_media":24723,"comment_status":"open","ping_status":"closed","template":"","meta":[],"product_brand":[],"product_cat":[2677,2926],"product_tag":[],"class_list":{"0":"post-26952","1":"product","2":"type-product","3":"status-publish","4":"has-post-thumbnail","6":"product_cat-odiseimusic-product","7":"product_cat-travel-clarinet","9":"first","10":"instock","11":"purchasable","12":"product-type-simple"},"meta_box":{"page_countdown":{"countdowntitle":"Winter Hot Deal!","count_down_image":"24644","countdownbuttontext":"Save 50\u20ac NOW","count_down_ending_date":"2026-03-08 00:00","count_down_url":"https:\/\/odiseimusic.com\/products\/travel-clarinet-pre-order\/"},"country_restriction":"USA","usa_restriction":{"rest_btn_text":"Buy at Sweetwater","btn_url_rest":"https:\/\/www.sweetwater.com\/store\/detail\/TravelClarinet--odisei-music-travel-clarinet-wind-synth-controller"},"faqs_group":[]},"_links":{"self":[{"href":"https:\/\/odiseimusic.com\/fr\/wp-json\/wp\/v2\/product\/26952","targetHints":{"allow":["GET"]}}],"collection":[{"href":"https:\/\/odiseimusic.com\/fr\/wp-json\/wp\/v2\/product"}],"about":[{"href":"https:\/\/odiseimusic.com\/fr\/wp-json\/wp\/v2\/types\/product"}],"replies":[{"embeddable":true,"href":"https:\/\/odiseimusic.com\/fr\/wp-json\/wp\/v2\/comments?post=26952"}],"wp:featuredmedia":[{"embeddable":true,"href":"https:\/\/odiseimusic.com\/fr\/wp-json\/wp\/v2\/media\/24723"}],"wp:attachment":[{"href":"https:\/\/odiseimusic.com\/fr\/wp-json\/wp\/v2\/media?parent=26952"}],"wp:term":[{"taxonomy":"product_brand","embeddable":true,"href":"https:\/\/odiseimusic.com\/fr\/wp-json\/wp\/v2\/product_brand?post=26952"},{"taxonomy":"product_cat","embeddable":true,"href":"https:\/\/odiseimusic.com\/fr\/wp-json\/wp\/v2\/product_cat?post=26952"},{"taxonomy":"product_tag","embeddable":true,"href":"https:\/\/odiseimusic.com\/fr\/wp-json\/wp\/v2\/product_tag?post=26952"}],"curies":[{"name":"wp","href":"https:\/\/api.w.org\/{rel}","templated":true}]}}