{"id":27941,"date":"2024-11-28T13:12:31","date_gmt":"2024-11-28T12:12:31","guid":{"rendered":"https:\/\/odisei.presspulp.com\/?post_type=product&#038;p=27941"},"modified":"2026-01-24T11:29:29","modified_gmt":"2026-01-24T10:29:29","slug":"banque-dalimentation","status":"publish","type":"product","link":"https:\/\/odiseimusic.com\/fr\/products\/power-bank\/","title":{"rendered":"Banque d'alimentation musicale Odisei"},"content":{"rendered":"<p><strong>Reste aliment\u00e9 o\u00f9 que tu ailles gr\u00e2ce \u00e0 notre banque d'alimentation de 20 000 mAh !<\/strong><\/p>\n<p>Fais passer ton voyage musical au niveau sup\u00e9rieur gr\u00e2ce \u00e0 notre banque d'alimentation puissante et fiable, l'accessoire parfait pour ton instrument Travel. Avec une capacit\u00e9 impressionnante de 20 000 mAh, tu auras la libert\u00e9 de t'entra\u00eener \u00e0 tout moment, n'importe o\u00f9, sans craindre de manquer de batterie.<\/p>\n<ul>\n<li><strong>Va n'importe o\u00f9, joue n'importe quand :<\/strong> Que tu sois sur la route, dans un parc ou en voyage \u00e0 l'\u00e9tranger, ce banc d'alimentation garantit que ton instrument reste charg\u00e9 et pr\u00eat.<\/li>\n<li><strong>S\u00e9ances d'entra\u00eenement illimit\u00e9es :<\/strong> Gr\u00e2ce \u00e0 sa grande capacit\u00e9, tu peux charger ton instrument Travel plusieurs fois, ce qui \u00e9limine les soucis li\u00e9s \u00e0 la batterie et te permet de te concentrer sur ta musique.<\/li>\n<li><strong>Compact et portable :<\/strong> Con\u00e7u pour \u00eatre l\u00e9ger et facile \u00e0 transporter, c'est le compagnon id\u00e9al des musiciens qui accordent de l'importance \u00e0 la mobilit\u00e9 et \u00e0 la commodit\u00e9.<\/li>\n<li><strong>Connectivit\u00e9<\/strong>: USB-C, Micro USB, Eclairage (sorties) et USB de type A (entr\u00e9e). C\u00e2ble de donn\u00e9es inclus. La double charge est autoris\u00e9e.<\/li>\n<li><strong>Batterie<\/strong>: 20.000 mAh. Lithium. Chargement rapide pour les mobiles et les ordinateurs portables jusqu'\u00e0 100wats. Charge 3 appareils simultan\u00e9ment.<\/li>\n<\/ul>\n<p>Ne laisse pas une batterie faible te retenir - reste charg\u00e9 et inspir\u00e9, peu importe o\u00f9 ta musique t'emm\u00e8ne !<\/p>","protected":false},"excerpt":{"rendered":"<p><strong>Reste aliment\u00e9 o\u00f9 que tu ailles gr\u00e2ce \u00e0 notre banque d'alimentation 20 000 mAh 100w !<\/strong><\/p>\n<p>Fais passer ton voyage musical au niveau sup\u00e9rieur gr\u00e2ce \u00e0 notre banque d'alimentation puissante et fiable, l'accessoire parfait pour ton instrument Travel. Avec une capacit\u00e9 impressionnante de 20 000mAh et 100wats, tu auras la libert\u00e9 de pratiquer \u00e0 tout moment, n'importe o\u00f9, sans craindre de manquer de batterie.<\/p>","protected":false},"featured_media":27947,"comment_status":"open","ping_status":"closed","template":"","meta":[],"product_brand":[],"product_cat":[2414],"product_tag":[2981],"class_list":{"0":"post-27941","1":"product","2":"type-product","3":"status-publish","4":"has-post-thumbnail","6":"product_cat-accessory","7":"product_tag-travel-sax","9":"first","10":"instock","11":"taxable","12":"shipping-taxable","13":"purchasable","14":"product-type-simple"},"meta_box":{"page_countdown":[],"country_restriction":"No","usa_restriction":{"rest_btn_text":"Buy at Sweetwater","btn_url_rest":"https:\/\/www.sweetwater.com\/store\/manufacturer\/Odisei_Music?utm_source=odiseimusic&utm_medium=web&utm_campaign=odiseimusic"},"faqs_group":[]},"_links":{"self":[{"href":"https:\/\/odiseimusic.com\/fr\/wp-json\/wp\/v2\/product\/27941","targetHints":{"allow":["GET"]}}],"collection":[{"href":"https:\/\/odiseimusic.com\/fr\/wp-json\/wp\/v2\/product"}],"about":[{"href":"https:\/\/odiseimusic.com\/fr\/wp-json\/wp\/v2\/types\/product"}],"replies":[{"embeddable":true,"href":"https:\/\/odiseimusic.com\/fr\/wp-json\/wp\/v2\/comments?post=27941"}],"wp:featuredmedia":[{"embeddable":true,"href":"https:\/\/odiseimusic.com\/fr\/wp-json\/wp\/v2\/media\/27947"}],"wp:attachment":[{"href":"https:\/\/odiseimusic.com\/fr\/wp-json\/wp\/v2\/media?parent=27941"}],"wp:term":[{"taxonomy":"product_brand","embeddable":true,"href":"https:\/\/odiseimusic.com\/fr\/wp-json\/wp\/v2\/product_brand?post=27941"},{"taxonomy":"product_cat","embeddable":true,"href":"https:\/\/odiseimusic.com\/fr\/wp-json\/wp\/v2\/product_cat?post=27941"},{"taxonomy":"product_tag","embeddable":true,"href":"https:\/\/odiseimusic.com\/fr\/wp-json\/wp\/v2\/product_tag?post=27941"}],"curies":[{"name":"wp","href":"https:\/\/api.w.org\/{rel}","templated":true}]}}