{"id":28075,"date":"2024-12-05T11:18:57","date_gmt":"2024-12-05T10:18:57","guid":{"rendered":"https:\/\/odisei.presspulp.com\/?post_type=product&#038;p=28075"},"modified":"2026-02-02T16:14:37","modified_gmt":"2026-02-02T15:14:37","slug":"pack-daccessoires-tc","status":"publish","type":"product","link":"https:\/\/odiseimusic.com\/fr\/products\/accessory-pack-tc\/","title":{"rendered":"Travel Clarinet Pack d'accessoires"},"content":{"rendered":"<div>\n<h6><strong>Lequel dois-tu utiliser ?<\/strong><\/h6>\n<p>Le barillet de clarinette \u00e9tend ta position pour jouer afin de rendre confortable la pratique. L'extenseur sans anche est un bec sp\u00e9cial qui a \u00e9t\u00e9 con\u00e7u pour augmenter l'ergonomie et personnaliser ton Travel Clarinet. Ils peuvent \u00eatre attach\u00e9s l'un \u00e0 l'autre, jusqu'\u00e0 des accessoires ensemble, pour am\u00e9liorer ta position de pratique.<\/p>\n<\/div>\n<div>\n<p>Tous les accessoires Travel Clarinet sont fabriqu\u00e9s par moulage par injection ou imprim\u00e9s en 3D.<\/p>\n<p style=\"text-align: left;\"><a class=\"button\" href=\"\/fr\/boutique\/\">Voir plus d'accessoires<\/a><\/p>\n<\/div>\n<p>&nbsp;<\/p>\n<div>\n<h6><strong>Quel est le d\u00e9lai de livraison ?<\/strong><\/h6>\n<p>Lis attentivement le <strong>D\u00e9tails importants<\/strong> section des instructions.<\/p>\n<div dir=\"auto\">Clause de non-responsabilit\u00e9 : Odisei Music ne peut \u00eatre tenu responsable des retards de livraison induits par nos partenaires d'exp\u00e9dition (compagnie de transport, d\u00e9douanement, ou probl\u00e8mes impr\u00e9vus).<\/div>\n<\/div>","protected":false},"excerpt":{"rendered":"<p><strong>Manche de clarinette \u00e0 barillet<\/strong>: Il donnera une extension \u00e0 ton embouchure lorsque tu joues, laissant tes \u00e9paules reposer dans une position plus confortable qui te permettra de jouer plus d'heures.<\/p>\n<p><strong>Embout sans anche<\/strong>: Cet embout sp\u00e9cial<span class=\"VIiyi\" lang=\"en\"><span class=\"JLqJ4b ChMk0b\" data-language-for-alternatives=\"en\" data-language-to-translate-into=\"es\" data-phrase-index=\"0\"> te permettra de mieux contr\u00f4ler le flux d'air lorsque tu utilises le Travel Clarinet gr\u00e2ce aux deux petits trous de l'embout par lesquels passe l'air.<\/span>\u00a0<span class=\"JLqJ4b ChMk0b\" data-language-for-alternatives=\"en\" data-language-to-translate-into=\"es\" data-phrase-index=\"1\">Cela te permettra de contr\u00f4ler le flux plus facilement \u00e0 l'aide de ta langue.<\/span><\/span><\/p>\n<p>Pour plus d'informations, n'h\u00e9site pas \u00e0 nous contacter \u00e0 l'adresse suivante <a rel=\"noopener\">info@new.odiseimusic.com<\/a>.<\/p>","protected":false},"featured_media":28086,"comment_status":"open","ping_status":"closed","template":"","meta":[],"product_brand":[],"product_cat":[2414,2677],"product_tag":[],"class_list":{"0":"post-28075","1":"product","2":"type-product","3":"status-publish","4":"has-post-thumbnail","6":"product_cat-accessory","7":"product_cat-odiseimusic-product","9":"first","10":"instock","11":"purchasable","12":"product-type-simple"},"meta_box":{"page_countdown":{"countdowntitle":"Limited Black Friday Offer","countdownbuttontext":"Save 100\u20ac NOW","count_down_ending_date":"2025-12-02 00:00","count_down_url":"https:\/\/odiseimusic.com\/products\/om-bundle-tc-accessory-pack-earphones\/"},"country_restriction":"No","usa_restriction":[],"faqs_group":[]},"_links":{"self":[{"href":"https:\/\/odiseimusic.com\/fr\/wp-json\/wp\/v2\/product\/28075","targetHints":{"allow":["GET"]}}],"collection":[{"href":"https:\/\/odiseimusic.com\/fr\/wp-json\/wp\/v2\/product"}],"about":[{"href":"https:\/\/odiseimusic.com\/fr\/wp-json\/wp\/v2\/types\/product"}],"replies":[{"embeddable":true,"href":"https:\/\/odiseimusic.com\/fr\/wp-json\/wp\/v2\/comments?post=28075"}],"wp:featuredmedia":[{"embeddable":true,"href":"https:\/\/odiseimusic.com\/fr\/wp-json\/wp\/v2\/media\/28086"}],"wp:attachment":[{"href":"https:\/\/odiseimusic.com\/fr\/wp-json\/wp\/v2\/media?parent=28075"}],"wp:term":[{"taxonomy":"product_brand","embeddable":true,"href":"https:\/\/odiseimusic.com\/fr\/wp-json\/wp\/v2\/product_brand?post=28075"},{"taxonomy":"product_cat","embeddable":true,"href":"https:\/\/odiseimusic.com\/fr\/wp-json\/wp\/v2\/product_cat?post=28075"},{"taxonomy":"product_tag","embeddable":true,"href":"https:\/\/odiseimusic.com\/fr\/wp-json\/wp\/v2\/product_tag?post=28075"}],"curies":[{"name":"wp","href":"https:\/\/api.w.org\/{rel}","templated":true}]}}