{"id":33565,"date":"2025-05-22T14:52:16","date_gmt":"2025-05-22T12:52:16","guid":{"rendered":"https:\/\/odiseimusic.com\/?post_type=product&#038;p=33565"},"modified":"2025-11-25T11:40:38","modified_gmt":"2025-11-25T10:40:38","slug":"forfait-de-voyage","status":"publish","type":"product","link":"https:\/\/odiseimusic.com\/fr\/products\/travel-bundle\/","title":{"rendered":"Ensemble de voyage (TS + Power Bank + Mobile Holder)"},"content":{"rendered":"<h3 class=\"\" data-start=\"105\" data-end=\"126\">Travel Sax 2<\/h3>\n<p class=\"\" data-start=\"127\" data-end=\"541\">Le Travel Sax 2 est l'un des saxophones \u00e9lectroniques les plus petits et les plus l\u00e9gers au monde, con\u00e7u pour une pratique silencieuse et une grande portabilit\u00e9. Avec de vraies positions de touches de saxophone et des capacit\u00e9s MIDI Bluetooth, il te permet de t'entra\u00eener \u00e0 tout moment, n'importe o\u00f9, sans d\u00e9ranger les autres. Que tu t'\u00e9chauffes en coulisses ou que tu fasses un b\u0153uf \u00e0 la maison, le Travel Sax t'offre une exp\u00e9rience de jeu compl\u00e8te sous une forme compacte et facile \u00e0 transporter.<\/p>\n<p class=\"\" data-start=\"543\" data-end=\"605\">\ud83d\udd17 <a class=\"\" href=\"https:\/\/odiseimusic.com\/fr\/produits\/travel-sax-2\/\" target=\"_new\" rel=\"noopener\" data-start=\"546\" data-end=\"605\">Plus d'informations<\/a><\/p>\n<hr class=\"\" data-start=\"607\" data-end=\"610\" \/>\n<h3 class=\"\" data-start=\"612\" data-end=\"631\">Banque d'alimentation<\/h3>\n<p class=\"\" data-start=\"632\" data-end=\"938\">Ce banc d'alimentation compact garantit que tes sessions de Travel Sax ne seront jamais \u00e9court\u00e9es. Gr\u00e2ce \u00e0 sa batterie haute capacit\u00e9 et \u00e0 sa capacit\u00e9 de charge rapide, il permet \u00e0 ton instrument de fonctionner pendant des heures, m\u00eame lorsque tu es loin d'une prise de courant. L\u00e9ger et facile \u00e0 transporter, c'est le compagnon id\u00e9al des musiciens en d\u00e9placement.<\/p>\n<p class=\"\" data-start=\"940\" data-end=\"1000\">\ud83d\udd17 <a class=\"\" href=\"https:\/\/odiseimusic.com\/fr\/produits\/banque-dalimentation\/\" target=\"_new\" rel=\"noopener\" data-start=\"943\" data-end=\"1000\">Plus d'informations<\/a><\/p>\n<hr class=\"\" data-start=\"1002\" data-end=\"1005\" \/>\n<h3 class=\"\" data-start=\"1007\" data-end=\"1029\">Support mobile<\/h3>\n<p class=\"\" data-start=\"1030\" data-end=\"1284\">Con\u00e7u pour les musiciens qui suivent des le\u00e7ons en ligne ou font du jam avec des vid\u00e9os, le support mobile est robuste, flexible et facile \u00e0 positionner. Il se fixe \u00e0 ton pupitre ou \u00e0 ton bureau et maintient ton \u00e9cran \u00e0 l'angle parfait pour jouer, apprendre ou enregistrer.<\/p>\n<p class=\"\" data-start=\"1286\" data-end=\"1349\">\ud83d\udd17 <a class=\"\" href=\"https:\/\/odiseimusic.com\/fr\/produits\/support-mobile\/\" target=\"_new\" rel=\"noopener\" data-start=\"1289\" data-end=\"1349\">Plus d'informations<\/a><\/p>","protected":false},"excerpt":{"rendered":"<p class=\"\" data-start=\"127\" data-end=\"541\"><span style=\"font-weight: 400;\">Si tu commences tout juste ou si tu aimes jouer en d\u00e9placement, ce bundle est fait pour toi. Le Travel Sax te permet de t'entra\u00eener \u00e0 tout moment, n'importe o\u00f9 : sans d\u00e9ranger personne. La banque d'alimentation te permet de poursuivre tes sessions pendant des heures, et le support mobile est id\u00e9al pour suivre des le\u00e7ons en ligne ou jouer avec des pistes d'accompagnement. Il te suffit de le ranger et de jouer partout o\u00f9 l'inspiration te vient !<\/span><\/p>","protected":false},"featured_media":33567,"comment_status":"closed","ping_status":"closed","template":"","meta":[],"product_brand":[],"product_cat":[2672,2414,2984,2674],"product_tag":[],"class_list":{"0":"post-33565","1":"product","2":"type-product","3":"status-publish","4":"has-post-thumbnail","6":"product_cat-accesorio","7":"product_cat-accessory","8":"product_cat-bundles","9":"product_cat-travel-sax","11":"first","12":"instock","13":"sale","14":"taxable","15":"shipping-taxable","16":"purchasable","17":"product-type-variable"},"meta_box":{"page_countdown":{"activate_countdown":"1","countdowntitle":"Limited Black Friday Offer","count_down_image":"36749","countdownbuttontext":"Save 100\u20ac NOW","count_down_ending_date":"2025-12-02 00:00","count_down_url":"https:\/\/odiseimusic.com\/products\/om-bundle-ts-accessory-pack-earphones\/","display_countdown":"1"},"country_restriction":"USA","usa_restriction":{"rest_btn_text":"Buy at Sweetwater","btn_url_rest":"https:\/\/www.sweetwater.com\/store\/detail\/TravelSax2Bun--odisei-music-travel-sax-2-wind-synth-controller-with-accessory-pack?utm_source=odiseimusic&utm_medium=web&utm_campaign=odiseimusic"},"faqs_group":[]},"_links":{"self":[{"href":"https:\/\/odiseimusic.com\/fr\/wp-json\/wp\/v2\/product\/33565","targetHints":{"allow":["GET"]}}],"collection":[{"href":"https:\/\/odiseimusic.com\/fr\/wp-json\/wp\/v2\/product"}],"about":[{"href":"https:\/\/odiseimusic.com\/fr\/wp-json\/wp\/v2\/types\/product"}],"replies":[{"embeddable":true,"href":"https:\/\/odiseimusic.com\/fr\/wp-json\/wp\/v2\/comments?post=33565"}],"wp:featuredmedia":[{"embeddable":true,"href":"https:\/\/odiseimusic.com\/fr\/wp-json\/wp\/v2\/media\/33567"}],"wp:attachment":[{"href":"https:\/\/odiseimusic.com\/fr\/wp-json\/wp\/v2\/media?parent=33565"}],"wp:term":[{"taxonomy":"product_brand","embeddable":true,"href":"https:\/\/odiseimusic.com\/fr\/wp-json\/wp\/v2\/product_brand?post=33565"},{"taxonomy":"product_cat","embeddable":true,"href":"https:\/\/odiseimusic.com\/fr\/wp-json\/wp\/v2\/product_cat?post=33565"},{"taxonomy":"product_tag","embeddable":true,"href":"https:\/\/odiseimusic.com\/fr\/wp-json\/wp\/v2\/product_tag?post=33565"}],"curies":[{"name":"wp","href":"https:\/\/api.w.org\/{rel}","templated":true}]}}