{"id":33884,"date":"2025-06-04T15:25:00","date_gmt":"2025-06-04T13:25:00","guid":{"rendered":"https:\/\/odiseimusic.com\/?post_type=product&#038;p=33884"},"modified":"2026-03-05T22:04:53","modified_gmt":"2026-03-05T21:04:53","slug":"kit-detude","status":"publish","type":"product","link":"https:\/\/odiseimusic.com\/fr\/products\/study-bundle\/","title":{"rendered":"Ensemble d'\u00e9tudes (TS + Support de voyage + Support de portable)"},"content":{"rendered":"<h3 class=\"\" data-start=\"105\" data-end=\"126\">Travel Sax 2<\/h3>\n<p class=\"\" data-start=\"127\" data-end=\"541\">Le Travel Sax 2 est l'un des saxophones \u00e9lectroniques les plus petits et les plus l\u00e9gers au monde, con\u00e7u pour une pratique silencieuse et une grande portabilit\u00e9. Avec de vraies positions de touches de saxophone et des capacit\u00e9s MIDI Bluetooth, il te permet de t'entra\u00eener \u00e0 tout moment, n'importe o\u00f9, sans d\u00e9ranger les autres. Que tu t'\u00e9chauffes en coulisses ou que tu fasses un b\u0153uf \u00e0 la maison, le Travel Sax t'offre une exp\u00e9rience de jeu compl\u00e8te sous une forme compacte et facile \u00e0 transporter.<\/p>\n<p class=\"\" data-start=\"543\" data-end=\"605\">\ud83d\udd17 <a class=\"\" href=\"https:\/\/odiseimusic.com\/fr\/produits\/travel-sax-2\/\" target=\"_blank\" rel=\"noopener\" data-start=\"546\" data-end=\"605\">Plus d'informations<\/a><\/p>\n<hr class=\"\" data-start=\"607\" data-end=\"610\" \/>\n<h3 class=\"\" data-start=\"612\" data-end=\"631\">Support de voyage<\/h3>\n<div id=\"brxe-txjxxl\" class=\"brxe-product-short-description\">\n<div class=\"woocommerce-product-details__short-description\">\n<p>La sangle Travel Holder d'Odisei Music est con\u00e7ue pour offrir un maximum de confort et de durabilit\u00e9. Elle est fabriqu\u00e9e en cuir microfibre et en n\u00e9opr\u00e8ne et comporte un mousqueton en alliage de zinc, ce qui la rend parfaite pour une utilisation quotidienne et \u00e9l\u00e9gante.<\/p>\n<\/div>\n<\/div>\n<p class=\"\" data-start=\"940\" data-end=\"1000\">\ud83d\udd17 <a class=\"\" href=\"https:\/\/odiseimusic.com\/fr\/produits\/support-de-voyage\/\" target=\"_blank\" rel=\"noopener\" data-start=\"943\" data-end=\"1000\">Plus d'informations<\/a><\/p>\n<hr class=\"\" data-start=\"1002\" data-end=\"1005\" \/>\n<h3 class=\"\" data-start=\"1007\" data-end=\"1029\">Support mobile<\/h3>\n<p class=\"\" data-start=\"1030\" data-end=\"1284\">Con\u00e7u pour les musiciens qui suivent des le\u00e7ons en ligne ou font du jam avec des vid\u00e9os, le support mobile est robuste, flexible et facile \u00e0 positionner. Il se fixe \u00e0 ton pupitre ou \u00e0 ton bureau et maintient ton \u00e9cran \u00e0 l'angle parfait pour jouer, apprendre ou enregistrer.<\/p>\n<p class=\"\" data-start=\"1286\" data-end=\"1349\">\ud83d\udd17 <a class=\"\" href=\"https:\/\/odiseimusic.com\/fr\/produits\/support-mobile\/\" target=\"_blank\" rel=\"noopener\" data-start=\"1289\" data-end=\"1349\">Plus d'informations<\/a><\/p>","protected":false},"excerpt":{"rendered":"<p><span style=\"font-weight: 400;\">Cet ensemble est con\u00e7u pour les apprenants s\u00e9rieux et les enseignants d\u00e9vou\u00e9s. Le Travel Sax t'offre une exp\u00e9rience de jeu r\u00e9aliste et silencieuse, id\u00e9ale pour une pratique cibl\u00e9e n'importe o\u00f9. Le support de voyage am\u00e9liore ton confort et ta posture, tandis que le support mobile t'aide \u00e0 rester connect\u00e9 pendant les le\u00e7ons en ligne ou les sessions d'\u00e9tude. Une excellente configuration pour des progr\u00e8s structur\u00e9s sans limites.<\/span><\/p>","protected":false},"featured_media":33892,"comment_status":"closed","ping_status":"closed","template":"","meta":[],"product_brand":[],"product_cat":[2414,2984,2674],"product_tag":[],"class_list":{"0":"post-33884","1":"product","2":"type-product","3":"status-publish","4":"has-post-thumbnail","6":"product_cat-accessory","7":"product_cat-bundles","8":"product_cat-travel-sax","10":"first","11":"instock","12":"sale","13":"taxable","14":"shipping-taxable","15":"purchasable","16":"product-type-variable"},"meta_box":{"page_countdown":{"countdowntitle":"Limited Black Friday Offer","count_down_image":"36749","countdownbuttontext":"Save 100\u20ac NOW","count_down_ending_date":"2025-12-02 00:00","count_down_url":"https:\/\/odiseimusic.com\/products\/om-bundle-ts-accessory-pack-earphones\/"},"country_restriction":"USA","usa_restriction":{"rest_btn_text":"Buy at Sweetwater","btn_url_rest":"https:\/\/www.sweetwater.com\/store\/detail\/TravelSax2Bun--odisei-music-travel-sax-2-wind-synth-controller-with-accessory-pack?utm_source=odiseimusic&utm_medium=web&utm_campaign=odiseimusic"},"faqs_group":[]},"_links":{"self":[{"href":"https:\/\/odiseimusic.com\/fr\/wp-json\/wp\/v2\/product\/33884","targetHints":{"allow":["GET"]}}],"collection":[{"href":"https:\/\/odiseimusic.com\/fr\/wp-json\/wp\/v2\/product"}],"about":[{"href":"https:\/\/odiseimusic.com\/fr\/wp-json\/wp\/v2\/types\/product"}],"replies":[{"embeddable":true,"href":"https:\/\/odiseimusic.com\/fr\/wp-json\/wp\/v2\/comments?post=33884"}],"wp:featuredmedia":[{"embeddable":true,"href":"https:\/\/odiseimusic.com\/fr\/wp-json\/wp\/v2\/media\/33892"}],"wp:attachment":[{"href":"https:\/\/odiseimusic.com\/fr\/wp-json\/wp\/v2\/media?parent=33884"}],"wp:term":[{"taxonomy":"product_brand","embeddable":true,"href":"https:\/\/odiseimusic.com\/fr\/wp-json\/wp\/v2\/product_brand?post=33884"},{"taxonomy":"product_cat","embeddable":true,"href":"https:\/\/odiseimusic.com\/fr\/wp-json\/wp\/v2\/product_cat?post=33884"},{"taxonomy":"product_tag","embeddable":true,"href":"https:\/\/odiseimusic.com\/fr\/wp-json\/wp\/v2\/product_tag?post=33884"}],"curies":[{"name":"wp","href":"https:\/\/api.w.org\/{rel}","templated":true}]}}