{"id":36744,"date":"2025-11-25T10:37:21","date_gmt":"2025-11-25T09:37:21","guid":{"rendered":"https:\/\/odiseimusic.com\/?post_type=product&#038;p=36744"},"modified":"2025-12-02T10:51:54","modified_gmt":"2025-12-02T09:51:54","slug":"om-bundle-tc-accessory-pack-earphones","status":"publish","type":"product","link":"https:\/\/odiseimusic.com\/fr\/products\/om-bundle-tc-accessory-pack-earphones\/","title":{"rendered":"Travel Clarinet + Acc. Pack + Ecouteurs (Music Bundle)"},"content":{"rendered":"<h3 class=\"\" data-start=\"105\" data-end=\"126\">Travel Clarinet<\/h3>\n<p class=\"\" data-start=\"127\" data-end=\"541\">La Travel Clarinet est l'une des clarinettes \u00e9lectroniques les plus petites et les plus l\u00e9g\u00e8res au monde, con\u00e7ue pour une pratique silencieuse et une grande portabilit\u00e9. Avec de vraies positions de touches de clarinette et des capacit\u00e9s MIDI Bluetooth, elle te permet de t'entra\u00eener \u00e0 tout moment, n'importe o\u00f9, sans d\u00e9ranger les autres. Que tu t'\u00e9chauffes en coulisses ou que tu fasses un b\u0153uf \u00e0 la maison, la Travel Clarinet t'offre une exp\u00e9rience de jeu compl\u00e8te sous une forme compacte et facile \u00e0 transporter.<\/p>\n<p class=\"\" data-start=\"543\" data-end=\"605\">\ud83d\udd17 <a class=\"\" href=\"https:\/\/odiseimusic.com\/fr\/produits\/travel-sax-2\/\" target=\"_blank\" rel=\"noopener\" data-start=\"546\" data-end=\"605\">Plus d'informations<\/a><\/p>\n<hr class=\"\" data-start=\"607\" data-end=\"610\" \/>\n<h3 class=\"\" data-start=\"612\" data-end=\"631\">Pack d'accessoires<\/h3>\n<div id=\"brxe-txjxxl\" class=\"brxe-product-short-description\">\n<div class=\"woocommerce-product-details__short-description\">\n<p>L'indispensable pour ton Travel Sax 2 ! Perfectionne ta posture et joue confortablement n'importe o\u00f9. M\u00e9lange ses 3 adaptateurs pour obtenir ta configuration id\u00e9ale. C'est notre accessoire le plus vendu, une fois que tu l'auras essay\u00e9, tu ne joueras plus jamais sans lui !<\/p>\n<\/div>\n<\/div>\n<p class=\"\" data-start=\"940\" data-end=\"1000\">\ud83d\udd17 <a class=\"\" href=\"https:\/\/odiseimusic.com\/fr\/produits\/pack-daccessoires-tc\/\" target=\"_blank\" rel=\"noopener\" data-start=\"943\" data-end=\"1000\">Plus d'informations<\/a><\/p>\n<hr class=\"\" data-start=\"1002\" data-end=\"1005\" \/>\n<h3 class=\"\" data-start=\"1007\" data-end=\"1029\">\u00c9couteurs<\/h3>\n<div id=\"brxe-txjxxl\" class=\"brxe-product-short-description\">\n<div class=\"woocommerce-product-details__short-description\">\n<p>Les \u00e9couteurs Odisei Music sont la solution parfaite pour \u00e9couter ton instrument avec une excellente qualit\u00e9. Ces \u00e9couteurs offrent une qualit\u00e9 sonore exceptionnelle dans toutes les gammes de fr\u00e9quences, atteignant une qualit\u00e9 tonale \u00e9quilibr\u00e9e dans toutes les fr\u00e9quences, \u00e0 la fois en termes de sp\u00e9cifications et par le biais de tests d'\u00e9quipement.<\/p>\n<\/div>\n<\/div>\n<p class=\"\" data-start=\"1286\" data-end=\"1349\">\ud83d\udd17 <a class=\"\" href=\"https:\/\/odiseimusic.com\/fr\/produits\/ecouteurs-musicaux-odisei-2\/\" target=\"_blank\" rel=\"noopener\" data-start=\"1289\" data-end=\"1349\">Plus d'informations<\/a><\/p>","protected":false},"excerpt":{"rendered":"<p><span style=\"font-weight: 400;\">Con\u00e7u pour les joueurs qui exigent le meilleur en mati\u00e8re de flexibilit\u00e9 et de contr\u00f4le du son. Cet ensemble comprend tout ce dont tu as besoin pour une exp\u00e9rience immersive et professionnelle de pratique ou d'enregistrement. Les \u00e9couteurs offrent un son d\u00e9taill\u00e9 et de haute qualit\u00e9, et le support de voyage assure la stabilit\u00e9 pendant les sessions intenses. Que tu composes, enregistres ou r\u00e9p\u00e8tes, le Travel Clarinet s'int\u00e8gre parfaitement \u00e0 ton flux de travail cr\u00e9atif.<\/span><\/p>","protected":false},"featured_media":36746,"comment_status":"closed","ping_status":"closed","template":"","meta":[],"product_brand":[],"product_cat":[2414,2926,2674],"product_tag":[],"class_list":{"0":"post-36744","1":"product","2":"type-product","3":"status-publish","4":"has-post-thumbnail","6":"product_cat-accessory","7":"product_cat-travel-clarinet","8":"product_cat-travel-sax","10":"first","11":"instock","12":"sale","13":"taxable","14":"shipping-taxable","15":"purchasable","16":"product-type-simple"},"meta_box":{"page_countdown":{"countdowntitle":"Limited Time to SAVE 100\u20ac","count_down_ending_date":"2025-12-02 00:00"},"country_restriction":"No","usa_restriction":{"rest_btn_text":"Buy at Sweetwater","btn_url_rest":"https:\/\/www.sweetwater.com\/store\/detail\/TravelSax2--odisei-music-travel-sax-2-wind-synth-controller?utm_source=odiseimusic&utm_medium=web&utm_campaign=odiseimusic"},"faqs_group":[]},"_links":{"self":[{"href":"https:\/\/odiseimusic.com\/fr\/wp-json\/wp\/v2\/product\/36744","targetHints":{"allow":["GET"]}}],"collection":[{"href":"https:\/\/odiseimusic.com\/fr\/wp-json\/wp\/v2\/product"}],"about":[{"href":"https:\/\/odiseimusic.com\/fr\/wp-json\/wp\/v2\/types\/product"}],"replies":[{"embeddable":true,"href":"https:\/\/odiseimusic.com\/fr\/wp-json\/wp\/v2\/comments?post=36744"}],"wp:featuredmedia":[{"embeddable":true,"href":"https:\/\/odiseimusic.com\/fr\/wp-json\/wp\/v2\/media\/36746"}],"wp:attachment":[{"href":"https:\/\/odiseimusic.com\/fr\/wp-json\/wp\/v2\/media?parent=36744"}],"wp:term":[{"taxonomy":"product_brand","embeddable":true,"href":"https:\/\/odiseimusic.com\/fr\/wp-json\/wp\/v2\/product_brand?post=36744"},{"taxonomy":"product_cat","embeddable":true,"href":"https:\/\/odiseimusic.com\/fr\/wp-json\/wp\/v2\/product_cat?post=36744"},{"taxonomy":"product_tag","embeddable":true,"href":"https:\/\/odiseimusic.com\/fr\/wp-json\/wp\/v2\/product_tag?post=36744"}],"curies":[{"name":"wp","href":"https:\/\/api.w.org\/{rel}","templated":true}]}}