{"id":24387,"date":"2024-05-23T14:32:38","date_gmt":"2024-05-23T12:32:38","guid":{"rendered":"https:\/\/odisei.presspulp.com\/?page_id=24387"},"modified":"2025-04-08T16:51:42","modified_gmt":"2025-04-08T14:51:42","slug":"risorse","status":"publish","type":"page","link":"https:\/\/odiseimusic.com\/it\/resources\/","title":{"rendered":"Risorse"},"content":{"rendered":"<div class=\"wp-block-columns is-layout-flex wp-container-core-columns-is-layout-9d6595d7 wp-block-columns-is-layout-flex\">\n<div class=\"wp-block-column j_padding_xl is-layout-flow wp-block-column-is-layout-flow\">\n<ul class=\"wp-block-list\">\n<li class=\"has-medium-font-size\">Vai a&nbsp;<a href=\"https:\/\/drive.google.com\/file\/d\/12f8WN4XNm3p-S8kxYxK2e_OYjFpPodln\/view?usp=sharing\" target=\"_blank\" rel=\"noopener\">Kit per il calcio d'inizio<\/a><\/li>\n\n\n\n<li class=\"has-medium-font-size\">Vai a <a href=\"https:\/\/www.youtube.com\/watch?v=po6sMkKJ4yA\" target=\"_blank\" rel=\"noopener\">Negozio Stand<\/a><\/li>\n\n\n\n<li class=\"has-medium-font-size\">Vai a&nbsp;<a href=\"https:\/\/www.youtube.com\/watch?v=y8Fi2TYUGxw&amp;\" target=\"_blank\" rel=\"noopener\">Travel Sax 2 dal suo creatore - Cosa aspettarsi!<\/a><\/li>\n\n\n\n<li class=\"has-medium-font-size\">Vai a <a href=\"https:\/\/www.youtube.com\/watch?v=3yO_ToFYIIo\" target=\"_blank\" rel=\"noopener\">Inizia con il mio Travel Sax 2<\/a><\/li>\n\n\n\n<li class=\"has-medium-font-size\">Vai a <a href=\"https:\/\/www.youtube.com\/watch?v=B7tYLbXt3ls\" target=\"_blank\" rel=\"noopener\">Esecuzione dell'applicazione mobile<\/a><\/li>\n\n\n\n<li class=\"has-medium-font-size\">Vai a <a href=\"https:\/\/www.youtube.com\/watch?v=X2EjzelldhM\" target=\"_blank\" rel=\"noopener\">Travel Sax con una traccia di accompagnamento<\/a><\/li>\n\n\n\n<li class=\"has-medium-font-size\">Vai a <a href=\"https:\/\/www.youtube.com\/watch?v=X1FIXjyjmHU\" target=\"_blank\" rel=\"noopener\">Supporto Travel Sax (fai da te)<\/a><\/li>\n\n\n\n<li class=\"has-medium-font-size\">Vai a <a href=\"https:\/\/www.youtube.com\/watch?v=e4N3Zt_KFbg&amp;feature=youtu.be\" target=\"_blank\" rel=\"noopener\">Accessori da utilizzare<\/a><\/li>\n\n\n\n<li class=\"has-medium-font-size\">Vai a <a href=\"https:\/\/www.youtube.com\/watch?v=DLpFlRRordQ\" target=\"_blank\" rel=\"noopener\">Test del suono!<\/a><\/li>\n\n\n\n<li class=\"has-medium-font-size\">Vai a <a href=\"https:\/\/www.youtube.com\/watch?v=Y_wIgg1WyQI&amp;feature=youtu.be\" target=\"_blank\" rel=\"noopener\">Video ufficiale (versione breve)<\/a><\/li>\n\n\n\n<li class=\"has-medium-font-size\">Vai a <a href=\"https:\/\/www.youtube.com\/watch?v=YaEuWU0Cxxw&amp;feature=youtu.be\" target=\"_blank\" rel=\"noopener\">Video ufficiale (lungo)<\/a><\/li>\n\n\n\n<li class=\"has-medium-font-size\">Vai a <a href=\"https:\/\/odiseimusic.com\/it\/sassofoni-elettronici-la-guida-definitiva\/\" target=\"_blank\" rel=\"noopener\">Guida elettronica al sax<\/a><\/li>\n\n\n\n<li class=\"has-medium-font-size\">Vai a <a href=\"http:\/\/bit.ly\/RMAom\" target=\"_blank\" rel=\"noopener\">Processo RMA<\/a><\/li>\n<\/ul>\n<\/div>\n\n\n\n<div class=\"wp-block-column is-layout-flow wp-block-column-is-layout-flow\">\n<figure class=\"wp-block-embed is-type-video is-provider-youtube wp-block-embed-youtube wp-embed-aspect-16-9 wp-has-aspect-ratio\"><div class=\"wp-block-embed__wrapper\">\n<iframe loading=\"lazy\" title=\"Travel Sax 2 dal suo stesso Creatore! - Cosa aspettarsi\" width=\"500\" height=\"281\" src=\"https:\/\/www.youtube.com\/embed\/y8Fi2TYUGxw?feature=oembed\" frameborder=\"0\" allow=\"accelerometer; autoplay; clipboard-write; encrypted-media; gyroscope; picture-in-picture; web-share\" referrerpolicy=\"strict-origin-when-cross-origin\" allowfullscreen><\/iframe>\n<\/div><\/figure>\n<\/div>\n<\/div>\n\n\n\n<div style=\"height:64px\" aria-hidden=\"true\" class=\"wp-block-spacer\"><\/div>\n\n\n\n<h2 class=\"wp-block-heading has-large-font-size\">FAQ<\/h2>\n\n\n\n<div class=\"wp-block-group j_padding_xl\"><div class=\"wp-block-group__inner-container is-layout-constrained wp-block-group-is-layout-constrained\">\n<details class=\"wp-block-details has-large-font-size is-layout-flow wp-block-details-is-layout-flow\"><summary>Quali dimensioni di bocchino funzionano con l'Travel Sax?<\/summary>\n<p class=\"has-medium-font-size\">Puoi utilizzare un bocchino da Soprano, Alto, Tenore o Baritono. L'Travel Sax funziona con un bocchino standard da contralto, ma abbiamo progettato 3 adattatori (Soprano, Tenore e Baritono) per permetterti di utilizzare qualsiasi bocchino tu voglia.<\/p>\n<\/details>\n\n\n\n<details class=\"wp-block-details has-large-font-size is-layout-flow wp-block-details-is-layout-flow\"><summary>Il bocchino pu\u00f2 controllare l'intonazione o il vibrato?<\/summary>\n<p class=\"has-medium-font-size\">Non ancora. Probabilmente nelle future versioni di Travel Sax!<\/p>\n<\/details>\n\n\n\n<details class=\"wp-block-details has-large-font-size is-layout-flow wp-block-details-is-layout-flow\"><summary>Quante ottave pu\u00f2 suonare l'Travel Sax?<\/summary>\n<p class=\"has-medium-font-size\">Al momento tre ottave. Un Travel Sax ha una gamma normale di sassofoni, quindi da Bb3 a F#6.<\/p>\n<\/details>\n\n\n\n<details class=\"wp-block-details has-large-font-size is-layout-flow wp-block-details-is-layout-flow\"><summary>Riconosce le diteggiature alternate o le diteggiature in altissimo?<\/summary>\n<p class=\"has-medium-font-size\">S\u00ec, abbiamo programmato alcune delle principali diteggiature in altissimo. Pensiamo che sia uno strumento molto utile da avere. \u00c8 fantastico poter imparare ed esercitarsi tranquillamente nel registro alto con il tuo Travel Sax.<br>Tuttavia, tieni presente che alcune delle normali diteggiature utilizzate in questa gamma non sono programmabili a causa delle restrizioni del tasto Travel Sax (il tasto \"X\", ad esempio, \u00e8 unito al tasto \"P\").<\/p>\n<\/details>\n\n\n\n<details class=\"wp-block-details has-large-font-size is-layout-flow wp-block-details-is-layout-flow\"><summary>Come faccio a controllare il volume mentre soffio?<\/summary>\n<p class=\"has-medium-font-size\">L'Travel Sax \u00e8 dotato di un sensore di pressione che rileva l'intensit\u00e0 del soffio e determina istantaneamente il livello di volume corretto.<\/p>\n<\/details>\n\n\n\n<details class=\"wp-block-details has-large-font-size is-layout-flow wp-block-details-is-layout-flow\"><summary>Se soffio attraverso un bocchino normale, come pu\u00f2 non produrre un suono intrusivo dall'ancia?<\/summary>\n<p class=\"has-medium-font-size\">\u00c8 dovuto al flusso d'aria. Il circuito interno che guida l'aria nell'Travel Sax \u00e8 molto pi\u00f9 piccolo rispetto a quello di un sassofono standard e impedisce all'ancia di vibrare e produrre suono.<\/p>\n<\/details>\n\n\n\n<details class=\"wp-block-details has-large-font-size is-layout-flow wp-block-details-is-layout-flow\"><summary>Viene fornito con qualche voce? Quali voci di sassofono o di altri strumenti sono in dotazione?<\/summary>\n<p class=\"has-medium-font-size\">Al momento abbiamo i toni del sassofono contralto, tenore e soprano nella nostra app. Stiamo lavorando anche su altri suoni di sassofono. La cosa bella \u00e8 che se vuoi il suono di altri strumenti puoi usare altre applicazioni come Garage Band, Ableton Live e molte altre.<\/p>\n<\/details>\n\n\n\n<details class=\"wp-block-details has-large-font-size is-layout-flow wp-block-details-is-layout-flow\"><summary>Si tratta di un'interfaccia MIDI?<\/summary>\n<p class=\"has-medium-font-size\">S\u00ec, davvero!<\/p>\n<\/details>\n\n\n\n<details class=\"wp-block-details has-large-font-size is-layout-flow wp-block-details-is-layout-flow\"><summary>Qual \u00e8 la latenza?<\/summary>\n<p class=\"has-medium-font-size\">Molto basso (8-10ms) se usi la connessione Bluetooth e 0ms se usi la connessione USB al computer.<\/p>\n<\/details>\n\n\n\n<details class=\"wp-block-details has-large-font-size is-layout-flow wp-block-details-is-layout-flow\"><summary>Posso esibirmi professionalmente con l'Travel Sax come farei con un sassofono standard o un controller per fiati? In caso contrario, quali sono le limitazioni?<\/summary>\n<p class=\"has-medium-font-size\">L'idea \u00e8 quella di lanciare Travel Sax come strumento per fare pratica, ma il nostro obiettivo \u00e8 quello di arrivare al livello PRO. Idealmente dovresti essere in grado di esibirti dal vivo senza problemi. Stiamo lavorando duramente per arrivare a questo punto, in modo da poter dire 100% sicuro, s\u00ec. Stiamo migliorando i sensori in modo che i giocatori professionisti possano sentire che il Sax da viaggio \u00e8 anche uno strumento per le prestazioni.<\/p>\n<\/details>\n\n\n\n<details class=\"wp-block-details has-large-font-size is-layout-flow wp-block-details-is-layout-flow\"><summary>Cosa devo fare se l'applicazione Travel Sax 1 non suona come previsto quando faccio suonare il mio Travel Sax?<\/summary>\n<p class=\"has-medium-font-size\">Apri l'applicazione Travel Sax e tocca il pulsante \"Effetti\". Quindi modifica la dimensione del buffer in Bassa, Media o Alta fino a ottenere un suono di buona qualit\u00e0.<\/p>\n<\/details>\n<\/div><\/div>\n\n\n\n<div style=\"height:96px\" aria-hidden=\"true\" class=\"wp-block-spacer\"><\/div>","protected":false},"excerpt":{"rendered":"<p>FAQ<\/p>","protected":false},"author":197381732,"featured_media":0,"parent":0,"menu_order":0,"comment_status":"closed","ping_status":"closed","template":"","meta":{"footnotes":""},"page-type":[],"class_list":["post-24387","page","type-page","status-publish","hentry"],"meta_box":{"page_countdown":[],"lp_faq":[],"image_vert":[],"image_hori":[],"h_larg_product_slider":[]},"_links":{"self":[{"href":"https:\/\/odiseimusic.com\/it\/wp-json\/wp\/v2\/pages\/24387","targetHints":{"allow":["GET"]}}],"collection":[{"href":"https:\/\/odiseimusic.com\/it\/wp-json\/wp\/v2\/pages"}],"about":[{"href":"https:\/\/odiseimusic.com\/it\/wp-json\/wp\/v2\/types\/page"}],"author":[{"embeddable":true,"href":"https:\/\/odiseimusic.com\/it\/wp-json\/wp\/v2\/users\/197381732"}],"replies":[{"embeddable":true,"href":"https:\/\/odiseimusic.com\/it\/wp-json\/wp\/v2\/comments?post=24387"}],"version-history":[{"count":0,"href":"https:\/\/odiseimusic.com\/it\/wp-json\/wp\/v2\/pages\/24387\/revisions"}],"wp:attachment":[{"href":"https:\/\/odiseimusic.com\/it\/wp-json\/wp\/v2\/media?parent=24387"}],"wp:term":[{"taxonomy":"page-type","embeddable":true,"href":"https:\/\/odiseimusic.com\/it\/wp-json\/wp\/v2\/page-type?post=24387"}],"curies":[{"name":"wp","href":"https:\/\/api.w.org\/{rel}","templated":true}]}}